{"id":98,"date":"2015-08-26T13:31:37","date_gmt":"2015-08-26T11:31:37","guid":{"rendered":"http:\/\/sonjafellner.com\/produkt\/avril\/"},"modified":"2019-09-10T21:21:16","modified_gmt":"2019-09-10T19:21:16","slug":"avril","status":"publish","type":"product","link":"https:\/\/sonjafellner.com\/?product=avril","title":{"rendered":"Avril"},"content":{"rendered":"<div class=\"dsc\">\n<div class=\"dsc\">\n<div class=\"dsc\">\n<p>Dirndl \u201cAvril\u201d mit zartem Streumuster aus Seidenbrokat. Das Mieder mit angeschnittenem Stehkragen ist aufwendig mit Fischbeinen verarbeitet. In der Kante ist eine zarte Kl\u00f6ppelspitze mitgen\u00e4ht. Das Mieder ist vorne mit Miederhaken zu schlie\u00dfen. In der Taille ist der Rock mit der Hand sechsreihig gezogen. Eine hochwertige Spitzensch\u00fcrze mit Perlen bestickt unterstreicht dieses edle Dirndl.<\/p>\n<\/div>\n<\/div>\n<\/div>\n","protected":false},"excerpt":{"rendered":"<p>Dirndl \u201cAvril\u201d mit zartem Streumuster aus Seidenbrokat. Das Mieder mit angeschnittenem Stehkragen ist aufwendig mit Fischbeinen verarbeitet. In der Kante ist eine zarte Kl\u00f6ppelspitze mitgen\u00e4ht. Das Mieder ist vorne mit Miederhaken zu schlie\u00dfen. In der Taille ist der Rock mit der Hand sechsreihig gezogen. Eine hochwertige Spitzensch\u00fcrze mit Perlen bestickt unterstreicht dieses edle Dirndl.<\/p>\n","protected":false},"featured_media":689,"comment_status":"open","ping_status":"closed","template":"","meta":[],"product_cat":[6,7,114],"product_tag":[],"yoast_head":"<!-- This site is optimized with the Yoast SEO plugin v20.11 - https:\/\/yoast.com\/wordpress\/plugins\/seo\/ -->\n<title>Avril &ndash; Sonja Fellner<\/title>\n<meta name=\"robots\" content=\"index, follow, max-snippet:-1, max-image-preview:large, max-video-preview:-1\" \/>\n<link rel=\"canonical\" href=\"https:\/\/sonjafellner.com\/?product=avril\" \/>\n<meta property=\"og:locale\" content=\"en_US\" \/>\n<meta property=\"og:type\" content=\"article\" \/>\n<meta property=\"og:title\" content=\"Avril &ndash; Sonja Fellner\" \/>\n<meta property=\"og:description\" content=\"Dirndl \u201cAvril\u201d mit zartem Streumuster aus Seidenbrokat. Das Mieder mit angeschnittenem Stehkragen ist aufwendig mit Fischbeinen verarbeitet. In der Kante ist eine zarte Kl\u00f6ppelspitze mitgen\u00e4ht. Das Mieder ist vorne mit Miederhaken zu schlie\u00dfen. In der Taille ist der Rock mit der Hand sechsreihig gezogen. Eine hochwertige Spitzensch\u00fcrze mit Perlen bestickt unterstreicht dieses edle Dirndl.\" \/>\n<meta property=\"og:url\" content=\"https:\/\/sonjafellner.com\/?product=avril\" \/>\n<meta property=\"og:site_name\" content=\"Sonja Fellner\" \/>\n<meta property=\"article:modified_time\" content=\"2019-09-10T19:21:16+00:00\" \/>\n<meta property=\"og:image\" content=\"https:\/\/sonjafellner.com\/wp-content\/uploads\/2015\/11\/avril.front_.weiss_.jpg\" \/>\n\t<meta property=\"og:image:width\" content=\"1000\" \/>\n\t<meta property=\"og:image:height\" content=\"1500\" \/>\n\t<meta property=\"og:image:type\" content=\"image\/jpeg\" \/>\n<meta name=\"twitter:card\" content=\"summary_large_image\" \/>\n<script type=\"application\/ld+json\" class=\"yoast-schema-graph\">{\"@context\":\"https:\/\/schema.org\",\"@graph\":[{\"@type\":\"WebPage\",\"@id\":\"https:\/\/sonjafellner.com\/?product=avril\",\"url\":\"https:\/\/sonjafellner.com\/?product=avril\",\"name\":\"Avril &ndash; Sonja Fellner\",\"isPartOf\":{\"@id\":\"https:\/\/sonjafellner.com\/#website\"},\"datePublished\":\"2015-08-26T11:31:37+00:00\",\"dateModified\":\"2019-09-10T19:21:16+00:00\",\"breadcrumb\":{\"@id\":\"https:\/\/sonjafellner.com\/?product=avril#breadcrumb\"},\"inLanguage\":\"en-US\",\"potentialAction\":[{\"@type\":\"ReadAction\",\"target\":[\"https:\/\/sonjafellner.com\/?product=avril\"]}]},{\"@type\":\"BreadcrumbList\",\"@id\":\"https:\/\/sonjafellner.com\/?product=avril#breadcrumb\",\"itemListElement\":[{\"@type\":\"ListItem\",\"position\":1,\"name\":\"Home\",\"item\":\"https:\/\/sonjafellner.com\/\"},{\"@type\":\"ListItem\",\"position\":2,\"name\":\"Shop\",\"item\":\"https:\/\/sonjafellner.com\/?page_id=14\"},{\"@type\":\"ListItem\",\"position\":3,\"name\":\"Avril\"}]},{\"@type\":\"WebSite\",\"@id\":\"https:\/\/sonjafellner.com\/#website\",\"url\":\"https:\/\/sonjafellner.com\/\",\"name\":\"Sonja Fellner\",\"description\":\"Austria\",\"potentialAction\":[{\"@type\":\"SearchAction\",\"target\":{\"@type\":\"EntryPoint\",\"urlTemplate\":\"https:\/\/sonjafellner.com\/?s={search_term_string}\"},\"query-input\":\"required name=search_term_string\"}],\"inLanguage\":\"en-US\"}]}<\/script>\n<!-- \/ Yoast SEO plugin. -->","yoast_head_json":{"title":"Avril &ndash; Sonja Fellner","robots":{"index":"index","follow":"follow","max-snippet":"max-snippet:-1","max-image-preview":"max-image-preview:large","max-video-preview":"max-video-preview:-1"},"canonical":"https:\/\/sonjafellner.com\/?product=avril","og_locale":"en_US","og_type":"article","og_title":"Avril &ndash; Sonja Fellner","og_description":"Dirndl \u201cAvril\u201d mit zartem Streumuster aus Seidenbrokat. Das Mieder mit angeschnittenem Stehkragen ist aufwendig mit Fischbeinen verarbeitet. In der Kante ist eine zarte Kl\u00f6ppelspitze mitgen\u00e4ht. Das Mieder ist vorne mit Miederhaken zu schlie\u00dfen. In der Taille ist der Rock mit der Hand sechsreihig gezogen. Eine hochwertige Spitzensch\u00fcrze mit Perlen bestickt unterstreicht dieses edle Dirndl.","og_url":"https:\/\/sonjafellner.com\/?product=avril","og_site_name":"Sonja Fellner","article_modified_time":"2019-09-10T19:21:16+00:00","og_image":[{"width":1000,"height":1500,"url":"https:\/\/sonjafellner.com\/wp-content\/uploads\/2015\/11\/avril.front_.weiss_.jpg","type":"image\/jpeg"}],"twitter_card":"summary_large_image","schema":{"@context":"https:\/\/schema.org","@graph":[{"@type":"WebPage","@id":"https:\/\/sonjafellner.com\/?product=avril","url":"https:\/\/sonjafellner.com\/?product=avril","name":"Avril &ndash; Sonja Fellner","isPartOf":{"@id":"https:\/\/sonjafellner.com\/#website"},"datePublished":"2015-08-26T11:31:37+00:00","dateModified":"2019-09-10T19:21:16+00:00","breadcrumb":{"@id":"https:\/\/sonjafellner.com\/?product=avril#breadcrumb"},"inLanguage":"en-US","potentialAction":[{"@type":"ReadAction","target":["https:\/\/sonjafellner.com\/?product=avril"]}]},{"@type":"BreadcrumbList","@id":"https:\/\/sonjafellner.com\/?product=avril#breadcrumb","itemListElement":[{"@type":"ListItem","position":1,"name":"Home","item":"https:\/\/sonjafellner.com\/"},{"@type":"ListItem","position":2,"name":"Shop","item":"https:\/\/sonjafellner.com\/?page_id=14"},{"@type":"ListItem","position":3,"name":"Avril"}]},{"@type":"WebSite","@id":"https:\/\/sonjafellner.com\/#website","url":"https:\/\/sonjafellner.com\/","name":"Sonja Fellner","description":"Austria","potentialAction":[{"@type":"SearchAction","target":{"@type":"EntryPoint","urlTemplate":"https:\/\/sonjafellner.com\/?s={search_term_string}"},"query-input":"required name=search_term_string"}],"inLanguage":"en-US"}]}},"_links":{"self":[{"href":"https:\/\/sonjafellner.com\/index.php?rest_route=\/wp\/v3\/product\/98"}],"collection":[{"href":"https:\/\/sonjafellner.com\/index.php?rest_route=\/wp\/v3\/product"}],"about":[{"href":"https:\/\/sonjafellner.com\/index.php?rest_route=\/wp\/v2\/types\/product"}],"replies":[{"embeddable":true,"href":"https:\/\/sonjafellner.com\/index.php?rest_route=%2Fwp%2Fv2%2Fcomments&post=98"}],"wp:featuredmedia":[{"embeddable":true,"href":"https:\/\/sonjafellner.com\/index.php?rest_route=\/wp\/v2\/media\/689"}],"wp:attachment":[{"href":"https:\/\/sonjafellner.com\/index.php?rest_route=%2Fwp%2Fv2%2Fmedia&parent=98"}],"wp:term":[{"taxonomy":"product_cat","embeddable":true,"href":"https:\/\/sonjafellner.com\/index.php?rest_route=%2Fwp%2Fv2%2Fproduct_cat&post=98"},{"taxonomy":"product_tag","embeddable":true,"href":"https:\/\/sonjafellner.com\/index.php?rest_route=%2Fwp%2Fv2%2Fproduct_tag&post=98"}],"curies":[{"name":"wp","href":"https:\/\/api.w.org\/{rel}","templated":true}]}}