{"id":977,"date":"2016-01-31T23:11:54","date_gmt":"2016-01-31T22:11:54","guid":{"rendered":"http:\/\/sonjafellner.com\/?post_type=product&#038;p=977"},"modified":"2016-05-06T16:25:41","modified_gmt":"2016-05-06T14:25:41","slug":"debby","status":"publish","type":"product","link":"https:\/\/sonjafellner.com\/?product=debby","title":{"rendered":"Debby"},"content":{"rendered":"<p>Das zauberhafte Dirndlkleid &#8220;Debby&#8221; beeindruckt mit seinem Jaquarddruck. Der Ausschnitt, welcher vorne mit passepoilierten Knopfl\u00f6chern versehen ist, wird zum Blickfang. Im Bereich der vorderen Rundung und an den Puff\u00e4rmeln sind kleine, geb\u00fcgelte Falten eingelegt. Der weitschwingende Rock ist mit einem Petticoat gef\u00fcttert und blitzt 1cm hervor.<\/p>\n","protected":false},"excerpt":{"rendered":"<p>Das zauberhafte Dirndlkleid &#8220;Debby&#8221; beeindruckt mit seinem Jaquarddruck. Der Ausschnitt, welcher vorne mit passepoilierten Knopfl\u00f6chern versehen ist, wird zum Blickfang. Im Bereich der vorderen Rundung und an den Puff\u00e4rmeln sind kleine, geb\u00fcgelte Falten eingelegt. Der weitschwingende Rock ist mit einem Petticoat gef\u00fcttert und blitzt 1cm hervor.<\/p>\n","protected":false},"featured_media":976,"comment_status":"closed","ping_status":"closed","template":"","meta":[],"product_cat":[116,25],"product_tag":[],"yoast_head":"<!-- This site is optimized with the Yoast SEO plugin v20.11 - https:\/\/yoast.com\/wordpress\/plugins\/seo\/ -->\n<title>Debby &ndash; Sonja Fellner<\/title>\n<meta name=\"robots\" content=\"index, follow, max-snippet:-1, max-image-preview:large, max-video-preview:-1\" \/>\n<link rel=\"canonical\" href=\"https:\/\/sonjafellner.com\/?product=debby\" \/>\n<meta property=\"og:locale\" content=\"en_US\" \/>\n<meta property=\"og:type\" content=\"article\" \/>\n<meta property=\"og:title\" content=\"Debby &ndash; Sonja Fellner\" \/>\n<meta property=\"og:description\" content=\"Das zauberhafte Dirndlkleid &#8220;Debby&#8221; beeindruckt mit seinem Jaquarddruck. Der Ausschnitt, welcher vorne mit passepoilierten Knopfl\u00f6chern versehen ist, wird zum Blickfang. Im Bereich der vorderen Rundung und an den Puff\u00e4rmeln sind kleine, geb\u00fcgelte Falten eingelegt. Der weitschwingende Rock ist mit einem Petticoat gef\u00fcttert und blitzt 1cm hervor.\" \/>\n<meta property=\"og:url\" content=\"https:\/\/sonjafellner.com\/?product=debby\" \/>\n<meta property=\"og:site_name\" content=\"Sonja Fellner\" \/>\n<meta property=\"article:modified_time\" content=\"2016-05-06T14:25:41+00:00\" \/>\n<meta property=\"og:image\" content=\"https:\/\/sonjafellner.com\/wp-content\/uploads\/2016\/01\/sonja-fellner-debby-blazing-elegance-dirndl-vorderansicht-1000x1500.jpg\" \/>\n\t<meta property=\"og:image:width\" content=\"1000\" \/>\n\t<meta property=\"og:image:height\" content=\"1500\" \/>\n\t<meta property=\"og:image:type\" content=\"image\/jpeg\" \/>\n<meta name=\"twitter:card\" content=\"summary_large_image\" \/>\n<script type=\"application\/ld+json\" class=\"yoast-schema-graph\">{\"@context\":\"https:\/\/schema.org\",\"@graph\":[{\"@type\":\"WebPage\",\"@id\":\"https:\/\/sonjafellner.com\/?product=debby\",\"url\":\"https:\/\/sonjafellner.com\/?product=debby\",\"name\":\"Debby &ndash; Sonja Fellner\",\"isPartOf\":{\"@id\":\"https:\/\/sonjafellner.com\/#website\"},\"datePublished\":\"2016-01-31T22:11:54+00:00\",\"dateModified\":\"2016-05-06T14:25:41+00:00\",\"breadcrumb\":{\"@id\":\"https:\/\/sonjafellner.com\/?product=debby#breadcrumb\"},\"inLanguage\":\"en-US\",\"potentialAction\":[{\"@type\":\"ReadAction\",\"target\":[\"https:\/\/sonjafellner.com\/?product=debby\"]}]},{\"@type\":\"BreadcrumbList\",\"@id\":\"https:\/\/sonjafellner.com\/?product=debby#breadcrumb\",\"itemListElement\":[{\"@type\":\"ListItem\",\"position\":1,\"name\":\"Home\",\"item\":\"https:\/\/sonjafellner.com\/\"},{\"@type\":\"ListItem\",\"position\":2,\"name\":\"Shop\",\"item\":\"https:\/\/sonjafellner.com\/?page_id=14\"},{\"@type\":\"ListItem\",\"position\":3,\"name\":\"Debby\"}]},{\"@type\":\"WebSite\",\"@id\":\"https:\/\/sonjafellner.com\/#website\",\"url\":\"https:\/\/sonjafellner.com\/\",\"name\":\"Sonja Fellner\",\"description\":\"Austria\",\"potentialAction\":[{\"@type\":\"SearchAction\",\"target\":{\"@type\":\"EntryPoint\",\"urlTemplate\":\"https:\/\/sonjafellner.com\/?s={search_term_string}\"},\"query-input\":\"required name=search_term_string\"}],\"inLanguage\":\"en-US\"}]}<\/script>\n<!-- \/ Yoast SEO plugin. -->","yoast_head_json":{"title":"Debby &ndash; Sonja Fellner","robots":{"index":"index","follow":"follow","max-snippet":"max-snippet:-1","max-image-preview":"max-image-preview:large","max-video-preview":"max-video-preview:-1"},"canonical":"https:\/\/sonjafellner.com\/?product=debby","og_locale":"en_US","og_type":"article","og_title":"Debby &ndash; Sonja Fellner","og_description":"Das zauberhafte Dirndlkleid &#8220;Debby&#8221; beeindruckt mit seinem Jaquarddruck. Der Ausschnitt, welcher vorne mit passepoilierten Knopfl\u00f6chern versehen ist, wird zum Blickfang. Im Bereich der vorderen Rundung und an den Puff\u00e4rmeln sind kleine, geb\u00fcgelte Falten eingelegt. Der weitschwingende Rock ist mit einem Petticoat gef\u00fcttert und blitzt 1cm hervor.","og_url":"https:\/\/sonjafellner.com\/?product=debby","og_site_name":"Sonja Fellner","article_modified_time":"2016-05-06T14:25:41+00:00","og_image":[{"width":1000,"height":1500,"url":"https:\/\/sonjafellner.com\/wp-content\/uploads\/2016\/01\/sonja-fellner-debby-blazing-elegance-dirndl-vorderansicht-1000x1500.jpg","type":"image\/jpeg"}],"twitter_card":"summary_large_image","schema":{"@context":"https:\/\/schema.org","@graph":[{"@type":"WebPage","@id":"https:\/\/sonjafellner.com\/?product=debby","url":"https:\/\/sonjafellner.com\/?product=debby","name":"Debby &ndash; Sonja Fellner","isPartOf":{"@id":"https:\/\/sonjafellner.com\/#website"},"datePublished":"2016-01-31T22:11:54+00:00","dateModified":"2016-05-06T14:25:41+00:00","breadcrumb":{"@id":"https:\/\/sonjafellner.com\/?product=debby#breadcrumb"},"inLanguage":"en-US","potentialAction":[{"@type":"ReadAction","target":["https:\/\/sonjafellner.com\/?product=debby"]}]},{"@type":"BreadcrumbList","@id":"https:\/\/sonjafellner.com\/?product=debby#breadcrumb","itemListElement":[{"@type":"ListItem","position":1,"name":"Home","item":"https:\/\/sonjafellner.com\/"},{"@type":"ListItem","position":2,"name":"Shop","item":"https:\/\/sonjafellner.com\/?page_id=14"},{"@type":"ListItem","position":3,"name":"Debby"}]},{"@type":"WebSite","@id":"https:\/\/sonjafellner.com\/#website","url":"https:\/\/sonjafellner.com\/","name":"Sonja Fellner","description":"Austria","potentialAction":[{"@type":"SearchAction","target":{"@type":"EntryPoint","urlTemplate":"https:\/\/sonjafellner.com\/?s={search_term_string}"},"query-input":"required name=search_term_string"}],"inLanguage":"en-US"}]}},"_links":{"self":[{"href":"https:\/\/sonjafellner.com\/index.php?rest_route=\/wp\/v3\/product\/977"}],"collection":[{"href":"https:\/\/sonjafellner.com\/index.php?rest_route=\/wp\/v3\/product"}],"about":[{"href":"https:\/\/sonjafellner.com\/index.php?rest_route=\/wp\/v2\/types\/product"}],"replies":[{"embeddable":true,"href":"https:\/\/sonjafellner.com\/index.php?rest_route=%2Fwp%2Fv2%2Fcomments&post=977"}],"wp:featuredmedia":[{"embeddable":true,"href":"https:\/\/sonjafellner.com\/index.php?rest_route=\/wp\/v2\/media\/976"}],"wp:attachment":[{"href":"https:\/\/sonjafellner.com\/index.php?rest_route=%2Fwp%2Fv2%2Fmedia&parent=977"}],"wp:term":[{"taxonomy":"product_cat","embeddable":true,"href":"https:\/\/sonjafellner.com\/index.php?rest_route=%2Fwp%2Fv2%2Fproduct_cat&post=977"},{"taxonomy":"product_tag","embeddable":true,"href":"https:\/\/sonjafellner.com\/index.php?rest_route=%2Fwp%2Fv2%2Fproduct_tag&post=977"}],"curies":[{"name":"wp","href":"https:\/\/api.w.org\/{rel}","templated":true}]}}