{"id":950,"date":"2016-01-31T19:37:07","date_gmt":"2016-01-31T18:37:07","guid":{"rendered":"http:\/\/sonjafellner.com\/?post_type=product&#038;p=950"},"modified":"2019-09-10T21:13:41","modified_gmt":"2019-09-10T19:13:41","slug":"deborah","status":"publish","type":"product","link":"https:\/\/sonjafellner.com\/?product=deborah","title":{"rendered":"Deborah"},"content":{"rendered":"<p>Das edle Dirndl Deborah bezaubert mit seinem Jaquarddruck und den Farben Goldgr\u00fcn und Silbergrau. Der Ausschnitt, der vorne mit passepoilierten Knopfl\u00f6chern versehen ist, wird zum Blickfang. Im Bereich des Halsauschschnittes und der Puff\u00e4rmel sind kleine, geb\u00fcgelte Falten eingelegt. Der Rock ist in Handarbeit reihig gezogen und besitzt einen Futterrock f\u00fcr einen angenehmen Tragekomfort. Besonders aufwendig ist die Seidensch\u00fcrze mit Smok gearbeitet. Hierzu wird der eingereihte Stoff durch versetzt angeordnete Zierstiche mit der Hand fixiert.<\/p>\n","protected":false},"excerpt":{"rendered":"<p>Das edle Dirndl Deborah bezaubert mit seinem Jaquarddruck und den Farben Goldgr\u00fcn und Silbergrau. Der Ausschnitt, der vorne mit passepoilierten Knopfl\u00f6chern versehen ist, wird zum Blickfang. Im Bereich des Halsauschschnittes und der Puff\u00e4rmel sind kleine, geb\u00fcgelte Falten eingelegt. Der Rock ist in Handarbeit reihig gezogen und besitzt einen Futterrock f\u00fcr einen angenehmen Tragekomfort. Besonders aufwendig<br class=\"read-more-spacer\"> <a class=\"more-link clearfix\" href=\"https:\/\/sonjafellner.com\/?product=deborah\">Read More<\/a><\/p>\n","protected":false},"featured_media":956,"comment_status":"closed","ping_status":"closed","template":"","meta":[],"product_cat":[6,7,114],"product_tag":[],"yoast_head":"<!-- This site is optimized with the Yoast SEO plugin v20.11 - https:\/\/yoast.com\/wordpress\/plugins\/seo\/ -->\n<title>Deborah &ndash; Sonja Fellner<\/title>\n<meta name=\"robots\" content=\"index, follow, max-snippet:-1, max-image-preview:large, max-video-preview:-1\" \/>\n<link rel=\"canonical\" href=\"https:\/\/sonjafellner.com\/?product=deborah\" \/>\n<meta property=\"og:locale\" content=\"en_US\" \/>\n<meta property=\"og:type\" content=\"article\" \/>\n<meta property=\"og:title\" content=\"Deborah &ndash; Sonja Fellner\" \/>\n<meta property=\"og:description\" content=\"Das edle Dirndl Deborah bezaubert mit seinem Jaquarddruck und den Farben Goldgr\u00fcn und Silbergrau. Der Ausschnitt, der vorne mit passepoilierten Knopfl\u00f6chern versehen ist, wird zum Blickfang. Im Bereich des Halsauschschnittes und der Puff\u00e4rmel sind kleine, geb\u00fcgelte Falten eingelegt. Der Rock ist in Handarbeit reihig gezogen und besitzt einen Futterrock f\u00fcr einen angenehmen Tragekomfort. Besonders aufwendig Read More\" \/>\n<meta property=\"og:url\" content=\"https:\/\/sonjafellner.com\/?product=deborah\" \/>\n<meta property=\"og:site_name\" content=\"Sonja Fellner\" \/>\n<meta property=\"article:modified_time\" content=\"2019-09-10T19:13:41+00:00\" \/>\n<meta property=\"og:image\" content=\"https:\/\/sonjafellner.com\/wp-content\/uploads\/2016\/01\/sonja-fellner-deborah-garden-of-eden-dirndl-vorderansicht-1000x1500.jpg\" \/>\n\t<meta property=\"og:image:width\" content=\"1000\" \/>\n\t<meta property=\"og:image:height\" content=\"1500\" \/>\n\t<meta property=\"og:image:type\" content=\"image\/jpeg\" \/>\n<meta name=\"twitter:card\" content=\"summary_large_image\" \/>\n<script type=\"application\/ld+json\" class=\"yoast-schema-graph\">{\"@context\":\"https:\/\/schema.org\",\"@graph\":[{\"@type\":\"WebPage\",\"@id\":\"https:\/\/sonjafellner.com\/?product=deborah\",\"url\":\"https:\/\/sonjafellner.com\/?product=deborah\",\"name\":\"Deborah &ndash; Sonja Fellner\",\"isPartOf\":{\"@id\":\"https:\/\/sonjafellner.com\/#website\"},\"datePublished\":\"2016-01-31T18:37:07+00:00\",\"dateModified\":\"2019-09-10T19:13:41+00:00\",\"breadcrumb\":{\"@id\":\"https:\/\/sonjafellner.com\/?product=deborah#breadcrumb\"},\"inLanguage\":\"en-US\",\"potentialAction\":[{\"@type\":\"ReadAction\",\"target\":[\"https:\/\/sonjafellner.com\/?product=deborah\"]}]},{\"@type\":\"BreadcrumbList\",\"@id\":\"https:\/\/sonjafellner.com\/?product=deborah#breadcrumb\",\"itemListElement\":[{\"@type\":\"ListItem\",\"position\":1,\"name\":\"Home\",\"item\":\"https:\/\/sonjafellner.com\/\"},{\"@type\":\"ListItem\",\"position\":2,\"name\":\"Shop\",\"item\":\"https:\/\/sonjafellner.com\/?page_id=14\"},{\"@type\":\"ListItem\",\"position\":3,\"name\":\"Deborah\"}]},{\"@type\":\"WebSite\",\"@id\":\"https:\/\/sonjafellner.com\/#website\",\"url\":\"https:\/\/sonjafellner.com\/\",\"name\":\"Sonja Fellner\",\"description\":\"Austria\",\"potentialAction\":[{\"@type\":\"SearchAction\",\"target\":{\"@type\":\"EntryPoint\",\"urlTemplate\":\"https:\/\/sonjafellner.com\/?s={search_term_string}\"},\"query-input\":\"required name=search_term_string\"}],\"inLanguage\":\"en-US\"}]}<\/script>\n<!-- \/ Yoast SEO plugin. -->","yoast_head_json":{"title":"Deborah &ndash; Sonja Fellner","robots":{"index":"index","follow":"follow","max-snippet":"max-snippet:-1","max-image-preview":"max-image-preview:large","max-video-preview":"max-video-preview:-1"},"canonical":"https:\/\/sonjafellner.com\/?product=deborah","og_locale":"en_US","og_type":"article","og_title":"Deborah &ndash; Sonja Fellner","og_description":"Das edle Dirndl Deborah bezaubert mit seinem Jaquarddruck und den Farben Goldgr\u00fcn und Silbergrau. Der Ausschnitt, der vorne mit passepoilierten Knopfl\u00f6chern versehen ist, wird zum Blickfang. Im Bereich des Halsauschschnittes und der Puff\u00e4rmel sind kleine, geb\u00fcgelte Falten eingelegt. Der Rock ist in Handarbeit reihig gezogen und besitzt einen Futterrock f\u00fcr einen angenehmen Tragekomfort. Besonders aufwendig Read More","og_url":"https:\/\/sonjafellner.com\/?product=deborah","og_site_name":"Sonja Fellner","article_modified_time":"2019-09-10T19:13:41+00:00","og_image":[{"width":1000,"height":1500,"url":"https:\/\/sonjafellner.com\/wp-content\/uploads\/2016\/01\/sonja-fellner-deborah-garden-of-eden-dirndl-vorderansicht-1000x1500.jpg","type":"image\/jpeg"}],"twitter_card":"summary_large_image","schema":{"@context":"https:\/\/schema.org","@graph":[{"@type":"WebPage","@id":"https:\/\/sonjafellner.com\/?product=deborah","url":"https:\/\/sonjafellner.com\/?product=deborah","name":"Deborah &ndash; Sonja Fellner","isPartOf":{"@id":"https:\/\/sonjafellner.com\/#website"},"datePublished":"2016-01-31T18:37:07+00:00","dateModified":"2019-09-10T19:13:41+00:00","breadcrumb":{"@id":"https:\/\/sonjafellner.com\/?product=deborah#breadcrumb"},"inLanguage":"en-US","potentialAction":[{"@type":"ReadAction","target":["https:\/\/sonjafellner.com\/?product=deborah"]}]},{"@type":"BreadcrumbList","@id":"https:\/\/sonjafellner.com\/?product=deborah#breadcrumb","itemListElement":[{"@type":"ListItem","position":1,"name":"Home","item":"https:\/\/sonjafellner.com\/"},{"@type":"ListItem","position":2,"name":"Shop","item":"https:\/\/sonjafellner.com\/?page_id=14"},{"@type":"ListItem","position":3,"name":"Deborah"}]},{"@type":"WebSite","@id":"https:\/\/sonjafellner.com\/#website","url":"https:\/\/sonjafellner.com\/","name":"Sonja Fellner","description":"Austria","potentialAction":[{"@type":"SearchAction","target":{"@type":"EntryPoint","urlTemplate":"https:\/\/sonjafellner.com\/?s={search_term_string}"},"query-input":"required name=search_term_string"}],"inLanguage":"en-US"}]}},"_links":{"self":[{"href":"https:\/\/sonjafellner.com\/index.php?rest_route=\/wp\/v3\/product\/950"}],"collection":[{"href":"https:\/\/sonjafellner.com\/index.php?rest_route=\/wp\/v3\/product"}],"about":[{"href":"https:\/\/sonjafellner.com\/index.php?rest_route=\/wp\/v2\/types\/product"}],"replies":[{"embeddable":true,"href":"https:\/\/sonjafellner.com\/index.php?rest_route=%2Fwp%2Fv2%2Fcomments&post=950"}],"wp:featuredmedia":[{"embeddable":true,"href":"https:\/\/sonjafellner.com\/index.php?rest_route=\/wp\/v2\/media\/956"}],"wp:attachment":[{"href":"https:\/\/sonjafellner.com\/index.php?rest_route=%2Fwp%2Fv2%2Fmedia&parent=950"}],"wp:term":[{"taxonomy":"product_cat","embeddable":true,"href":"https:\/\/sonjafellner.com\/index.php?rest_route=%2Fwp%2Fv2%2Fproduct_cat&post=950"},{"taxonomy":"product_tag","embeddable":true,"href":"https:\/\/sonjafellner.com\/index.php?rest_route=%2Fwp%2Fv2%2Fproduct_tag&post=950"}],"curies":[{"name":"wp","href":"https:\/\/api.w.org\/{rel}","templated":true}]}}