{"id":92,"date":"2015-08-26T13:23:20","date_gmt":"2015-08-26T11:23:20","guid":{"rendered":"http:\/\/sonjafellner.com\/produkt\/amy\/"},"modified":"2015-11-16T17:25:47","modified_gmt":"2015-11-16T16:25:47","slug":"amy","status":"publish","type":"product","link":"https:\/\/sonjafellner.com\/?product=amy","title":{"rendered":"Amy"},"content":{"rendered":"<div class=\"dsc\">\n<div class=\"dsc\">\n<div class=\"dsc\">\n<p>Das Dirndl \u201cAmy\u201d beeindruckt durch ein aufwendig verarbeitetes, angeschnittenes Stehkragenmieder mit einem weit schwingenden Tellerrock. Gro\u00dfe Froschgoscherl zieren den Ausschnitt und die Rockl\u00e4nge. Am Vorderteil sind Miederst\u00e4bchen eingearbeitet. Das Mieder ist vorne mit einem Miederhakenverschluss zu schlie\u00dfen. Oberteil und Rock sind mit Futtersatin gef\u00fcttert. Die R\u00fcsche am Unterrock blitzt ein paar Zentimeter hervor und ist mit einer zarten Borte verziert. Auf der Seidensch\u00fcrze sind Samtb\u00e4nder aufgesetzt.<\/p>\n<\/div>\n<\/div>\n<\/div>\n","protected":false},"excerpt":{"rendered":"<p>Das Dirndl \u201cAmy\u201d beeindruckt durch ein aufwendig verarbeitetes, angeschnittenes Stehkragenmieder mit einem weit schwingenden Tellerrock. Gro\u00dfe Froschgoscherl zieren den Ausschnitt und die Rockl\u00e4nge. Am Vorderteil sind Miederst\u00e4bchen eingearbeitet. Das Mieder ist vorne mit einem Miederhakenverschluss zu schlie\u00dfen. Oberteil und Rock sind mit Futtersatin gef\u00fcttert. Die R\u00fcsche am Unterrock blitzt ein paar Zentimeter hervor und ist<br class=\"read-more-spacer\"> <a class=\"more-link clearfix\" href=\"https:\/\/sonjafellner.com\/?product=amy\">Read More<\/a><\/p>\n","protected":false},"featured_media":354,"comment_status":"open","ping_status":"closed","template":"","meta":[],"product_cat":[114],"product_tag":[],"yoast_head":"<!-- This site is optimized with the Yoast SEO plugin v20.11 - https:\/\/yoast.com\/wordpress\/plugins\/seo\/ -->\n<title>Amy &ndash; Sonja Fellner<\/title>\n<meta name=\"robots\" content=\"index, follow, max-snippet:-1, max-image-preview:large, max-video-preview:-1\" \/>\n<link rel=\"canonical\" href=\"https:\/\/sonjafellner.com\/?product=amy\" \/>\n<meta property=\"og:locale\" content=\"en_US\" \/>\n<meta property=\"og:type\" content=\"article\" \/>\n<meta property=\"og:title\" content=\"Amy &ndash; Sonja Fellner\" \/>\n<meta property=\"og:description\" content=\"Das Dirndl \u201cAmy\u201d beeindruckt durch ein aufwendig verarbeitetes, angeschnittenes Stehkragenmieder mit einem weit schwingenden Tellerrock. Gro\u00dfe Froschgoscherl zieren den Ausschnitt und die Rockl\u00e4nge. Am Vorderteil sind Miederst\u00e4bchen eingearbeitet. Das Mieder ist vorne mit einem Miederhakenverschluss zu schlie\u00dfen. Oberteil und Rock sind mit Futtersatin gef\u00fcttert. Die R\u00fcsche am Unterrock blitzt ein paar Zentimeter hervor und ist Read More\" \/>\n<meta property=\"og:url\" content=\"https:\/\/sonjafellner.com\/?product=amy\" \/>\n<meta property=\"og:site_name\" content=\"Sonja Fellner\" \/>\n<meta property=\"article:modified_time\" content=\"2015-11-16T16:25:47+00:00\" \/>\n<meta property=\"og:image\" content=\"https:\/\/sonjafellner.com\/wp-content\/uploads\/2015\/09\/amy.front_.jpg\" \/>\n\t<meta property=\"og:image:width\" content=\"1000\" \/>\n\t<meta property=\"og:image:height\" content=\"1500\" \/>\n\t<meta property=\"og:image:type\" content=\"image\/jpeg\" \/>\n<meta name=\"twitter:card\" content=\"summary_large_image\" \/>\n<script type=\"application\/ld+json\" class=\"yoast-schema-graph\">{\"@context\":\"https:\/\/schema.org\",\"@graph\":[{\"@type\":\"WebPage\",\"@id\":\"https:\/\/sonjafellner.com\/?product=amy\",\"url\":\"https:\/\/sonjafellner.com\/?product=amy\",\"name\":\"Amy &ndash; Sonja Fellner\",\"isPartOf\":{\"@id\":\"https:\/\/sonjafellner.com\/#website\"},\"datePublished\":\"2015-08-26T11:23:20+00:00\",\"dateModified\":\"2015-11-16T16:25:47+00:00\",\"breadcrumb\":{\"@id\":\"https:\/\/sonjafellner.com\/?product=amy#breadcrumb\"},\"inLanguage\":\"en-US\",\"potentialAction\":[{\"@type\":\"ReadAction\",\"target\":[\"https:\/\/sonjafellner.com\/?product=amy\"]}]},{\"@type\":\"BreadcrumbList\",\"@id\":\"https:\/\/sonjafellner.com\/?product=amy#breadcrumb\",\"itemListElement\":[{\"@type\":\"ListItem\",\"position\":1,\"name\":\"Home\",\"item\":\"https:\/\/sonjafellner.com\/\"},{\"@type\":\"ListItem\",\"position\":2,\"name\":\"Shop\",\"item\":\"https:\/\/sonjafellner.com\/?page_id=14\"},{\"@type\":\"ListItem\",\"position\":3,\"name\":\"Amy\"}]},{\"@type\":\"WebSite\",\"@id\":\"https:\/\/sonjafellner.com\/#website\",\"url\":\"https:\/\/sonjafellner.com\/\",\"name\":\"Sonja Fellner\",\"description\":\"Austria\",\"potentialAction\":[{\"@type\":\"SearchAction\",\"target\":{\"@type\":\"EntryPoint\",\"urlTemplate\":\"https:\/\/sonjafellner.com\/?s={search_term_string}\"},\"query-input\":\"required name=search_term_string\"}],\"inLanguage\":\"en-US\"}]}<\/script>\n<!-- \/ Yoast SEO plugin. -->","yoast_head_json":{"title":"Amy &ndash; Sonja Fellner","robots":{"index":"index","follow":"follow","max-snippet":"max-snippet:-1","max-image-preview":"max-image-preview:large","max-video-preview":"max-video-preview:-1"},"canonical":"https:\/\/sonjafellner.com\/?product=amy","og_locale":"en_US","og_type":"article","og_title":"Amy &ndash; Sonja Fellner","og_description":"Das Dirndl \u201cAmy\u201d beeindruckt durch ein aufwendig verarbeitetes, angeschnittenes Stehkragenmieder mit einem weit schwingenden Tellerrock. Gro\u00dfe Froschgoscherl zieren den Ausschnitt und die Rockl\u00e4nge. Am Vorderteil sind Miederst\u00e4bchen eingearbeitet. Das Mieder ist vorne mit einem Miederhakenverschluss zu schlie\u00dfen. Oberteil und Rock sind mit Futtersatin gef\u00fcttert. Die R\u00fcsche am Unterrock blitzt ein paar Zentimeter hervor und ist Read More","og_url":"https:\/\/sonjafellner.com\/?product=amy","og_site_name":"Sonja Fellner","article_modified_time":"2015-11-16T16:25:47+00:00","og_image":[{"width":1000,"height":1500,"url":"https:\/\/sonjafellner.com\/wp-content\/uploads\/2015\/09\/amy.front_.jpg","type":"image\/jpeg"}],"twitter_card":"summary_large_image","schema":{"@context":"https:\/\/schema.org","@graph":[{"@type":"WebPage","@id":"https:\/\/sonjafellner.com\/?product=amy","url":"https:\/\/sonjafellner.com\/?product=amy","name":"Amy &ndash; Sonja Fellner","isPartOf":{"@id":"https:\/\/sonjafellner.com\/#website"},"datePublished":"2015-08-26T11:23:20+00:00","dateModified":"2015-11-16T16:25:47+00:00","breadcrumb":{"@id":"https:\/\/sonjafellner.com\/?product=amy#breadcrumb"},"inLanguage":"en-US","potentialAction":[{"@type":"ReadAction","target":["https:\/\/sonjafellner.com\/?product=amy"]}]},{"@type":"BreadcrumbList","@id":"https:\/\/sonjafellner.com\/?product=amy#breadcrumb","itemListElement":[{"@type":"ListItem","position":1,"name":"Home","item":"https:\/\/sonjafellner.com\/"},{"@type":"ListItem","position":2,"name":"Shop","item":"https:\/\/sonjafellner.com\/?page_id=14"},{"@type":"ListItem","position":3,"name":"Amy"}]},{"@type":"WebSite","@id":"https:\/\/sonjafellner.com\/#website","url":"https:\/\/sonjafellner.com\/","name":"Sonja Fellner","description":"Austria","potentialAction":[{"@type":"SearchAction","target":{"@type":"EntryPoint","urlTemplate":"https:\/\/sonjafellner.com\/?s={search_term_string}"},"query-input":"required name=search_term_string"}],"inLanguage":"en-US"}]}},"_links":{"self":[{"href":"https:\/\/sonjafellner.com\/index.php?rest_route=\/wp\/v3\/product\/92"}],"collection":[{"href":"https:\/\/sonjafellner.com\/index.php?rest_route=\/wp\/v3\/product"}],"about":[{"href":"https:\/\/sonjafellner.com\/index.php?rest_route=\/wp\/v2\/types\/product"}],"replies":[{"embeddable":true,"href":"https:\/\/sonjafellner.com\/index.php?rest_route=%2Fwp%2Fv2%2Fcomments&post=92"}],"wp:featuredmedia":[{"embeddable":true,"href":"https:\/\/sonjafellner.com\/index.php?rest_route=\/wp\/v2\/media\/354"}],"wp:attachment":[{"href":"https:\/\/sonjafellner.com\/index.php?rest_route=%2Fwp%2Fv2%2Fmedia&parent=92"}],"wp:term":[{"taxonomy":"product_cat","embeddable":true,"href":"https:\/\/sonjafellner.com\/index.php?rest_route=%2Fwp%2Fv2%2Fproduct_cat&post=92"},{"taxonomy":"product_tag","embeddable":true,"href":"https:\/\/sonjafellner.com\/index.php?rest_route=%2Fwp%2Fv2%2Fproduct_tag&post=92"}],"curies":[{"name":"wp","href":"https:\/\/api.w.org\/{rel}","templated":true}]}}