{"id":868,"date":"2015-12-20T16:01:30","date_gmt":"2015-12-20T15:01:30","guid":{"rendered":"http:\/\/sonjafellner.com\/?post_type=product&#038;p=868"},"modified":"2016-05-06T16:29:17","modified_gmt":"2016-05-06T14:29:17","slug":"dolly","status":"publish","type":"product","link":"https:\/\/sonjafellner.com\/?product=dolly","title":{"rendered":"Dolly"},"content":{"rendered":"<p>Das klassisch geschnittene Seidenmieder \u00fcberzeugt durch die Hakenverschl\u00fcsse am Vorderteil und die von Hand gearbeitete Wellenr\u00fcsche an den Brustabn\u00e4hern. Der Rock ist in aufwendiger Handarbeit reihig gezogen. Der Futterrock sorgt f\u00fcr einen tollen Tragekomfort. Vollendet wird das Design durch eine feine Spitzensch\u00fcrze in edler Qualit\u00e4t.<\/p>\n","protected":false},"excerpt":{"rendered":"<p>Das klassisch geschnittene Seidenmieder \u00fcberzeugt durch die Hakenverschl\u00fcsse am Vorderteil und die von Hand gearbeitete Wellenr\u00fcsche an den Brustabn\u00e4hern. Der Rock ist in aufwendiger Handarbeit reihig gezogen. Der Futterrock sorgt f\u00fcr einen tollen Tragekomfort. Vollendet wird das Design durch eine feine Spitzensch\u00fcrze in edler Qualit\u00e4t.<\/p>\n","protected":false},"featured_media":888,"comment_status":"closed","ping_status":"closed","template":"","meta":[],"product_cat":[6,7],"product_tag":[],"yoast_head":"<!-- This site is optimized with the Yoast SEO plugin v20.11 - https:\/\/yoast.com\/wordpress\/plugins\/seo\/ -->\n<title>Dolly &ndash; Sonja Fellner<\/title>\n<meta name=\"robots\" content=\"index, follow, max-snippet:-1, max-image-preview:large, max-video-preview:-1\" \/>\n<link rel=\"canonical\" href=\"https:\/\/sonjafellner.com\/?product=dolly\" \/>\n<meta property=\"og:locale\" content=\"en_US\" \/>\n<meta property=\"og:type\" content=\"article\" \/>\n<meta property=\"og:title\" content=\"Dolly &ndash; Sonja Fellner\" \/>\n<meta property=\"og:description\" content=\"Das klassisch geschnittene Seidenmieder \u00fcberzeugt durch die Hakenverschl\u00fcsse am Vorderteil und die von Hand gearbeitete Wellenr\u00fcsche an den Brustabn\u00e4hern. Der Rock ist in aufwendiger Handarbeit reihig gezogen. Der Futterrock sorgt f\u00fcr einen tollen Tragekomfort. Vollendet wird das Design durch eine feine Spitzensch\u00fcrze in edler Qualit\u00e4t.\" \/>\n<meta property=\"og:url\" content=\"https:\/\/sonjafellner.com\/?product=dolly\" \/>\n<meta property=\"og:site_name\" content=\"Sonja Fellner\" \/>\n<meta property=\"article:modified_time\" content=\"2016-05-06T14:29:17+00:00\" \/>\n<meta property=\"og:image\" content=\"https:\/\/sonjafellner.com\/wp-content\/uploads\/2016\/01\/dolly.front_.1000x1500.jpg\" \/>\n\t<meta property=\"og:image:width\" content=\"1000\" \/>\n\t<meta property=\"og:image:height\" content=\"1500\" \/>\n\t<meta property=\"og:image:type\" content=\"image\/jpeg\" \/>\n<meta name=\"twitter:card\" content=\"summary_large_image\" \/>\n<script type=\"application\/ld+json\" class=\"yoast-schema-graph\">{\"@context\":\"https:\/\/schema.org\",\"@graph\":[{\"@type\":\"WebPage\",\"@id\":\"https:\/\/sonjafellner.com\/?product=dolly\",\"url\":\"https:\/\/sonjafellner.com\/?product=dolly\",\"name\":\"Dolly &ndash; Sonja Fellner\",\"isPartOf\":{\"@id\":\"https:\/\/sonjafellner.com\/#website\"},\"datePublished\":\"2015-12-20T15:01:30+00:00\",\"dateModified\":\"2016-05-06T14:29:17+00:00\",\"breadcrumb\":{\"@id\":\"https:\/\/sonjafellner.com\/?product=dolly#breadcrumb\"},\"inLanguage\":\"en-US\",\"potentialAction\":[{\"@type\":\"ReadAction\",\"target\":[\"https:\/\/sonjafellner.com\/?product=dolly\"]}]},{\"@type\":\"BreadcrumbList\",\"@id\":\"https:\/\/sonjafellner.com\/?product=dolly#breadcrumb\",\"itemListElement\":[{\"@type\":\"ListItem\",\"position\":1,\"name\":\"Home\",\"item\":\"https:\/\/sonjafellner.com\/\"},{\"@type\":\"ListItem\",\"position\":2,\"name\":\"Shop\",\"item\":\"https:\/\/sonjafellner.com\/?page_id=14\"},{\"@type\":\"ListItem\",\"position\":3,\"name\":\"Dolly\"}]},{\"@type\":\"WebSite\",\"@id\":\"https:\/\/sonjafellner.com\/#website\",\"url\":\"https:\/\/sonjafellner.com\/\",\"name\":\"Sonja Fellner\",\"description\":\"Austria\",\"potentialAction\":[{\"@type\":\"SearchAction\",\"target\":{\"@type\":\"EntryPoint\",\"urlTemplate\":\"https:\/\/sonjafellner.com\/?s={search_term_string}\"},\"query-input\":\"required name=search_term_string\"}],\"inLanguage\":\"en-US\"}]}<\/script>\n<!-- \/ Yoast SEO plugin. -->","yoast_head_json":{"title":"Dolly &ndash; Sonja Fellner","robots":{"index":"index","follow":"follow","max-snippet":"max-snippet:-1","max-image-preview":"max-image-preview:large","max-video-preview":"max-video-preview:-1"},"canonical":"https:\/\/sonjafellner.com\/?product=dolly","og_locale":"en_US","og_type":"article","og_title":"Dolly &ndash; Sonja Fellner","og_description":"Das klassisch geschnittene Seidenmieder \u00fcberzeugt durch die Hakenverschl\u00fcsse am Vorderteil und die von Hand gearbeitete Wellenr\u00fcsche an den Brustabn\u00e4hern. Der Rock ist in aufwendiger Handarbeit reihig gezogen. Der Futterrock sorgt f\u00fcr einen tollen Tragekomfort. Vollendet wird das Design durch eine feine Spitzensch\u00fcrze in edler Qualit\u00e4t.","og_url":"https:\/\/sonjafellner.com\/?product=dolly","og_site_name":"Sonja Fellner","article_modified_time":"2016-05-06T14:29:17+00:00","og_image":[{"width":1000,"height":1500,"url":"https:\/\/sonjafellner.com\/wp-content\/uploads\/2016\/01\/dolly.front_.1000x1500.jpg","type":"image\/jpeg"}],"twitter_card":"summary_large_image","schema":{"@context":"https:\/\/schema.org","@graph":[{"@type":"WebPage","@id":"https:\/\/sonjafellner.com\/?product=dolly","url":"https:\/\/sonjafellner.com\/?product=dolly","name":"Dolly &ndash; Sonja Fellner","isPartOf":{"@id":"https:\/\/sonjafellner.com\/#website"},"datePublished":"2015-12-20T15:01:30+00:00","dateModified":"2016-05-06T14:29:17+00:00","breadcrumb":{"@id":"https:\/\/sonjafellner.com\/?product=dolly#breadcrumb"},"inLanguage":"en-US","potentialAction":[{"@type":"ReadAction","target":["https:\/\/sonjafellner.com\/?product=dolly"]}]},{"@type":"BreadcrumbList","@id":"https:\/\/sonjafellner.com\/?product=dolly#breadcrumb","itemListElement":[{"@type":"ListItem","position":1,"name":"Home","item":"https:\/\/sonjafellner.com\/"},{"@type":"ListItem","position":2,"name":"Shop","item":"https:\/\/sonjafellner.com\/?page_id=14"},{"@type":"ListItem","position":3,"name":"Dolly"}]},{"@type":"WebSite","@id":"https:\/\/sonjafellner.com\/#website","url":"https:\/\/sonjafellner.com\/","name":"Sonja Fellner","description":"Austria","potentialAction":[{"@type":"SearchAction","target":{"@type":"EntryPoint","urlTemplate":"https:\/\/sonjafellner.com\/?s={search_term_string}"},"query-input":"required name=search_term_string"}],"inLanguage":"en-US"}]}},"_links":{"self":[{"href":"https:\/\/sonjafellner.com\/index.php?rest_route=\/wp\/v3\/product\/868"}],"collection":[{"href":"https:\/\/sonjafellner.com\/index.php?rest_route=\/wp\/v3\/product"}],"about":[{"href":"https:\/\/sonjafellner.com\/index.php?rest_route=\/wp\/v2\/types\/product"}],"replies":[{"embeddable":true,"href":"https:\/\/sonjafellner.com\/index.php?rest_route=%2Fwp%2Fv2%2Fcomments&post=868"}],"wp:featuredmedia":[{"embeddable":true,"href":"https:\/\/sonjafellner.com\/index.php?rest_route=\/wp\/v2\/media\/888"}],"wp:attachment":[{"href":"https:\/\/sonjafellner.com\/index.php?rest_route=%2Fwp%2Fv2%2Fmedia&parent=868"}],"wp:term":[{"taxonomy":"product_cat","embeddable":true,"href":"https:\/\/sonjafellner.com\/index.php?rest_route=%2Fwp%2Fv2%2Fproduct_cat&post=868"},{"taxonomy":"product_tag","embeddable":true,"href":"https:\/\/sonjafellner.com\/index.php?rest_route=%2Fwp%2Fv2%2Fproduct_tag&post=868"}],"curies":[{"name":"wp","href":"https:\/\/api.w.org\/{rel}","templated":true}]}}