{"id":82,"date":"2015-08-25T19:03:37","date_gmt":"2015-08-25T17:03:37","guid":{"rendered":"http:\/\/sonjafellner.com\/produkt\/barbe\/"},"modified":"2019-09-10T21:18:39","modified_gmt":"2019-09-10T19:18:39","slug":"barbe","status":"publish","type":"product","link":"https:\/\/sonjafellner.com\/?product=barbe","title":{"rendered":"Barbe"},"content":{"rendered":"<p>Das aufwendig verarbeitete Oberteil des Dirndl Barbe bezaubert durch seine Schnittf\u00fchrung, welche eine aussergew\u00f6hnliche Optik erzielt. Es hinterl\u00e4sst Spuren des Russischen Rokoko. Das Mieder ist am Vorderteil mit Miederhaken zu schliessen. Der Rock ist mit der Hand in f\u00fcnf Reihen handgestiftelt und gef\u00fcttert. Dieses Dirndl kann sowohl mit als auch ohne Sch\u00fcrze getragen werden.<\/p>\n","protected":false},"excerpt":{"rendered":"<p>Das aufwendig verarbeitete Oberteil des Dirndl Barbe bezaubert durch seine Schnittf\u00fchrung, welche eine aussergew\u00f6hnliche Optik erzielt. Es hinterl\u00e4sst Spuren des Russischen Rokoko. Das Mieder ist am Vorderteil mit Miederhaken zu schliessen. Der Rock ist mit der Hand in f\u00fcnf Reihen handgestiftelt und gef\u00fcttert. Dieses Dirndl kann sowohl mit als auch ohne Sch\u00fcrze getragen werden.<\/p>\n","protected":false},"featured_media":947,"comment_status":"open","ping_status":"closed","template":"","meta":[],"product_cat":[116,6,7,25,114],"product_tag":[],"yoast_head":"<!-- This site is optimized with the Yoast SEO plugin v20.11 - https:\/\/yoast.com\/wordpress\/plugins\/seo\/ -->\n<title>Barbe &ndash; Sonja Fellner<\/title>\n<meta name=\"robots\" content=\"index, follow, max-snippet:-1, max-image-preview:large, max-video-preview:-1\" \/>\n<link rel=\"canonical\" href=\"https:\/\/sonjafellner.com\/?product=barbe\" \/>\n<meta property=\"og:locale\" content=\"en_US\" \/>\n<meta property=\"og:type\" content=\"article\" \/>\n<meta property=\"og:title\" content=\"Barbe &ndash; Sonja Fellner\" \/>\n<meta property=\"og:description\" content=\"Das aufwendig verarbeitete Oberteil des Dirndl Barbe bezaubert durch seine Schnittf\u00fchrung, welche eine aussergew\u00f6hnliche Optik erzielt. Es hinterl\u00e4sst Spuren des Russischen Rokoko. Das Mieder ist am Vorderteil mit Miederhaken zu schliessen. Der Rock ist mit der Hand in f\u00fcnf Reihen handgestiftelt und gef\u00fcttert. Dieses Dirndl kann sowohl mit als auch ohne Sch\u00fcrze getragen werden.\" \/>\n<meta property=\"og:url\" content=\"https:\/\/sonjafellner.com\/?product=barbe\" \/>\n<meta property=\"og:site_name\" content=\"Sonja Fellner\" \/>\n<meta property=\"article:modified_time\" content=\"2019-09-10T19:18:39+00:00\" \/>\n<meta property=\"og:image\" content=\"https:\/\/sonjafellner.com\/wp-content\/uploads\/2016\/01\/barbe.front_.1000x1500.jpg\" \/>\n\t<meta property=\"og:image:width\" content=\"1000\" \/>\n\t<meta property=\"og:image:height\" content=\"1500\" \/>\n\t<meta property=\"og:image:type\" content=\"image\/jpeg\" \/>\n<meta name=\"twitter:card\" content=\"summary_large_image\" \/>\n<script type=\"application\/ld+json\" class=\"yoast-schema-graph\">{\"@context\":\"https:\/\/schema.org\",\"@graph\":[{\"@type\":\"WebPage\",\"@id\":\"https:\/\/sonjafellner.com\/?product=barbe\",\"url\":\"https:\/\/sonjafellner.com\/?product=barbe\",\"name\":\"Barbe &ndash; Sonja Fellner\",\"isPartOf\":{\"@id\":\"https:\/\/sonjafellner.com\/#website\"},\"datePublished\":\"2015-08-25T17:03:37+00:00\",\"dateModified\":\"2019-09-10T19:18:39+00:00\",\"breadcrumb\":{\"@id\":\"https:\/\/sonjafellner.com\/?product=barbe#breadcrumb\"},\"inLanguage\":\"en-US\",\"potentialAction\":[{\"@type\":\"ReadAction\",\"target\":[\"https:\/\/sonjafellner.com\/?product=barbe\"]}]},{\"@type\":\"BreadcrumbList\",\"@id\":\"https:\/\/sonjafellner.com\/?product=barbe#breadcrumb\",\"itemListElement\":[{\"@type\":\"ListItem\",\"position\":1,\"name\":\"Home\",\"item\":\"https:\/\/sonjafellner.com\/\"},{\"@type\":\"ListItem\",\"position\":2,\"name\":\"Shop\",\"item\":\"https:\/\/sonjafellner.com\/?page_id=14\"},{\"@type\":\"ListItem\",\"position\":3,\"name\":\"Barbe\"}]},{\"@type\":\"WebSite\",\"@id\":\"https:\/\/sonjafellner.com\/#website\",\"url\":\"https:\/\/sonjafellner.com\/\",\"name\":\"Sonja Fellner\",\"description\":\"Austria\",\"potentialAction\":[{\"@type\":\"SearchAction\",\"target\":{\"@type\":\"EntryPoint\",\"urlTemplate\":\"https:\/\/sonjafellner.com\/?s={search_term_string}\"},\"query-input\":\"required name=search_term_string\"}],\"inLanguage\":\"en-US\"}]}<\/script>\n<!-- \/ Yoast SEO plugin. -->","yoast_head_json":{"title":"Barbe &ndash; Sonja Fellner","robots":{"index":"index","follow":"follow","max-snippet":"max-snippet:-1","max-image-preview":"max-image-preview:large","max-video-preview":"max-video-preview:-1"},"canonical":"https:\/\/sonjafellner.com\/?product=barbe","og_locale":"en_US","og_type":"article","og_title":"Barbe &ndash; Sonja Fellner","og_description":"Das aufwendig verarbeitete Oberteil des Dirndl Barbe bezaubert durch seine Schnittf\u00fchrung, welche eine aussergew\u00f6hnliche Optik erzielt. Es hinterl\u00e4sst Spuren des Russischen Rokoko. Das Mieder ist am Vorderteil mit Miederhaken zu schliessen. Der Rock ist mit der Hand in f\u00fcnf Reihen handgestiftelt und gef\u00fcttert. Dieses Dirndl kann sowohl mit als auch ohne Sch\u00fcrze getragen werden.","og_url":"https:\/\/sonjafellner.com\/?product=barbe","og_site_name":"Sonja Fellner","article_modified_time":"2019-09-10T19:18:39+00:00","og_image":[{"width":1000,"height":1500,"url":"https:\/\/sonjafellner.com\/wp-content\/uploads\/2016\/01\/barbe.front_.1000x1500.jpg","type":"image\/jpeg"}],"twitter_card":"summary_large_image","schema":{"@context":"https:\/\/schema.org","@graph":[{"@type":"WebPage","@id":"https:\/\/sonjafellner.com\/?product=barbe","url":"https:\/\/sonjafellner.com\/?product=barbe","name":"Barbe &ndash; Sonja Fellner","isPartOf":{"@id":"https:\/\/sonjafellner.com\/#website"},"datePublished":"2015-08-25T17:03:37+00:00","dateModified":"2019-09-10T19:18:39+00:00","breadcrumb":{"@id":"https:\/\/sonjafellner.com\/?product=barbe#breadcrumb"},"inLanguage":"en-US","potentialAction":[{"@type":"ReadAction","target":["https:\/\/sonjafellner.com\/?product=barbe"]}]},{"@type":"BreadcrumbList","@id":"https:\/\/sonjafellner.com\/?product=barbe#breadcrumb","itemListElement":[{"@type":"ListItem","position":1,"name":"Home","item":"https:\/\/sonjafellner.com\/"},{"@type":"ListItem","position":2,"name":"Shop","item":"https:\/\/sonjafellner.com\/?page_id=14"},{"@type":"ListItem","position":3,"name":"Barbe"}]},{"@type":"WebSite","@id":"https:\/\/sonjafellner.com\/#website","url":"https:\/\/sonjafellner.com\/","name":"Sonja Fellner","description":"Austria","potentialAction":[{"@type":"SearchAction","target":{"@type":"EntryPoint","urlTemplate":"https:\/\/sonjafellner.com\/?s={search_term_string}"},"query-input":"required name=search_term_string"}],"inLanguage":"en-US"}]}},"_links":{"self":[{"href":"https:\/\/sonjafellner.com\/index.php?rest_route=\/wp\/v3\/product\/82"}],"collection":[{"href":"https:\/\/sonjafellner.com\/index.php?rest_route=\/wp\/v3\/product"}],"about":[{"href":"https:\/\/sonjafellner.com\/index.php?rest_route=\/wp\/v2\/types\/product"}],"replies":[{"embeddable":true,"href":"https:\/\/sonjafellner.com\/index.php?rest_route=%2Fwp%2Fv2%2Fcomments&post=82"}],"wp:featuredmedia":[{"embeddable":true,"href":"https:\/\/sonjafellner.com\/index.php?rest_route=\/wp\/v2\/media\/947"}],"wp:attachment":[{"href":"https:\/\/sonjafellner.com\/index.php?rest_route=%2Fwp%2Fv2%2Fmedia&parent=82"}],"wp:term":[{"taxonomy":"product_cat","embeddable":true,"href":"https:\/\/sonjafellner.com\/index.php?rest_route=%2Fwp%2Fv2%2Fproduct_cat&post=82"},{"taxonomy":"product_tag","embeddable":true,"href":"https:\/\/sonjafellner.com\/index.php?rest_route=%2Fwp%2Fv2%2Fproduct_tag&post=82"}],"curies":[{"name":"wp","href":"https:\/\/api.w.org\/{rel}","templated":true}]}}