{"id":783,"date":"2015-11-22T22:44:39","date_gmt":"2015-11-22T21:44:39","guid":{"rendered":"http:\/\/sonjafellner.com\/?post_type=product&#038;p=783"},"modified":"2016-05-06T16:27:02","modified_gmt":"2016-05-06T14:27:02","slug":"daphne","status":"publish","type":"product","link":"https:\/\/sonjafellner.com\/?product=daphne","title":{"rendered":"Daphne"},"content":{"rendered":"<p>Dem nachtblauen Dirndlkleid Daphne liegt eine besondere Schnittf\u00fchrung zugrunde. Im Miedervorderteil sind Miederst\u00e4be eingearbeitet, welche zu einer perfekten Passform f\u00fchren. Au\u00dferdem ist es mit aufgen\u00e4hten Samtb\u00e4nder verziert. Der vordere Schulterbereich und die \u00c4rmel sind aus feiner franz\u00f6sischer Spitze. Der Rock wurde mit einem Hauch von T\u00fcll gedoppelt und in Falten gelegt.<\/p>\n<p>Dieses Dirndlkleid passt genauso f\u00fcr das Business als auch f\u00fcr abendliche Anl\u00e4sse.<\/p>\n","protected":false},"excerpt":{"rendered":"<p>Dem nachtblauen Dirndlkleid Daphne liegt eine besondere Schnittf\u00fchrung zugrunde. Im Miedervorderteil sind Miederst\u00e4be eingearbeitet, welche zu einer perfekten Passform f\u00fchren. Au\u00dferdem ist es mit aufgen\u00e4hten Samtb\u00e4nder verziert. Der vordere Schulterbereich und die \u00c4rmel sind aus feiner franz\u00f6sischer Spitze. Der Rock wurde mit einem Hauch von T\u00fcll gedoppelt und in Falten gelegt. Dieses Dirndlkleid passt genauso<br class=\"read-more-spacer\"> <a class=\"more-link clearfix\" href=\"https:\/\/sonjafellner.com\/?product=daphne\">Read More<\/a><\/p>\n","protected":false},"featured_media":784,"comment_status":"closed","ping_status":"closed","template":"","meta":[],"product_cat":[116,25],"product_tag":[],"yoast_head":"<!-- This site is optimized with the Yoast SEO plugin v20.11 - https:\/\/yoast.com\/wordpress\/plugins\/seo\/ -->\n<title>Daphne &ndash; Sonja Fellner<\/title>\n<meta name=\"robots\" content=\"index, follow, max-snippet:-1, max-image-preview:large, max-video-preview:-1\" \/>\n<link rel=\"canonical\" href=\"https:\/\/sonjafellner.com\/?product=daphne\" \/>\n<meta property=\"og:locale\" content=\"en_US\" \/>\n<meta property=\"og:type\" content=\"article\" \/>\n<meta property=\"og:title\" content=\"Daphne &ndash; Sonja Fellner\" \/>\n<meta property=\"og:description\" content=\"Dem nachtblauen Dirndlkleid Daphne liegt eine besondere Schnittf\u00fchrung zugrunde. Im Miedervorderteil sind Miederst\u00e4be eingearbeitet, welche zu einer perfekten Passform f\u00fchren. Au\u00dferdem ist es mit aufgen\u00e4hten Samtb\u00e4nder verziert. Der vordere Schulterbereich und die \u00c4rmel sind aus feiner franz\u00f6sischer Spitze. Der Rock wurde mit einem Hauch von T\u00fcll gedoppelt und in Falten gelegt. Dieses Dirndlkleid passt genauso Read More\" \/>\n<meta property=\"og:url\" content=\"https:\/\/sonjafellner.com\/?product=daphne\" \/>\n<meta property=\"og:site_name\" content=\"Sonja Fellner\" \/>\n<meta property=\"article:modified_time\" content=\"2016-05-06T14:27:02+00:00\" \/>\n<meta property=\"og:image\" content=\"https:\/\/sonjafellner.com\/wp-content\/uploads\/2015\/11\/daphne.front_.jpg\" \/>\n\t<meta property=\"og:image:width\" content=\"1000\" \/>\n\t<meta property=\"og:image:height\" content=\"1500\" \/>\n\t<meta property=\"og:image:type\" content=\"image\/jpeg\" \/>\n<meta name=\"twitter:card\" content=\"summary_large_image\" \/>\n<script type=\"application\/ld+json\" class=\"yoast-schema-graph\">{\"@context\":\"https:\/\/schema.org\",\"@graph\":[{\"@type\":\"WebPage\",\"@id\":\"https:\/\/sonjafellner.com\/?product=daphne\",\"url\":\"https:\/\/sonjafellner.com\/?product=daphne\",\"name\":\"Daphne &ndash; Sonja Fellner\",\"isPartOf\":{\"@id\":\"https:\/\/sonjafellner.com\/#website\"},\"datePublished\":\"2015-11-22T21:44:39+00:00\",\"dateModified\":\"2016-05-06T14:27:02+00:00\",\"breadcrumb\":{\"@id\":\"https:\/\/sonjafellner.com\/?product=daphne#breadcrumb\"},\"inLanguage\":\"en-US\",\"potentialAction\":[{\"@type\":\"ReadAction\",\"target\":[\"https:\/\/sonjafellner.com\/?product=daphne\"]}]},{\"@type\":\"BreadcrumbList\",\"@id\":\"https:\/\/sonjafellner.com\/?product=daphne#breadcrumb\",\"itemListElement\":[{\"@type\":\"ListItem\",\"position\":1,\"name\":\"Home\",\"item\":\"https:\/\/sonjafellner.com\/\"},{\"@type\":\"ListItem\",\"position\":2,\"name\":\"Shop\",\"item\":\"https:\/\/sonjafellner.com\/?page_id=14\"},{\"@type\":\"ListItem\",\"position\":3,\"name\":\"Daphne\"}]},{\"@type\":\"WebSite\",\"@id\":\"https:\/\/sonjafellner.com\/#website\",\"url\":\"https:\/\/sonjafellner.com\/\",\"name\":\"Sonja Fellner\",\"description\":\"Austria\",\"potentialAction\":[{\"@type\":\"SearchAction\",\"target\":{\"@type\":\"EntryPoint\",\"urlTemplate\":\"https:\/\/sonjafellner.com\/?s={search_term_string}\"},\"query-input\":\"required name=search_term_string\"}],\"inLanguage\":\"en-US\"}]}<\/script>\n<!-- \/ Yoast SEO plugin. -->","yoast_head_json":{"title":"Daphne &ndash; Sonja Fellner","robots":{"index":"index","follow":"follow","max-snippet":"max-snippet:-1","max-image-preview":"max-image-preview:large","max-video-preview":"max-video-preview:-1"},"canonical":"https:\/\/sonjafellner.com\/?product=daphne","og_locale":"en_US","og_type":"article","og_title":"Daphne &ndash; Sonja Fellner","og_description":"Dem nachtblauen Dirndlkleid Daphne liegt eine besondere Schnittf\u00fchrung zugrunde. Im Miedervorderteil sind Miederst\u00e4be eingearbeitet, welche zu einer perfekten Passform f\u00fchren. Au\u00dferdem ist es mit aufgen\u00e4hten Samtb\u00e4nder verziert. Der vordere Schulterbereich und die \u00c4rmel sind aus feiner franz\u00f6sischer Spitze. Der Rock wurde mit einem Hauch von T\u00fcll gedoppelt und in Falten gelegt. Dieses Dirndlkleid passt genauso Read More","og_url":"https:\/\/sonjafellner.com\/?product=daphne","og_site_name":"Sonja Fellner","article_modified_time":"2016-05-06T14:27:02+00:00","og_image":[{"width":1000,"height":1500,"url":"https:\/\/sonjafellner.com\/wp-content\/uploads\/2015\/11\/daphne.front_.jpg","type":"image\/jpeg"}],"twitter_card":"summary_large_image","schema":{"@context":"https:\/\/schema.org","@graph":[{"@type":"WebPage","@id":"https:\/\/sonjafellner.com\/?product=daphne","url":"https:\/\/sonjafellner.com\/?product=daphne","name":"Daphne &ndash; Sonja Fellner","isPartOf":{"@id":"https:\/\/sonjafellner.com\/#website"},"datePublished":"2015-11-22T21:44:39+00:00","dateModified":"2016-05-06T14:27:02+00:00","breadcrumb":{"@id":"https:\/\/sonjafellner.com\/?product=daphne#breadcrumb"},"inLanguage":"en-US","potentialAction":[{"@type":"ReadAction","target":["https:\/\/sonjafellner.com\/?product=daphne"]}]},{"@type":"BreadcrumbList","@id":"https:\/\/sonjafellner.com\/?product=daphne#breadcrumb","itemListElement":[{"@type":"ListItem","position":1,"name":"Home","item":"https:\/\/sonjafellner.com\/"},{"@type":"ListItem","position":2,"name":"Shop","item":"https:\/\/sonjafellner.com\/?page_id=14"},{"@type":"ListItem","position":3,"name":"Daphne"}]},{"@type":"WebSite","@id":"https:\/\/sonjafellner.com\/#website","url":"https:\/\/sonjafellner.com\/","name":"Sonja Fellner","description":"Austria","potentialAction":[{"@type":"SearchAction","target":{"@type":"EntryPoint","urlTemplate":"https:\/\/sonjafellner.com\/?s={search_term_string}"},"query-input":"required name=search_term_string"}],"inLanguage":"en-US"}]}},"_links":{"self":[{"href":"https:\/\/sonjafellner.com\/index.php?rest_route=\/wp\/v3\/product\/783"}],"collection":[{"href":"https:\/\/sonjafellner.com\/index.php?rest_route=\/wp\/v3\/product"}],"about":[{"href":"https:\/\/sonjafellner.com\/index.php?rest_route=\/wp\/v2\/types\/product"}],"replies":[{"embeddable":true,"href":"https:\/\/sonjafellner.com\/index.php?rest_route=%2Fwp%2Fv2%2Fcomments&post=783"}],"wp:featuredmedia":[{"embeddable":true,"href":"https:\/\/sonjafellner.com\/index.php?rest_route=\/wp\/v2\/media\/784"}],"wp:attachment":[{"href":"https:\/\/sonjafellner.com\/index.php?rest_route=%2Fwp%2Fv2%2Fmedia&parent=783"}],"wp:term":[{"taxonomy":"product_cat","embeddable":true,"href":"https:\/\/sonjafellner.com\/index.php?rest_route=%2Fwp%2Fv2%2Fproduct_cat&post=783"},{"taxonomy":"product_tag","embeddable":true,"href":"https:\/\/sonjafellner.com\/index.php?rest_route=%2Fwp%2Fv2%2Fproduct_tag&post=783"}],"curies":[{"name":"wp","href":"https:\/\/api.w.org\/{rel}","templated":true}]}}