{"id":773,"date":"2015-11-22T21:19:57","date_gmt":"2015-11-22T20:19:57","guid":{"rendered":"http:\/\/sonjafellner.com\/?post_type=product&#038;p=773"},"modified":"2016-02-25T21:13:36","modified_gmt":"2016-02-25T20:13:36","slug":"bloom","status":"publish","type":"product","link":"https:\/\/sonjafellner.com\/?product=bloom","title":{"rendered":"Bloom"},"content":{"rendered":"<p>Extravagant zeigt sich das Design beim Dirndl Bloom. Die aufwendig mit Swarovski-Perlen handbestickte Bl\u00fctenapplikation ist der absolute Hingucker. Das Mieder ist im Vorderteil mit Miederhaken zu schlie\u00dfen. Der weitschwingende Tellerrock ist mit einem Petticoat aus rotem Satin gef\u00fcttert. Abgerundet wird dieses Designerdirndl durch eine Seidensch\u00fcrze, welche ebenfalls reihig handgezogen ist.<\/p>\n","protected":false},"excerpt":{"rendered":"<p>Extravagant zeigt sich das Design beim Dirndl Bloom. Die aufwendig mit Swarovski-Perlen handbestickte Bl\u00fctenapplikation ist der absolute Hingucker. Das Mieder ist im Vorderteil mit Miederhaken zu schlie\u00dfen. Der weitschwingende Tellerrock ist mit einem Petticoat aus rotem Satin gef\u00fcttert. Abgerundet wird dieses Designerdirndl durch eine Seidensch\u00fcrze, welche ebenfalls reihig handgezogen ist.<\/p>\n","protected":false},"featured_media":771,"comment_status":"closed","ping_status":"closed","template":"","meta":[],"product_cat":[6,7],"product_tag":[],"yoast_head":"<!-- This site is optimized with the Yoast SEO plugin v20.11 - https:\/\/yoast.com\/wordpress\/plugins\/seo\/ -->\n<title>Bloom &ndash; Sonja Fellner<\/title>\n<meta name=\"robots\" content=\"index, follow, max-snippet:-1, max-image-preview:large, max-video-preview:-1\" \/>\n<link rel=\"canonical\" href=\"https:\/\/sonjafellner.com\/?product=bloom\" \/>\n<meta property=\"og:locale\" content=\"en_US\" \/>\n<meta property=\"og:type\" content=\"article\" \/>\n<meta property=\"og:title\" content=\"Bloom &ndash; Sonja Fellner\" \/>\n<meta property=\"og:description\" content=\"Extravagant zeigt sich das Design beim Dirndl Bloom. Die aufwendig mit Swarovski-Perlen handbestickte Bl\u00fctenapplikation ist der absolute Hingucker. Das Mieder ist im Vorderteil mit Miederhaken zu schlie\u00dfen. Der weitschwingende Tellerrock ist mit einem Petticoat aus rotem Satin gef\u00fcttert. Abgerundet wird dieses Designerdirndl durch eine Seidensch\u00fcrze, welche ebenfalls reihig handgezogen ist.\" \/>\n<meta property=\"og:url\" content=\"https:\/\/sonjafellner.com\/?product=bloom\" \/>\n<meta property=\"og:site_name\" content=\"Sonja Fellner\" \/>\n<meta property=\"article:modified_time\" content=\"2016-02-25T20:13:36+00:00\" \/>\n<meta property=\"og:image\" content=\"https:\/\/sonjafellner.com\/wp-content\/uploads\/2015\/11\/bloom.front_.jpg\" \/>\n\t<meta property=\"og:image:width\" content=\"1000\" \/>\n\t<meta property=\"og:image:height\" content=\"1500\" \/>\n\t<meta property=\"og:image:type\" content=\"image\/jpeg\" \/>\n<meta name=\"twitter:card\" content=\"summary_large_image\" \/>\n<script type=\"application\/ld+json\" class=\"yoast-schema-graph\">{\"@context\":\"https:\/\/schema.org\",\"@graph\":[{\"@type\":\"WebPage\",\"@id\":\"https:\/\/sonjafellner.com\/?product=bloom\",\"url\":\"https:\/\/sonjafellner.com\/?product=bloom\",\"name\":\"Bloom &ndash; Sonja Fellner\",\"isPartOf\":{\"@id\":\"https:\/\/sonjafellner.com\/#website\"},\"datePublished\":\"2015-11-22T20:19:57+00:00\",\"dateModified\":\"2016-02-25T20:13:36+00:00\",\"breadcrumb\":{\"@id\":\"https:\/\/sonjafellner.com\/?product=bloom#breadcrumb\"},\"inLanguage\":\"en-US\",\"potentialAction\":[{\"@type\":\"ReadAction\",\"target\":[\"https:\/\/sonjafellner.com\/?product=bloom\"]}]},{\"@type\":\"BreadcrumbList\",\"@id\":\"https:\/\/sonjafellner.com\/?product=bloom#breadcrumb\",\"itemListElement\":[{\"@type\":\"ListItem\",\"position\":1,\"name\":\"Home\",\"item\":\"https:\/\/sonjafellner.com\/\"},{\"@type\":\"ListItem\",\"position\":2,\"name\":\"Shop\",\"item\":\"https:\/\/sonjafellner.com\/?page_id=14\"},{\"@type\":\"ListItem\",\"position\":3,\"name\":\"Bloom\"}]},{\"@type\":\"WebSite\",\"@id\":\"https:\/\/sonjafellner.com\/#website\",\"url\":\"https:\/\/sonjafellner.com\/\",\"name\":\"Sonja Fellner\",\"description\":\"Austria\",\"potentialAction\":[{\"@type\":\"SearchAction\",\"target\":{\"@type\":\"EntryPoint\",\"urlTemplate\":\"https:\/\/sonjafellner.com\/?s={search_term_string}\"},\"query-input\":\"required name=search_term_string\"}],\"inLanguage\":\"en-US\"}]}<\/script>\n<!-- \/ Yoast SEO plugin. -->","yoast_head_json":{"title":"Bloom &ndash; Sonja Fellner","robots":{"index":"index","follow":"follow","max-snippet":"max-snippet:-1","max-image-preview":"max-image-preview:large","max-video-preview":"max-video-preview:-1"},"canonical":"https:\/\/sonjafellner.com\/?product=bloom","og_locale":"en_US","og_type":"article","og_title":"Bloom &ndash; Sonja Fellner","og_description":"Extravagant zeigt sich das Design beim Dirndl Bloom. Die aufwendig mit Swarovski-Perlen handbestickte Bl\u00fctenapplikation ist der absolute Hingucker. Das Mieder ist im Vorderteil mit Miederhaken zu schlie\u00dfen. Der weitschwingende Tellerrock ist mit einem Petticoat aus rotem Satin gef\u00fcttert. Abgerundet wird dieses Designerdirndl durch eine Seidensch\u00fcrze, welche ebenfalls reihig handgezogen ist.","og_url":"https:\/\/sonjafellner.com\/?product=bloom","og_site_name":"Sonja Fellner","article_modified_time":"2016-02-25T20:13:36+00:00","og_image":[{"width":1000,"height":1500,"url":"https:\/\/sonjafellner.com\/wp-content\/uploads\/2015\/11\/bloom.front_.jpg","type":"image\/jpeg"}],"twitter_card":"summary_large_image","schema":{"@context":"https:\/\/schema.org","@graph":[{"@type":"WebPage","@id":"https:\/\/sonjafellner.com\/?product=bloom","url":"https:\/\/sonjafellner.com\/?product=bloom","name":"Bloom &ndash; Sonja Fellner","isPartOf":{"@id":"https:\/\/sonjafellner.com\/#website"},"datePublished":"2015-11-22T20:19:57+00:00","dateModified":"2016-02-25T20:13:36+00:00","breadcrumb":{"@id":"https:\/\/sonjafellner.com\/?product=bloom#breadcrumb"},"inLanguage":"en-US","potentialAction":[{"@type":"ReadAction","target":["https:\/\/sonjafellner.com\/?product=bloom"]}]},{"@type":"BreadcrumbList","@id":"https:\/\/sonjafellner.com\/?product=bloom#breadcrumb","itemListElement":[{"@type":"ListItem","position":1,"name":"Home","item":"https:\/\/sonjafellner.com\/"},{"@type":"ListItem","position":2,"name":"Shop","item":"https:\/\/sonjafellner.com\/?page_id=14"},{"@type":"ListItem","position":3,"name":"Bloom"}]},{"@type":"WebSite","@id":"https:\/\/sonjafellner.com\/#website","url":"https:\/\/sonjafellner.com\/","name":"Sonja Fellner","description":"Austria","potentialAction":[{"@type":"SearchAction","target":{"@type":"EntryPoint","urlTemplate":"https:\/\/sonjafellner.com\/?s={search_term_string}"},"query-input":"required name=search_term_string"}],"inLanguage":"en-US"}]}},"_links":{"self":[{"href":"https:\/\/sonjafellner.com\/index.php?rest_route=\/wp\/v3\/product\/773"}],"collection":[{"href":"https:\/\/sonjafellner.com\/index.php?rest_route=\/wp\/v3\/product"}],"about":[{"href":"https:\/\/sonjafellner.com\/index.php?rest_route=\/wp\/v2\/types\/product"}],"replies":[{"embeddable":true,"href":"https:\/\/sonjafellner.com\/index.php?rest_route=%2Fwp%2Fv2%2Fcomments&post=773"}],"wp:featuredmedia":[{"embeddable":true,"href":"https:\/\/sonjafellner.com\/index.php?rest_route=\/wp\/v2\/media\/771"}],"wp:attachment":[{"href":"https:\/\/sonjafellner.com\/index.php?rest_route=%2Fwp%2Fv2%2Fmedia&parent=773"}],"wp:term":[{"taxonomy":"product_cat","embeddable":true,"href":"https:\/\/sonjafellner.com\/index.php?rest_route=%2Fwp%2Fv2%2Fproduct_cat&post=773"},{"taxonomy":"product_tag","embeddable":true,"href":"https:\/\/sonjafellner.com\/index.php?rest_route=%2Fwp%2Fv2%2Fproduct_tag&post=773"}],"curies":[{"name":"wp","href":"https:\/\/api.w.org\/{rel}","templated":true}]}}