{"id":744,"date":"2015-11-13T13:14:25","date_gmt":"2015-11-13T12:14:25","guid":{"rendered":"http:\/\/sonjafellner.com\/?post_type=product&#038;p=744"},"modified":"2021-02-03T21:23:43","modified_gmt":"2021-02-03T20:23:43","slug":"raphaela","status":"publish","type":"product","link":"https:\/\/sonjafellner.com\/?product=raphaela","title":{"rendered":"Raphaela"},"content":{"rendered":"<p>Dieser exquisite Bleistiftrock mit angenschnitenem Bund setzt alle Blicke auf sich. Elegant und zeitlos in schwarzer, feiner Spitze, gef\u00fcttert mit rotem Satin, umspielt der Rock gekonnt das Knie und ist ein absoluter Blickfang. Ein Blickfang, sowohl bei traditionellen als auch bei modernen festlichen Anl\u00e4ssen.<\/p>\n<p>Der Spitzenrock ist 4 cm l\u00e4nger als der Unterrock. Die Rockl\u00e4nge von 68 cm bezieht sich auf den Spitzenrock.<\/p>\n","protected":false},"excerpt":{"rendered":"<p>Dieser exquisite Bleistiftrock mit angenschnitenem Bund setzt alle Blicke auf sich. Elegant und zeitlos in schwarzer, feiner Spitze, gef\u00fcttert mit rotem Satin, umspielt der Rock gekonnt das Knie und ist ein absoluter Blickfang. Ein Blickfang, sowohl bei traditionellen als auch bei modernen festlichen Anl\u00e4ssen. Der Spitzenrock ist 4 cm l\u00e4nger als der Unterrock. Die Rockl\u00e4nge<br class=\"read-more-spacer\"> <a class=\"more-link clearfix\" href=\"https:\/\/sonjafellner.com\/?product=raphaela\">Read More<\/a><\/p>\n","protected":false},"featured_media":749,"comment_status":"closed","ping_status":"closed","template":"","meta":[],"product_cat":[21],"product_tag":[],"yoast_head":"<!-- This site is optimized with the Yoast SEO plugin v20.11 - https:\/\/yoast.com\/wordpress\/plugins\/seo\/ -->\n<title>Raphaela &ndash; Sonja Fellner<\/title>\n<meta name=\"robots\" content=\"index, follow, max-snippet:-1, max-image-preview:large, max-video-preview:-1\" \/>\n<link rel=\"canonical\" href=\"https:\/\/sonjafellner.com\/?product=raphaela\" \/>\n<meta property=\"og:locale\" content=\"en_US\" \/>\n<meta property=\"og:type\" content=\"article\" \/>\n<meta property=\"og:title\" content=\"Raphaela &ndash; Sonja Fellner\" \/>\n<meta property=\"og:description\" content=\"Dieser exquisite Bleistiftrock mit angenschnitenem Bund setzt alle Blicke auf sich. Elegant und zeitlos in schwarzer, feiner Spitze, gef\u00fcttert mit rotem Satin, umspielt der Rock gekonnt das Knie und ist ein absoluter Blickfang. Ein Blickfang, sowohl bei traditionellen als auch bei modernen festlichen Anl\u00e4ssen. Der Spitzenrock ist 4 cm l\u00e4nger als der Unterrock. Die Rockl\u00e4nge Read More\" \/>\n<meta property=\"og:url\" content=\"https:\/\/sonjafellner.com\/?product=raphaela\" \/>\n<meta property=\"og:site_name\" content=\"Sonja Fellner\" \/>\n<meta property=\"article:modified_time\" content=\"2021-02-03T20:23:43+00:00\" \/>\n<meta property=\"og:image\" content=\"https:\/\/sonjafellner.com\/wp-content\/uploads\/2015\/11\/raphaela.front_.weiss_.jpg\" \/>\n\t<meta property=\"og:image:width\" content=\"1000\" \/>\n\t<meta property=\"og:image:height\" content=\"1500\" \/>\n\t<meta property=\"og:image:type\" content=\"image\/jpeg\" \/>\n<meta name=\"twitter:card\" content=\"summary_large_image\" \/>\n<script type=\"application\/ld+json\" class=\"yoast-schema-graph\">{\"@context\":\"https:\/\/schema.org\",\"@graph\":[{\"@type\":\"WebPage\",\"@id\":\"https:\/\/sonjafellner.com\/?product=raphaela\",\"url\":\"https:\/\/sonjafellner.com\/?product=raphaela\",\"name\":\"Raphaela &ndash; Sonja Fellner\",\"isPartOf\":{\"@id\":\"https:\/\/sonjafellner.com\/#website\"},\"datePublished\":\"2015-11-13T12:14:25+00:00\",\"dateModified\":\"2021-02-03T20:23:43+00:00\",\"breadcrumb\":{\"@id\":\"https:\/\/sonjafellner.com\/?product=raphaela#breadcrumb\"},\"inLanguage\":\"en-US\",\"potentialAction\":[{\"@type\":\"ReadAction\",\"target\":[\"https:\/\/sonjafellner.com\/?product=raphaela\"]}]},{\"@type\":\"BreadcrumbList\",\"@id\":\"https:\/\/sonjafellner.com\/?product=raphaela#breadcrumb\",\"itemListElement\":[{\"@type\":\"ListItem\",\"position\":1,\"name\":\"Home\",\"item\":\"https:\/\/sonjafellner.com\/\"},{\"@type\":\"ListItem\",\"position\":2,\"name\":\"Shop\",\"item\":\"https:\/\/sonjafellner.com\/?page_id=14\"},{\"@type\":\"ListItem\",\"position\":3,\"name\":\"Raphaela\"}]},{\"@type\":\"WebSite\",\"@id\":\"https:\/\/sonjafellner.com\/#website\",\"url\":\"https:\/\/sonjafellner.com\/\",\"name\":\"Sonja Fellner\",\"description\":\"Austria\",\"potentialAction\":[{\"@type\":\"SearchAction\",\"target\":{\"@type\":\"EntryPoint\",\"urlTemplate\":\"https:\/\/sonjafellner.com\/?s={search_term_string}\"},\"query-input\":\"required name=search_term_string\"}],\"inLanguage\":\"en-US\"}]}<\/script>\n<!-- \/ Yoast SEO plugin. -->","yoast_head_json":{"title":"Raphaela &ndash; Sonja Fellner","robots":{"index":"index","follow":"follow","max-snippet":"max-snippet:-1","max-image-preview":"max-image-preview:large","max-video-preview":"max-video-preview:-1"},"canonical":"https:\/\/sonjafellner.com\/?product=raphaela","og_locale":"en_US","og_type":"article","og_title":"Raphaela &ndash; Sonja Fellner","og_description":"Dieser exquisite Bleistiftrock mit angenschnitenem Bund setzt alle Blicke auf sich. Elegant und zeitlos in schwarzer, feiner Spitze, gef\u00fcttert mit rotem Satin, umspielt der Rock gekonnt das Knie und ist ein absoluter Blickfang. Ein Blickfang, sowohl bei traditionellen als auch bei modernen festlichen Anl\u00e4ssen. Der Spitzenrock ist 4 cm l\u00e4nger als der Unterrock. Die Rockl\u00e4nge Read More","og_url":"https:\/\/sonjafellner.com\/?product=raphaela","og_site_name":"Sonja Fellner","article_modified_time":"2021-02-03T20:23:43+00:00","og_image":[{"width":1000,"height":1500,"url":"https:\/\/sonjafellner.com\/wp-content\/uploads\/2015\/11\/raphaela.front_.weiss_.jpg","type":"image\/jpeg"}],"twitter_card":"summary_large_image","schema":{"@context":"https:\/\/schema.org","@graph":[{"@type":"WebPage","@id":"https:\/\/sonjafellner.com\/?product=raphaela","url":"https:\/\/sonjafellner.com\/?product=raphaela","name":"Raphaela &ndash; Sonja Fellner","isPartOf":{"@id":"https:\/\/sonjafellner.com\/#website"},"datePublished":"2015-11-13T12:14:25+00:00","dateModified":"2021-02-03T20:23:43+00:00","breadcrumb":{"@id":"https:\/\/sonjafellner.com\/?product=raphaela#breadcrumb"},"inLanguage":"en-US","potentialAction":[{"@type":"ReadAction","target":["https:\/\/sonjafellner.com\/?product=raphaela"]}]},{"@type":"BreadcrumbList","@id":"https:\/\/sonjafellner.com\/?product=raphaela#breadcrumb","itemListElement":[{"@type":"ListItem","position":1,"name":"Home","item":"https:\/\/sonjafellner.com\/"},{"@type":"ListItem","position":2,"name":"Shop","item":"https:\/\/sonjafellner.com\/?page_id=14"},{"@type":"ListItem","position":3,"name":"Raphaela"}]},{"@type":"WebSite","@id":"https:\/\/sonjafellner.com\/#website","url":"https:\/\/sonjafellner.com\/","name":"Sonja Fellner","description":"Austria","potentialAction":[{"@type":"SearchAction","target":{"@type":"EntryPoint","urlTemplate":"https:\/\/sonjafellner.com\/?s={search_term_string}"},"query-input":"required name=search_term_string"}],"inLanguage":"en-US"}]}},"_links":{"self":[{"href":"https:\/\/sonjafellner.com\/index.php?rest_route=\/wp\/v3\/product\/744"}],"collection":[{"href":"https:\/\/sonjafellner.com\/index.php?rest_route=\/wp\/v3\/product"}],"about":[{"href":"https:\/\/sonjafellner.com\/index.php?rest_route=\/wp\/v2\/types\/product"}],"replies":[{"embeddable":true,"href":"https:\/\/sonjafellner.com\/index.php?rest_route=%2Fwp%2Fv2%2Fcomments&post=744"}],"wp:featuredmedia":[{"embeddable":true,"href":"https:\/\/sonjafellner.com\/index.php?rest_route=\/wp\/v2\/media\/749"}],"wp:attachment":[{"href":"https:\/\/sonjafellner.com\/index.php?rest_route=%2Fwp%2Fv2%2Fmedia&parent=744"}],"wp:term":[{"taxonomy":"product_cat","embeddable":true,"href":"https:\/\/sonjafellner.com\/index.php?rest_route=%2Fwp%2Fv2%2Fproduct_cat&post=744"},{"taxonomy":"product_tag","embeddable":true,"href":"https:\/\/sonjafellner.com\/index.php?rest_route=%2Fwp%2Fv2%2Fproduct_tag&post=744"}],"curies":[{"name":"wp","href":"https:\/\/api.w.org\/{rel}","templated":true}]}}