{"id":725,"date":"2015-11-10T21:49:44","date_gmt":"2015-11-10T20:49:44","guid":{"rendered":"http:\/\/sonjafellner.com\/produkt\/dita\/"},"modified":"2019-09-10T21:16:44","modified_gmt":"2019-09-10T19:16:44","slug":"dita","status":"publish","type":"product","link":"https:\/\/sonjafellner.com\/?product=dita","title":{"rendered":"Dita"},"content":{"rendered":"<p>Dieses au\u00dfergew\u00f6hnliche rote Dirndl &#8220;Dita\u201c verspricht den gro\u00dfen Auftritt. Die Miedercorsage ist aufwendig verarbeitet und hat eine Schnittf\u00fchrung, die eine ganz besondere Optik hervorruft. Ein wenig erinnert es an die Zeit des russischen Rokokos. Der Spitzeneinsatz am vorderen Schulterbereich und \u00c4rmeln ist eine hochwertige franz\u00f6sische \u00c4tzspitze. Das Designerst\u00fcck ist vorne \u00fcber Miederhaken zu schlie\u00dfen und am Hals zu binden. Der Futterrock ist mit einem Petticoat ausgestattet. Im Rockteil findet sich das selbe Rankenmuster wie am Oberteil wieder. Eine Sch\u00fcrze ist hier nicht mehr n\u00f6tig.<\/p>\n<p>&nbsp;<\/p>\n","protected":false},"excerpt":{"rendered":"<p>Dieses au\u00dfergew\u00f6hnliche rote Dirndl &#8220;Dita\u201c verspricht den gro\u00dfen Auftritt. Die Miedercorsage ist aufwendig verarbeitet und hat eine Schnittf\u00fchrung, die eine ganz besondere Optik hervorruft. Ein wenig erinnert es an die Zeit des russischen Rokokos. Der Spitzeneinsatz am vorderen Schulterbereich und \u00c4rmeln ist eine hochwertige franz\u00f6sische \u00c4tzspitze. Das Designerst\u00fcck ist vorne \u00fcber Miederhaken zu schlie\u00dfen und<br class=\"read-more-spacer\"> <a class=\"more-link clearfix\" href=\"https:\/\/sonjafellner.com\/?product=dita\">Read More<\/a><\/p>\n","protected":false},"featured_media":734,"comment_status":"closed","ping_status":"closed","template":"","meta":[],"product_cat":[116,6,7,25,114],"product_tag":[],"yoast_head":"<!-- This site is optimized with the Yoast SEO plugin v20.11 - https:\/\/yoast.com\/wordpress\/plugins\/seo\/ -->\n<title>Dita &ndash; Sonja Fellner<\/title>\n<meta name=\"robots\" content=\"index, follow, max-snippet:-1, max-image-preview:large, max-video-preview:-1\" \/>\n<link rel=\"canonical\" href=\"https:\/\/sonjafellner.com\/?product=dita\" \/>\n<meta property=\"og:locale\" content=\"en_US\" \/>\n<meta property=\"og:type\" content=\"article\" \/>\n<meta property=\"og:title\" content=\"Dita &ndash; Sonja Fellner\" \/>\n<meta property=\"og:description\" content=\"Dieses au\u00dfergew\u00f6hnliche rote Dirndl &#8220;Dita\u201c verspricht den gro\u00dfen Auftritt. Die Miedercorsage ist aufwendig verarbeitet und hat eine Schnittf\u00fchrung, die eine ganz besondere Optik hervorruft. Ein wenig erinnert es an die Zeit des russischen Rokokos. Der Spitzeneinsatz am vorderen Schulterbereich und \u00c4rmeln ist eine hochwertige franz\u00f6sische \u00c4tzspitze. Das Designerst\u00fcck ist vorne \u00fcber Miederhaken zu schlie\u00dfen und Read More\" \/>\n<meta property=\"og:url\" content=\"https:\/\/sonjafellner.com\/?product=dita\" \/>\n<meta property=\"og:site_name\" content=\"Sonja Fellner\" \/>\n<meta property=\"article:modified_time\" content=\"2019-09-10T19:16:44+00:00\" \/>\n<meta property=\"og:image\" content=\"https:\/\/sonjafellner.com\/wp-content\/uploads\/2015\/11\/dita.front_.jpg\" \/>\n\t<meta property=\"og:image:width\" content=\"1000\" \/>\n\t<meta property=\"og:image:height\" content=\"1500\" \/>\n\t<meta property=\"og:image:type\" content=\"image\/jpeg\" \/>\n<meta name=\"twitter:card\" content=\"summary_large_image\" \/>\n<script type=\"application\/ld+json\" class=\"yoast-schema-graph\">{\"@context\":\"https:\/\/schema.org\",\"@graph\":[{\"@type\":\"WebPage\",\"@id\":\"https:\/\/sonjafellner.com\/?product=dita\",\"url\":\"https:\/\/sonjafellner.com\/?product=dita\",\"name\":\"Dita &ndash; Sonja Fellner\",\"isPartOf\":{\"@id\":\"https:\/\/sonjafellner.com\/#website\"},\"datePublished\":\"2015-11-10T20:49:44+00:00\",\"dateModified\":\"2019-09-10T19:16:44+00:00\",\"breadcrumb\":{\"@id\":\"https:\/\/sonjafellner.com\/?product=dita#breadcrumb\"},\"inLanguage\":\"en-US\",\"potentialAction\":[{\"@type\":\"ReadAction\",\"target\":[\"https:\/\/sonjafellner.com\/?product=dita\"]}]},{\"@type\":\"BreadcrumbList\",\"@id\":\"https:\/\/sonjafellner.com\/?product=dita#breadcrumb\",\"itemListElement\":[{\"@type\":\"ListItem\",\"position\":1,\"name\":\"Home\",\"item\":\"https:\/\/sonjafellner.com\/\"},{\"@type\":\"ListItem\",\"position\":2,\"name\":\"Shop\",\"item\":\"https:\/\/sonjafellner.com\/?page_id=14\"},{\"@type\":\"ListItem\",\"position\":3,\"name\":\"Dita\"}]},{\"@type\":\"WebSite\",\"@id\":\"https:\/\/sonjafellner.com\/#website\",\"url\":\"https:\/\/sonjafellner.com\/\",\"name\":\"Sonja Fellner\",\"description\":\"Austria\",\"potentialAction\":[{\"@type\":\"SearchAction\",\"target\":{\"@type\":\"EntryPoint\",\"urlTemplate\":\"https:\/\/sonjafellner.com\/?s={search_term_string}\"},\"query-input\":\"required name=search_term_string\"}],\"inLanguage\":\"en-US\"}]}<\/script>\n<!-- \/ Yoast SEO plugin. -->","yoast_head_json":{"title":"Dita &ndash; Sonja Fellner","robots":{"index":"index","follow":"follow","max-snippet":"max-snippet:-1","max-image-preview":"max-image-preview:large","max-video-preview":"max-video-preview:-1"},"canonical":"https:\/\/sonjafellner.com\/?product=dita","og_locale":"en_US","og_type":"article","og_title":"Dita &ndash; Sonja Fellner","og_description":"Dieses au\u00dfergew\u00f6hnliche rote Dirndl &#8220;Dita\u201c verspricht den gro\u00dfen Auftritt. Die Miedercorsage ist aufwendig verarbeitet und hat eine Schnittf\u00fchrung, die eine ganz besondere Optik hervorruft. Ein wenig erinnert es an die Zeit des russischen Rokokos. Der Spitzeneinsatz am vorderen Schulterbereich und \u00c4rmeln ist eine hochwertige franz\u00f6sische \u00c4tzspitze. Das Designerst\u00fcck ist vorne \u00fcber Miederhaken zu schlie\u00dfen und Read More","og_url":"https:\/\/sonjafellner.com\/?product=dita","og_site_name":"Sonja Fellner","article_modified_time":"2019-09-10T19:16:44+00:00","og_image":[{"width":1000,"height":1500,"url":"https:\/\/sonjafellner.com\/wp-content\/uploads\/2015\/11\/dita.front_.jpg","type":"image\/jpeg"}],"twitter_card":"summary_large_image","schema":{"@context":"https:\/\/schema.org","@graph":[{"@type":"WebPage","@id":"https:\/\/sonjafellner.com\/?product=dita","url":"https:\/\/sonjafellner.com\/?product=dita","name":"Dita &ndash; Sonja Fellner","isPartOf":{"@id":"https:\/\/sonjafellner.com\/#website"},"datePublished":"2015-11-10T20:49:44+00:00","dateModified":"2019-09-10T19:16:44+00:00","breadcrumb":{"@id":"https:\/\/sonjafellner.com\/?product=dita#breadcrumb"},"inLanguage":"en-US","potentialAction":[{"@type":"ReadAction","target":["https:\/\/sonjafellner.com\/?product=dita"]}]},{"@type":"BreadcrumbList","@id":"https:\/\/sonjafellner.com\/?product=dita#breadcrumb","itemListElement":[{"@type":"ListItem","position":1,"name":"Home","item":"https:\/\/sonjafellner.com\/"},{"@type":"ListItem","position":2,"name":"Shop","item":"https:\/\/sonjafellner.com\/?page_id=14"},{"@type":"ListItem","position":3,"name":"Dita"}]},{"@type":"WebSite","@id":"https:\/\/sonjafellner.com\/#website","url":"https:\/\/sonjafellner.com\/","name":"Sonja Fellner","description":"Austria","potentialAction":[{"@type":"SearchAction","target":{"@type":"EntryPoint","urlTemplate":"https:\/\/sonjafellner.com\/?s={search_term_string}"},"query-input":"required name=search_term_string"}],"inLanguage":"en-US"}]}},"_links":{"self":[{"href":"https:\/\/sonjafellner.com\/index.php?rest_route=\/wp\/v3\/product\/725"}],"collection":[{"href":"https:\/\/sonjafellner.com\/index.php?rest_route=\/wp\/v3\/product"}],"about":[{"href":"https:\/\/sonjafellner.com\/index.php?rest_route=\/wp\/v2\/types\/product"}],"replies":[{"embeddable":true,"href":"https:\/\/sonjafellner.com\/index.php?rest_route=%2Fwp%2Fv2%2Fcomments&post=725"}],"wp:featuredmedia":[{"embeddable":true,"href":"https:\/\/sonjafellner.com\/index.php?rest_route=\/wp\/v2\/media\/734"}],"wp:attachment":[{"href":"https:\/\/sonjafellner.com\/index.php?rest_route=%2Fwp%2Fv2%2Fmedia&parent=725"}],"wp:term":[{"taxonomy":"product_cat","embeddable":true,"href":"https:\/\/sonjafellner.com\/index.php?rest_route=%2Fwp%2Fv2%2Fproduct_cat&post=725"},{"taxonomy":"product_tag","embeddable":true,"href":"https:\/\/sonjafellner.com\/index.php?rest_route=%2Fwp%2Fv2%2Fproduct_tag&post=725"}],"curies":[{"name":"wp","href":"https:\/\/api.w.org\/{rel}","templated":true}]}}