{"id":70,"date":"2015-08-24T17:55:50","date_gmt":"2015-08-24T15:55:50","guid":{"rendered":"http:\/\/sonjafellner.com\/produkt\/biana\/"},"modified":"2019-09-10T21:17:42","modified_gmt":"2019-09-10T19:17:42","slug":"biana","status":"publish","type":"product","link":"https:\/\/sonjafellner.com\/?product=biana","title":{"rendered":"Biana"},"content":{"rendered":"<div class=\"dsc\">\n<div class=\"dsc\">\n<p>Das edle Dirndl \u201cBiana\u201d wurde aus traumhaftem Seiden-Jacquard in t\u00fcrkis mit schwarzen kleinen Bl\u00fcmchen gefertigt. Die besonders gute Passform erh\u00e4lt das Dirndl durch die Einarbeitung von Miederst\u00e4bchen im Vorderteil. Der Ausschnitt wird zum Blickfang, weil er durch die luxuri\u00f6sen Borten und Samtb\u00e4nder gekonnt betont wird. Der Rock ist sechsreihig handgestiftelt und mit 100% Baumwolle gef\u00fcttert. Abgerundet wird das Gesamtbild von einer schwarzen Sch\u00fcrze aus reiner Seide.<\/p>\n<\/div>\n<\/div>\n","protected":false},"excerpt":{"rendered":"<p>Das edle Dirndl \u201cBiana\u201d wurde aus traumhaftem Seiden-Jacquard in t\u00fcrkis mit schwarzen kleinen Bl\u00fcmchen gefertigt. Die besonders gute Passform erh\u00e4lt das Dirndl durch die Einarbeitung von Miederst\u00e4bchen im Vorderteil. Der Ausschnitt wird zum Blickfang, weil er durch die luxuri\u00f6sen Borten und Samtb\u00e4nder gekonnt betont wird. Der Rock ist sechsreihig handgestiftelt und mit 100% Baumwolle gef\u00fcttert.<br class=\"read-more-spacer\"> <a class=\"more-link clearfix\" href=\"https:\/\/sonjafellner.com\/?product=biana\">Read More<\/a><\/p>\n","protected":false},"featured_media":691,"comment_status":"open","ping_status":"closed","template":"","meta":[],"product_cat":[6,7,114],"product_tag":[],"yoast_head":"<!-- This site is optimized with the Yoast SEO plugin v20.11 - https:\/\/yoast.com\/wordpress\/plugins\/seo\/ -->\n<title>Biana &ndash; Sonja Fellner<\/title>\n<meta name=\"robots\" content=\"index, follow, max-snippet:-1, max-image-preview:large, max-video-preview:-1\" \/>\n<link rel=\"canonical\" href=\"https:\/\/sonjafellner.com\/?product=biana\" \/>\n<meta property=\"og:locale\" content=\"en_US\" \/>\n<meta property=\"og:type\" content=\"article\" \/>\n<meta property=\"og:title\" content=\"Biana &ndash; Sonja Fellner\" \/>\n<meta property=\"og:description\" content=\"Das edle Dirndl \u201cBiana\u201d wurde aus traumhaftem Seiden-Jacquard in t\u00fcrkis mit schwarzen kleinen Bl\u00fcmchen gefertigt. Die besonders gute Passform erh\u00e4lt das Dirndl durch die Einarbeitung von Miederst\u00e4bchen im Vorderteil. Der Ausschnitt wird zum Blickfang, weil er durch die luxuri\u00f6sen Borten und Samtb\u00e4nder gekonnt betont wird. Der Rock ist sechsreihig handgestiftelt und mit 100% Baumwolle gef\u00fcttert. Read More\" \/>\n<meta property=\"og:url\" content=\"https:\/\/sonjafellner.com\/?product=biana\" \/>\n<meta property=\"og:site_name\" content=\"Sonja Fellner\" \/>\n<meta property=\"article:modified_time\" content=\"2019-09-10T19:17:42+00:00\" \/>\n<meta property=\"og:image\" content=\"https:\/\/sonjafellner.com\/wp-content\/uploads\/2015\/11\/biana.front_.weiss_.jpg\" \/>\n\t<meta property=\"og:image:width\" content=\"1000\" \/>\n\t<meta property=\"og:image:height\" content=\"1500\" \/>\n\t<meta property=\"og:image:type\" content=\"image\/jpeg\" \/>\n<meta name=\"twitter:card\" content=\"summary_large_image\" \/>\n<script type=\"application\/ld+json\" class=\"yoast-schema-graph\">{\"@context\":\"https:\/\/schema.org\",\"@graph\":[{\"@type\":\"WebPage\",\"@id\":\"https:\/\/sonjafellner.com\/?product=biana\",\"url\":\"https:\/\/sonjafellner.com\/?product=biana\",\"name\":\"Biana &ndash; Sonja Fellner\",\"isPartOf\":{\"@id\":\"https:\/\/sonjafellner.com\/#website\"},\"datePublished\":\"2015-08-24T15:55:50+00:00\",\"dateModified\":\"2019-09-10T19:17:42+00:00\",\"breadcrumb\":{\"@id\":\"https:\/\/sonjafellner.com\/?product=biana#breadcrumb\"},\"inLanguage\":\"en-US\",\"potentialAction\":[{\"@type\":\"ReadAction\",\"target\":[\"https:\/\/sonjafellner.com\/?product=biana\"]}]},{\"@type\":\"BreadcrumbList\",\"@id\":\"https:\/\/sonjafellner.com\/?product=biana#breadcrumb\",\"itemListElement\":[{\"@type\":\"ListItem\",\"position\":1,\"name\":\"Home\",\"item\":\"https:\/\/sonjafellner.com\/\"},{\"@type\":\"ListItem\",\"position\":2,\"name\":\"Shop\",\"item\":\"https:\/\/sonjafellner.com\/?page_id=14\"},{\"@type\":\"ListItem\",\"position\":3,\"name\":\"Biana\"}]},{\"@type\":\"WebSite\",\"@id\":\"https:\/\/sonjafellner.com\/#website\",\"url\":\"https:\/\/sonjafellner.com\/\",\"name\":\"Sonja Fellner\",\"description\":\"Austria\",\"potentialAction\":[{\"@type\":\"SearchAction\",\"target\":{\"@type\":\"EntryPoint\",\"urlTemplate\":\"https:\/\/sonjafellner.com\/?s={search_term_string}\"},\"query-input\":\"required name=search_term_string\"}],\"inLanguage\":\"en-US\"}]}<\/script>\n<!-- \/ Yoast SEO plugin. -->","yoast_head_json":{"title":"Biana &ndash; Sonja Fellner","robots":{"index":"index","follow":"follow","max-snippet":"max-snippet:-1","max-image-preview":"max-image-preview:large","max-video-preview":"max-video-preview:-1"},"canonical":"https:\/\/sonjafellner.com\/?product=biana","og_locale":"en_US","og_type":"article","og_title":"Biana &ndash; Sonja Fellner","og_description":"Das edle Dirndl \u201cBiana\u201d wurde aus traumhaftem Seiden-Jacquard in t\u00fcrkis mit schwarzen kleinen Bl\u00fcmchen gefertigt. Die besonders gute Passform erh\u00e4lt das Dirndl durch die Einarbeitung von Miederst\u00e4bchen im Vorderteil. Der Ausschnitt wird zum Blickfang, weil er durch die luxuri\u00f6sen Borten und Samtb\u00e4nder gekonnt betont wird. Der Rock ist sechsreihig handgestiftelt und mit 100% Baumwolle gef\u00fcttert. Read More","og_url":"https:\/\/sonjafellner.com\/?product=biana","og_site_name":"Sonja Fellner","article_modified_time":"2019-09-10T19:17:42+00:00","og_image":[{"width":1000,"height":1500,"url":"https:\/\/sonjafellner.com\/wp-content\/uploads\/2015\/11\/biana.front_.weiss_.jpg","type":"image\/jpeg"}],"twitter_card":"summary_large_image","schema":{"@context":"https:\/\/schema.org","@graph":[{"@type":"WebPage","@id":"https:\/\/sonjafellner.com\/?product=biana","url":"https:\/\/sonjafellner.com\/?product=biana","name":"Biana &ndash; Sonja Fellner","isPartOf":{"@id":"https:\/\/sonjafellner.com\/#website"},"datePublished":"2015-08-24T15:55:50+00:00","dateModified":"2019-09-10T19:17:42+00:00","breadcrumb":{"@id":"https:\/\/sonjafellner.com\/?product=biana#breadcrumb"},"inLanguage":"en-US","potentialAction":[{"@type":"ReadAction","target":["https:\/\/sonjafellner.com\/?product=biana"]}]},{"@type":"BreadcrumbList","@id":"https:\/\/sonjafellner.com\/?product=biana#breadcrumb","itemListElement":[{"@type":"ListItem","position":1,"name":"Home","item":"https:\/\/sonjafellner.com\/"},{"@type":"ListItem","position":2,"name":"Shop","item":"https:\/\/sonjafellner.com\/?page_id=14"},{"@type":"ListItem","position":3,"name":"Biana"}]},{"@type":"WebSite","@id":"https:\/\/sonjafellner.com\/#website","url":"https:\/\/sonjafellner.com\/","name":"Sonja Fellner","description":"Austria","potentialAction":[{"@type":"SearchAction","target":{"@type":"EntryPoint","urlTemplate":"https:\/\/sonjafellner.com\/?s={search_term_string}"},"query-input":"required name=search_term_string"}],"inLanguage":"en-US"}]}},"_links":{"self":[{"href":"https:\/\/sonjafellner.com\/index.php?rest_route=\/wp\/v3\/product\/70"}],"collection":[{"href":"https:\/\/sonjafellner.com\/index.php?rest_route=\/wp\/v3\/product"}],"about":[{"href":"https:\/\/sonjafellner.com\/index.php?rest_route=\/wp\/v2\/types\/product"}],"replies":[{"embeddable":true,"href":"https:\/\/sonjafellner.com\/index.php?rest_route=%2Fwp%2Fv2%2Fcomments&post=70"}],"wp:featuredmedia":[{"embeddable":true,"href":"https:\/\/sonjafellner.com\/index.php?rest_route=\/wp\/v2\/media\/691"}],"wp:attachment":[{"href":"https:\/\/sonjafellner.com\/index.php?rest_route=%2Fwp%2Fv2%2Fmedia&parent=70"}],"wp:term":[{"taxonomy":"product_cat","embeddable":true,"href":"https:\/\/sonjafellner.com\/index.php?rest_route=%2Fwp%2Fv2%2Fproduct_cat&post=70"},{"taxonomy":"product_tag","embeddable":true,"href":"https:\/\/sonjafellner.com\/index.php?rest_route=%2Fwp%2Fv2%2Fproduct_tag&post=70"}],"curies":[{"name":"wp","href":"https:\/\/api.w.org\/{rel}","templated":true}]}}