{"id":64,"date":"2015-08-24T11:11:28","date_gmt":"2015-08-24T09:11:28","guid":{"rendered":"http:\/\/sonjafellner.com\/?post_type=product&#038;p=64"},"modified":"2016-02-25T21:13:00","modified_gmt":"2016-02-25T20:13:00","slug":"constanze","status":"publish","type":"product","link":"https:\/\/sonjafellner.com\/?product=constanze","title":{"rendered":"Constanze"},"content":{"rendered":"<div class=\"dsc\">\n<p>Extravagant zeigt sich dieses Dirndl f\u00fcr au\u00dfergew\u00f6hnlich festliche Anl\u00e4sse. Die eigene Schnittf\u00fchrung verleiht dem Dirndl eine besondere Optik. Die gute Passform verdankt das Dirndl dem Keileinsatz und der Einarbeitung von Miederst\u00e4bchen. Der Ausschnitt ist mit einer luxuri\u00f6sen Dachr\u00fcsche in Hand gearbeitet. Ebenso ist der Rock mit der Hand sechsreihig gestiftelt. Zus\u00e4tzlich ist der Rock mit einem weiten Petticoat gef\u00fcttert.<\/p>\n<\/div>\n","protected":false},"excerpt":{"rendered":"<p>Extravagant zeigt sich dieses Dirndl f\u00fcr au\u00dfergew\u00f6hnlich festliche Anl\u00e4sse. Die eigene Schnittf\u00fchrung verleiht dem Dirndl eine besondere Optik. Die gute Passform verdankt das Dirndl dem Keileinsatz und der Einarbeitung von Miederst\u00e4bchen. Der Ausschnitt ist mit einer luxuri\u00f6sen Dachr\u00fcsche in Hand gearbeitet. Ebenso ist der Rock mit der Hand sechsreihig gestiftelt. Zus\u00e4tzlich ist der Rock mit<br class=\"read-more-spacer\"> <a class=\"more-link clearfix\" href=\"https:\/\/sonjafellner.com\/?product=constanze\">Read More<\/a><\/p>\n","protected":false},"featured_media":861,"comment_status":"open","ping_status":"closed","template":"","meta":[],"product_cat":[6,7,19],"product_tag":[],"yoast_head":"<!-- This site is optimized with the Yoast SEO plugin v20.11 - https:\/\/yoast.com\/wordpress\/plugins\/seo\/ -->\n<title>Constanze &ndash; Sonja Fellner<\/title>\n<meta name=\"robots\" content=\"index, follow, max-snippet:-1, max-image-preview:large, max-video-preview:-1\" \/>\n<link rel=\"canonical\" href=\"https:\/\/sonjafellner.com\/?product=constanze\" \/>\n<meta property=\"og:locale\" content=\"en_US\" \/>\n<meta property=\"og:type\" content=\"article\" \/>\n<meta property=\"og:title\" content=\"Constanze &ndash; Sonja Fellner\" \/>\n<meta property=\"og:description\" content=\"Extravagant zeigt sich dieses Dirndl f\u00fcr au\u00dfergew\u00f6hnlich festliche Anl\u00e4sse. Die eigene Schnittf\u00fchrung verleiht dem Dirndl eine besondere Optik. Die gute Passform verdankt das Dirndl dem Keileinsatz und der Einarbeitung von Miederst\u00e4bchen. Der Ausschnitt ist mit einer luxuri\u00f6sen Dachr\u00fcsche in Hand gearbeitet. Ebenso ist der Rock mit der Hand sechsreihig gestiftelt. Zus\u00e4tzlich ist der Rock mit Read More\" \/>\n<meta property=\"og:url\" content=\"https:\/\/sonjafellner.com\/?product=constanze\" \/>\n<meta property=\"og:site_name\" content=\"Sonja Fellner\" \/>\n<meta property=\"article:modified_time\" content=\"2016-02-25T20:13:00+00:00\" \/>\n<meta property=\"og:image\" content=\"https:\/\/sonjafellner.com\/wp-content\/uploads\/2015\/12\/constanze.front_.vK_.1000x1500.jpg\" \/>\n\t<meta property=\"og:image:width\" content=\"1000\" \/>\n\t<meta property=\"og:image:height\" content=\"1500\" \/>\n\t<meta property=\"og:image:type\" content=\"image\/jpeg\" \/>\n<meta name=\"twitter:card\" content=\"summary_large_image\" \/>\n<script type=\"application\/ld+json\" class=\"yoast-schema-graph\">{\"@context\":\"https:\/\/schema.org\",\"@graph\":[{\"@type\":\"WebPage\",\"@id\":\"https:\/\/sonjafellner.com\/?product=constanze\",\"url\":\"https:\/\/sonjafellner.com\/?product=constanze\",\"name\":\"Constanze &ndash; Sonja Fellner\",\"isPartOf\":{\"@id\":\"https:\/\/sonjafellner.com\/#website\"},\"datePublished\":\"2015-08-24T09:11:28+00:00\",\"dateModified\":\"2016-02-25T20:13:00+00:00\",\"breadcrumb\":{\"@id\":\"https:\/\/sonjafellner.com\/?product=constanze#breadcrumb\"},\"inLanguage\":\"en-US\",\"potentialAction\":[{\"@type\":\"ReadAction\",\"target\":[\"https:\/\/sonjafellner.com\/?product=constanze\"]}]},{\"@type\":\"BreadcrumbList\",\"@id\":\"https:\/\/sonjafellner.com\/?product=constanze#breadcrumb\",\"itemListElement\":[{\"@type\":\"ListItem\",\"position\":1,\"name\":\"Home\",\"item\":\"https:\/\/sonjafellner.com\/\"},{\"@type\":\"ListItem\",\"position\":2,\"name\":\"Shop\",\"item\":\"https:\/\/sonjafellner.com\/?page_id=14\"},{\"@type\":\"ListItem\",\"position\":3,\"name\":\"Constanze\"}]},{\"@type\":\"WebSite\",\"@id\":\"https:\/\/sonjafellner.com\/#website\",\"url\":\"https:\/\/sonjafellner.com\/\",\"name\":\"Sonja Fellner\",\"description\":\"Austria\",\"potentialAction\":[{\"@type\":\"SearchAction\",\"target\":{\"@type\":\"EntryPoint\",\"urlTemplate\":\"https:\/\/sonjafellner.com\/?s={search_term_string}\"},\"query-input\":\"required name=search_term_string\"}],\"inLanguage\":\"en-US\"}]}<\/script>\n<!-- \/ Yoast SEO plugin. -->","yoast_head_json":{"title":"Constanze &ndash; Sonja Fellner","robots":{"index":"index","follow":"follow","max-snippet":"max-snippet:-1","max-image-preview":"max-image-preview:large","max-video-preview":"max-video-preview:-1"},"canonical":"https:\/\/sonjafellner.com\/?product=constanze","og_locale":"en_US","og_type":"article","og_title":"Constanze &ndash; Sonja Fellner","og_description":"Extravagant zeigt sich dieses Dirndl f\u00fcr au\u00dfergew\u00f6hnlich festliche Anl\u00e4sse. Die eigene Schnittf\u00fchrung verleiht dem Dirndl eine besondere Optik. Die gute Passform verdankt das Dirndl dem Keileinsatz und der Einarbeitung von Miederst\u00e4bchen. Der Ausschnitt ist mit einer luxuri\u00f6sen Dachr\u00fcsche in Hand gearbeitet. Ebenso ist der Rock mit der Hand sechsreihig gestiftelt. Zus\u00e4tzlich ist der Rock mit Read More","og_url":"https:\/\/sonjafellner.com\/?product=constanze","og_site_name":"Sonja Fellner","article_modified_time":"2016-02-25T20:13:00+00:00","og_image":[{"width":1000,"height":1500,"url":"https:\/\/sonjafellner.com\/wp-content\/uploads\/2015\/12\/constanze.front_.vK_.1000x1500.jpg","type":"image\/jpeg"}],"twitter_card":"summary_large_image","schema":{"@context":"https:\/\/schema.org","@graph":[{"@type":"WebPage","@id":"https:\/\/sonjafellner.com\/?product=constanze","url":"https:\/\/sonjafellner.com\/?product=constanze","name":"Constanze &ndash; Sonja Fellner","isPartOf":{"@id":"https:\/\/sonjafellner.com\/#website"},"datePublished":"2015-08-24T09:11:28+00:00","dateModified":"2016-02-25T20:13:00+00:00","breadcrumb":{"@id":"https:\/\/sonjafellner.com\/?product=constanze#breadcrumb"},"inLanguage":"en-US","potentialAction":[{"@type":"ReadAction","target":["https:\/\/sonjafellner.com\/?product=constanze"]}]},{"@type":"BreadcrumbList","@id":"https:\/\/sonjafellner.com\/?product=constanze#breadcrumb","itemListElement":[{"@type":"ListItem","position":1,"name":"Home","item":"https:\/\/sonjafellner.com\/"},{"@type":"ListItem","position":2,"name":"Shop","item":"https:\/\/sonjafellner.com\/?page_id=14"},{"@type":"ListItem","position":3,"name":"Constanze"}]},{"@type":"WebSite","@id":"https:\/\/sonjafellner.com\/#website","url":"https:\/\/sonjafellner.com\/","name":"Sonja Fellner","description":"Austria","potentialAction":[{"@type":"SearchAction","target":{"@type":"EntryPoint","urlTemplate":"https:\/\/sonjafellner.com\/?s={search_term_string}"},"query-input":"required name=search_term_string"}],"inLanguage":"en-US"}]}},"_links":{"self":[{"href":"https:\/\/sonjafellner.com\/index.php?rest_route=\/wp\/v3\/product\/64"}],"collection":[{"href":"https:\/\/sonjafellner.com\/index.php?rest_route=\/wp\/v3\/product"}],"about":[{"href":"https:\/\/sonjafellner.com\/index.php?rest_route=\/wp\/v2\/types\/product"}],"replies":[{"embeddable":true,"href":"https:\/\/sonjafellner.com\/index.php?rest_route=%2Fwp%2Fv2%2Fcomments&post=64"}],"wp:featuredmedia":[{"embeddable":true,"href":"https:\/\/sonjafellner.com\/index.php?rest_route=\/wp\/v2\/media\/861"}],"wp:attachment":[{"href":"https:\/\/sonjafellner.com\/index.php?rest_route=%2Fwp%2Fv2%2Fmedia&parent=64"}],"wp:term":[{"taxonomy":"product_cat","embeddable":true,"href":"https:\/\/sonjafellner.com\/index.php?rest_route=%2Fwp%2Fv2%2Fproduct_cat&post=64"},{"taxonomy":"product_tag","embeddable":true,"href":"https:\/\/sonjafellner.com\/index.php?rest_route=%2Fwp%2Fv2%2Fproduct_tag&post=64"}],"curies":[{"name":"wp","href":"https:\/\/api.w.org\/{rel}","templated":true}]}}