{"id":639,"date":"2015-10-22T18:27:53","date_gmt":"2015-10-22T16:27:53","guid":{"rendered":"http:\/\/sonjafellner.com\/?post_type=product&#038;p=639"},"modified":"2015-11-07T14:45:40","modified_gmt":"2015-11-07T13:45:40","slug":"christina","status":"publish","type":"product","link":"https:\/\/sonjafellner.com\/?product=christina","title":{"rendered":"Christina"},"content":{"rendered":"<p>Das Modell \u201eChristina\u201c ist ein extravagantes Corsagendirndl.\u00a0 Es sticht sowohl durch seine Form, wie auch durch die Farbwahl ins Auge. Der Seiden-Jacquard mit t\u00fcrkis-goldenem Muster wirkt k\u00f6niglich. Das Dirndlmieder sorgt mit perfekter Passform, Samtb\u00e4ndern und Borten f\u00fcr Furore. Die Puff\u00e4rmel setzen die aufwendige Verarbeitung mit goldenen Samtb\u00e4ndern fort. Dazu passt die unifarbene Sch\u00fcrze in Gold. Dieses Dirndl garantiert aber auch ohne Sch\u00fcrze einen unvergesslichen Auftritt.<\/p>\n","protected":false},"excerpt":{"rendered":"<p>Das Modell \u201eChristina\u201c ist ein extravagantes Corsagendirndl.\u00a0 Es sticht sowohl durch seine Form, wie auch durch die Farbwahl ins Auge. Der Seiden-Jacquard mit t\u00fcrkis-goldenem Muster wirkt k\u00f6niglich. Das Dirndlmieder sorgt mit perfekter Passform, Samtb\u00e4ndern und Borten f\u00fcr Furore. Die Puff\u00e4rmel setzen die aufwendige Verarbeitung mit goldenen Samtb\u00e4ndern fort. Dazu passt die unifarbene Sch\u00fcrze in Gold.<br class=\"read-more-spacer\"> <a class=\"more-link clearfix\" href=\"https:\/\/sonjafellner.com\/?product=christina\">Read More<\/a><\/p>\n","protected":false},"featured_media":695,"comment_status":"closed","ping_status":"closed","template":"","meta":[],"product_cat":[6,7],"product_tag":[],"yoast_head":"<!-- This site is optimized with the Yoast SEO plugin v20.11 - https:\/\/yoast.com\/wordpress\/plugins\/seo\/ -->\n<title>Christina &ndash; Sonja Fellner<\/title>\n<meta name=\"robots\" content=\"index, follow, max-snippet:-1, max-image-preview:large, max-video-preview:-1\" \/>\n<link rel=\"canonical\" href=\"https:\/\/sonjafellner.com\/?product=christina\" \/>\n<meta property=\"og:locale\" content=\"en_US\" \/>\n<meta property=\"og:type\" content=\"article\" \/>\n<meta property=\"og:title\" content=\"Christina &ndash; Sonja Fellner\" \/>\n<meta property=\"og:description\" content=\"Das Modell \u201eChristina\u201c ist ein extravagantes Corsagendirndl.\u00a0 Es sticht sowohl durch seine Form, wie auch durch die Farbwahl ins Auge. Der Seiden-Jacquard mit t\u00fcrkis-goldenem Muster wirkt k\u00f6niglich. Das Dirndlmieder sorgt mit perfekter Passform, Samtb\u00e4ndern und Borten f\u00fcr Furore. Die Puff\u00e4rmel setzen die aufwendige Verarbeitung mit goldenen Samtb\u00e4ndern fort. Dazu passt die unifarbene Sch\u00fcrze in Gold. Read More\" \/>\n<meta property=\"og:url\" content=\"https:\/\/sonjafellner.com\/?product=christina\" \/>\n<meta property=\"og:site_name\" content=\"Sonja Fellner\" \/>\n<meta property=\"article:modified_time\" content=\"2015-11-07T13:45:40+00:00\" \/>\n<meta property=\"og:image\" content=\"https:\/\/sonjafellner.com\/wp-content\/uploads\/2015\/11\/christina.front_.weiss_.jpg\" \/>\n\t<meta property=\"og:image:width\" content=\"1000\" \/>\n\t<meta property=\"og:image:height\" content=\"1500\" \/>\n\t<meta property=\"og:image:type\" content=\"image\/jpeg\" \/>\n<meta name=\"twitter:card\" content=\"summary_large_image\" \/>\n<script type=\"application\/ld+json\" class=\"yoast-schema-graph\">{\"@context\":\"https:\/\/schema.org\",\"@graph\":[{\"@type\":\"WebPage\",\"@id\":\"https:\/\/sonjafellner.com\/?product=christina\",\"url\":\"https:\/\/sonjafellner.com\/?product=christina\",\"name\":\"Christina &ndash; Sonja Fellner\",\"isPartOf\":{\"@id\":\"https:\/\/sonjafellner.com\/#website\"},\"datePublished\":\"2015-10-22T16:27:53+00:00\",\"dateModified\":\"2015-11-07T13:45:40+00:00\",\"breadcrumb\":{\"@id\":\"https:\/\/sonjafellner.com\/?product=christina#breadcrumb\"},\"inLanguage\":\"en-US\",\"potentialAction\":[{\"@type\":\"ReadAction\",\"target\":[\"https:\/\/sonjafellner.com\/?product=christina\"]}]},{\"@type\":\"BreadcrumbList\",\"@id\":\"https:\/\/sonjafellner.com\/?product=christina#breadcrumb\",\"itemListElement\":[{\"@type\":\"ListItem\",\"position\":1,\"name\":\"Home\",\"item\":\"https:\/\/sonjafellner.com\/\"},{\"@type\":\"ListItem\",\"position\":2,\"name\":\"Shop\",\"item\":\"https:\/\/sonjafellner.com\/?page_id=14\"},{\"@type\":\"ListItem\",\"position\":3,\"name\":\"Christina\"}]},{\"@type\":\"WebSite\",\"@id\":\"https:\/\/sonjafellner.com\/#website\",\"url\":\"https:\/\/sonjafellner.com\/\",\"name\":\"Sonja Fellner\",\"description\":\"Austria\",\"potentialAction\":[{\"@type\":\"SearchAction\",\"target\":{\"@type\":\"EntryPoint\",\"urlTemplate\":\"https:\/\/sonjafellner.com\/?s={search_term_string}\"},\"query-input\":\"required name=search_term_string\"}],\"inLanguage\":\"en-US\"}]}<\/script>\n<!-- \/ Yoast SEO plugin. -->","yoast_head_json":{"title":"Christina &ndash; Sonja Fellner","robots":{"index":"index","follow":"follow","max-snippet":"max-snippet:-1","max-image-preview":"max-image-preview:large","max-video-preview":"max-video-preview:-1"},"canonical":"https:\/\/sonjafellner.com\/?product=christina","og_locale":"en_US","og_type":"article","og_title":"Christina &ndash; Sonja Fellner","og_description":"Das Modell \u201eChristina\u201c ist ein extravagantes Corsagendirndl.\u00a0 Es sticht sowohl durch seine Form, wie auch durch die Farbwahl ins Auge. Der Seiden-Jacquard mit t\u00fcrkis-goldenem Muster wirkt k\u00f6niglich. Das Dirndlmieder sorgt mit perfekter Passform, Samtb\u00e4ndern und Borten f\u00fcr Furore. Die Puff\u00e4rmel setzen die aufwendige Verarbeitung mit goldenen Samtb\u00e4ndern fort. Dazu passt die unifarbene Sch\u00fcrze in Gold. Read More","og_url":"https:\/\/sonjafellner.com\/?product=christina","og_site_name":"Sonja Fellner","article_modified_time":"2015-11-07T13:45:40+00:00","og_image":[{"width":1000,"height":1500,"url":"https:\/\/sonjafellner.com\/wp-content\/uploads\/2015\/11\/christina.front_.weiss_.jpg","type":"image\/jpeg"}],"twitter_card":"summary_large_image","schema":{"@context":"https:\/\/schema.org","@graph":[{"@type":"WebPage","@id":"https:\/\/sonjafellner.com\/?product=christina","url":"https:\/\/sonjafellner.com\/?product=christina","name":"Christina &ndash; Sonja Fellner","isPartOf":{"@id":"https:\/\/sonjafellner.com\/#website"},"datePublished":"2015-10-22T16:27:53+00:00","dateModified":"2015-11-07T13:45:40+00:00","breadcrumb":{"@id":"https:\/\/sonjafellner.com\/?product=christina#breadcrumb"},"inLanguage":"en-US","potentialAction":[{"@type":"ReadAction","target":["https:\/\/sonjafellner.com\/?product=christina"]}]},{"@type":"BreadcrumbList","@id":"https:\/\/sonjafellner.com\/?product=christina#breadcrumb","itemListElement":[{"@type":"ListItem","position":1,"name":"Home","item":"https:\/\/sonjafellner.com\/"},{"@type":"ListItem","position":2,"name":"Shop","item":"https:\/\/sonjafellner.com\/?page_id=14"},{"@type":"ListItem","position":3,"name":"Christina"}]},{"@type":"WebSite","@id":"https:\/\/sonjafellner.com\/#website","url":"https:\/\/sonjafellner.com\/","name":"Sonja Fellner","description":"Austria","potentialAction":[{"@type":"SearchAction","target":{"@type":"EntryPoint","urlTemplate":"https:\/\/sonjafellner.com\/?s={search_term_string}"},"query-input":"required name=search_term_string"}],"inLanguage":"en-US"}]}},"_links":{"self":[{"href":"https:\/\/sonjafellner.com\/index.php?rest_route=\/wp\/v3\/product\/639"}],"collection":[{"href":"https:\/\/sonjafellner.com\/index.php?rest_route=\/wp\/v3\/product"}],"about":[{"href":"https:\/\/sonjafellner.com\/index.php?rest_route=\/wp\/v2\/types\/product"}],"replies":[{"embeddable":true,"href":"https:\/\/sonjafellner.com\/index.php?rest_route=%2Fwp%2Fv2%2Fcomments&post=639"}],"wp:featuredmedia":[{"embeddable":true,"href":"https:\/\/sonjafellner.com\/index.php?rest_route=\/wp\/v2\/media\/695"}],"wp:attachment":[{"href":"https:\/\/sonjafellner.com\/index.php?rest_route=%2Fwp%2Fv2%2Fmedia&parent=639"}],"wp:term":[{"taxonomy":"product_cat","embeddable":true,"href":"https:\/\/sonjafellner.com\/index.php?rest_route=%2Fwp%2Fv2%2Fproduct_cat&post=639"},{"taxonomy":"product_tag","embeddable":true,"href":"https:\/\/sonjafellner.com\/index.php?rest_route=%2Fwp%2Fv2%2Fproduct_tag&post=639"}],"curies":[{"name":"wp","href":"https:\/\/api.w.org\/{rel}","templated":true}]}}