{"id":29,"date":"2015-08-19T14:52:16","date_gmt":"2015-08-19T12:52:16","guid":{"rendered":"http:\/\/sonjafellner.com\/?post_type=product&#038;p=29"},"modified":"2019-09-10T21:19:30","modified_gmt":"2019-09-10T19:19:30","slug":"carla","status":"publish","type":"product","link":"https:\/\/sonjafellner.com\/?product=carla","title":{"rendered":"Carla"},"content":{"rendered":"<p>Ein wundersch\u00f6ner Rosendruck ziert das Dirndl \u201cCarla\u201d. Sch\u00f6ne Details wie eine luxuri\u00f6sen Borte mit aufgen\u00e4hten Perlen und feiner Spitze am Ausschnitt und die aufwendig, handgemachte Sch\u00fcrze mit Smokarbeit aus reiner Seide, machen dieses Dirndl zum wahren Hingucker. Der Rock ist ebenso mit der Hand in sechs Reihen gestiftelt. Das Miederteil wird vorne mit Miederhaken geschlossen.<\/p>\n","protected":false},"excerpt":{"rendered":"<p>Ein wundersch\u00f6ner Rosendruck ziert das Dirndl \u201cCarla\u201d. Sch\u00f6ne Details wie eine luxuri\u00f6sen Borte mit aufgen\u00e4hten Perlen und feiner Spitze am Ausschnitt und die aufwendig, handgemachte Sch\u00fcrze mit Smokarbeit aus reiner Seide, machen dieses Dirndl zum wahren Hingucker. Der Rock ist ebenso mit der Hand in sechs Reihen gestiftelt. Das Miederteil wird vorne mit Miederhaken geschlossen.<\/p>\n","protected":false},"featured_media":692,"comment_status":"open","ping_status":"closed","template":"","meta":[],"product_cat":[6,7,114],"product_tag":[],"yoast_head":"<!-- This site is optimized with the Yoast SEO plugin v20.11 - https:\/\/yoast.com\/wordpress\/plugins\/seo\/ -->\n<title>Carla &ndash; Sonja Fellner<\/title>\n<meta name=\"robots\" content=\"index, follow, max-snippet:-1, max-image-preview:large, max-video-preview:-1\" \/>\n<link rel=\"canonical\" href=\"https:\/\/sonjafellner.com\/?product=carla\" \/>\n<meta property=\"og:locale\" content=\"en_US\" \/>\n<meta property=\"og:type\" content=\"article\" \/>\n<meta property=\"og:title\" content=\"Carla &ndash; Sonja Fellner\" \/>\n<meta property=\"og:description\" content=\"Ein wundersch\u00f6ner Rosendruck ziert das Dirndl \u201cCarla\u201d. Sch\u00f6ne Details wie eine luxuri\u00f6sen Borte mit aufgen\u00e4hten Perlen und feiner Spitze am Ausschnitt und die aufwendig, handgemachte Sch\u00fcrze mit Smokarbeit aus reiner Seide, machen dieses Dirndl zum wahren Hingucker. Der Rock ist ebenso mit der Hand in sechs Reihen gestiftelt. Das Miederteil wird vorne mit Miederhaken geschlossen.\" \/>\n<meta property=\"og:url\" content=\"https:\/\/sonjafellner.com\/?product=carla\" \/>\n<meta property=\"og:site_name\" content=\"Sonja Fellner\" \/>\n<meta property=\"article:modified_time\" content=\"2019-09-10T19:19:30+00:00\" \/>\n<meta property=\"og:image\" content=\"https:\/\/sonjafellner.com\/wp-content\/uploads\/2015\/11\/carla.front_.weiss_.jpg\" \/>\n\t<meta property=\"og:image:width\" content=\"1000\" \/>\n\t<meta property=\"og:image:height\" content=\"1500\" \/>\n\t<meta property=\"og:image:type\" content=\"image\/jpeg\" \/>\n<meta name=\"twitter:card\" content=\"summary_large_image\" \/>\n<script type=\"application\/ld+json\" class=\"yoast-schema-graph\">{\"@context\":\"https:\/\/schema.org\",\"@graph\":[{\"@type\":\"WebPage\",\"@id\":\"https:\/\/sonjafellner.com\/?product=carla\",\"url\":\"https:\/\/sonjafellner.com\/?product=carla\",\"name\":\"Carla &ndash; Sonja Fellner\",\"isPartOf\":{\"@id\":\"https:\/\/sonjafellner.com\/#website\"},\"datePublished\":\"2015-08-19T12:52:16+00:00\",\"dateModified\":\"2019-09-10T19:19:30+00:00\",\"breadcrumb\":{\"@id\":\"https:\/\/sonjafellner.com\/?product=carla#breadcrumb\"},\"inLanguage\":\"en-US\",\"potentialAction\":[{\"@type\":\"ReadAction\",\"target\":[\"https:\/\/sonjafellner.com\/?product=carla\"]}]},{\"@type\":\"BreadcrumbList\",\"@id\":\"https:\/\/sonjafellner.com\/?product=carla#breadcrumb\",\"itemListElement\":[{\"@type\":\"ListItem\",\"position\":1,\"name\":\"Home\",\"item\":\"https:\/\/sonjafellner.com\/\"},{\"@type\":\"ListItem\",\"position\":2,\"name\":\"Shop\",\"item\":\"https:\/\/sonjafellner.com\/?page_id=14\"},{\"@type\":\"ListItem\",\"position\":3,\"name\":\"Carla\"}]},{\"@type\":\"WebSite\",\"@id\":\"https:\/\/sonjafellner.com\/#website\",\"url\":\"https:\/\/sonjafellner.com\/\",\"name\":\"Sonja Fellner\",\"description\":\"Austria\",\"potentialAction\":[{\"@type\":\"SearchAction\",\"target\":{\"@type\":\"EntryPoint\",\"urlTemplate\":\"https:\/\/sonjafellner.com\/?s={search_term_string}\"},\"query-input\":\"required name=search_term_string\"}],\"inLanguage\":\"en-US\"}]}<\/script>\n<!-- \/ Yoast SEO plugin. -->","yoast_head_json":{"title":"Carla &ndash; Sonja Fellner","robots":{"index":"index","follow":"follow","max-snippet":"max-snippet:-1","max-image-preview":"max-image-preview:large","max-video-preview":"max-video-preview:-1"},"canonical":"https:\/\/sonjafellner.com\/?product=carla","og_locale":"en_US","og_type":"article","og_title":"Carla &ndash; Sonja Fellner","og_description":"Ein wundersch\u00f6ner Rosendruck ziert das Dirndl \u201cCarla\u201d. Sch\u00f6ne Details wie eine luxuri\u00f6sen Borte mit aufgen\u00e4hten Perlen und feiner Spitze am Ausschnitt und die aufwendig, handgemachte Sch\u00fcrze mit Smokarbeit aus reiner Seide, machen dieses Dirndl zum wahren Hingucker. Der Rock ist ebenso mit der Hand in sechs Reihen gestiftelt. Das Miederteil wird vorne mit Miederhaken geschlossen.","og_url":"https:\/\/sonjafellner.com\/?product=carla","og_site_name":"Sonja Fellner","article_modified_time":"2019-09-10T19:19:30+00:00","og_image":[{"width":1000,"height":1500,"url":"https:\/\/sonjafellner.com\/wp-content\/uploads\/2015\/11\/carla.front_.weiss_.jpg","type":"image\/jpeg"}],"twitter_card":"summary_large_image","schema":{"@context":"https:\/\/schema.org","@graph":[{"@type":"WebPage","@id":"https:\/\/sonjafellner.com\/?product=carla","url":"https:\/\/sonjafellner.com\/?product=carla","name":"Carla &ndash; Sonja Fellner","isPartOf":{"@id":"https:\/\/sonjafellner.com\/#website"},"datePublished":"2015-08-19T12:52:16+00:00","dateModified":"2019-09-10T19:19:30+00:00","breadcrumb":{"@id":"https:\/\/sonjafellner.com\/?product=carla#breadcrumb"},"inLanguage":"en-US","potentialAction":[{"@type":"ReadAction","target":["https:\/\/sonjafellner.com\/?product=carla"]}]},{"@type":"BreadcrumbList","@id":"https:\/\/sonjafellner.com\/?product=carla#breadcrumb","itemListElement":[{"@type":"ListItem","position":1,"name":"Home","item":"https:\/\/sonjafellner.com\/"},{"@type":"ListItem","position":2,"name":"Shop","item":"https:\/\/sonjafellner.com\/?page_id=14"},{"@type":"ListItem","position":3,"name":"Carla"}]},{"@type":"WebSite","@id":"https:\/\/sonjafellner.com\/#website","url":"https:\/\/sonjafellner.com\/","name":"Sonja Fellner","description":"Austria","potentialAction":[{"@type":"SearchAction","target":{"@type":"EntryPoint","urlTemplate":"https:\/\/sonjafellner.com\/?s={search_term_string}"},"query-input":"required name=search_term_string"}],"inLanguage":"en-US"}]}},"_links":{"self":[{"href":"https:\/\/sonjafellner.com\/index.php?rest_route=\/wp\/v3\/product\/29"}],"collection":[{"href":"https:\/\/sonjafellner.com\/index.php?rest_route=\/wp\/v3\/product"}],"about":[{"href":"https:\/\/sonjafellner.com\/index.php?rest_route=\/wp\/v2\/types\/product"}],"replies":[{"embeddable":true,"href":"https:\/\/sonjafellner.com\/index.php?rest_route=%2Fwp%2Fv2%2Fcomments&post=29"}],"wp:featuredmedia":[{"embeddable":true,"href":"https:\/\/sonjafellner.com\/index.php?rest_route=\/wp\/v2\/media\/692"}],"wp:attachment":[{"href":"https:\/\/sonjafellner.com\/index.php?rest_route=%2Fwp%2Fv2%2Fmedia&parent=29"}],"wp:term":[{"taxonomy":"product_cat","embeddable":true,"href":"https:\/\/sonjafellner.com\/index.php?rest_route=%2Fwp%2Fv2%2Fproduct_cat&post=29"},{"taxonomy":"product_tag","embeddable":true,"href":"https:\/\/sonjafellner.com\/index.php?rest_route=%2Fwp%2Fv2%2Fproduct_tag&post=29"}],"curies":[{"name":"wp","href":"https:\/\/api.w.org\/{rel}","templated":true}]}}