{"id":162,"date":"2015-08-26T15:52:21","date_gmt":"2015-08-26T13:52:21","guid":{"rendered":"http:\/\/sonjafellner.com\/produkt\/carry\/"},"modified":"2015-11-22T22:19:16","modified_gmt":"2015-11-22T21:19:16","slug":"carry","status":"publish","type":"product","link":"https:\/\/sonjafellner.com\/?product=carry","title":{"rendered":"Carry"},"content":{"rendered":"<div class=\"dsc\">\n<div class=\"dsc\">\n<div class=\"dsc\">\n<div class=\"dsc\">\n<div class=\"dsc\">\n<div class=\"dsc\">\n<div class=\"dsc\">\n<div class=\"dsc\">\n<div class=\"dsc\">\n<div class=\"dsc\">\n<div class=\"dsc\">\n<div class=\"dsc\">\n<div class=\"dsc\">\u201cCarry\u201d ist ein extravagantes Kleid aus Samt. Am Vorderteil sind Miederst\u00e4bchen eingearbeitet und verleihen dem Kleid eine besonders gute Passform. Der Ausschnitt und die Puff\u00e4rmel bestehen aus einer feinen, franz\u00f6sischen Spitze. Das Kleid ist am R\u00fcckenteil mit einen Zipp zu schlie\u00dfen.<\/div>\n<\/div>\n<\/div>\n<\/div>\n<\/div>\n<\/div>\n<\/div>\n<\/div>\n<\/div>\n<\/div>\n<\/div>\n<\/div>\n<\/div>\n","protected":false},"excerpt":{"rendered":"<p>\u201cCarry\u201d ist ein extravagantes Kleid aus Samt. Am Vorderteil sind Miederst\u00e4bchen eingearbeitet und verleihen dem Kleid eine besonders gute Passform. Der Ausschnitt und die Puff\u00e4rmel bestehen aus einer feinen, franz\u00f6sischen Spitze. Das Kleid ist am R\u00fcckenteil mit einen Zipp zu schlie\u00dfen.<\/p>\n","protected":false},"featured_media":693,"comment_status":"open","ping_status":"closed","template":"","meta":[],"product_cat":[115,25],"product_tag":[35,36,34],"yoast_head":"<!-- This site is optimized with the Yoast SEO plugin v20.11 - https:\/\/yoast.com\/wordpress\/plugins\/seo\/ -->\n<title>Carry &ndash; Sonja Fellner<\/title>\n<meta name=\"robots\" content=\"index, follow, max-snippet:-1, max-image-preview:large, max-video-preview:-1\" \/>\n<link rel=\"canonical\" href=\"https:\/\/sonjafellner.com\/?product=carry\" \/>\n<meta property=\"og:locale\" content=\"en_US\" \/>\n<meta property=\"og:type\" content=\"article\" \/>\n<meta property=\"og:title\" content=\"Carry &ndash; Sonja Fellner\" \/>\n<meta property=\"og:description\" content=\"\u201cCarry\u201d ist ein extravagantes Kleid aus Samt. Am Vorderteil sind Miederst\u00e4bchen eingearbeitet und verleihen dem Kleid eine besonders gute Passform. Der Ausschnitt und die Puff\u00e4rmel bestehen aus einer feinen, franz\u00f6sischen Spitze. Das Kleid ist am R\u00fcckenteil mit einen Zipp zu schlie\u00dfen.\" \/>\n<meta property=\"og:url\" content=\"https:\/\/sonjafellner.com\/?product=carry\" \/>\n<meta property=\"og:site_name\" content=\"Sonja Fellner\" \/>\n<meta property=\"article:modified_time\" content=\"2015-11-22T21:19:16+00:00\" \/>\n<meta property=\"og:image\" content=\"https:\/\/sonjafellner.com\/wp-content\/uploads\/2015\/11\/carry.front_.weiss_.jpg\" \/>\n\t<meta property=\"og:image:width\" content=\"1000\" \/>\n\t<meta property=\"og:image:height\" content=\"1500\" \/>\n\t<meta property=\"og:image:type\" content=\"image\/jpeg\" \/>\n<meta name=\"twitter:card\" content=\"summary_large_image\" \/>\n<script type=\"application\/ld+json\" class=\"yoast-schema-graph\">{\"@context\":\"https:\/\/schema.org\",\"@graph\":[{\"@type\":\"WebPage\",\"@id\":\"https:\/\/sonjafellner.com\/?product=carry\",\"url\":\"https:\/\/sonjafellner.com\/?product=carry\",\"name\":\"Carry &ndash; Sonja Fellner\",\"isPartOf\":{\"@id\":\"https:\/\/sonjafellner.com\/#website\"},\"datePublished\":\"2015-08-26T13:52:21+00:00\",\"dateModified\":\"2015-11-22T21:19:16+00:00\",\"breadcrumb\":{\"@id\":\"https:\/\/sonjafellner.com\/?product=carry#breadcrumb\"},\"inLanguage\":\"en-US\",\"potentialAction\":[{\"@type\":\"ReadAction\",\"target\":[\"https:\/\/sonjafellner.com\/?product=carry\"]}]},{\"@type\":\"BreadcrumbList\",\"@id\":\"https:\/\/sonjafellner.com\/?product=carry#breadcrumb\",\"itemListElement\":[{\"@type\":\"ListItem\",\"position\":1,\"name\":\"Home\",\"item\":\"https:\/\/sonjafellner.com\/\"},{\"@type\":\"ListItem\",\"position\":2,\"name\":\"Shop\",\"item\":\"https:\/\/sonjafellner.com\/?page_id=14\"},{\"@type\":\"ListItem\",\"position\":3,\"name\":\"Carry\"}]},{\"@type\":\"WebSite\",\"@id\":\"https:\/\/sonjafellner.com\/#website\",\"url\":\"https:\/\/sonjafellner.com\/\",\"name\":\"Sonja Fellner\",\"description\":\"Austria\",\"potentialAction\":[{\"@type\":\"SearchAction\",\"target\":{\"@type\":\"EntryPoint\",\"urlTemplate\":\"https:\/\/sonjafellner.com\/?s={search_term_string}\"},\"query-input\":\"required name=search_term_string\"}],\"inLanguage\":\"en-US\"}]}<\/script>\n<!-- \/ Yoast SEO plugin. -->","yoast_head_json":{"title":"Carry &ndash; Sonja Fellner","robots":{"index":"index","follow":"follow","max-snippet":"max-snippet:-1","max-image-preview":"max-image-preview:large","max-video-preview":"max-video-preview:-1"},"canonical":"https:\/\/sonjafellner.com\/?product=carry","og_locale":"en_US","og_type":"article","og_title":"Carry &ndash; Sonja Fellner","og_description":"\u201cCarry\u201d ist ein extravagantes Kleid aus Samt. Am Vorderteil sind Miederst\u00e4bchen eingearbeitet und verleihen dem Kleid eine besonders gute Passform. Der Ausschnitt und die Puff\u00e4rmel bestehen aus einer feinen, franz\u00f6sischen Spitze. Das Kleid ist am R\u00fcckenteil mit einen Zipp zu schlie\u00dfen.","og_url":"https:\/\/sonjafellner.com\/?product=carry","og_site_name":"Sonja Fellner","article_modified_time":"2015-11-22T21:19:16+00:00","og_image":[{"width":1000,"height":1500,"url":"https:\/\/sonjafellner.com\/wp-content\/uploads\/2015\/11\/carry.front_.weiss_.jpg","type":"image\/jpeg"}],"twitter_card":"summary_large_image","schema":{"@context":"https:\/\/schema.org","@graph":[{"@type":"WebPage","@id":"https:\/\/sonjafellner.com\/?product=carry","url":"https:\/\/sonjafellner.com\/?product=carry","name":"Carry &ndash; Sonja Fellner","isPartOf":{"@id":"https:\/\/sonjafellner.com\/#website"},"datePublished":"2015-08-26T13:52:21+00:00","dateModified":"2015-11-22T21:19:16+00:00","breadcrumb":{"@id":"https:\/\/sonjafellner.com\/?product=carry#breadcrumb"},"inLanguage":"en-US","potentialAction":[{"@type":"ReadAction","target":["https:\/\/sonjafellner.com\/?product=carry"]}]},{"@type":"BreadcrumbList","@id":"https:\/\/sonjafellner.com\/?product=carry#breadcrumb","itemListElement":[{"@type":"ListItem","position":1,"name":"Home","item":"https:\/\/sonjafellner.com\/"},{"@type":"ListItem","position":2,"name":"Shop","item":"https:\/\/sonjafellner.com\/?page_id=14"},{"@type":"ListItem","position":3,"name":"Carry"}]},{"@type":"WebSite","@id":"https:\/\/sonjafellner.com\/#website","url":"https:\/\/sonjafellner.com\/","name":"Sonja Fellner","description":"Austria","potentialAction":[{"@type":"SearchAction","target":{"@type":"EntryPoint","urlTemplate":"https:\/\/sonjafellner.com\/?s={search_term_string}"},"query-input":"required name=search_term_string"}],"inLanguage":"en-US"}]}},"_links":{"self":[{"href":"https:\/\/sonjafellner.com\/index.php?rest_route=\/wp\/v3\/product\/162"}],"collection":[{"href":"https:\/\/sonjafellner.com\/index.php?rest_route=\/wp\/v3\/product"}],"about":[{"href":"https:\/\/sonjafellner.com\/index.php?rest_route=\/wp\/v2\/types\/product"}],"replies":[{"embeddable":true,"href":"https:\/\/sonjafellner.com\/index.php?rest_route=%2Fwp%2Fv2%2Fcomments&post=162"}],"wp:featuredmedia":[{"embeddable":true,"href":"https:\/\/sonjafellner.com\/index.php?rest_route=\/wp\/v2\/media\/693"}],"wp:attachment":[{"href":"https:\/\/sonjafellner.com\/index.php?rest_route=%2Fwp%2Fv2%2Fmedia&parent=162"}],"wp:term":[{"taxonomy":"product_cat","embeddable":true,"href":"https:\/\/sonjafellner.com\/index.php?rest_route=%2Fwp%2Fv2%2Fproduct_cat&post=162"},{"taxonomy":"product_tag","embeddable":true,"href":"https:\/\/sonjafellner.com\/index.php?rest_route=%2Fwp%2Fv2%2Fproduct_tag&post=162"}],"curies":[{"name":"wp","href":"https:\/\/api.w.org\/{rel}","templated":true}]}}