{"id":158,"date":"2015-08-26T15:43:58","date_gmt":"2015-08-26T13:43:58","guid":{"rendered":"http:\/\/sonjafellner.com\/produkt\/candy\/"},"modified":"2015-09-12T17:04:05","modified_gmt":"2015-09-12T15:04:05","slug":"candy","status":"publish","type":"product","link":"https:\/\/sonjafellner.com\/?product=candy","title":{"rendered":"Candy"},"content":{"rendered":"<div class=\"dsc\">\n<div class=\"dsc\">\n<div class=\"dsc\">\n<div class=\"dsc\">\n<div class=\"dsc\">\n<div class=\"dsc\">\n<div class=\"dsc\">\n<div class=\"dsc\">\n<div class=\"dsc\">\n<div class=\"dsc\">\n<div class=\"dsc\">\n<div class=\"dsc\">\n<div class=\"dsc\">\n<p>Das aufwendig verarbeitete Korsett mit Miederst\u00e4bchen ist am Abschluss mit einer feinen franz\u00f6sischen Spitze verziert. Vorne ist das Korsett mit Metallhaken zu schlie\u00dfen. Den dazupassenden Rock in Falten gelegt ziert in der L\u00e4nge eine sch\u00f6ne gewebte, feine Borte. Unter dem Rock ist ein mehrlagiger Petticoat angen\u00e4ht, der ein paar Zentimeter hervorblitzt.<\/p>\n<p>Der angegebene Preis umfasst das Korsett und den Rock.<\/p>\n<\/div>\n<\/div>\n<\/div>\n<\/div>\n<\/div>\n<\/div>\n<\/div>\n<\/div>\n<\/div>\n<\/div>\n<\/div>\n<\/div>\n<\/div>\n","protected":false},"excerpt":{"rendered":"<p>Das aufwendig verarbeitete Korsett mit Miederst\u00e4bchen ist am Abschluss mit einer feinen franz\u00f6sischen Spitze verziert. Vorne ist das Korsett mit Metallhaken zu schlie\u00dfen. Den dazupassenden Rock in Falten gelegt ziert in der L\u00e4nge eine sch\u00f6ne gewebte, feine Borte. Unter dem Rock ist ein mehrlagiger Petticoat angen\u00e4ht, der ein paar Zentimeter hervorblitzt. Der angegebene Preis umfasst<br class=\"read-more-spacer\"> <a class=\"more-link clearfix\" href=\"https:\/\/sonjafellner.com\/?product=candy\">Read More<\/a><\/p>\n","protected":false},"featured_media":431,"comment_status":"open","ping_status":"closed","template":"","meta":[],"product_cat":[23],"product_tag":[],"yoast_head":"<!-- This site is optimized with the Yoast SEO plugin v20.11 - https:\/\/yoast.com\/wordpress\/plugins\/seo\/ -->\n<title>Candy &ndash; Sonja Fellner<\/title>\n<meta name=\"robots\" content=\"index, follow, max-snippet:-1, max-image-preview:large, max-video-preview:-1\" \/>\n<link rel=\"canonical\" href=\"https:\/\/sonjafellner.com\/?product=candy\" \/>\n<meta property=\"og:locale\" content=\"en_US\" \/>\n<meta property=\"og:type\" content=\"article\" \/>\n<meta property=\"og:title\" content=\"Candy &ndash; Sonja Fellner\" \/>\n<meta property=\"og:description\" content=\"Das aufwendig verarbeitete Korsett mit Miederst\u00e4bchen ist am Abschluss mit einer feinen franz\u00f6sischen Spitze verziert. Vorne ist das Korsett mit Metallhaken zu schlie\u00dfen. Den dazupassenden Rock in Falten gelegt ziert in der L\u00e4nge eine sch\u00f6ne gewebte, feine Borte. Unter dem Rock ist ein mehrlagiger Petticoat angen\u00e4ht, der ein paar Zentimeter hervorblitzt. Der angegebene Preis umfasst Read More\" \/>\n<meta property=\"og:url\" content=\"https:\/\/sonjafellner.com\/?product=candy\" \/>\n<meta property=\"og:site_name\" content=\"Sonja Fellner\" \/>\n<meta property=\"article:modified_time\" content=\"2015-09-12T15:04:05+00:00\" \/>\n<meta property=\"og:image\" content=\"https:\/\/sonjafellner.com\/wp-content\/uploads\/2015\/09\/candy.front_.jpg\" \/>\n\t<meta property=\"og:image:width\" content=\"1000\" \/>\n\t<meta property=\"og:image:height\" content=\"1500\" \/>\n\t<meta property=\"og:image:type\" content=\"image\/jpeg\" \/>\n<meta name=\"twitter:card\" content=\"summary_large_image\" \/>\n<script type=\"application\/ld+json\" class=\"yoast-schema-graph\">{\"@context\":\"https:\/\/schema.org\",\"@graph\":[{\"@type\":\"WebPage\",\"@id\":\"https:\/\/sonjafellner.com\/?product=candy\",\"url\":\"https:\/\/sonjafellner.com\/?product=candy\",\"name\":\"Candy &ndash; Sonja Fellner\",\"isPartOf\":{\"@id\":\"https:\/\/sonjafellner.com\/#website\"},\"datePublished\":\"2015-08-26T13:43:58+00:00\",\"dateModified\":\"2015-09-12T15:04:05+00:00\",\"breadcrumb\":{\"@id\":\"https:\/\/sonjafellner.com\/?product=candy#breadcrumb\"},\"inLanguage\":\"en-US\",\"potentialAction\":[{\"@type\":\"ReadAction\",\"target\":[\"https:\/\/sonjafellner.com\/?product=candy\"]}]},{\"@type\":\"BreadcrumbList\",\"@id\":\"https:\/\/sonjafellner.com\/?product=candy#breadcrumb\",\"itemListElement\":[{\"@type\":\"ListItem\",\"position\":1,\"name\":\"Home\",\"item\":\"https:\/\/sonjafellner.com\/\"},{\"@type\":\"ListItem\",\"position\":2,\"name\":\"Shop\",\"item\":\"https:\/\/sonjafellner.com\/?page_id=14\"},{\"@type\":\"ListItem\",\"position\":3,\"name\":\"Candy\"}]},{\"@type\":\"WebSite\",\"@id\":\"https:\/\/sonjafellner.com\/#website\",\"url\":\"https:\/\/sonjafellner.com\/\",\"name\":\"Sonja Fellner\",\"description\":\"Austria\",\"potentialAction\":[{\"@type\":\"SearchAction\",\"target\":{\"@type\":\"EntryPoint\",\"urlTemplate\":\"https:\/\/sonjafellner.com\/?s={search_term_string}\"},\"query-input\":\"required name=search_term_string\"}],\"inLanguage\":\"en-US\"}]}<\/script>\n<!-- \/ Yoast SEO plugin. -->","yoast_head_json":{"title":"Candy &ndash; Sonja Fellner","robots":{"index":"index","follow":"follow","max-snippet":"max-snippet:-1","max-image-preview":"max-image-preview:large","max-video-preview":"max-video-preview:-1"},"canonical":"https:\/\/sonjafellner.com\/?product=candy","og_locale":"en_US","og_type":"article","og_title":"Candy &ndash; Sonja Fellner","og_description":"Das aufwendig verarbeitete Korsett mit Miederst\u00e4bchen ist am Abschluss mit einer feinen franz\u00f6sischen Spitze verziert. Vorne ist das Korsett mit Metallhaken zu schlie\u00dfen. Den dazupassenden Rock in Falten gelegt ziert in der L\u00e4nge eine sch\u00f6ne gewebte, feine Borte. Unter dem Rock ist ein mehrlagiger Petticoat angen\u00e4ht, der ein paar Zentimeter hervorblitzt. Der angegebene Preis umfasst Read More","og_url":"https:\/\/sonjafellner.com\/?product=candy","og_site_name":"Sonja Fellner","article_modified_time":"2015-09-12T15:04:05+00:00","og_image":[{"width":1000,"height":1500,"url":"https:\/\/sonjafellner.com\/wp-content\/uploads\/2015\/09\/candy.front_.jpg","type":"image\/jpeg"}],"twitter_card":"summary_large_image","schema":{"@context":"https:\/\/schema.org","@graph":[{"@type":"WebPage","@id":"https:\/\/sonjafellner.com\/?product=candy","url":"https:\/\/sonjafellner.com\/?product=candy","name":"Candy &ndash; Sonja Fellner","isPartOf":{"@id":"https:\/\/sonjafellner.com\/#website"},"datePublished":"2015-08-26T13:43:58+00:00","dateModified":"2015-09-12T15:04:05+00:00","breadcrumb":{"@id":"https:\/\/sonjafellner.com\/?product=candy#breadcrumb"},"inLanguage":"en-US","potentialAction":[{"@type":"ReadAction","target":["https:\/\/sonjafellner.com\/?product=candy"]}]},{"@type":"BreadcrumbList","@id":"https:\/\/sonjafellner.com\/?product=candy#breadcrumb","itemListElement":[{"@type":"ListItem","position":1,"name":"Home","item":"https:\/\/sonjafellner.com\/"},{"@type":"ListItem","position":2,"name":"Shop","item":"https:\/\/sonjafellner.com\/?page_id=14"},{"@type":"ListItem","position":3,"name":"Candy"}]},{"@type":"WebSite","@id":"https:\/\/sonjafellner.com\/#website","url":"https:\/\/sonjafellner.com\/","name":"Sonja Fellner","description":"Austria","potentialAction":[{"@type":"SearchAction","target":{"@type":"EntryPoint","urlTemplate":"https:\/\/sonjafellner.com\/?s={search_term_string}"},"query-input":"required name=search_term_string"}],"inLanguage":"en-US"}]}},"_links":{"self":[{"href":"https:\/\/sonjafellner.com\/index.php?rest_route=\/wp\/v3\/product\/158"}],"collection":[{"href":"https:\/\/sonjafellner.com\/index.php?rest_route=\/wp\/v3\/product"}],"about":[{"href":"https:\/\/sonjafellner.com\/index.php?rest_route=\/wp\/v2\/types\/product"}],"replies":[{"embeddable":true,"href":"https:\/\/sonjafellner.com\/index.php?rest_route=%2Fwp%2Fv2%2Fcomments&post=158"}],"wp:featuredmedia":[{"embeddable":true,"href":"https:\/\/sonjafellner.com\/index.php?rest_route=\/wp\/v2\/media\/431"}],"wp:attachment":[{"href":"https:\/\/sonjafellner.com\/index.php?rest_route=%2Fwp%2Fv2%2Fmedia&parent=158"}],"wp:term":[{"taxonomy":"product_cat","embeddable":true,"href":"https:\/\/sonjafellner.com\/index.php?rest_route=%2Fwp%2Fv2%2Fproduct_cat&post=158"},{"taxonomy":"product_tag","embeddable":true,"href":"https:\/\/sonjafellner.com\/index.php?rest_route=%2Fwp%2Fv2%2Fproduct_tag&post=158"}],"curies":[{"name":"wp","href":"https:\/\/api.w.org\/{rel}","templated":true}]}}