{"id":1478,"date":"2020-10-30T10:22:35","date_gmt":"2020-10-30T09:22:35","guid":{"rendered":"http:\/\/sonjafellner.com\/?product=ella"},"modified":"2020-10-30T10:43:45","modified_gmt":"2020-10-30T09:43:45","slug":"ella","status":"publish","type":"product","link":"https:\/\/sonjafellner.com\/?product=ella","title":{"rendered":"Ella"},"content":{"rendered":"<p>Das extravagante Dirndlkleid &#8220;Ella&#8221; besticht durch die aufwendig verarbeitete Kordelapplikation am Ausschnitt. Der dazupassende G\u00fcrtel verspricht eine betonte Taille und wird r\u00fcckw\u00e4rts geschn\u00fcrt. Der Rock ist in Kellerfalten gelegt und besitzt einen Futterrock. Das Kleid ist seitlich mit einem Zip zu schlie\u00dfen.<\/p>\n<p>&nbsp;<\/p>\n","protected":false},"excerpt":{"rendered":"<p>Das extravagante Dirndlkleid &#8220;Ella&#8221; besticht durch die aufwendig verarbeitete Kordelapplikation am Ausschnitt. Der dazupassende G\u00fcrtel verspricht eine betonte Taille und wird r\u00fcckw\u00e4rts geschn\u00fcrt. Der Rock ist in Kellerfalten gelegt und besitzt einen Futterrock. Das Kleid ist seitlich mit einem Zip zu schlie\u00dfen. &nbsp;<\/p>\n","protected":false},"featured_media":1484,"comment_status":"closed","ping_status":"closed","template":"","meta":[],"product_cat":[116,25],"product_tag":[],"yoast_head":"<!-- This site is optimized with the Yoast SEO plugin v20.11 - https:\/\/yoast.com\/wordpress\/plugins\/seo\/ -->\n<title>Ella &ndash; Sonja Fellner<\/title>\n<meta name=\"robots\" content=\"index, follow, max-snippet:-1, max-image-preview:large, max-video-preview:-1\" \/>\n<link rel=\"canonical\" href=\"https:\/\/sonjafellner.com\/?product=ella\" \/>\n<meta property=\"og:locale\" content=\"en_US\" \/>\n<meta property=\"og:type\" content=\"article\" \/>\n<meta property=\"og:title\" content=\"Ella &ndash; Sonja Fellner\" \/>\n<meta property=\"og:description\" content=\"Das extravagante Dirndlkleid &#8220;Ella&#8221; besticht durch die aufwendig verarbeitete Kordelapplikation am Ausschnitt. Der dazupassende G\u00fcrtel verspricht eine betonte Taille und wird r\u00fcckw\u00e4rts geschn\u00fcrt. Der Rock ist in Kellerfalten gelegt und besitzt einen Futterrock. Das Kleid ist seitlich mit einem Zip zu schlie\u00dfen. &nbsp;\" \/>\n<meta property=\"og:url\" content=\"https:\/\/sonjafellner.com\/?product=ella\" \/>\n<meta property=\"og:site_name\" content=\"Sonja Fellner\" \/>\n<meta property=\"article:modified_time\" content=\"2020-10-30T09:43:45+00:00\" \/>\n<meta property=\"og:image\" content=\"https:\/\/sonjafellner.com\/wp-content\/uploads\/2020\/10\/Ella-front.jpg\" \/>\n\t<meta property=\"og:image:width\" content=\"1000\" \/>\n\t<meta property=\"og:image:height\" content=\"1503\" \/>\n\t<meta property=\"og:image:type\" content=\"image\/jpeg\" \/>\n<meta name=\"twitter:card\" content=\"summary_large_image\" \/>\n<script type=\"application\/ld+json\" class=\"yoast-schema-graph\">{\"@context\":\"https:\/\/schema.org\",\"@graph\":[{\"@type\":\"WebPage\",\"@id\":\"https:\/\/sonjafellner.com\/?product=ella\",\"url\":\"https:\/\/sonjafellner.com\/?product=ella\",\"name\":\"Ella &ndash; Sonja Fellner\",\"isPartOf\":{\"@id\":\"https:\/\/sonjafellner.com\/#website\"},\"datePublished\":\"2020-10-30T09:22:35+00:00\",\"dateModified\":\"2020-10-30T09:43:45+00:00\",\"breadcrumb\":{\"@id\":\"https:\/\/sonjafellner.com\/?product=ella#breadcrumb\"},\"inLanguage\":\"en-US\",\"potentialAction\":[{\"@type\":\"ReadAction\",\"target\":[\"https:\/\/sonjafellner.com\/?product=ella\"]}]},{\"@type\":\"BreadcrumbList\",\"@id\":\"https:\/\/sonjafellner.com\/?product=ella#breadcrumb\",\"itemListElement\":[{\"@type\":\"ListItem\",\"position\":1,\"name\":\"Home\",\"item\":\"https:\/\/sonjafellner.com\/\"},{\"@type\":\"ListItem\",\"position\":2,\"name\":\"Shop\",\"item\":\"https:\/\/sonjafellner.com\/?page_id=14\"},{\"@type\":\"ListItem\",\"position\":3,\"name\":\"Ella\"}]},{\"@type\":\"WebSite\",\"@id\":\"https:\/\/sonjafellner.com\/#website\",\"url\":\"https:\/\/sonjafellner.com\/\",\"name\":\"Sonja Fellner\",\"description\":\"Austria\",\"potentialAction\":[{\"@type\":\"SearchAction\",\"target\":{\"@type\":\"EntryPoint\",\"urlTemplate\":\"https:\/\/sonjafellner.com\/?s={search_term_string}\"},\"query-input\":\"required name=search_term_string\"}],\"inLanguage\":\"en-US\"}]}<\/script>\n<!-- \/ Yoast SEO plugin. -->","yoast_head_json":{"title":"Ella &ndash; Sonja Fellner","robots":{"index":"index","follow":"follow","max-snippet":"max-snippet:-1","max-image-preview":"max-image-preview:large","max-video-preview":"max-video-preview:-1"},"canonical":"https:\/\/sonjafellner.com\/?product=ella","og_locale":"en_US","og_type":"article","og_title":"Ella &ndash; Sonja Fellner","og_description":"Das extravagante Dirndlkleid &#8220;Ella&#8221; besticht durch die aufwendig verarbeitete Kordelapplikation am Ausschnitt. Der dazupassende G\u00fcrtel verspricht eine betonte Taille und wird r\u00fcckw\u00e4rts geschn\u00fcrt. Der Rock ist in Kellerfalten gelegt und besitzt einen Futterrock. Das Kleid ist seitlich mit einem Zip zu schlie\u00dfen. &nbsp;","og_url":"https:\/\/sonjafellner.com\/?product=ella","og_site_name":"Sonja Fellner","article_modified_time":"2020-10-30T09:43:45+00:00","og_image":[{"width":1000,"height":1503,"url":"https:\/\/sonjafellner.com\/wp-content\/uploads\/2020\/10\/Ella-front.jpg","type":"image\/jpeg"}],"twitter_card":"summary_large_image","schema":{"@context":"https:\/\/schema.org","@graph":[{"@type":"WebPage","@id":"https:\/\/sonjafellner.com\/?product=ella","url":"https:\/\/sonjafellner.com\/?product=ella","name":"Ella &ndash; Sonja Fellner","isPartOf":{"@id":"https:\/\/sonjafellner.com\/#website"},"datePublished":"2020-10-30T09:22:35+00:00","dateModified":"2020-10-30T09:43:45+00:00","breadcrumb":{"@id":"https:\/\/sonjafellner.com\/?product=ella#breadcrumb"},"inLanguage":"en-US","potentialAction":[{"@type":"ReadAction","target":["https:\/\/sonjafellner.com\/?product=ella"]}]},{"@type":"BreadcrumbList","@id":"https:\/\/sonjafellner.com\/?product=ella#breadcrumb","itemListElement":[{"@type":"ListItem","position":1,"name":"Home","item":"https:\/\/sonjafellner.com\/"},{"@type":"ListItem","position":2,"name":"Shop","item":"https:\/\/sonjafellner.com\/?page_id=14"},{"@type":"ListItem","position":3,"name":"Ella"}]},{"@type":"WebSite","@id":"https:\/\/sonjafellner.com\/#website","url":"https:\/\/sonjafellner.com\/","name":"Sonja Fellner","description":"Austria","potentialAction":[{"@type":"SearchAction","target":{"@type":"EntryPoint","urlTemplate":"https:\/\/sonjafellner.com\/?s={search_term_string}"},"query-input":"required name=search_term_string"}],"inLanguage":"en-US"}]}},"_links":{"self":[{"href":"https:\/\/sonjafellner.com\/index.php?rest_route=\/wp\/v3\/product\/1478"}],"collection":[{"href":"https:\/\/sonjafellner.com\/index.php?rest_route=\/wp\/v3\/product"}],"about":[{"href":"https:\/\/sonjafellner.com\/index.php?rest_route=\/wp\/v2\/types\/product"}],"replies":[{"embeddable":true,"href":"https:\/\/sonjafellner.com\/index.php?rest_route=%2Fwp%2Fv2%2Fcomments&post=1478"}],"wp:featuredmedia":[{"embeddable":true,"href":"https:\/\/sonjafellner.com\/index.php?rest_route=\/wp\/v2\/media\/1484"}],"wp:attachment":[{"href":"https:\/\/sonjafellner.com\/index.php?rest_route=%2Fwp%2Fv2%2Fmedia&parent=1478"}],"wp:term":[{"taxonomy":"product_cat","embeddable":true,"href":"https:\/\/sonjafellner.com\/index.php?rest_route=%2Fwp%2Fv2%2Fproduct_cat&post=1478"},{"taxonomy":"product_tag","embeddable":true,"href":"https:\/\/sonjafellner.com\/index.php?rest_route=%2Fwp%2Fv2%2Fproduct_tag&post=1478"}],"curies":[{"name":"wp","href":"https:\/\/api.w.org\/{rel}","templated":true}]}}