{"id":1441,"date":"2018-12-21T10:48:07","date_gmt":"2018-12-21T09:48:07","guid":{"rendered":"http:\/\/sonjafellner.com\/produkt\/valerie\/"},"modified":"2018-12-21T10:54:33","modified_gmt":"2018-12-21T09:54:33","slug":"valerie","status":"publish","type":"product","link":"https:\/\/sonjafellner.com\/?product=valerie","title":{"rendered":"Valerie"},"content":{"rendered":"<p>Mit dem Modell Valerie werden Brauttr\u00e4ume wahr. Das Kleid ist aus cremefarbenem Brokat mit d\u00fcnnen, leicht goldfarbenen Lurexf\u00e4den gearbeitet. Der Rock hat einen angeschnittene Schleppe und klann beim Tanzen auch hochgesteckt werden. Der in Falten gelegte rock hat ein Date mit dem Unterrock. Hier sind viele selbnstgefertigte Stoffrosen aufgen\u00e4ht und sblitzen beim Gehen hervor. Dies Verarbeitung erinnert ein wenig an das Roccoco und l\u00e4sst es wieder aufleben. Der Unterrock ist mit einem Petticoat gef\u00fcttert.<\/p>\n","protected":false},"excerpt":{"rendered":"<p>Mit dem Modell Valerie werden Brauttr\u00e4ume wahr. Das Kleid ist aus cremefarbenem Brokat mit d\u00fcnnen, leicht goldfarbenen Lurexf\u00e4den gearbeitet. Der Rock hat einen angeschnittene Schleppe und klann beim Tanzen auch hochgesteckt werden. Der in Falten gelegte rock hat ein Date mit dem Unterrock. Hier sind viele selbnstgefertigte Stoffrosen aufgen\u00e4ht und sblitzen beim Gehen hervor. Dies<br class=\"read-more-spacer\"> <a class=\"more-link clearfix\" href=\"https:\/\/sonjafellner.com\/?product=valerie\">Read More<\/a><\/p>\n","protected":false},"featured_media":1439,"comment_status":"open","ping_status":"closed","template":"","meta":[],"product_cat":[156,6,19,25],"product_tag":[],"yoast_head":"<!-- This site is optimized with the Yoast SEO plugin v20.11 - https:\/\/yoast.com\/wordpress\/plugins\/seo\/ -->\n<title>Valerie &ndash; Sonja Fellner<\/title>\n<meta name=\"robots\" content=\"index, follow, max-snippet:-1, max-image-preview:large, max-video-preview:-1\" \/>\n<link rel=\"canonical\" href=\"https:\/\/sonjafellner.com\/?product=valerie\" \/>\n<meta property=\"og:locale\" content=\"en_US\" \/>\n<meta property=\"og:type\" content=\"article\" \/>\n<meta property=\"og:title\" content=\"Valerie &ndash; Sonja Fellner\" \/>\n<meta property=\"og:description\" content=\"Mit dem Modell Valerie werden Brauttr\u00e4ume wahr. Das Kleid ist aus cremefarbenem Brokat mit d\u00fcnnen, leicht goldfarbenen Lurexf\u00e4den gearbeitet. Der Rock hat einen angeschnittene Schleppe und klann beim Tanzen auch hochgesteckt werden. Der in Falten gelegte rock hat ein Date mit dem Unterrock. Hier sind viele selbnstgefertigte Stoffrosen aufgen\u00e4ht und sblitzen beim Gehen hervor. Dies Read More\" \/>\n<meta property=\"og:url\" content=\"https:\/\/sonjafellner.com\/?product=valerie\" \/>\n<meta property=\"og:site_name\" content=\"Sonja Fellner\" \/>\n<meta property=\"article:modified_time\" content=\"2018-12-21T09:54:33+00:00\" \/>\n<meta property=\"og:image\" content=\"https:\/\/sonjafellner.com\/wp-content\/uploads\/2018\/12\/sonja-fellner-valerie-princess-dirndl-hochzeitsdirndl-hochzeitskleid-brautdirndl-vorderansicht.jpg\" \/>\n\t<meta property=\"og:image:width\" content=\"1000\" \/>\n\t<meta property=\"og:image:height\" content=\"1500\" \/>\n\t<meta property=\"og:image:type\" content=\"image\/jpeg\" \/>\n<meta name=\"twitter:card\" content=\"summary_large_image\" \/>\n<script type=\"application\/ld+json\" class=\"yoast-schema-graph\">{\"@context\":\"https:\/\/schema.org\",\"@graph\":[{\"@type\":\"WebPage\",\"@id\":\"https:\/\/sonjafellner.com\/?product=valerie\",\"url\":\"https:\/\/sonjafellner.com\/?product=valerie\",\"name\":\"Valerie &ndash; Sonja Fellner\",\"isPartOf\":{\"@id\":\"https:\/\/sonjafellner.com\/#website\"},\"datePublished\":\"2018-12-21T09:48:07+00:00\",\"dateModified\":\"2018-12-21T09:54:33+00:00\",\"breadcrumb\":{\"@id\":\"https:\/\/sonjafellner.com\/?product=valerie#breadcrumb\"},\"inLanguage\":\"en-US\",\"potentialAction\":[{\"@type\":\"ReadAction\",\"target\":[\"https:\/\/sonjafellner.com\/?product=valerie\"]}]},{\"@type\":\"BreadcrumbList\",\"@id\":\"https:\/\/sonjafellner.com\/?product=valerie#breadcrumb\",\"itemListElement\":[{\"@type\":\"ListItem\",\"position\":1,\"name\":\"Home\",\"item\":\"https:\/\/sonjafellner.com\/\"},{\"@type\":\"ListItem\",\"position\":2,\"name\":\"Shop\",\"item\":\"https:\/\/sonjafellner.com\/?page_id=14\"},{\"@type\":\"ListItem\",\"position\":3,\"name\":\"Valerie\"}]},{\"@type\":\"WebSite\",\"@id\":\"https:\/\/sonjafellner.com\/#website\",\"url\":\"https:\/\/sonjafellner.com\/\",\"name\":\"Sonja Fellner\",\"description\":\"Austria\",\"potentialAction\":[{\"@type\":\"SearchAction\",\"target\":{\"@type\":\"EntryPoint\",\"urlTemplate\":\"https:\/\/sonjafellner.com\/?s={search_term_string}\"},\"query-input\":\"required name=search_term_string\"}],\"inLanguage\":\"en-US\"}]}<\/script>\n<!-- \/ Yoast SEO plugin. -->","yoast_head_json":{"title":"Valerie &ndash; Sonja Fellner","robots":{"index":"index","follow":"follow","max-snippet":"max-snippet:-1","max-image-preview":"max-image-preview:large","max-video-preview":"max-video-preview:-1"},"canonical":"https:\/\/sonjafellner.com\/?product=valerie","og_locale":"en_US","og_type":"article","og_title":"Valerie &ndash; Sonja Fellner","og_description":"Mit dem Modell Valerie werden Brauttr\u00e4ume wahr. Das Kleid ist aus cremefarbenem Brokat mit d\u00fcnnen, leicht goldfarbenen Lurexf\u00e4den gearbeitet. Der Rock hat einen angeschnittene Schleppe und klann beim Tanzen auch hochgesteckt werden. Der in Falten gelegte rock hat ein Date mit dem Unterrock. Hier sind viele selbnstgefertigte Stoffrosen aufgen\u00e4ht und sblitzen beim Gehen hervor. Dies Read More","og_url":"https:\/\/sonjafellner.com\/?product=valerie","og_site_name":"Sonja Fellner","article_modified_time":"2018-12-21T09:54:33+00:00","og_image":[{"width":1000,"height":1500,"url":"https:\/\/sonjafellner.com\/wp-content\/uploads\/2018\/12\/sonja-fellner-valerie-princess-dirndl-hochzeitsdirndl-hochzeitskleid-brautdirndl-vorderansicht.jpg","type":"image\/jpeg"}],"twitter_card":"summary_large_image","schema":{"@context":"https:\/\/schema.org","@graph":[{"@type":"WebPage","@id":"https:\/\/sonjafellner.com\/?product=valerie","url":"https:\/\/sonjafellner.com\/?product=valerie","name":"Valerie &ndash; Sonja Fellner","isPartOf":{"@id":"https:\/\/sonjafellner.com\/#website"},"datePublished":"2018-12-21T09:48:07+00:00","dateModified":"2018-12-21T09:54:33+00:00","breadcrumb":{"@id":"https:\/\/sonjafellner.com\/?product=valerie#breadcrumb"},"inLanguage":"en-US","potentialAction":[{"@type":"ReadAction","target":["https:\/\/sonjafellner.com\/?product=valerie"]}]},{"@type":"BreadcrumbList","@id":"https:\/\/sonjafellner.com\/?product=valerie#breadcrumb","itemListElement":[{"@type":"ListItem","position":1,"name":"Home","item":"https:\/\/sonjafellner.com\/"},{"@type":"ListItem","position":2,"name":"Shop","item":"https:\/\/sonjafellner.com\/?page_id=14"},{"@type":"ListItem","position":3,"name":"Valerie"}]},{"@type":"WebSite","@id":"https:\/\/sonjafellner.com\/#website","url":"https:\/\/sonjafellner.com\/","name":"Sonja Fellner","description":"Austria","potentialAction":[{"@type":"SearchAction","target":{"@type":"EntryPoint","urlTemplate":"https:\/\/sonjafellner.com\/?s={search_term_string}"},"query-input":"required name=search_term_string"}],"inLanguage":"en-US"}]}},"_links":{"self":[{"href":"https:\/\/sonjafellner.com\/index.php?rest_route=\/wp\/v3\/product\/1441"}],"collection":[{"href":"https:\/\/sonjafellner.com\/index.php?rest_route=\/wp\/v3\/product"}],"about":[{"href":"https:\/\/sonjafellner.com\/index.php?rest_route=\/wp\/v2\/types\/product"}],"replies":[{"embeddable":true,"href":"https:\/\/sonjafellner.com\/index.php?rest_route=%2Fwp%2Fv2%2Fcomments&post=1441"}],"wp:featuredmedia":[{"embeddable":true,"href":"https:\/\/sonjafellner.com\/index.php?rest_route=\/wp\/v2\/media\/1439"}],"wp:attachment":[{"href":"https:\/\/sonjafellner.com\/index.php?rest_route=%2Fwp%2Fv2%2Fmedia&parent=1441"}],"wp:term":[{"taxonomy":"product_cat","embeddable":true,"href":"https:\/\/sonjafellner.com\/index.php?rest_route=%2Fwp%2Fv2%2Fproduct_cat&post=1441"},{"taxonomy":"product_tag","embeddable":true,"href":"https:\/\/sonjafellner.com\/index.php?rest_route=%2Fwp%2Fv2%2Fproduct_tag&post=1441"}],"curies":[{"name":"wp","href":"https:\/\/api.w.org\/{rel}","templated":true}]}}