{"id":144,"date":"2015-08-26T14:56:00","date_gmt":"2015-08-26T12:56:00","guid":{"rendered":"http:\/\/sonjafellner.com\/produkt\/cordula\/"},"modified":"2015-09-12T17:04:39","modified_gmt":"2015-09-12T15:04:39","slug":"cordula","status":"publish","type":"product","link":"https:\/\/sonjafellner.com\/?product=cordula","title":{"rendered":"Cordula"},"content":{"rendered":"<p>Cordula ist ein aufwendig gearbeitetes, extravagantes Unterbrustkorsett. Seitlich ist eine Possamentverarbeitung aufgen\u00e4ht und verleiht dem Korsett eine besondere Note. Das Mieder ist vorne und hinten mit Miederst\u00e4ben verst\u00e4rkt. Zu schn\u00fcren ist es am R\u00fcckenteil.<\/p>\n","protected":false},"excerpt":{"rendered":"<p>Cordula ist ein aufwendig gearbeitetes, extravagantes Unterbrustkorsett. Seitlich ist eine Possamentverarbeitung aufgen\u00e4ht und verleiht dem Korsett eine besondere Note. Das Mieder ist vorne und hinten mit Miederst\u00e4ben verst\u00e4rkt. Zu schn\u00fcren ist es am R\u00fcckenteil.<\/p>\n","protected":false},"featured_media":472,"comment_status":"closed","ping_status":"closed","template":"","meta":[],"product_cat":[20],"product_tag":[],"yoast_head":"<!-- This site is optimized with the Yoast SEO plugin v20.11 - https:\/\/yoast.com\/wordpress\/plugins\/seo\/ -->\n<title>Cordula &ndash; Sonja Fellner<\/title>\n<meta name=\"robots\" content=\"index, follow, max-snippet:-1, max-image-preview:large, max-video-preview:-1\" \/>\n<link rel=\"canonical\" href=\"https:\/\/sonjafellner.com\/?product=cordula\" \/>\n<meta property=\"og:locale\" content=\"en_US\" \/>\n<meta property=\"og:type\" content=\"article\" \/>\n<meta property=\"og:title\" content=\"Cordula &ndash; Sonja Fellner\" \/>\n<meta property=\"og:description\" content=\"Cordula ist ein aufwendig gearbeitetes, extravagantes Unterbrustkorsett. Seitlich ist eine Possamentverarbeitung aufgen\u00e4ht und verleiht dem Korsett eine besondere Note. Das Mieder ist vorne und hinten mit Miederst\u00e4ben verst\u00e4rkt. Zu schn\u00fcren ist es am R\u00fcckenteil.\" \/>\n<meta property=\"og:url\" content=\"https:\/\/sonjafellner.com\/?product=cordula\" \/>\n<meta property=\"og:site_name\" content=\"Sonja Fellner\" \/>\n<meta property=\"article:modified_time\" content=\"2015-09-12T15:04:39+00:00\" \/>\n<meta property=\"og:image\" content=\"https:\/\/sonjafellner.com\/wp-content\/uploads\/2015\/09\/cordula.front_.2.jpg\" \/>\n\t<meta property=\"og:image:width\" content=\"996\" \/>\n\t<meta property=\"og:image:height\" content=\"1500\" \/>\n\t<meta property=\"og:image:type\" content=\"image\/jpeg\" \/>\n<meta name=\"twitter:card\" content=\"summary_large_image\" \/>\n<script type=\"application\/ld+json\" class=\"yoast-schema-graph\">{\"@context\":\"https:\/\/schema.org\",\"@graph\":[{\"@type\":\"WebPage\",\"@id\":\"https:\/\/sonjafellner.com\/?product=cordula\",\"url\":\"https:\/\/sonjafellner.com\/?product=cordula\",\"name\":\"Cordula &ndash; Sonja Fellner\",\"isPartOf\":{\"@id\":\"https:\/\/sonjafellner.com\/#website\"},\"datePublished\":\"2015-08-26T12:56:00+00:00\",\"dateModified\":\"2015-09-12T15:04:39+00:00\",\"breadcrumb\":{\"@id\":\"https:\/\/sonjafellner.com\/?product=cordula#breadcrumb\"},\"inLanguage\":\"en-US\",\"potentialAction\":[{\"@type\":\"ReadAction\",\"target\":[\"https:\/\/sonjafellner.com\/?product=cordula\"]}]},{\"@type\":\"BreadcrumbList\",\"@id\":\"https:\/\/sonjafellner.com\/?product=cordula#breadcrumb\",\"itemListElement\":[{\"@type\":\"ListItem\",\"position\":1,\"name\":\"Home\",\"item\":\"https:\/\/sonjafellner.com\/\"},{\"@type\":\"ListItem\",\"position\":2,\"name\":\"Shop\",\"item\":\"https:\/\/sonjafellner.com\/?page_id=14\"},{\"@type\":\"ListItem\",\"position\":3,\"name\":\"Cordula\"}]},{\"@type\":\"WebSite\",\"@id\":\"https:\/\/sonjafellner.com\/#website\",\"url\":\"https:\/\/sonjafellner.com\/\",\"name\":\"Sonja Fellner\",\"description\":\"Austria\",\"potentialAction\":[{\"@type\":\"SearchAction\",\"target\":{\"@type\":\"EntryPoint\",\"urlTemplate\":\"https:\/\/sonjafellner.com\/?s={search_term_string}\"},\"query-input\":\"required name=search_term_string\"}],\"inLanguage\":\"en-US\"}]}<\/script>\n<!-- \/ Yoast SEO plugin. -->","yoast_head_json":{"title":"Cordula &ndash; Sonja Fellner","robots":{"index":"index","follow":"follow","max-snippet":"max-snippet:-1","max-image-preview":"max-image-preview:large","max-video-preview":"max-video-preview:-1"},"canonical":"https:\/\/sonjafellner.com\/?product=cordula","og_locale":"en_US","og_type":"article","og_title":"Cordula &ndash; Sonja Fellner","og_description":"Cordula ist ein aufwendig gearbeitetes, extravagantes Unterbrustkorsett. Seitlich ist eine Possamentverarbeitung aufgen\u00e4ht und verleiht dem Korsett eine besondere Note. Das Mieder ist vorne und hinten mit Miederst\u00e4ben verst\u00e4rkt. Zu schn\u00fcren ist es am R\u00fcckenteil.","og_url":"https:\/\/sonjafellner.com\/?product=cordula","og_site_name":"Sonja Fellner","article_modified_time":"2015-09-12T15:04:39+00:00","og_image":[{"width":996,"height":1500,"url":"https:\/\/sonjafellner.com\/wp-content\/uploads\/2015\/09\/cordula.front_.2.jpg","type":"image\/jpeg"}],"twitter_card":"summary_large_image","schema":{"@context":"https:\/\/schema.org","@graph":[{"@type":"WebPage","@id":"https:\/\/sonjafellner.com\/?product=cordula","url":"https:\/\/sonjafellner.com\/?product=cordula","name":"Cordula &ndash; Sonja Fellner","isPartOf":{"@id":"https:\/\/sonjafellner.com\/#website"},"datePublished":"2015-08-26T12:56:00+00:00","dateModified":"2015-09-12T15:04:39+00:00","breadcrumb":{"@id":"https:\/\/sonjafellner.com\/?product=cordula#breadcrumb"},"inLanguage":"en-US","potentialAction":[{"@type":"ReadAction","target":["https:\/\/sonjafellner.com\/?product=cordula"]}]},{"@type":"BreadcrumbList","@id":"https:\/\/sonjafellner.com\/?product=cordula#breadcrumb","itemListElement":[{"@type":"ListItem","position":1,"name":"Home","item":"https:\/\/sonjafellner.com\/"},{"@type":"ListItem","position":2,"name":"Shop","item":"https:\/\/sonjafellner.com\/?page_id=14"},{"@type":"ListItem","position":3,"name":"Cordula"}]},{"@type":"WebSite","@id":"https:\/\/sonjafellner.com\/#website","url":"https:\/\/sonjafellner.com\/","name":"Sonja Fellner","description":"Austria","potentialAction":[{"@type":"SearchAction","target":{"@type":"EntryPoint","urlTemplate":"https:\/\/sonjafellner.com\/?s={search_term_string}"},"query-input":"required name=search_term_string"}],"inLanguage":"en-US"}]}},"_links":{"self":[{"href":"https:\/\/sonjafellner.com\/index.php?rest_route=\/wp\/v3\/product\/144"}],"collection":[{"href":"https:\/\/sonjafellner.com\/index.php?rest_route=\/wp\/v3\/product"}],"about":[{"href":"https:\/\/sonjafellner.com\/index.php?rest_route=\/wp\/v2\/types\/product"}],"replies":[{"embeddable":true,"href":"https:\/\/sonjafellner.com\/index.php?rest_route=%2Fwp%2Fv2%2Fcomments&post=144"}],"wp:featuredmedia":[{"embeddable":true,"href":"https:\/\/sonjafellner.com\/index.php?rest_route=\/wp\/v2\/media\/472"}],"wp:attachment":[{"href":"https:\/\/sonjafellner.com\/index.php?rest_route=%2Fwp%2Fv2%2Fmedia&parent=144"}],"wp:term":[{"taxonomy":"product_cat","embeddable":true,"href":"https:\/\/sonjafellner.com\/index.php?rest_route=%2Fwp%2Fv2%2Fproduct_cat&post=144"},{"taxonomy":"product_tag","embeddable":true,"href":"https:\/\/sonjafellner.com\/index.php?rest_route=%2Fwp%2Fv2%2Fproduct_tag&post=144"}],"curies":[{"name":"wp","href":"https:\/\/api.w.org\/{rel}","templated":true}]}}