{"id":1435,"date":"2018-12-21T10:19:32","date_gmt":"2018-12-21T09:19:32","guid":{"rendered":"http:\/\/sonjafellner.com\/produkt\/viola\/"},"modified":"2018-12-21T10:29:26","modified_gmt":"2018-12-21T09:29:26","slug":"viola","status":"publish","type":"product","link":"https:\/\/sonjafellner.com\/?product=viola","title":{"rendered":"Viola"},"content":{"rendered":"<p>Mit dem Dirndl Viola wird jede Hochzeit noch sch\u00f6ner. Danach kann das Dirndl auch als Kleid f\u00fcr festliche B\u00e4lle getragen werden. Mieder und Rock sind aus schimmernder Seide mit bestickten, kleinen Bl\u00fcmchen geschneidert. Durch eine gold-orangef\u00e4rbige Borte um den Ausschnitt wird das Dekollet\u00e8 zu einem echten Hingucker. Vorne wird das Mieder mit Miederhaken geschlossen. Der Rock ist siebenreihig handgezogen und mit einem Petticoat gef\u00fcttert.<br \/>\n&nbsp;<\/p>\n","protected":false},"excerpt":{"rendered":"<p>Mit dem Dirndl Viola wird jede Hochzeit noch sch\u00f6ner. Danach kann das Dirndl auch als Kleid f\u00fcr festliche B\u00e4lle getragen werden. Mieder und Rock sind aus schimmernder Seide mit bestickten, kleinen Bl\u00fcmchen geschneidert. Durch eine gold-orangef\u00e4rbige Borte um den Ausschnitt wird das Dekollet\u00e8 zu einem echten Hingucker. Vorne wird das Mieder mit Miederhaken geschlossen. Der<br class=\"read-more-spacer\"> <a class=\"more-link clearfix\" href=\"https:\/\/sonjafellner.com\/?product=viola\">Read More<\/a><\/p>\n","protected":false},"featured_media":1434,"comment_status":"closed","ping_status":"closed","template":"","meta":[],"product_cat":[6,7,19],"product_tag":[],"yoast_head":"<!-- This site is optimized with the Yoast SEO plugin v20.11 - https:\/\/yoast.com\/wordpress\/plugins\/seo\/ -->\n<title>Viola &ndash; Sonja Fellner<\/title>\n<meta name=\"robots\" content=\"index, follow, max-snippet:-1, max-image-preview:large, max-video-preview:-1\" \/>\n<link rel=\"canonical\" href=\"https:\/\/sonjafellner.com\/?product=viola\" \/>\n<meta property=\"og:locale\" content=\"en_US\" \/>\n<meta property=\"og:type\" content=\"article\" \/>\n<meta property=\"og:title\" content=\"Viola &ndash; Sonja Fellner\" \/>\n<meta property=\"og:description\" content=\"Mit dem Dirndl Viola wird jede Hochzeit noch sch\u00f6ner. Danach kann das Dirndl auch als Kleid f\u00fcr festliche B\u00e4lle getragen werden. Mieder und Rock sind aus schimmernder Seide mit bestickten, kleinen Bl\u00fcmchen geschneidert. Durch eine gold-orangef\u00e4rbige Borte um den Ausschnitt wird das Dekollet\u00e8 zu einem echten Hingucker. Vorne wird das Mieder mit Miederhaken geschlossen. Der Read More\" \/>\n<meta property=\"og:url\" content=\"https:\/\/sonjafellner.com\/?product=viola\" \/>\n<meta property=\"og:site_name\" content=\"Sonja Fellner\" \/>\n<meta property=\"article:modified_time\" content=\"2018-12-21T09:29:26+00:00\" \/>\n<meta property=\"og:image\" content=\"https:\/\/sonjafellner.com\/wp-content\/uploads\/2018\/12\/sonja-fellner-viola-princess-dirndl-hochzeitsdirndl-hochzeitskleid-couturedirndl-brautdirndl-balldirndl-ballkleid-vorderansicht.jpg\" \/>\n\t<meta property=\"og:image:width\" content=\"1000\" \/>\n\t<meta property=\"og:image:height\" content=\"1500\" \/>\n\t<meta property=\"og:image:type\" content=\"image\/jpeg\" \/>\n<meta name=\"twitter:card\" content=\"summary_large_image\" \/>\n<script type=\"application\/ld+json\" class=\"yoast-schema-graph\">{\"@context\":\"https:\/\/schema.org\",\"@graph\":[{\"@type\":\"WebPage\",\"@id\":\"https:\/\/sonjafellner.com\/?product=viola\",\"url\":\"https:\/\/sonjafellner.com\/?product=viola\",\"name\":\"Viola &ndash; Sonja Fellner\",\"isPartOf\":{\"@id\":\"https:\/\/sonjafellner.com\/#website\"},\"datePublished\":\"2018-12-21T09:19:32+00:00\",\"dateModified\":\"2018-12-21T09:29:26+00:00\",\"breadcrumb\":{\"@id\":\"https:\/\/sonjafellner.com\/?product=viola#breadcrumb\"},\"inLanguage\":\"en-US\",\"potentialAction\":[{\"@type\":\"ReadAction\",\"target\":[\"https:\/\/sonjafellner.com\/?product=viola\"]}]},{\"@type\":\"BreadcrumbList\",\"@id\":\"https:\/\/sonjafellner.com\/?product=viola#breadcrumb\",\"itemListElement\":[{\"@type\":\"ListItem\",\"position\":1,\"name\":\"Home\",\"item\":\"https:\/\/sonjafellner.com\/\"},{\"@type\":\"ListItem\",\"position\":2,\"name\":\"Shop\",\"item\":\"https:\/\/sonjafellner.com\/?page_id=14\"},{\"@type\":\"ListItem\",\"position\":3,\"name\":\"Viola\"}]},{\"@type\":\"WebSite\",\"@id\":\"https:\/\/sonjafellner.com\/#website\",\"url\":\"https:\/\/sonjafellner.com\/\",\"name\":\"Sonja Fellner\",\"description\":\"Austria\",\"potentialAction\":[{\"@type\":\"SearchAction\",\"target\":{\"@type\":\"EntryPoint\",\"urlTemplate\":\"https:\/\/sonjafellner.com\/?s={search_term_string}\"},\"query-input\":\"required name=search_term_string\"}],\"inLanguage\":\"en-US\"}]}<\/script>\n<!-- \/ Yoast SEO plugin. -->","yoast_head_json":{"title":"Viola &ndash; Sonja Fellner","robots":{"index":"index","follow":"follow","max-snippet":"max-snippet:-1","max-image-preview":"max-image-preview:large","max-video-preview":"max-video-preview:-1"},"canonical":"https:\/\/sonjafellner.com\/?product=viola","og_locale":"en_US","og_type":"article","og_title":"Viola &ndash; Sonja Fellner","og_description":"Mit dem Dirndl Viola wird jede Hochzeit noch sch\u00f6ner. Danach kann das Dirndl auch als Kleid f\u00fcr festliche B\u00e4lle getragen werden. Mieder und Rock sind aus schimmernder Seide mit bestickten, kleinen Bl\u00fcmchen geschneidert. Durch eine gold-orangef\u00e4rbige Borte um den Ausschnitt wird das Dekollet\u00e8 zu einem echten Hingucker. Vorne wird das Mieder mit Miederhaken geschlossen. Der Read More","og_url":"https:\/\/sonjafellner.com\/?product=viola","og_site_name":"Sonja Fellner","article_modified_time":"2018-12-21T09:29:26+00:00","og_image":[{"width":1000,"height":1500,"url":"https:\/\/sonjafellner.com\/wp-content\/uploads\/2018\/12\/sonja-fellner-viola-princess-dirndl-hochzeitsdirndl-hochzeitskleid-couturedirndl-brautdirndl-balldirndl-ballkleid-vorderansicht.jpg","type":"image\/jpeg"}],"twitter_card":"summary_large_image","schema":{"@context":"https:\/\/schema.org","@graph":[{"@type":"WebPage","@id":"https:\/\/sonjafellner.com\/?product=viola","url":"https:\/\/sonjafellner.com\/?product=viola","name":"Viola &ndash; Sonja Fellner","isPartOf":{"@id":"https:\/\/sonjafellner.com\/#website"},"datePublished":"2018-12-21T09:19:32+00:00","dateModified":"2018-12-21T09:29:26+00:00","breadcrumb":{"@id":"https:\/\/sonjafellner.com\/?product=viola#breadcrumb"},"inLanguage":"en-US","potentialAction":[{"@type":"ReadAction","target":["https:\/\/sonjafellner.com\/?product=viola"]}]},{"@type":"BreadcrumbList","@id":"https:\/\/sonjafellner.com\/?product=viola#breadcrumb","itemListElement":[{"@type":"ListItem","position":1,"name":"Home","item":"https:\/\/sonjafellner.com\/"},{"@type":"ListItem","position":2,"name":"Shop","item":"https:\/\/sonjafellner.com\/?page_id=14"},{"@type":"ListItem","position":3,"name":"Viola"}]},{"@type":"WebSite","@id":"https:\/\/sonjafellner.com\/#website","url":"https:\/\/sonjafellner.com\/","name":"Sonja Fellner","description":"Austria","potentialAction":[{"@type":"SearchAction","target":{"@type":"EntryPoint","urlTemplate":"https:\/\/sonjafellner.com\/?s={search_term_string}"},"query-input":"required name=search_term_string"}],"inLanguage":"en-US"}]}},"_links":{"self":[{"href":"https:\/\/sonjafellner.com\/index.php?rest_route=\/wp\/v3\/product\/1435"}],"collection":[{"href":"https:\/\/sonjafellner.com\/index.php?rest_route=\/wp\/v3\/product"}],"about":[{"href":"https:\/\/sonjafellner.com\/index.php?rest_route=\/wp\/v2\/types\/product"}],"replies":[{"embeddable":true,"href":"https:\/\/sonjafellner.com\/index.php?rest_route=%2Fwp%2Fv2%2Fcomments&post=1435"}],"wp:featuredmedia":[{"embeddable":true,"href":"https:\/\/sonjafellner.com\/index.php?rest_route=\/wp\/v2\/media\/1434"}],"wp:attachment":[{"href":"https:\/\/sonjafellner.com\/index.php?rest_route=%2Fwp%2Fv2%2Fmedia&parent=1435"}],"wp:term":[{"taxonomy":"product_cat","embeddable":true,"href":"https:\/\/sonjafellner.com\/index.php?rest_route=%2Fwp%2Fv2%2Fproduct_cat&post=1435"},{"taxonomy":"product_tag","embeddable":true,"href":"https:\/\/sonjafellner.com\/index.php?rest_route=%2Fwp%2Fv2%2Fproduct_tag&post=1435"}],"curies":[{"name":"wp","href":"https:\/\/api.w.org\/{rel}","templated":true}]}}