{"id":1418,"date":"2018-12-20T09:17:36","date_gmt":"2018-12-20T08:17:36","guid":{"rendered":"http:\/\/sonjafellner.com\/produkt\/elvira\/"},"modified":"2018-12-20T09:33:18","modified_gmt":"2018-12-20T08:33:18","slug":"elvira","status":"publish","type":"product","link":"https:\/\/sonjafellner.com\/?product=elvira","title":{"rendered":"Elvira"},"content":{"rendered":"<p>Braut sein im schimmernd, zarten T\u00fcrkis in Kombination mit einer farblich abgestimmten Spitze in sanftem Silber, am Vorderteil und Kragen. Der Rock ist siebenreihig handgezogen. Mit dem Hochzeitsdirndl Elvira erf\u00fcllt sich die Braut einen Traum f\u00fcr einen der sch\u00f6nsten Tage im Leben.<\/p>\n<p>&nbsp;<\/p>\n","protected":false},"excerpt":{"rendered":"<p>Braut sein im schimmernd, zarten T\u00fcrkis in Kombination mit einer farblich abgestimmten Spitze in sanftem Silber, am Vorderteil und Kragen. Der Rock ist siebenreihig handgezogen. Mit dem Hochzeitsdirndl Elvira erf\u00fcllt sich die Braut einen Traum f\u00fcr einen der sch\u00f6nsten Tage im Leben. &nbsp;<\/p>\n","protected":false},"featured_media":1415,"comment_status":"closed","ping_status":"closed","template":"","meta":[],"product_cat":[156,6,7,19,25],"product_tag":[],"yoast_head":"<!-- This site is optimized with the Yoast SEO plugin v20.11 - https:\/\/yoast.com\/wordpress\/plugins\/seo\/ -->\n<title>Elvira &ndash; Sonja Fellner<\/title>\n<meta name=\"robots\" content=\"index, follow, max-snippet:-1, max-image-preview:large, max-video-preview:-1\" \/>\n<link rel=\"canonical\" href=\"https:\/\/sonjafellner.com\/?product=elvira\" \/>\n<meta property=\"og:locale\" content=\"en_US\" \/>\n<meta property=\"og:type\" content=\"article\" \/>\n<meta property=\"og:title\" content=\"Elvira &ndash; Sonja Fellner\" \/>\n<meta property=\"og:description\" content=\"Braut sein im schimmernd, zarten T\u00fcrkis in Kombination mit einer farblich abgestimmten Spitze in sanftem Silber, am Vorderteil und Kragen. Der Rock ist siebenreihig handgezogen. Mit dem Hochzeitsdirndl Elvira erf\u00fcllt sich die Braut einen Traum f\u00fcr einen der sch\u00f6nsten Tage im Leben. &nbsp;\" \/>\n<meta property=\"og:url\" content=\"https:\/\/sonjafellner.com\/?product=elvira\" \/>\n<meta property=\"og:site_name\" content=\"Sonja Fellner\" \/>\n<meta property=\"article:modified_time\" content=\"2018-12-20T08:33:18+00:00\" \/>\n<meta property=\"og:image\" content=\"https:\/\/sonjafellner.com\/wp-content\/uploads\/2018\/12\/sonja-fellner-elvira-princess-dirndl-hochzeitsdirndl-hochzeitskleid-brautdirndl-balldirndl-vorderansicht.jpg\" \/>\n\t<meta property=\"og:image:width\" content=\"1000\" \/>\n\t<meta property=\"og:image:height\" content=\"1500\" \/>\n\t<meta property=\"og:image:type\" content=\"image\/jpeg\" \/>\n<meta name=\"twitter:card\" content=\"summary_large_image\" \/>\n<script type=\"application\/ld+json\" class=\"yoast-schema-graph\">{\"@context\":\"https:\/\/schema.org\",\"@graph\":[{\"@type\":\"WebPage\",\"@id\":\"https:\/\/sonjafellner.com\/?product=elvira\",\"url\":\"https:\/\/sonjafellner.com\/?product=elvira\",\"name\":\"Elvira &ndash; Sonja Fellner\",\"isPartOf\":{\"@id\":\"https:\/\/sonjafellner.com\/#website\"},\"datePublished\":\"2018-12-20T08:17:36+00:00\",\"dateModified\":\"2018-12-20T08:33:18+00:00\",\"breadcrumb\":{\"@id\":\"https:\/\/sonjafellner.com\/?product=elvira#breadcrumb\"},\"inLanguage\":\"en-US\",\"potentialAction\":[{\"@type\":\"ReadAction\",\"target\":[\"https:\/\/sonjafellner.com\/?product=elvira\"]}]},{\"@type\":\"BreadcrumbList\",\"@id\":\"https:\/\/sonjafellner.com\/?product=elvira#breadcrumb\",\"itemListElement\":[{\"@type\":\"ListItem\",\"position\":1,\"name\":\"Home\",\"item\":\"https:\/\/sonjafellner.com\/\"},{\"@type\":\"ListItem\",\"position\":2,\"name\":\"Shop\",\"item\":\"https:\/\/sonjafellner.com\/?page_id=14\"},{\"@type\":\"ListItem\",\"position\":3,\"name\":\"Elvira\"}]},{\"@type\":\"WebSite\",\"@id\":\"https:\/\/sonjafellner.com\/#website\",\"url\":\"https:\/\/sonjafellner.com\/\",\"name\":\"Sonja Fellner\",\"description\":\"Austria\",\"potentialAction\":[{\"@type\":\"SearchAction\",\"target\":{\"@type\":\"EntryPoint\",\"urlTemplate\":\"https:\/\/sonjafellner.com\/?s={search_term_string}\"},\"query-input\":\"required name=search_term_string\"}],\"inLanguage\":\"en-US\"}]}<\/script>\n<!-- \/ Yoast SEO plugin. -->","yoast_head_json":{"title":"Elvira &ndash; Sonja Fellner","robots":{"index":"index","follow":"follow","max-snippet":"max-snippet:-1","max-image-preview":"max-image-preview:large","max-video-preview":"max-video-preview:-1"},"canonical":"https:\/\/sonjafellner.com\/?product=elvira","og_locale":"en_US","og_type":"article","og_title":"Elvira &ndash; Sonja Fellner","og_description":"Braut sein im schimmernd, zarten T\u00fcrkis in Kombination mit einer farblich abgestimmten Spitze in sanftem Silber, am Vorderteil und Kragen. Der Rock ist siebenreihig handgezogen. Mit dem Hochzeitsdirndl Elvira erf\u00fcllt sich die Braut einen Traum f\u00fcr einen der sch\u00f6nsten Tage im Leben. &nbsp;","og_url":"https:\/\/sonjafellner.com\/?product=elvira","og_site_name":"Sonja Fellner","article_modified_time":"2018-12-20T08:33:18+00:00","og_image":[{"width":1000,"height":1500,"url":"https:\/\/sonjafellner.com\/wp-content\/uploads\/2018\/12\/sonja-fellner-elvira-princess-dirndl-hochzeitsdirndl-hochzeitskleid-brautdirndl-balldirndl-vorderansicht.jpg","type":"image\/jpeg"}],"twitter_card":"summary_large_image","schema":{"@context":"https:\/\/schema.org","@graph":[{"@type":"WebPage","@id":"https:\/\/sonjafellner.com\/?product=elvira","url":"https:\/\/sonjafellner.com\/?product=elvira","name":"Elvira &ndash; Sonja Fellner","isPartOf":{"@id":"https:\/\/sonjafellner.com\/#website"},"datePublished":"2018-12-20T08:17:36+00:00","dateModified":"2018-12-20T08:33:18+00:00","breadcrumb":{"@id":"https:\/\/sonjafellner.com\/?product=elvira#breadcrumb"},"inLanguage":"en-US","potentialAction":[{"@type":"ReadAction","target":["https:\/\/sonjafellner.com\/?product=elvira"]}]},{"@type":"BreadcrumbList","@id":"https:\/\/sonjafellner.com\/?product=elvira#breadcrumb","itemListElement":[{"@type":"ListItem","position":1,"name":"Home","item":"https:\/\/sonjafellner.com\/"},{"@type":"ListItem","position":2,"name":"Shop","item":"https:\/\/sonjafellner.com\/?page_id=14"},{"@type":"ListItem","position":3,"name":"Elvira"}]},{"@type":"WebSite","@id":"https:\/\/sonjafellner.com\/#website","url":"https:\/\/sonjafellner.com\/","name":"Sonja Fellner","description":"Austria","potentialAction":[{"@type":"SearchAction","target":{"@type":"EntryPoint","urlTemplate":"https:\/\/sonjafellner.com\/?s={search_term_string}"},"query-input":"required name=search_term_string"}],"inLanguage":"en-US"}]}},"_links":{"self":[{"href":"https:\/\/sonjafellner.com\/index.php?rest_route=\/wp\/v3\/product\/1418"}],"collection":[{"href":"https:\/\/sonjafellner.com\/index.php?rest_route=\/wp\/v3\/product"}],"about":[{"href":"https:\/\/sonjafellner.com\/index.php?rest_route=\/wp\/v2\/types\/product"}],"replies":[{"embeddable":true,"href":"https:\/\/sonjafellner.com\/index.php?rest_route=%2Fwp%2Fv2%2Fcomments&post=1418"}],"wp:featuredmedia":[{"embeddable":true,"href":"https:\/\/sonjafellner.com\/index.php?rest_route=\/wp\/v2\/media\/1415"}],"wp:attachment":[{"href":"https:\/\/sonjafellner.com\/index.php?rest_route=%2Fwp%2Fv2%2Fmedia&parent=1418"}],"wp:term":[{"taxonomy":"product_cat","embeddable":true,"href":"https:\/\/sonjafellner.com\/index.php?rest_route=%2Fwp%2Fv2%2Fproduct_cat&post=1418"},{"taxonomy":"product_tag","embeddable":true,"href":"https:\/\/sonjafellner.com\/index.php?rest_route=%2Fwp%2Fv2%2Fproduct_tag&post=1418"}],"curies":[{"name":"wp","href":"https:\/\/api.w.org\/{rel}","templated":true}]}}