{"id":140,"date":"2015-08-26T14:52:32","date_gmt":"2015-08-26T12:52:32","guid":{"rendered":"http:\/\/sonjafellner.com\/produkt\/belinda\/"},"modified":"2015-09-12T17:04:55","modified_gmt":"2015-09-12T15:04:55","slug":"belinda","status":"publish","type":"product","link":"https:\/\/sonjafellner.com\/?product=belinda","title":{"rendered":"Belinda"},"content":{"rendered":"<div class=\"dsc\">\n<p>\u201cBelinda\u201d ist ein vom Rokoko inspiriertes Korsett aus schwarzem Samt. In den Vorder- und R\u00fcckenteil sind Miederst\u00e4be eingearbeitet. Der Ausschnitt und die Enden sind mit einem schmalen Satinband eingefasst. Das Korsett ist am R\u00fcckenteil zu schn\u00fcren.<\/p>\n<p>Der Preis umfasst das Samtmieder. Der Rock kann separat bestellt werden.<\/p>\n<\/div>\n","protected":false},"excerpt":{"rendered":"<p>\u201cBelinda\u201d ist ein vom Rokoko inspiriertes Korsett aus schwarzem Samt. In den Vorder- und R\u00fcckenteil sind Miederst\u00e4be eingearbeitet. Der Ausschnitt und die Enden sind mit einem schmalen Satinband eingefasst. Das Korsett ist am R\u00fcckenteil zu schn\u00fcren. Der Preis umfasst das Samtmieder. Der Rock kann separat bestellt werden.<\/p>\n","protected":false},"featured_media":397,"comment_status":"closed","ping_status":"closed","template":"","meta":[],"product_cat":[20],"product_tag":[],"yoast_head":"<!-- This site is optimized with the Yoast SEO plugin v20.11 - https:\/\/yoast.com\/wordpress\/plugins\/seo\/ -->\n<title>Belinda &ndash; Sonja Fellner<\/title>\n<meta name=\"robots\" content=\"index, follow, max-snippet:-1, max-image-preview:large, max-video-preview:-1\" \/>\n<link rel=\"canonical\" href=\"https:\/\/sonjafellner.com\/?product=belinda\" \/>\n<meta property=\"og:locale\" content=\"en_US\" \/>\n<meta property=\"og:type\" content=\"article\" \/>\n<meta property=\"og:title\" content=\"Belinda &ndash; Sonja Fellner\" \/>\n<meta property=\"og:description\" content=\"\u201cBelinda\u201d ist ein vom Rokoko inspiriertes Korsett aus schwarzem Samt. In den Vorder- und R\u00fcckenteil sind Miederst\u00e4be eingearbeitet. Der Ausschnitt und die Enden sind mit einem schmalen Satinband eingefasst. Das Korsett ist am R\u00fcckenteil zu schn\u00fcren. Der Preis umfasst das Samtmieder. Der Rock kann separat bestellt werden.\" \/>\n<meta property=\"og:url\" content=\"https:\/\/sonjafellner.com\/?product=belinda\" \/>\n<meta property=\"og:site_name\" content=\"Sonja Fellner\" \/>\n<meta property=\"article:modified_time\" content=\"2015-09-12T15:04:55+00:00\" \/>\n<meta property=\"og:image\" content=\"https:\/\/sonjafellner.com\/wp-content\/uploads\/2015\/09\/belinda.front_.jpg\" \/>\n\t<meta property=\"og:image:width\" content=\"996\" \/>\n\t<meta property=\"og:image:height\" content=\"1500\" \/>\n\t<meta property=\"og:image:type\" content=\"image\/jpeg\" \/>\n<meta name=\"twitter:card\" content=\"summary_large_image\" \/>\n<script type=\"application\/ld+json\" class=\"yoast-schema-graph\">{\"@context\":\"https:\/\/schema.org\",\"@graph\":[{\"@type\":\"WebPage\",\"@id\":\"https:\/\/sonjafellner.com\/?product=belinda\",\"url\":\"https:\/\/sonjafellner.com\/?product=belinda\",\"name\":\"Belinda &ndash; Sonja Fellner\",\"isPartOf\":{\"@id\":\"https:\/\/sonjafellner.com\/#website\"},\"datePublished\":\"2015-08-26T12:52:32+00:00\",\"dateModified\":\"2015-09-12T15:04:55+00:00\",\"breadcrumb\":{\"@id\":\"https:\/\/sonjafellner.com\/?product=belinda#breadcrumb\"},\"inLanguage\":\"en-US\",\"potentialAction\":[{\"@type\":\"ReadAction\",\"target\":[\"https:\/\/sonjafellner.com\/?product=belinda\"]}]},{\"@type\":\"BreadcrumbList\",\"@id\":\"https:\/\/sonjafellner.com\/?product=belinda#breadcrumb\",\"itemListElement\":[{\"@type\":\"ListItem\",\"position\":1,\"name\":\"Home\",\"item\":\"https:\/\/sonjafellner.com\/\"},{\"@type\":\"ListItem\",\"position\":2,\"name\":\"Shop\",\"item\":\"https:\/\/sonjafellner.com\/?page_id=14\"},{\"@type\":\"ListItem\",\"position\":3,\"name\":\"Belinda\"}]},{\"@type\":\"WebSite\",\"@id\":\"https:\/\/sonjafellner.com\/#website\",\"url\":\"https:\/\/sonjafellner.com\/\",\"name\":\"Sonja Fellner\",\"description\":\"Austria\",\"potentialAction\":[{\"@type\":\"SearchAction\",\"target\":{\"@type\":\"EntryPoint\",\"urlTemplate\":\"https:\/\/sonjafellner.com\/?s={search_term_string}\"},\"query-input\":\"required name=search_term_string\"}],\"inLanguage\":\"en-US\"}]}<\/script>\n<!-- \/ Yoast SEO plugin. -->","yoast_head_json":{"title":"Belinda &ndash; Sonja Fellner","robots":{"index":"index","follow":"follow","max-snippet":"max-snippet:-1","max-image-preview":"max-image-preview:large","max-video-preview":"max-video-preview:-1"},"canonical":"https:\/\/sonjafellner.com\/?product=belinda","og_locale":"en_US","og_type":"article","og_title":"Belinda &ndash; Sonja Fellner","og_description":"\u201cBelinda\u201d ist ein vom Rokoko inspiriertes Korsett aus schwarzem Samt. In den Vorder- und R\u00fcckenteil sind Miederst\u00e4be eingearbeitet. Der Ausschnitt und die Enden sind mit einem schmalen Satinband eingefasst. Das Korsett ist am R\u00fcckenteil zu schn\u00fcren. Der Preis umfasst das Samtmieder. Der Rock kann separat bestellt werden.","og_url":"https:\/\/sonjafellner.com\/?product=belinda","og_site_name":"Sonja Fellner","article_modified_time":"2015-09-12T15:04:55+00:00","og_image":[{"width":996,"height":1500,"url":"https:\/\/sonjafellner.com\/wp-content\/uploads\/2015\/09\/belinda.front_.jpg","type":"image\/jpeg"}],"twitter_card":"summary_large_image","schema":{"@context":"https:\/\/schema.org","@graph":[{"@type":"WebPage","@id":"https:\/\/sonjafellner.com\/?product=belinda","url":"https:\/\/sonjafellner.com\/?product=belinda","name":"Belinda &ndash; Sonja Fellner","isPartOf":{"@id":"https:\/\/sonjafellner.com\/#website"},"datePublished":"2015-08-26T12:52:32+00:00","dateModified":"2015-09-12T15:04:55+00:00","breadcrumb":{"@id":"https:\/\/sonjafellner.com\/?product=belinda#breadcrumb"},"inLanguage":"en-US","potentialAction":[{"@type":"ReadAction","target":["https:\/\/sonjafellner.com\/?product=belinda"]}]},{"@type":"BreadcrumbList","@id":"https:\/\/sonjafellner.com\/?product=belinda#breadcrumb","itemListElement":[{"@type":"ListItem","position":1,"name":"Home","item":"https:\/\/sonjafellner.com\/"},{"@type":"ListItem","position":2,"name":"Shop","item":"https:\/\/sonjafellner.com\/?page_id=14"},{"@type":"ListItem","position":3,"name":"Belinda"}]},{"@type":"WebSite","@id":"https:\/\/sonjafellner.com\/#website","url":"https:\/\/sonjafellner.com\/","name":"Sonja Fellner","description":"Austria","potentialAction":[{"@type":"SearchAction","target":{"@type":"EntryPoint","urlTemplate":"https:\/\/sonjafellner.com\/?s={search_term_string}"},"query-input":"required name=search_term_string"}],"inLanguage":"en-US"}]}},"_links":{"self":[{"href":"https:\/\/sonjafellner.com\/index.php?rest_route=\/wp\/v3\/product\/140"}],"collection":[{"href":"https:\/\/sonjafellner.com\/index.php?rest_route=\/wp\/v3\/product"}],"about":[{"href":"https:\/\/sonjafellner.com\/index.php?rest_route=\/wp\/v2\/types\/product"}],"replies":[{"embeddable":true,"href":"https:\/\/sonjafellner.com\/index.php?rest_route=%2Fwp%2Fv2%2Fcomments&post=140"}],"wp:featuredmedia":[{"embeddable":true,"href":"https:\/\/sonjafellner.com\/index.php?rest_route=\/wp\/v2\/media\/397"}],"wp:attachment":[{"href":"https:\/\/sonjafellner.com\/index.php?rest_route=%2Fwp%2Fv2%2Fmedia&parent=140"}],"wp:term":[{"taxonomy":"product_cat","embeddable":true,"href":"https:\/\/sonjafellner.com\/index.php?rest_route=%2Fwp%2Fv2%2Fproduct_cat&post=140"},{"taxonomy":"product_tag","embeddable":true,"href":"https:\/\/sonjafellner.com\/index.php?rest_route=%2Fwp%2Fv2%2Fproduct_tag&post=140"}],"curies":[{"name":"wp","href":"https:\/\/api.w.org\/{rel}","templated":true}]}}