{"id":1301,"date":"2016-08-21T20:14:12","date_gmt":"2016-08-21T18:14:12","guid":{"rendered":"http:\/\/sonjafellner.com\/produkt\/florence\/"},"modified":"2016-08-21T20:21:50","modified_gmt":"2016-08-21T18:21:50","slug":"florence","status":"publish","type":"product","link":"https:\/\/sonjafellner.com\/?product=florence","title":{"rendered":"Florence"},"content":{"rendered":"<div class=\"dsc\">\n<div class=\"dsc\">\n<div class=\"dsc\">\n<div class=\"dsc\">\n<div class=\"dsc\">\n<p>Ein zarter Animal-Print gr\u00fc\u00dft wei\u00dfe Lilien. Diese moderne Farbkombination l\u00e4\u00dft das Dirndl lebending und frisch wirken. Das Mieder ist vorne mit Miederhaken zu schlie\u00dfen. Der Ausschnitt ist mit einer Paspel versehen. Der Rock ist in Handarbeit reihig gezogen. Die handgestiftelte Sch\u00fcrze rundet das Gesamtbild perfekt ab.<\/p>\n<\/div>\n<p>Die Lieferung umfasst Dirndl, Sch\u00fcrze und Bluse.<\/p>\n<\/div>\n<\/div>\n<\/div>\n<\/div>\n","protected":false},"excerpt":{"rendered":"<p>Ein zarter Animal-Print gr\u00fc\u00dft wei\u00dfe Lilien. Diese moderne Farbkombination l\u00e4\u00dft das Dirndl lebending und frisch wirken. Das Mieder ist vorne mit Miederhaken zu schlie\u00dfen. Der Ausschnitt ist mit einer Paspel versehen. Der Rock ist in Handarbeit reihig gezogen. Die handgestiftelte Sch\u00fcrze rundet das Gesamtbild perfekt ab. Die Lieferung umfasst Dirndl, Sch\u00fcrze und Bluse.<\/p>\n","protected":false},"featured_media":1299,"comment_status":"open","ping_status":"closed","template":"","meta":[],"product_cat":[6,10],"product_tag":[],"yoast_head":"<!-- This site is optimized with the Yoast SEO plugin v20.11 - https:\/\/yoast.com\/wordpress\/plugins\/seo\/ -->\n<title>Florence &ndash; Sonja Fellner<\/title>\n<meta name=\"robots\" content=\"index, follow, max-snippet:-1, max-image-preview:large, max-video-preview:-1\" \/>\n<link rel=\"canonical\" href=\"https:\/\/sonjafellner.com\/?product=florence\" \/>\n<meta property=\"og:locale\" content=\"en_US\" \/>\n<meta property=\"og:type\" content=\"article\" \/>\n<meta property=\"og:title\" content=\"Florence &ndash; Sonja Fellner\" \/>\n<meta property=\"og:description\" content=\"Ein zarter Animal-Print gr\u00fc\u00dft wei\u00dfe Lilien. Diese moderne Farbkombination l\u00e4\u00dft das Dirndl lebending und frisch wirken. Das Mieder ist vorne mit Miederhaken zu schlie\u00dfen. Der Ausschnitt ist mit einer Paspel versehen. Der Rock ist in Handarbeit reihig gezogen. Die handgestiftelte Sch\u00fcrze rundet das Gesamtbild perfekt ab. Die Lieferung umfasst Dirndl, Sch\u00fcrze und Bluse.\" \/>\n<meta property=\"og:url\" content=\"https:\/\/sonjafellner.com\/?product=florence\" \/>\n<meta property=\"og:site_name\" content=\"Sonja Fellner\" \/>\n<meta property=\"article:modified_time\" content=\"2016-08-21T18:21:50+00:00\" \/>\n<meta property=\"og:image\" content=\"https:\/\/sonjafellner.com\/wp-content\/uploads\/2016\/08\/sonja-fellner-florence-dirndl-alltagsdirndl-vorderansicht.jpg\" \/>\n\t<meta property=\"og:image:width\" content=\"1000\" \/>\n\t<meta property=\"og:image:height\" content=\"1500\" \/>\n\t<meta property=\"og:image:type\" content=\"image\/jpeg\" \/>\n<meta name=\"twitter:card\" content=\"summary_large_image\" \/>\n<script type=\"application\/ld+json\" class=\"yoast-schema-graph\">{\"@context\":\"https:\/\/schema.org\",\"@graph\":[{\"@type\":\"WebPage\",\"@id\":\"https:\/\/sonjafellner.com\/?product=florence\",\"url\":\"https:\/\/sonjafellner.com\/?product=florence\",\"name\":\"Florence &ndash; Sonja Fellner\",\"isPartOf\":{\"@id\":\"https:\/\/sonjafellner.com\/#website\"},\"datePublished\":\"2016-08-21T18:14:12+00:00\",\"dateModified\":\"2016-08-21T18:21:50+00:00\",\"breadcrumb\":{\"@id\":\"https:\/\/sonjafellner.com\/?product=florence#breadcrumb\"},\"inLanguage\":\"en-US\",\"potentialAction\":[{\"@type\":\"ReadAction\",\"target\":[\"https:\/\/sonjafellner.com\/?product=florence\"]}]},{\"@type\":\"BreadcrumbList\",\"@id\":\"https:\/\/sonjafellner.com\/?product=florence#breadcrumb\",\"itemListElement\":[{\"@type\":\"ListItem\",\"position\":1,\"name\":\"Home\",\"item\":\"https:\/\/sonjafellner.com\/\"},{\"@type\":\"ListItem\",\"position\":2,\"name\":\"Shop\",\"item\":\"https:\/\/sonjafellner.com\/?page_id=14\"},{\"@type\":\"ListItem\",\"position\":3,\"name\":\"Florence\"}]},{\"@type\":\"WebSite\",\"@id\":\"https:\/\/sonjafellner.com\/#website\",\"url\":\"https:\/\/sonjafellner.com\/\",\"name\":\"Sonja Fellner\",\"description\":\"Austria\",\"potentialAction\":[{\"@type\":\"SearchAction\",\"target\":{\"@type\":\"EntryPoint\",\"urlTemplate\":\"https:\/\/sonjafellner.com\/?s={search_term_string}\"},\"query-input\":\"required name=search_term_string\"}],\"inLanguage\":\"en-US\"}]}<\/script>\n<!-- \/ Yoast SEO plugin. -->","yoast_head_json":{"title":"Florence &ndash; Sonja Fellner","robots":{"index":"index","follow":"follow","max-snippet":"max-snippet:-1","max-image-preview":"max-image-preview:large","max-video-preview":"max-video-preview:-1"},"canonical":"https:\/\/sonjafellner.com\/?product=florence","og_locale":"en_US","og_type":"article","og_title":"Florence &ndash; Sonja Fellner","og_description":"Ein zarter Animal-Print gr\u00fc\u00dft wei\u00dfe Lilien. Diese moderne Farbkombination l\u00e4\u00dft das Dirndl lebending und frisch wirken. Das Mieder ist vorne mit Miederhaken zu schlie\u00dfen. Der Ausschnitt ist mit einer Paspel versehen. Der Rock ist in Handarbeit reihig gezogen. Die handgestiftelte Sch\u00fcrze rundet das Gesamtbild perfekt ab. Die Lieferung umfasst Dirndl, Sch\u00fcrze und Bluse.","og_url":"https:\/\/sonjafellner.com\/?product=florence","og_site_name":"Sonja Fellner","article_modified_time":"2016-08-21T18:21:50+00:00","og_image":[{"width":1000,"height":1500,"url":"https:\/\/sonjafellner.com\/wp-content\/uploads\/2016\/08\/sonja-fellner-florence-dirndl-alltagsdirndl-vorderansicht.jpg","type":"image\/jpeg"}],"twitter_card":"summary_large_image","schema":{"@context":"https:\/\/schema.org","@graph":[{"@type":"WebPage","@id":"https:\/\/sonjafellner.com\/?product=florence","url":"https:\/\/sonjafellner.com\/?product=florence","name":"Florence &ndash; Sonja Fellner","isPartOf":{"@id":"https:\/\/sonjafellner.com\/#website"},"datePublished":"2016-08-21T18:14:12+00:00","dateModified":"2016-08-21T18:21:50+00:00","breadcrumb":{"@id":"https:\/\/sonjafellner.com\/?product=florence#breadcrumb"},"inLanguage":"en-US","potentialAction":[{"@type":"ReadAction","target":["https:\/\/sonjafellner.com\/?product=florence"]}]},{"@type":"BreadcrumbList","@id":"https:\/\/sonjafellner.com\/?product=florence#breadcrumb","itemListElement":[{"@type":"ListItem","position":1,"name":"Home","item":"https:\/\/sonjafellner.com\/"},{"@type":"ListItem","position":2,"name":"Shop","item":"https:\/\/sonjafellner.com\/?page_id=14"},{"@type":"ListItem","position":3,"name":"Florence"}]},{"@type":"WebSite","@id":"https:\/\/sonjafellner.com\/#website","url":"https:\/\/sonjafellner.com\/","name":"Sonja Fellner","description":"Austria","potentialAction":[{"@type":"SearchAction","target":{"@type":"EntryPoint","urlTemplate":"https:\/\/sonjafellner.com\/?s={search_term_string}"},"query-input":"required name=search_term_string"}],"inLanguage":"en-US"}]}},"_links":{"self":[{"href":"https:\/\/sonjafellner.com\/index.php?rest_route=\/wp\/v3\/product\/1301"}],"collection":[{"href":"https:\/\/sonjafellner.com\/index.php?rest_route=\/wp\/v3\/product"}],"about":[{"href":"https:\/\/sonjafellner.com\/index.php?rest_route=\/wp\/v2\/types\/product"}],"replies":[{"embeddable":true,"href":"https:\/\/sonjafellner.com\/index.php?rest_route=%2Fwp%2Fv2%2Fcomments&post=1301"}],"wp:featuredmedia":[{"embeddable":true,"href":"https:\/\/sonjafellner.com\/index.php?rest_route=\/wp\/v2\/media\/1299"}],"wp:attachment":[{"href":"https:\/\/sonjafellner.com\/index.php?rest_route=%2Fwp%2Fv2%2Fmedia&parent=1301"}],"wp:term":[{"taxonomy":"product_cat","embeddable":true,"href":"https:\/\/sonjafellner.com\/index.php?rest_route=%2Fwp%2Fv2%2Fproduct_cat&post=1301"},{"taxonomy":"product_tag","embeddable":true,"href":"https:\/\/sonjafellner.com\/index.php?rest_route=%2Fwp%2Fv2%2Fproduct_tag&post=1301"}],"curies":[{"name":"wp","href":"https:\/\/api.w.org\/{rel}","templated":true}]}}