{"id":1287,"date":"2016-08-21T19:55:19","date_gmt":"2016-08-21T17:55:19","guid":{"rendered":"http:\/\/sonjafellner.com\/produkt\/fidelia\/"},"modified":"2016-08-21T20:01:07","modified_gmt":"2016-08-21T18:01:07","slug":"fidelia","status":"publish","type":"product","link":"https:\/\/sonjafellner.com\/?product=fidelia","title":{"rendered":"Fidelia"},"content":{"rendered":"<div class=\"dsc\">\n<div class=\"dsc\">\n<div class=\"dsc\">\n<div class=\"dsc\">\n<div class=\"dsc\">\n<p>Fidelia ist ein pfiffiges Dirndl mit einem afrikanisch angehauchten Muster. Das Dirndl kann auch ohne Sch\u00fcrze als Sommerkleid getragen werden. Das Mieder ist vorne mit Miederhaken zu schlie\u00dfen. Der Rock ist in Handarbeit reihig gezogen. Eine Paspel umfasst den Ausschnitt und die Tr\u00e4ger.<\/p>\n<\/div>\n<\/div>\n<\/div>\n<\/div>\n<\/div>\n","protected":false},"excerpt":{"rendered":"<p>Fidelia ist ein pfiffiges Dirndl mit einem afrikanisch angehauchten Muster. Das Dirndl kann auch ohne Sch\u00fcrze als Sommerkleid getragen werden. Das Mieder ist vorne mit Miederhaken zu schlie\u00dfen. Der Rock ist in Handarbeit reihig gezogen. Eine Paspel umfasst den Ausschnitt und die Tr\u00e4ger.<\/p>\n","protected":false},"featured_media":1286,"comment_status":"open","ping_status":"closed","template":"","meta":[],"product_cat":[6,10],"product_tag":[],"yoast_head":"<!-- This site is optimized with the Yoast SEO plugin v20.11 - https:\/\/yoast.com\/wordpress\/plugins\/seo\/ -->\n<title>Fidelia &ndash; Sonja Fellner<\/title>\n<meta name=\"robots\" content=\"index, follow, max-snippet:-1, max-image-preview:large, max-video-preview:-1\" \/>\n<link rel=\"canonical\" href=\"https:\/\/sonjafellner.com\/?product=fidelia\" \/>\n<meta property=\"og:locale\" content=\"en_US\" \/>\n<meta property=\"og:type\" content=\"article\" \/>\n<meta property=\"og:title\" content=\"Fidelia &ndash; Sonja Fellner\" \/>\n<meta property=\"og:description\" content=\"Fidelia ist ein pfiffiges Dirndl mit einem afrikanisch angehauchten Muster. Das Dirndl kann auch ohne Sch\u00fcrze als Sommerkleid getragen werden. Das Mieder ist vorne mit Miederhaken zu schlie\u00dfen. Der Rock ist in Handarbeit reihig gezogen. Eine Paspel umfasst den Ausschnitt und die Tr\u00e4ger.\" \/>\n<meta property=\"og:url\" content=\"https:\/\/sonjafellner.com\/?product=fidelia\" \/>\n<meta property=\"og:site_name\" content=\"Sonja Fellner\" \/>\n<meta property=\"article:modified_time\" content=\"2016-08-21T18:01:07+00:00\" \/>\n<meta property=\"og:image\" content=\"https:\/\/sonjafellner.com\/wp-content\/uploads\/2016\/08\/sonja-fellner-fidelia-dirndl-alltagsdirndl-vorderansicht.jpg\" \/>\n\t<meta property=\"og:image:width\" content=\"1000\" \/>\n\t<meta property=\"og:image:height\" content=\"1500\" \/>\n\t<meta property=\"og:image:type\" content=\"image\/jpeg\" \/>\n<meta name=\"twitter:card\" content=\"summary_large_image\" \/>\n<script type=\"application\/ld+json\" class=\"yoast-schema-graph\">{\"@context\":\"https:\/\/schema.org\",\"@graph\":[{\"@type\":\"WebPage\",\"@id\":\"https:\/\/sonjafellner.com\/?product=fidelia\",\"url\":\"https:\/\/sonjafellner.com\/?product=fidelia\",\"name\":\"Fidelia &ndash; Sonja Fellner\",\"isPartOf\":{\"@id\":\"https:\/\/sonjafellner.com\/#website\"},\"datePublished\":\"2016-08-21T17:55:19+00:00\",\"dateModified\":\"2016-08-21T18:01:07+00:00\",\"breadcrumb\":{\"@id\":\"https:\/\/sonjafellner.com\/?product=fidelia#breadcrumb\"},\"inLanguage\":\"en-US\",\"potentialAction\":[{\"@type\":\"ReadAction\",\"target\":[\"https:\/\/sonjafellner.com\/?product=fidelia\"]}]},{\"@type\":\"BreadcrumbList\",\"@id\":\"https:\/\/sonjafellner.com\/?product=fidelia#breadcrumb\",\"itemListElement\":[{\"@type\":\"ListItem\",\"position\":1,\"name\":\"Home\",\"item\":\"https:\/\/sonjafellner.com\/\"},{\"@type\":\"ListItem\",\"position\":2,\"name\":\"Shop\",\"item\":\"https:\/\/sonjafellner.com\/?page_id=14\"},{\"@type\":\"ListItem\",\"position\":3,\"name\":\"Fidelia\"}]},{\"@type\":\"WebSite\",\"@id\":\"https:\/\/sonjafellner.com\/#website\",\"url\":\"https:\/\/sonjafellner.com\/\",\"name\":\"Sonja Fellner\",\"description\":\"Austria\",\"potentialAction\":[{\"@type\":\"SearchAction\",\"target\":{\"@type\":\"EntryPoint\",\"urlTemplate\":\"https:\/\/sonjafellner.com\/?s={search_term_string}\"},\"query-input\":\"required name=search_term_string\"}],\"inLanguage\":\"en-US\"}]}<\/script>\n<!-- \/ Yoast SEO plugin. -->","yoast_head_json":{"title":"Fidelia &ndash; Sonja Fellner","robots":{"index":"index","follow":"follow","max-snippet":"max-snippet:-1","max-image-preview":"max-image-preview:large","max-video-preview":"max-video-preview:-1"},"canonical":"https:\/\/sonjafellner.com\/?product=fidelia","og_locale":"en_US","og_type":"article","og_title":"Fidelia &ndash; Sonja Fellner","og_description":"Fidelia ist ein pfiffiges Dirndl mit einem afrikanisch angehauchten Muster. Das Dirndl kann auch ohne Sch\u00fcrze als Sommerkleid getragen werden. Das Mieder ist vorne mit Miederhaken zu schlie\u00dfen. Der Rock ist in Handarbeit reihig gezogen. Eine Paspel umfasst den Ausschnitt und die Tr\u00e4ger.","og_url":"https:\/\/sonjafellner.com\/?product=fidelia","og_site_name":"Sonja Fellner","article_modified_time":"2016-08-21T18:01:07+00:00","og_image":[{"width":1000,"height":1500,"url":"https:\/\/sonjafellner.com\/wp-content\/uploads\/2016\/08\/sonja-fellner-fidelia-dirndl-alltagsdirndl-vorderansicht.jpg","type":"image\/jpeg"}],"twitter_card":"summary_large_image","schema":{"@context":"https:\/\/schema.org","@graph":[{"@type":"WebPage","@id":"https:\/\/sonjafellner.com\/?product=fidelia","url":"https:\/\/sonjafellner.com\/?product=fidelia","name":"Fidelia &ndash; Sonja Fellner","isPartOf":{"@id":"https:\/\/sonjafellner.com\/#website"},"datePublished":"2016-08-21T17:55:19+00:00","dateModified":"2016-08-21T18:01:07+00:00","breadcrumb":{"@id":"https:\/\/sonjafellner.com\/?product=fidelia#breadcrumb"},"inLanguage":"en-US","potentialAction":[{"@type":"ReadAction","target":["https:\/\/sonjafellner.com\/?product=fidelia"]}]},{"@type":"BreadcrumbList","@id":"https:\/\/sonjafellner.com\/?product=fidelia#breadcrumb","itemListElement":[{"@type":"ListItem","position":1,"name":"Home","item":"https:\/\/sonjafellner.com\/"},{"@type":"ListItem","position":2,"name":"Shop","item":"https:\/\/sonjafellner.com\/?page_id=14"},{"@type":"ListItem","position":3,"name":"Fidelia"}]},{"@type":"WebSite","@id":"https:\/\/sonjafellner.com\/#website","url":"https:\/\/sonjafellner.com\/","name":"Sonja Fellner","description":"Austria","potentialAction":[{"@type":"SearchAction","target":{"@type":"EntryPoint","urlTemplate":"https:\/\/sonjafellner.com\/?s={search_term_string}"},"query-input":"required name=search_term_string"}],"inLanguage":"en-US"}]}},"_links":{"self":[{"href":"https:\/\/sonjafellner.com\/index.php?rest_route=\/wp\/v3\/product\/1287"}],"collection":[{"href":"https:\/\/sonjafellner.com\/index.php?rest_route=\/wp\/v3\/product"}],"about":[{"href":"https:\/\/sonjafellner.com\/index.php?rest_route=\/wp\/v2\/types\/product"}],"replies":[{"embeddable":true,"href":"https:\/\/sonjafellner.com\/index.php?rest_route=%2Fwp%2Fv2%2Fcomments&post=1287"}],"wp:featuredmedia":[{"embeddable":true,"href":"https:\/\/sonjafellner.com\/index.php?rest_route=\/wp\/v2\/media\/1286"}],"wp:attachment":[{"href":"https:\/\/sonjafellner.com\/index.php?rest_route=%2Fwp%2Fv2%2Fmedia&parent=1287"}],"wp:term":[{"taxonomy":"product_cat","embeddable":true,"href":"https:\/\/sonjafellner.com\/index.php?rest_route=%2Fwp%2Fv2%2Fproduct_cat&post=1287"},{"taxonomy":"product_tag","embeddable":true,"href":"https:\/\/sonjafellner.com\/index.php?rest_route=%2Fwp%2Fv2%2Fproduct_tag&post=1287"}],"curies":[{"name":"wp","href":"https:\/\/api.w.org\/{rel}","templated":true}]}}