{"id":1248,"date":"2016-08-21T15:38:50","date_gmt":"2016-08-21T13:38:50","guid":{"rendered":"http:\/\/sonjafellner.com\/produkt\/elisabeth\/"},"modified":"2016-08-21T16:48:51","modified_gmt":"2016-08-21T14:48:51","slug":"elisabeth","status":"publish","type":"product","link":"https:\/\/sonjafellner.com\/?product=elisabeth","title":{"rendered":"Elisabeth"},"content":{"rendered":"<p>Das prunkvolle Dirndlkleid Elisabeth aus feinem, purpurschwarzem Samt, ist ein wahrer Auftritt. Die aufw\u00e4ndig bestickte, fein Goldbort\u00fcre verziert die L\u00e4nge des geschwungenen Rockes. Eine Paspel in Gold ist auf der 3 cm breiten Blende am Ausschnitt eingearbeitet. Am mittleren Vorderteil sind Miederst\u00e4be eingearbeitet und sorgen f\u00fcr ein perfekte Passform. Das Kleid ist seitlich mit einem Zip zu schlie\u00dfen. Der Rock ist mit einem Pettycoat gef\u00fcttert und sorgt f\u00fcr einen angenehmen Tragekomfort.<\/p>\n<p>Hervorragend zu diesem Dirndlkleid passt die Spitzenbluse <a href=\"http:\/\/sonjafellner.com\/produkt\/hella\/\">Hella<\/a>.<\/p>\n","protected":false},"excerpt":{"rendered":"<p>Das prunkvolle Dirndlkleid Elisabeth aus feinem, purpurschwarzem Samt, ist ein wahrer Auftritt. Die aufw\u00e4ndig bestickte, fein Goldbort\u00fcre verziert die L\u00e4nge des geschwungenen Rockes. Eine Paspel in Gold ist auf der 3 cm breiten Blende am Ausschnitt eingearbeitet. Am mittleren Vorderteil sind Miederst\u00e4be eingearbeitet und sorgen f\u00fcr ein perfekte Passform. Das Kleid ist seitlich mit einem<br class=\"read-more-spacer\"> <a class=\"more-link clearfix\" href=\"https:\/\/sonjafellner.com\/?product=elisabeth\">Read More<\/a><\/p>\n","protected":false},"featured_media":1250,"comment_status":"closed","ping_status":"closed","template":"","meta":[],"product_cat":[116,6,7,25],"product_tag":[],"yoast_head":"<!-- This site is optimized with the Yoast SEO plugin v20.11 - https:\/\/yoast.com\/wordpress\/plugins\/seo\/ -->\n<title>Elisabeth &ndash; Sonja Fellner<\/title>\n<meta name=\"robots\" content=\"index, follow, max-snippet:-1, max-image-preview:large, max-video-preview:-1\" \/>\n<link rel=\"canonical\" href=\"https:\/\/sonjafellner.com\/?product=elisabeth\" \/>\n<meta property=\"og:locale\" content=\"en_US\" \/>\n<meta property=\"og:type\" content=\"article\" \/>\n<meta property=\"og:title\" content=\"Elisabeth &ndash; Sonja Fellner\" \/>\n<meta property=\"og:description\" content=\"Das prunkvolle Dirndlkleid Elisabeth aus feinem, purpurschwarzem Samt, ist ein wahrer Auftritt. Die aufw\u00e4ndig bestickte, fein Goldbort\u00fcre verziert die L\u00e4nge des geschwungenen Rockes. Eine Paspel in Gold ist auf der 3 cm breiten Blende am Ausschnitt eingearbeitet. Am mittleren Vorderteil sind Miederst\u00e4be eingearbeitet und sorgen f\u00fcr ein perfekte Passform. Das Kleid ist seitlich mit einem Read More\" \/>\n<meta property=\"og:url\" content=\"https:\/\/sonjafellner.com\/?product=elisabeth\" \/>\n<meta property=\"og:site_name\" content=\"Sonja Fellner\" \/>\n<meta property=\"article:modified_time\" content=\"2016-08-21T14:48:51+00:00\" \/>\n<meta property=\"og:image\" content=\"https:\/\/sonjafellner.com\/wp-content\/uploads\/2016\/08\/sonja-fellner-elisabeth-desire-for-romance-dirndl-couturedirndl-kleid-dirndlkleid-vorderansicht.jpg\" \/>\n\t<meta property=\"og:image:width\" content=\"1000\" \/>\n\t<meta property=\"og:image:height\" content=\"1500\" \/>\n\t<meta property=\"og:image:type\" content=\"image\/jpeg\" \/>\n<meta name=\"twitter:card\" content=\"summary_large_image\" \/>\n<script type=\"application\/ld+json\" class=\"yoast-schema-graph\">{\"@context\":\"https:\/\/schema.org\",\"@graph\":[{\"@type\":\"WebPage\",\"@id\":\"https:\/\/sonjafellner.com\/?product=elisabeth\",\"url\":\"https:\/\/sonjafellner.com\/?product=elisabeth\",\"name\":\"Elisabeth &ndash; Sonja Fellner\",\"isPartOf\":{\"@id\":\"https:\/\/sonjafellner.com\/#website\"},\"datePublished\":\"2016-08-21T13:38:50+00:00\",\"dateModified\":\"2016-08-21T14:48:51+00:00\",\"breadcrumb\":{\"@id\":\"https:\/\/sonjafellner.com\/?product=elisabeth#breadcrumb\"},\"inLanguage\":\"en-US\",\"potentialAction\":[{\"@type\":\"ReadAction\",\"target\":[\"https:\/\/sonjafellner.com\/?product=elisabeth\"]}]},{\"@type\":\"BreadcrumbList\",\"@id\":\"https:\/\/sonjafellner.com\/?product=elisabeth#breadcrumb\",\"itemListElement\":[{\"@type\":\"ListItem\",\"position\":1,\"name\":\"Home\",\"item\":\"https:\/\/sonjafellner.com\/\"},{\"@type\":\"ListItem\",\"position\":2,\"name\":\"Shop\",\"item\":\"https:\/\/sonjafellner.com\/?page_id=14\"},{\"@type\":\"ListItem\",\"position\":3,\"name\":\"Elisabeth\"}]},{\"@type\":\"WebSite\",\"@id\":\"https:\/\/sonjafellner.com\/#website\",\"url\":\"https:\/\/sonjafellner.com\/\",\"name\":\"Sonja Fellner\",\"description\":\"Austria\",\"potentialAction\":[{\"@type\":\"SearchAction\",\"target\":{\"@type\":\"EntryPoint\",\"urlTemplate\":\"https:\/\/sonjafellner.com\/?s={search_term_string}\"},\"query-input\":\"required name=search_term_string\"}],\"inLanguage\":\"en-US\"}]}<\/script>\n<!-- \/ Yoast SEO plugin. -->","yoast_head_json":{"title":"Elisabeth &ndash; Sonja Fellner","robots":{"index":"index","follow":"follow","max-snippet":"max-snippet:-1","max-image-preview":"max-image-preview:large","max-video-preview":"max-video-preview:-1"},"canonical":"https:\/\/sonjafellner.com\/?product=elisabeth","og_locale":"en_US","og_type":"article","og_title":"Elisabeth &ndash; Sonja Fellner","og_description":"Das prunkvolle Dirndlkleid Elisabeth aus feinem, purpurschwarzem Samt, ist ein wahrer Auftritt. Die aufw\u00e4ndig bestickte, fein Goldbort\u00fcre verziert die L\u00e4nge des geschwungenen Rockes. Eine Paspel in Gold ist auf der 3 cm breiten Blende am Ausschnitt eingearbeitet. Am mittleren Vorderteil sind Miederst\u00e4be eingearbeitet und sorgen f\u00fcr ein perfekte Passform. Das Kleid ist seitlich mit einem Read More","og_url":"https:\/\/sonjafellner.com\/?product=elisabeth","og_site_name":"Sonja Fellner","article_modified_time":"2016-08-21T14:48:51+00:00","og_image":[{"width":1000,"height":1500,"url":"https:\/\/sonjafellner.com\/wp-content\/uploads\/2016\/08\/sonja-fellner-elisabeth-desire-for-romance-dirndl-couturedirndl-kleid-dirndlkleid-vorderansicht.jpg","type":"image\/jpeg"}],"twitter_card":"summary_large_image","schema":{"@context":"https:\/\/schema.org","@graph":[{"@type":"WebPage","@id":"https:\/\/sonjafellner.com\/?product=elisabeth","url":"https:\/\/sonjafellner.com\/?product=elisabeth","name":"Elisabeth &ndash; Sonja Fellner","isPartOf":{"@id":"https:\/\/sonjafellner.com\/#website"},"datePublished":"2016-08-21T13:38:50+00:00","dateModified":"2016-08-21T14:48:51+00:00","breadcrumb":{"@id":"https:\/\/sonjafellner.com\/?product=elisabeth#breadcrumb"},"inLanguage":"en-US","potentialAction":[{"@type":"ReadAction","target":["https:\/\/sonjafellner.com\/?product=elisabeth"]}]},{"@type":"BreadcrumbList","@id":"https:\/\/sonjafellner.com\/?product=elisabeth#breadcrumb","itemListElement":[{"@type":"ListItem","position":1,"name":"Home","item":"https:\/\/sonjafellner.com\/"},{"@type":"ListItem","position":2,"name":"Shop","item":"https:\/\/sonjafellner.com\/?page_id=14"},{"@type":"ListItem","position":3,"name":"Elisabeth"}]},{"@type":"WebSite","@id":"https:\/\/sonjafellner.com\/#website","url":"https:\/\/sonjafellner.com\/","name":"Sonja Fellner","description":"Austria","potentialAction":[{"@type":"SearchAction","target":{"@type":"EntryPoint","urlTemplate":"https:\/\/sonjafellner.com\/?s={search_term_string}"},"query-input":"required name=search_term_string"}],"inLanguage":"en-US"}]}},"_links":{"self":[{"href":"https:\/\/sonjafellner.com\/index.php?rest_route=\/wp\/v3\/product\/1248"}],"collection":[{"href":"https:\/\/sonjafellner.com\/index.php?rest_route=\/wp\/v3\/product"}],"about":[{"href":"https:\/\/sonjafellner.com\/index.php?rest_route=\/wp\/v2\/types\/product"}],"replies":[{"embeddable":true,"href":"https:\/\/sonjafellner.com\/index.php?rest_route=%2Fwp%2Fv2%2Fcomments&post=1248"}],"wp:featuredmedia":[{"embeddable":true,"href":"https:\/\/sonjafellner.com\/index.php?rest_route=\/wp\/v2\/media\/1250"}],"wp:attachment":[{"href":"https:\/\/sonjafellner.com\/index.php?rest_route=%2Fwp%2Fv2%2Fmedia&parent=1248"}],"wp:term":[{"taxonomy":"product_cat","embeddable":true,"href":"https:\/\/sonjafellner.com\/index.php?rest_route=%2Fwp%2Fv2%2Fproduct_cat&post=1248"},{"taxonomy":"product_tag","embeddable":true,"href":"https:\/\/sonjafellner.com\/index.php?rest_route=%2Fwp%2Fv2%2Fproduct_tag&post=1248"}],"curies":[{"name":"wp","href":"https:\/\/api.w.org\/{rel}","templated":true}]}}