{"id":1243,"date":"2016-08-11T19:27:48","date_gmt":"2016-08-11T17:27:48","guid":{"rendered":"http:\/\/sonjafellner.com\/produkt\/eunice\/"},"modified":"2016-08-11T19:37:01","modified_gmt":"2016-08-11T17:37:01","slug":"eunice","status":"publish","type":"product","link":"https:\/\/sonjafellner.com\/?product=eunice","title":{"rendered":"Eunice"},"content":{"rendered":"<p>Anmutig pr\u00e4sentiert sich das in Schwarz getauchte Dirndlkleid Eunice. Der nostalgische Rock besteht aus hochwertiger Spitze. Die kleine Bl\u00fcmchen sind mit Perlen bestickt. Das Mieder \u00fcberzeugt durch den Ausschnitt der mit einer feinen Kl\u00f6ppelspitze verziert ist. Der Spitzenrock hat einen Unterrock. Das Kleid ist seitlich mit einem Zipp zu schliessen.<\/p>\n<p>&nbsp;<\/p>\n","protected":false},"excerpt":{"rendered":"<p>Anmutig pr\u00e4sentiert sich das in Schwarz getauchte Dirndlkleid Eunice. Der nostalgische Rock besteht aus hochwertiger Spitze. Die kleine Bl\u00fcmchen sind mit Perlen bestickt. Das Mieder \u00fcberzeugt durch den Ausschnitt der mit einer feinen Kl\u00f6ppelspitze verziert ist. Der Spitzenrock hat einen Unterrock. Das Kleid ist seitlich mit einem Zipp zu schliessen. &nbsp;<\/p>\n","protected":false},"featured_media":1242,"comment_status":"closed","ping_status":"closed","template":"","meta":[],"product_cat":[116,25],"product_tag":[],"yoast_head":"<!-- This site is optimized with the Yoast SEO plugin v20.11 - https:\/\/yoast.com\/wordpress\/plugins\/seo\/ -->\n<title>Eunice &ndash; Sonja Fellner<\/title>\n<meta name=\"robots\" content=\"index, follow, max-snippet:-1, max-image-preview:large, max-video-preview:-1\" \/>\n<link rel=\"canonical\" href=\"https:\/\/sonjafellner.com\/?product=eunice\" \/>\n<meta property=\"og:locale\" content=\"en_US\" \/>\n<meta property=\"og:type\" content=\"article\" \/>\n<meta property=\"og:title\" content=\"Eunice &ndash; Sonja Fellner\" \/>\n<meta property=\"og:description\" content=\"Anmutig pr\u00e4sentiert sich das in Schwarz getauchte Dirndlkleid Eunice. Der nostalgische Rock besteht aus hochwertiger Spitze. Die kleine Bl\u00fcmchen sind mit Perlen bestickt. Das Mieder \u00fcberzeugt durch den Ausschnitt der mit einer feinen Kl\u00f6ppelspitze verziert ist. Der Spitzenrock hat einen Unterrock. Das Kleid ist seitlich mit einem Zipp zu schliessen. &nbsp;\" \/>\n<meta property=\"og:url\" content=\"https:\/\/sonjafellner.com\/?product=eunice\" \/>\n<meta property=\"og:site_name\" content=\"Sonja Fellner\" \/>\n<meta property=\"article:modified_time\" content=\"2016-08-11T17:37:01+00:00\" \/>\n<meta property=\"og:image\" content=\"https:\/\/sonjafellner.com\/wp-content\/uploads\/2016\/08\/sonja-fellner-eunice-desire-for-romance-dirndlkleid-vorderansicht.jpg\" \/>\n\t<meta property=\"og:image:width\" content=\"1000\" \/>\n\t<meta property=\"og:image:height\" content=\"1500\" \/>\n\t<meta property=\"og:image:type\" content=\"image\/jpeg\" \/>\n<meta name=\"twitter:card\" content=\"summary_large_image\" \/>\n<script type=\"application\/ld+json\" class=\"yoast-schema-graph\">{\"@context\":\"https:\/\/schema.org\",\"@graph\":[{\"@type\":\"WebPage\",\"@id\":\"https:\/\/sonjafellner.com\/?product=eunice\",\"url\":\"https:\/\/sonjafellner.com\/?product=eunice\",\"name\":\"Eunice &ndash; Sonja Fellner\",\"isPartOf\":{\"@id\":\"https:\/\/sonjafellner.com\/#website\"},\"datePublished\":\"2016-08-11T17:27:48+00:00\",\"dateModified\":\"2016-08-11T17:37:01+00:00\",\"breadcrumb\":{\"@id\":\"https:\/\/sonjafellner.com\/?product=eunice#breadcrumb\"},\"inLanguage\":\"en-US\",\"potentialAction\":[{\"@type\":\"ReadAction\",\"target\":[\"https:\/\/sonjafellner.com\/?product=eunice\"]}]},{\"@type\":\"BreadcrumbList\",\"@id\":\"https:\/\/sonjafellner.com\/?product=eunice#breadcrumb\",\"itemListElement\":[{\"@type\":\"ListItem\",\"position\":1,\"name\":\"Home\",\"item\":\"https:\/\/sonjafellner.com\/\"},{\"@type\":\"ListItem\",\"position\":2,\"name\":\"Shop\",\"item\":\"https:\/\/sonjafellner.com\/?page_id=14\"},{\"@type\":\"ListItem\",\"position\":3,\"name\":\"Eunice\"}]},{\"@type\":\"WebSite\",\"@id\":\"https:\/\/sonjafellner.com\/#website\",\"url\":\"https:\/\/sonjafellner.com\/\",\"name\":\"Sonja Fellner\",\"description\":\"Austria\",\"potentialAction\":[{\"@type\":\"SearchAction\",\"target\":{\"@type\":\"EntryPoint\",\"urlTemplate\":\"https:\/\/sonjafellner.com\/?s={search_term_string}\"},\"query-input\":\"required name=search_term_string\"}],\"inLanguage\":\"en-US\"}]}<\/script>\n<!-- \/ Yoast SEO plugin. -->","yoast_head_json":{"title":"Eunice &ndash; Sonja Fellner","robots":{"index":"index","follow":"follow","max-snippet":"max-snippet:-1","max-image-preview":"max-image-preview:large","max-video-preview":"max-video-preview:-1"},"canonical":"https:\/\/sonjafellner.com\/?product=eunice","og_locale":"en_US","og_type":"article","og_title":"Eunice &ndash; Sonja Fellner","og_description":"Anmutig pr\u00e4sentiert sich das in Schwarz getauchte Dirndlkleid Eunice. Der nostalgische Rock besteht aus hochwertiger Spitze. Die kleine Bl\u00fcmchen sind mit Perlen bestickt. Das Mieder \u00fcberzeugt durch den Ausschnitt der mit einer feinen Kl\u00f6ppelspitze verziert ist. Der Spitzenrock hat einen Unterrock. Das Kleid ist seitlich mit einem Zipp zu schliessen. &nbsp;","og_url":"https:\/\/sonjafellner.com\/?product=eunice","og_site_name":"Sonja Fellner","article_modified_time":"2016-08-11T17:37:01+00:00","og_image":[{"width":1000,"height":1500,"url":"https:\/\/sonjafellner.com\/wp-content\/uploads\/2016\/08\/sonja-fellner-eunice-desire-for-romance-dirndlkleid-vorderansicht.jpg","type":"image\/jpeg"}],"twitter_card":"summary_large_image","schema":{"@context":"https:\/\/schema.org","@graph":[{"@type":"WebPage","@id":"https:\/\/sonjafellner.com\/?product=eunice","url":"https:\/\/sonjafellner.com\/?product=eunice","name":"Eunice &ndash; Sonja Fellner","isPartOf":{"@id":"https:\/\/sonjafellner.com\/#website"},"datePublished":"2016-08-11T17:27:48+00:00","dateModified":"2016-08-11T17:37:01+00:00","breadcrumb":{"@id":"https:\/\/sonjafellner.com\/?product=eunice#breadcrumb"},"inLanguage":"en-US","potentialAction":[{"@type":"ReadAction","target":["https:\/\/sonjafellner.com\/?product=eunice"]}]},{"@type":"BreadcrumbList","@id":"https:\/\/sonjafellner.com\/?product=eunice#breadcrumb","itemListElement":[{"@type":"ListItem","position":1,"name":"Home","item":"https:\/\/sonjafellner.com\/"},{"@type":"ListItem","position":2,"name":"Shop","item":"https:\/\/sonjafellner.com\/?page_id=14"},{"@type":"ListItem","position":3,"name":"Eunice"}]},{"@type":"WebSite","@id":"https:\/\/sonjafellner.com\/#website","url":"https:\/\/sonjafellner.com\/","name":"Sonja Fellner","description":"Austria","potentialAction":[{"@type":"SearchAction","target":{"@type":"EntryPoint","urlTemplate":"https:\/\/sonjafellner.com\/?s={search_term_string}"},"query-input":"required name=search_term_string"}],"inLanguage":"en-US"}]}},"_links":{"self":[{"href":"https:\/\/sonjafellner.com\/index.php?rest_route=\/wp\/v3\/product\/1243"}],"collection":[{"href":"https:\/\/sonjafellner.com\/index.php?rest_route=\/wp\/v3\/product"}],"about":[{"href":"https:\/\/sonjafellner.com\/index.php?rest_route=\/wp\/v2\/types\/product"}],"replies":[{"embeddable":true,"href":"https:\/\/sonjafellner.com\/index.php?rest_route=%2Fwp%2Fv2%2Fcomments&post=1243"}],"wp:featuredmedia":[{"embeddable":true,"href":"https:\/\/sonjafellner.com\/index.php?rest_route=\/wp\/v2\/media\/1242"}],"wp:attachment":[{"href":"https:\/\/sonjafellner.com\/index.php?rest_route=%2Fwp%2Fv2%2Fmedia&parent=1243"}],"wp:term":[{"taxonomy":"product_cat","embeddable":true,"href":"https:\/\/sonjafellner.com\/index.php?rest_route=%2Fwp%2Fv2%2Fproduct_cat&post=1243"},{"taxonomy":"product_tag","embeddable":true,"href":"https:\/\/sonjafellner.com\/index.php?rest_route=%2Fwp%2Fv2%2Fproduct_tag&post=1243"}],"curies":[{"name":"wp","href":"https:\/\/api.w.org\/{rel}","templated":true}]}}