{"id":1233,"date":"2016-08-11T18:05:55","date_gmt":"2016-08-11T16:05:55","guid":{"rendered":"http:\/\/sonjafellner.com\/produkt\/emilia\/"},"modified":"2016-08-11T18:17:32","modified_gmt":"2016-08-11T16:17:32","slug":"emilia","status":"publish","type":"product","link":"https:\/\/sonjafellner.com\/?product=emilia","title":{"rendered":"Emilia"},"content":{"rendered":"<p>Das ausdrucksstarke Cocktailkleid Emilia zeigt viele charmante Details, wie am Rock aufgen\u00e4hte Samtb\u00e4nder in unterschiedlichen Breiten und einen dazu passenden G\u00fcrtel aus Samt. Der Ausschnitt und das Blumenmuster erinnern an die 50er Jahre. Durch die Farbkombination schwarz-gold erh\u00e4lt das Cocktailkleid seine moderne Note. Der Rock ist in Kellerfalten gelegt. Das Kleid ist auf der R\u00fcckseite mit einem Zipp zu schliessen.<\/p>\n<p>&nbsp;<\/p>\n","protected":false},"excerpt":{"rendered":"<p>Das ausdrucksstarke Cocktailkleid Emilia zeigt viele charmante Details, wie am Rock aufgen\u00e4hte Samtb\u00e4nder in unterschiedlichen Breiten und einen dazu passenden G\u00fcrtel aus Samt. Der Ausschnitt und das Blumenmuster erinnern an die 50er Jahre. Durch die Farbkombination schwarz-gold erh\u00e4lt das Cocktailkleid seine moderne Note. Der Rock ist in Kellerfalten gelegt. Das Kleid ist auf der R\u00fcckseite<br class=\"read-more-spacer\"> <a class=\"more-link clearfix\" href=\"https:\/\/sonjafellner.com\/?product=emilia\">Read More<\/a><\/p>\n","protected":false},"featured_media":1232,"comment_status":"closed","ping_status":"closed","template":"","meta":[],"product_cat":[115,25],"product_tag":[],"yoast_head":"<!-- This site is optimized with the Yoast SEO plugin v20.11 - https:\/\/yoast.com\/wordpress\/plugins\/seo\/ -->\n<title>Emilia &ndash; Sonja Fellner<\/title>\n<meta name=\"robots\" content=\"index, follow, max-snippet:-1, max-image-preview:large, max-video-preview:-1\" \/>\n<link rel=\"canonical\" href=\"https:\/\/sonjafellner.com\/?product=emilia\" \/>\n<meta property=\"og:locale\" content=\"en_US\" \/>\n<meta property=\"og:type\" content=\"article\" \/>\n<meta property=\"og:title\" content=\"Emilia &ndash; Sonja Fellner\" \/>\n<meta property=\"og:description\" content=\"Das ausdrucksstarke Cocktailkleid Emilia zeigt viele charmante Details, wie am Rock aufgen\u00e4hte Samtb\u00e4nder in unterschiedlichen Breiten und einen dazu passenden G\u00fcrtel aus Samt. Der Ausschnitt und das Blumenmuster erinnern an die 50er Jahre. Durch die Farbkombination schwarz-gold erh\u00e4lt das Cocktailkleid seine moderne Note. Der Rock ist in Kellerfalten gelegt. Das Kleid ist auf der R\u00fcckseite Read More\" \/>\n<meta property=\"og:url\" content=\"https:\/\/sonjafellner.com\/?product=emilia\" \/>\n<meta property=\"og:site_name\" content=\"Sonja Fellner\" \/>\n<meta property=\"article:modified_time\" content=\"2016-08-11T16:17:32+00:00\" \/>\n<meta property=\"og:image\" content=\"https:\/\/sonjafellner.com\/wp-content\/uploads\/2016\/08\/sonja-fellner-emilia-desire-for-romance-kleid-cocktailkleid-vorderansicht.jpg\" \/>\n\t<meta property=\"og:image:width\" content=\"1000\" \/>\n\t<meta property=\"og:image:height\" content=\"1500\" \/>\n\t<meta property=\"og:image:type\" content=\"image\/jpeg\" \/>\n<meta name=\"twitter:card\" content=\"summary_large_image\" \/>\n<script type=\"application\/ld+json\" class=\"yoast-schema-graph\">{\"@context\":\"https:\/\/schema.org\",\"@graph\":[{\"@type\":\"WebPage\",\"@id\":\"https:\/\/sonjafellner.com\/?product=emilia\",\"url\":\"https:\/\/sonjafellner.com\/?product=emilia\",\"name\":\"Emilia &ndash; Sonja Fellner\",\"isPartOf\":{\"@id\":\"https:\/\/sonjafellner.com\/#website\"},\"datePublished\":\"2016-08-11T16:05:55+00:00\",\"dateModified\":\"2016-08-11T16:17:32+00:00\",\"breadcrumb\":{\"@id\":\"https:\/\/sonjafellner.com\/?product=emilia#breadcrumb\"},\"inLanguage\":\"en-US\",\"potentialAction\":[{\"@type\":\"ReadAction\",\"target\":[\"https:\/\/sonjafellner.com\/?product=emilia\"]}]},{\"@type\":\"BreadcrumbList\",\"@id\":\"https:\/\/sonjafellner.com\/?product=emilia#breadcrumb\",\"itemListElement\":[{\"@type\":\"ListItem\",\"position\":1,\"name\":\"Home\",\"item\":\"https:\/\/sonjafellner.com\/\"},{\"@type\":\"ListItem\",\"position\":2,\"name\":\"Shop\",\"item\":\"https:\/\/sonjafellner.com\/?page_id=14\"},{\"@type\":\"ListItem\",\"position\":3,\"name\":\"Emilia\"}]},{\"@type\":\"WebSite\",\"@id\":\"https:\/\/sonjafellner.com\/#website\",\"url\":\"https:\/\/sonjafellner.com\/\",\"name\":\"Sonja Fellner\",\"description\":\"Austria\",\"potentialAction\":[{\"@type\":\"SearchAction\",\"target\":{\"@type\":\"EntryPoint\",\"urlTemplate\":\"https:\/\/sonjafellner.com\/?s={search_term_string}\"},\"query-input\":\"required name=search_term_string\"}],\"inLanguage\":\"en-US\"}]}<\/script>\n<!-- \/ Yoast SEO plugin. -->","yoast_head_json":{"title":"Emilia &ndash; Sonja Fellner","robots":{"index":"index","follow":"follow","max-snippet":"max-snippet:-1","max-image-preview":"max-image-preview:large","max-video-preview":"max-video-preview:-1"},"canonical":"https:\/\/sonjafellner.com\/?product=emilia","og_locale":"en_US","og_type":"article","og_title":"Emilia &ndash; Sonja Fellner","og_description":"Das ausdrucksstarke Cocktailkleid Emilia zeigt viele charmante Details, wie am Rock aufgen\u00e4hte Samtb\u00e4nder in unterschiedlichen Breiten und einen dazu passenden G\u00fcrtel aus Samt. Der Ausschnitt und das Blumenmuster erinnern an die 50er Jahre. Durch die Farbkombination schwarz-gold erh\u00e4lt das Cocktailkleid seine moderne Note. Der Rock ist in Kellerfalten gelegt. Das Kleid ist auf der R\u00fcckseite Read More","og_url":"https:\/\/sonjafellner.com\/?product=emilia","og_site_name":"Sonja Fellner","article_modified_time":"2016-08-11T16:17:32+00:00","og_image":[{"width":1000,"height":1500,"url":"https:\/\/sonjafellner.com\/wp-content\/uploads\/2016\/08\/sonja-fellner-emilia-desire-for-romance-kleid-cocktailkleid-vorderansicht.jpg","type":"image\/jpeg"}],"twitter_card":"summary_large_image","schema":{"@context":"https:\/\/schema.org","@graph":[{"@type":"WebPage","@id":"https:\/\/sonjafellner.com\/?product=emilia","url":"https:\/\/sonjafellner.com\/?product=emilia","name":"Emilia &ndash; Sonja Fellner","isPartOf":{"@id":"https:\/\/sonjafellner.com\/#website"},"datePublished":"2016-08-11T16:05:55+00:00","dateModified":"2016-08-11T16:17:32+00:00","breadcrumb":{"@id":"https:\/\/sonjafellner.com\/?product=emilia#breadcrumb"},"inLanguage":"en-US","potentialAction":[{"@type":"ReadAction","target":["https:\/\/sonjafellner.com\/?product=emilia"]}]},{"@type":"BreadcrumbList","@id":"https:\/\/sonjafellner.com\/?product=emilia#breadcrumb","itemListElement":[{"@type":"ListItem","position":1,"name":"Home","item":"https:\/\/sonjafellner.com\/"},{"@type":"ListItem","position":2,"name":"Shop","item":"https:\/\/sonjafellner.com\/?page_id=14"},{"@type":"ListItem","position":3,"name":"Emilia"}]},{"@type":"WebSite","@id":"https:\/\/sonjafellner.com\/#website","url":"https:\/\/sonjafellner.com\/","name":"Sonja Fellner","description":"Austria","potentialAction":[{"@type":"SearchAction","target":{"@type":"EntryPoint","urlTemplate":"https:\/\/sonjafellner.com\/?s={search_term_string}"},"query-input":"required name=search_term_string"}],"inLanguage":"en-US"}]}},"_links":{"self":[{"href":"https:\/\/sonjafellner.com\/index.php?rest_route=\/wp\/v3\/product\/1233"}],"collection":[{"href":"https:\/\/sonjafellner.com\/index.php?rest_route=\/wp\/v3\/product"}],"about":[{"href":"https:\/\/sonjafellner.com\/index.php?rest_route=\/wp\/v2\/types\/product"}],"replies":[{"embeddable":true,"href":"https:\/\/sonjafellner.com\/index.php?rest_route=%2Fwp%2Fv2%2Fcomments&post=1233"}],"wp:featuredmedia":[{"embeddable":true,"href":"https:\/\/sonjafellner.com\/index.php?rest_route=\/wp\/v2\/media\/1232"}],"wp:attachment":[{"href":"https:\/\/sonjafellner.com\/index.php?rest_route=%2Fwp%2Fv2%2Fmedia&parent=1233"}],"wp:term":[{"taxonomy":"product_cat","embeddable":true,"href":"https:\/\/sonjafellner.com\/index.php?rest_route=%2Fwp%2Fv2%2Fproduct_cat&post=1233"},{"taxonomy":"product_tag","embeddable":true,"href":"https:\/\/sonjafellner.com\/index.php?rest_route=%2Fwp%2Fv2%2Fproduct_tag&post=1233"}],"curies":[{"name":"wp","href":"https:\/\/api.w.org\/{rel}","templated":true}]}}