{"id":1227,"date":"2016-08-11T17:55:20","date_gmt":"2016-08-11T15:55:20","guid":{"rendered":"http:\/\/sonjafellner.com\/produkt\/dalila\/"},"modified":"2016-08-11T18:03:05","modified_gmt":"2016-08-11T16:03:05","slug":"dalila","status":"publish","type":"product","link":"https:\/\/sonjafellner.com\/?product=dalila","title":{"rendered":"Dalila"},"content":{"rendered":"<p>Wundersch\u00f6n und vertr\u00e4umt ist der Auftritt des Seidendirndls Dalila. Ein Hingucker ist der angeschnittene Kragen und die aussergew\u00f6hnliche Schnittf\u00fchrung am Vorderteil. Das Mieder ist vorne mit Miederhaken zu schliessen. Zus\u00e4tzlich sind an der Vorderseite Miederst\u00e4bchen eingearbeitet welche f\u00fcr eine perfekte Passform garantieren. DerRock ist in Handarbeit reihig gezogen und besitzt f\u00fcr einen tollen Tragekomfort einen Futterrock. Eine edle Seidensch\u00fcrze im selben Farbton vollendet die Eleganz dieses besonderen Dirndls.<\/p>\n<p>&nbsp;<\/p>\n","protected":false},"excerpt":{"rendered":"<p>Wundersch\u00f6n und vertr\u00e4umt ist der Auftritt des Seidendirndls Dalila. Ein Hingucker ist der angeschnittene Kragen und die aussergew\u00f6hnliche Schnittf\u00fchrung am Vorderteil. Das Mieder ist vorne mit Miederhaken zu schliessen. Zus\u00e4tzlich sind an der Vorderseite Miederst\u00e4bchen eingearbeitet welche f\u00fcr eine perfekte Passform garantieren. DerRock ist in Handarbeit reihig gezogen und besitzt f\u00fcr einen tollen Tragekomfort einen<br class=\"read-more-spacer\"> <a class=\"more-link clearfix\" href=\"https:\/\/sonjafellner.com\/?product=dalila\">Read More<\/a><\/p>\n","protected":false},"featured_media":1226,"comment_status":"closed","ping_status":"closed","template":"","meta":[],"product_cat":[6,7],"product_tag":[],"yoast_head":"<!-- This site is optimized with the Yoast SEO plugin v20.11 - https:\/\/yoast.com\/wordpress\/plugins\/seo\/ -->\n<title>Dalila &ndash; Sonja Fellner<\/title>\n<meta name=\"robots\" content=\"index, follow, max-snippet:-1, max-image-preview:large, max-video-preview:-1\" \/>\n<link rel=\"canonical\" href=\"https:\/\/sonjafellner.com\/?product=dalila\" \/>\n<meta property=\"og:locale\" content=\"en_US\" \/>\n<meta property=\"og:type\" content=\"article\" \/>\n<meta property=\"og:title\" content=\"Dalila &ndash; Sonja Fellner\" \/>\n<meta property=\"og:description\" content=\"Wundersch\u00f6n und vertr\u00e4umt ist der Auftritt des Seidendirndls Dalila. Ein Hingucker ist der angeschnittene Kragen und die aussergew\u00f6hnliche Schnittf\u00fchrung am Vorderteil. Das Mieder ist vorne mit Miederhaken zu schliessen. Zus\u00e4tzlich sind an der Vorderseite Miederst\u00e4bchen eingearbeitet welche f\u00fcr eine perfekte Passform garantieren. DerRock ist in Handarbeit reihig gezogen und besitzt f\u00fcr einen tollen Tragekomfort einen Read More\" \/>\n<meta property=\"og:url\" content=\"https:\/\/sonjafellner.com\/?product=dalila\" \/>\n<meta property=\"og:site_name\" content=\"Sonja Fellner\" \/>\n<meta property=\"article:modified_time\" content=\"2016-08-11T16:03:05+00:00\" \/>\n<meta property=\"og:image\" content=\"https:\/\/sonjafellner.com\/wp-content\/uploads\/2016\/08\/sonja-fellner-dalila-desire-for-romance-dirndl-couturedirndl-vorderansicht.jpg\" \/>\n\t<meta property=\"og:image:width\" content=\"1000\" \/>\n\t<meta property=\"og:image:height\" content=\"1500\" \/>\n\t<meta property=\"og:image:type\" content=\"image\/jpeg\" \/>\n<meta name=\"twitter:card\" content=\"summary_large_image\" \/>\n<script type=\"application\/ld+json\" class=\"yoast-schema-graph\">{\"@context\":\"https:\/\/schema.org\",\"@graph\":[{\"@type\":\"WebPage\",\"@id\":\"https:\/\/sonjafellner.com\/?product=dalila\",\"url\":\"https:\/\/sonjafellner.com\/?product=dalila\",\"name\":\"Dalila &ndash; Sonja Fellner\",\"isPartOf\":{\"@id\":\"https:\/\/sonjafellner.com\/#website\"},\"datePublished\":\"2016-08-11T15:55:20+00:00\",\"dateModified\":\"2016-08-11T16:03:05+00:00\",\"breadcrumb\":{\"@id\":\"https:\/\/sonjafellner.com\/?product=dalila#breadcrumb\"},\"inLanguage\":\"en-US\",\"potentialAction\":[{\"@type\":\"ReadAction\",\"target\":[\"https:\/\/sonjafellner.com\/?product=dalila\"]}]},{\"@type\":\"BreadcrumbList\",\"@id\":\"https:\/\/sonjafellner.com\/?product=dalila#breadcrumb\",\"itemListElement\":[{\"@type\":\"ListItem\",\"position\":1,\"name\":\"Home\",\"item\":\"https:\/\/sonjafellner.com\/\"},{\"@type\":\"ListItem\",\"position\":2,\"name\":\"Shop\",\"item\":\"https:\/\/sonjafellner.com\/?page_id=14\"},{\"@type\":\"ListItem\",\"position\":3,\"name\":\"Dalila\"}]},{\"@type\":\"WebSite\",\"@id\":\"https:\/\/sonjafellner.com\/#website\",\"url\":\"https:\/\/sonjafellner.com\/\",\"name\":\"Sonja Fellner\",\"description\":\"Austria\",\"potentialAction\":[{\"@type\":\"SearchAction\",\"target\":{\"@type\":\"EntryPoint\",\"urlTemplate\":\"https:\/\/sonjafellner.com\/?s={search_term_string}\"},\"query-input\":\"required name=search_term_string\"}],\"inLanguage\":\"en-US\"}]}<\/script>\n<!-- \/ Yoast SEO plugin. -->","yoast_head_json":{"title":"Dalila &ndash; Sonja Fellner","robots":{"index":"index","follow":"follow","max-snippet":"max-snippet:-1","max-image-preview":"max-image-preview:large","max-video-preview":"max-video-preview:-1"},"canonical":"https:\/\/sonjafellner.com\/?product=dalila","og_locale":"en_US","og_type":"article","og_title":"Dalila &ndash; Sonja Fellner","og_description":"Wundersch\u00f6n und vertr\u00e4umt ist der Auftritt des Seidendirndls Dalila. Ein Hingucker ist der angeschnittene Kragen und die aussergew\u00f6hnliche Schnittf\u00fchrung am Vorderteil. Das Mieder ist vorne mit Miederhaken zu schliessen. Zus\u00e4tzlich sind an der Vorderseite Miederst\u00e4bchen eingearbeitet welche f\u00fcr eine perfekte Passform garantieren. DerRock ist in Handarbeit reihig gezogen und besitzt f\u00fcr einen tollen Tragekomfort einen Read More","og_url":"https:\/\/sonjafellner.com\/?product=dalila","og_site_name":"Sonja Fellner","article_modified_time":"2016-08-11T16:03:05+00:00","og_image":[{"width":1000,"height":1500,"url":"https:\/\/sonjafellner.com\/wp-content\/uploads\/2016\/08\/sonja-fellner-dalila-desire-for-romance-dirndl-couturedirndl-vorderansicht.jpg","type":"image\/jpeg"}],"twitter_card":"summary_large_image","schema":{"@context":"https:\/\/schema.org","@graph":[{"@type":"WebPage","@id":"https:\/\/sonjafellner.com\/?product=dalila","url":"https:\/\/sonjafellner.com\/?product=dalila","name":"Dalila &ndash; Sonja Fellner","isPartOf":{"@id":"https:\/\/sonjafellner.com\/#website"},"datePublished":"2016-08-11T15:55:20+00:00","dateModified":"2016-08-11T16:03:05+00:00","breadcrumb":{"@id":"https:\/\/sonjafellner.com\/?product=dalila#breadcrumb"},"inLanguage":"en-US","potentialAction":[{"@type":"ReadAction","target":["https:\/\/sonjafellner.com\/?product=dalila"]}]},{"@type":"BreadcrumbList","@id":"https:\/\/sonjafellner.com\/?product=dalila#breadcrumb","itemListElement":[{"@type":"ListItem","position":1,"name":"Home","item":"https:\/\/sonjafellner.com\/"},{"@type":"ListItem","position":2,"name":"Shop","item":"https:\/\/sonjafellner.com\/?page_id=14"},{"@type":"ListItem","position":3,"name":"Dalila"}]},{"@type":"WebSite","@id":"https:\/\/sonjafellner.com\/#website","url":"https:\/\/sonjafellner.com\/","name":"Sonja Fellner","description":"Austria","potentialAction":[{"@type":"SearchAction","target":{"@type":"EntryPoint","urlTemplate":"https:\/\/sonjafellner.com\/?s={search_term_string}"},"query-input":"required name=search_term_string"}],"inLanguage":"en-US"}]}},"_links":{"self":[{"href":"https:\/\/sonjafellner.com\/index.php?rest_route=\/wp\/v3\/product\/1227"}],"collection":[{"href":"https:\/\/sonjafellner.com\/index.php?rest_route=\/wp\/v3\/product"}],"about":[{"href":"https:\/\/sonjafellner.com\/index.php?rest_route=\/wp\/v2\/types\/product"}],"replies":[{"embeddable":true,"href":"https:\/\/sonjafellner.com\/index.php?rest_route=%2Fwp%2Fv2%2Fcomments&post=1227"}],"wp:featuredmedia":[{"embeddable":true,"href":"https:\/\/sonjafellner.com\/index.php?rest_route=\/wp\/v2\/media\/1226"}],"wp:attachment":[{"href":"https:\/\/sonjafellner.com\/index.php?rest_route=%2Fwp%2Fv2%2Fmedia&parent=1227"}],"wp:term":[{"taxonomy":"product_cat","embeddable":true,"href":"https:\/\/sonjafellner.com\/index.php?rest_route=%2Fwp%2Fv2%2Fproduct_cat&post=1227"},{"taxonomy":"product_tag","embeddable":true,"href":"https:\/\/sonjafellner.com\/index.php?rest_route=%2Fwp%2Fv2%2Fproduct_tag&post=1227"}],"curies":[{"name":"wp","href":"https:\/\/api.w.org\/{rel}","templated":true}]}}