{"id":1221,"date":"2016-08-10T22:40:55","date_gmt":"2016-08-10T20:40:55","guid":{"rendered":"http:\/\/sonjafellner.com\/produkt\/elena\/"},"modified":"2019-09-10T21:09:59","modified_gmt":"2019-09-10T19:09:59","slug":"elena","status":"publish","type":"product","link":"https:\/\/sonjafellner.com\/?product=elena","title":{"rendered":"Elena"},"content":{"rendered":"<p>Mit dem Dirndl Elena wird ein Hauch Vergangenheit in die Gegenwart gebracht. Die aussergew\u00f6hnliche Schnittf\u00fchrung und die Verarbeitung des Rockes gehen auf die Zeit des Rokoko zur\u00fcck. Das Miederteil ist vorne mit Miederhaken zu schlie\u00dfen. Eine feine Kl\u00f6ppelspitze ziert den Ausschnitt. Im Vorderteil sind Miederst\u00e4bchen eingearbeitet, welche f\u00fcr eine perfekte Passform sorgen. Der Rock ist in Handarbeit reihig gezogen und f\u00fcr einen tollen Tragekomfort gef\u00fcttert. Ein Einsatz vorne am Rock, welcher im Muster unterschiedlich ist und wie eine Sch\u00fcrze wirkt, macht Elena zu etwas Besonderem.<\/p>\n<p>&nbsp;<\/p>\n","protected":false},"excerpt":{"rendered":"<p>Mit dem Dirndl Elena wird ein Hauch Vergangenheit in die Gegenwart gebracht. Die aussergew\u00f6hnliche Schnittf\u00fchrung und die Verarbeitung des Rockes gehen auf die Zeit des Rokoko zur\u00fcck. Das Miederteil ist vorne mit Miederhaken zu schlie\u00dfen. Eine feine Kl\u00f6ppelspitze ziert den Ausschnitt. Im Vorderteil sind Miederst\u00e4bchen eingearbeitet, welche f\u00fcr eine perfekte Passform sorgen. Der Rock ist<br class=\"read-more-spacer\"> <a class=\"more-link clearfix\" href=\"https:\/\/sonjafellner.com\/?product=elena\">Read More<\/a><\/p>\n","protected":false},"featured_media":1220,"comment_status":"closed","ping_status":"closed","template":"","meta":[],"product_cat":[6,7,114],"product_tag":[],"yoast_head":"<!-- This site is optimized with the Yoast SEO plugin v20.11 - https:\/\/yoast.com\/wordpress\/plugins\/seo\/ -->\n<title>Elena &ndash; Sonja Fellner<\/title>\n<meta name=\"robots\" content=\"index, follow, max-snippet:-1, max-image-preview:large, max-video-preview:-1\" \/>\n<link rel=\"canonical\" href=\"https:\/\/sonjafellner.com\/?product=elena\" \/>\n<meta property=\"og:locale\" content=\"en_US\" \/>\n<meta property=\"og:type\" content=\"article\" \/>\n<meta property=\"og:title\" content=\"Elena &ndash; Sonja Fellner\" \/>\n<meta property=\"og:description\" content=\"Mit dem Dirndl Elena wird ein Hauch Vergangenheit in die Gegenwart gebracht. Die aussergew\u00f6hnliche Schnittf\u00fchrung und die Verarbeitung des Rockes gehen auf die Zeit des Rokoko zur\u00fcck. Das Miederteil ist vorne mit Miederhaken zu schlie\u00dfen. Eine feine Kl\u00f6ppelspitze ziert den Ausschnitt. Im Vorderteil sind Miederst\u00e4bchen eingearbeitet, welche f\u00fcr eine perfekte Passform sorgen. Der Rock ist Read More\" \/>\n<meta property=\"og:url\" content=\"https:\/\/sonjafellner.com\/?product=elena\" \/>\n<meta property=\"og:site_name\" content=\"Sonja Fellner\" \/>\n<meta property=\"article:modified_time\" content=\"2019-09-10T19:09:59+00:00\" \/>\n<meta property=\"og:image\" content=\"https:\/\/sonjafellner.com\/wp-content\/uploads\/2016\/08\/sonja-fellner-elena-desire-for-romance-dirndl-couturedirndl-vorderansicht.jpg\" \/>\n\t<meta property=\"og:image:width\" content=\"1000\" \/>\n\t<meta property=\"og:image:height\" content=\"1500\" \/>\n\t<meta property=\"og:image:type\" content=\"image\/jpeg\" \/>\n<meta name=\"twitter:card\" content=\"summary_large_image\" \/>\n<script type=\"application\/ld+json\" class=\"yoast-schema-graph\">{\"@context\":\"https:\/\/schema.org\",\"@graph\":[{\"@type\":\"WebPage\",\"@id\":\"https:\/\/sonjafellner.com\/?product=elena\",\"url\":\"https:\/\/sonjafellner.com\/?product=elena\",\"name\":\"Elena &ndash; Sonja Fellner\",\"isPartOf\":{\"@id\":\"https:\/\/sonjafellner.com\/#website\"},\"datePublished\":\"2016-08-10T20:40:55+00:00\",\"dateModified\":\"2019-09-10T19:09:59+00:00\",\"breadcrumb\":{\"@id\":\"https:\/\/sonjafellner.com\/?product=elena#breadcrumb\"},\"inLanguage\":\"en-US\",\"potentialAction\":[{\"@type\":\"ReadAction\",\"target\":[\"https:\/\/sonjafellner.com\/?product=elena\"]}]},{\"@type\":\"BreadcrumbList\",\"@id\":\"https:\/\/sonjafellner.com\/?product=elena#breadcrumb\",\"itemListElement\":[{\"@type\":\"ListItem\",\"position\":1,\"name\":\"Home\",\"item\":\"https:\/\/sonjafellner.com\/\"},{\"@type\":\"ListItem\",\"position\":2,\"name\":\"Shop\",\"item\":\"https:\/\/sonjafellner.com\/?page_id=14\"},{\"@type\":\"ListItem\",\"position\":3,\"name\":\"Elena\"}]},{\"@type\":\"WebSite\",\"@id\":\"https:\/\/sonjafellner.com\/#website\",\"url\":\"https:\/\/sonjafellner.com\/\",\"name\":\"Sonja Fellner\",\"description\":\"Austria\",\"potentialAction\":[{\"@type\":\"SearchAction\",\"target\":{\"@type\":\"EntryPoint\",\"urlTemplate\":\"https:\/\/sonjafellner.com\/?s={search_term_string}\"},\"query-input\":\"required name=search_term_string\"}],\"inLanguage\":\"en-US\"}]}<\/script>\n<!-- \/ Yoast SEO plugin. -->","yoast_head_json":{"title":"Elena &ndash; Sonja Fellner","robots":{"index":"index","follow":"follow","max-snippet":"max-snippet:-1","max-image-preview":"max-image-preview:large","max-video-preview":"max-video-preview:-1"},"canonical":"https:\/\/sonjafellner.com\/?product=elena","og_locale":"en_US","og_type":"article","og_title":"Elena &ndash; Sonja Fellner","og_description":"Mit dem Dirndl Elena wird ein Hauch Vergangenheit in die Gegenwart gebracht. Die aussergew\u00f6hnliche Schnittf\u00fchrung und die Verarbeitung des Rockes gehen auf die Zeit des Rokoko zur\u00fcck. Das Miederteil ist vorne mit Miederhaken zu schlie\u00dfen. Eine feine Kl\u00f6ppelspitze ziert den Ausschnitt. Im Vorderteil sind Miederst\u00e4bchen eingearbeitet, welche f\u00fcr eine perfekte Passform sorgen. Der Rock ist Read More","og_url":"https:\/\/sonjafellner.com\/?product=elena","og_site_name":"Sonja Fellner","article_modified_time":"2019-09-10T19:09:59+00:00","og_image":[{"width":1000,"height":1500,"url":"https:\/\/sonjafellner.com\/wp-content\/uploads\/2016\/08\/sonja-fellner-elena-desire-for-romance-dirndl-couturedirndl-vorderansicht.jpg","type":"image\/jpeg"}],"twitter_card":"summary_large_image","schema":{"@context":"https:\/\/schema.org","@graph":[{"@type":"WebPage","@id":"https:\/\/sonjafellner.com\/?product=elena","url":"https:\/\/sonjafellner.com\/?product=elena","name":"Elena &ndash; Sonja Fellner","isPartOf":{"@id":"https:\/\/sonjafellner.com\/#website"},"datePublished":"2016-08-10T20:40:55+00:00","dateModified":"2019-09-10T19:09:59+00:00","breadcrumb":{"@id":"https:\/\/sonjafellner.com\/?product=elena#breadcrumb"},"inLanguage":"en-US","potentialAction":[{"@type":"ReadAction","target":["https:\/\/sonjafellner.com\/?product=elena"]}]},{"@type":"BreadcrumbList","@id":"https:\/\/sonjafellner.com\/?product=elena#breadcrumb","itemListElement":[{"@type":"ListItem","position":1,"name":"Home","item":"https:\/\/sonjafellner.com\/"},{"@type":"ListItem","position":2,"name":"Shop","item":"https:\/\/sonjafellner.com\/?page_id=14"},{"@type":"ListItem","position":3,"name":"Elena"}]},{"@type":"WebSite","@id":"https:\/\/sonjafellner.com\/#website","url":"https:\/\/sonjafellner.com\/","name":"Sonja Fellner","description":"Austria","potentialAction":[{"@type":"SearchAction","target":{"@type":"EntryPoint","urlTemplate":"https:\/\/sonjafellner.com\/?s={search_term_string}"},"query-input":"required name=search_term_string"}],"inLanguage":"en-US"}]}},"_links":{"self":[{"href":"https:\/\/sonjafellner.com\/index.php?rest_route=\/wp\/v3\/product\/1221"}],"collection":[{"href":"https:\/\/sonjafellner.com\/index.php?rest_route=\/wp\/v3\/product"}],"about":[{"href":"https:\/\/sonjafellner.com\/index.php?rest_route=\/wp\/v2\/types\/product"}],"replies":[{"embeddable":true,"href":"https:\/\/sonjafellner.com\/index.php?rest_route=%2Fwp%2Fv2%2Fcomments&post=1221"}],"wp:featuredmedia":[{"embeddable":true,"href":"https:\/\/sonjafellner.com\/index.php?rest_route=\/wp\/v2\/media\/1220"}],"wp:attachment":[{"href":"https:\/\/sonjafellner.com\/index.php?rest_route=%2Fwp%2Fv2%2Fmedia&parent=1221"}],"wp:term":[{"taxonomy":"product_cat","embeddable":true,"href":"https:\/\/sonjafellner.com\/index.php?rest_route=%2Fwp%2Fv2%2Fproduct_cat&post=1221"},{"taxonomy":"product_tag","embeddable":true,"href":"https:\/\/sonjafellner.com\/index.php?rest_route=%2Fwp%2Fv2%2Fproduct_tag&post=1221"}],"curies":[{"name":"wp","href":"https:\/\/api.w.org\/{rel}","templated":true}]}}