{"id":120,"date":"2015-08-26T14:13:50","date_gmt":"2015-08-26T12:13:50","guid":{"rendered":"http:\/\/sonjafellner.com\/produkt\/luise\/"},"modified":"2019-09-10T21:38:54","modified_gmt":"2019-09-10T19:38:54","slug":"luise","status":"publish","type":"product","link":"https:\/\/sonjafellner.com\/?product=luise","title":{"rendered":"Luise"},"content":{"rendered":"<div class=\"dsc\">\n<div class=\"dsc\">\n<div class=\"dsc\">\n<div class=\"dsc\">\n<div class=\"dsc\">\n<div class=\"dsc\">\n<p>Dirndl \u201cLuise\u201d erfrischt durch seine Farbkombination und die von Hand aufgen\u00e4hten R\u00f6schen an der Sch\u00fcrze und am weitschwingenden Tellerrock. Die Froschgoscherl am Ausschnitt sind Ton in Ton gehalten. Zu schlie\u00dfen ist es seitlich mit einem Zipp. Das Dirndl ist mit Futtersatin gef\u00fcttert. Die R\u00fcsche blitzt 3 cm hervor und ist mit einer Borte verziert. Die Bluse mit leicht gezogenen Puff\u00e4rmeln besteht wie die Sch\u00fcrze aus Organza mit besticktem Lochmuster.<\/p>\n<p>Der angegebene Preis umfasst das Dirndl mit der dazupassenden Bluse mit Puff\u00e4rmel und aufgen\u00e4hten R\u00f6schen.<\/p>\n<\/div>\n<\/div>\n<\/div>\n<\/div>\n<\/div>\n<\/div>\n","protected":false},"excerpt":{"rendered":"<p>Dirndl \u201cLuise\u201d erfrischt durch seine Farbkombination und die von Hand aufgen\u00e4hten R\u00f6schen an der Sch\u00fcrze und am weitschwingenden Tellerrock. Die Froschgoscherl am Ausschnitt sind Ton in Ton gehalten. Zu schlie\u00dfen ist es seitlich mit einem Zipp. Das Dirndl ist mit Futtersatin gef\u00fcttert. Die R\u00fcsche blitzt 3 cm hervor und ist mit einer Borte verziert. Die<br class=\"read-more-spacer\"> <a class=\"more-link clearfix\" href=\"https:\/\/sonjafellner.com\/?product=luise\">Read More<\/a><\/p>\n","protected":false},"featured_media":522,"comment_status":"open","ping_status":"closed","template":"","meta":[],"product_cat":[114],"product_tag":[],"yoast_head":"<!-- This site is optimized with the Yoast SEO plugin v20.11 - https:\/\/yoast.com\/wordpress\/plugins\/seo\/ -->\n<title>Luise &ndash; Sonja Fellner<\/title>\n<meta name=\"robots\" content=\"index, follow, max-snippet:-1, max-image-preview:large, max-video-preview:-1\" \/>\n<link rel=\"canonical\" href=\"https:\/\/sonjafellner.com\/?product=luise\" \/>\n<meta property=\"og:locale\" content=\"en_US\" \/>\n<meta property=\"og:type\" content=\"article\" \/>\n<meta property=\"og:title\" content=\"Luise &ndash; Sonja Fellner\" \/>\n<meta property=\"og:description\" content=\"Dirndl \u201cLuise\u201d erfrischt durch seine Farbkombination und die von Hand aufgen\u00e4hten R\u00f6schen an der Sch\u00fcrze und am weitschwingenden Tellerrock. Die Froschgoscherl am Ausschnitt sind Ton in Ton gehalten. Zu schlie\u00dfen ist es seitlich mit einem Zipp. Das Dirndl ist mit Futtersatin gef\u00fcttert. Die R\u00fcsche blitzt 3 cm hervor und ist mit einer Borte verziert. Die Read More\" \/>\n<meta property=\"og:url\" content=\"https:\/\/sonjafellner.com\/?product=luise\" \/>\n<meta property=\"og:site_name\" content=\"Sonja Fellner\" \/>\n<meta property=\"article:modified_time\" content=\"2019-09-10T19:38:54+00:00\" \/>\n<meta property=\"og:image\" content=\"https:\/\/sonjafellner.com\/wp-content\/uploads\/2015\/09\/luise.front_.jpg\" \/>\n\t<meta property=\"og:image:width\" content=\"1000\" \/>\n\t<meta property=\"og:image:height\" content=\"1500\" \/>\n\t<meta property=\"og:image:type\" content=\"image\/jpeg\" \/>\n<meta name=\"twitter:card\" content=\"summary_large_image\" \/>\n<script type=\"application\/ld+json\" class=\"yoast-schema-graph\">{\"@context\":\"https:\/\/schema.org\",\"@graph\":[{\"@type\":\"WebPage\",\"@id\":\"https:\/\/sonjafellner.com\/?product=luise\",\"url\":\"https:\/\/sonjafellner.com\/?product=luise\",\"name\":\"Luise &ndash; Sonja Fellner\",\"isPartOf\":{\"@id\":\"https:\/\/sonjafellner.com\/#website\"},\"datePublished\":\"2015-08-26T12:13:50+00:00\",\"dateModified\":\"2019-09-10T19:38:54+00:00\",\"breadcrumb\":{\"@id\":\"https:\/\/sonjafellner.com\/?product=luise#breadcrumb\"},\"inLanguage\":\"en-US\",\"potentialAction\":[{\"@type\":\"ReadAction\",\"target\":[\"https:\/\/sonjafellner.com\/?product=luise\"]}]},{\"@type\":\"BreadcrumbList\",\"@id\":\"https:\/\/sonjafellner.com\/?product=luise#breadcrumb\",\"itemListElement\":[{\"@type\":\"ListItem\",\"position\":1,\"name\":\"Home\",\"item\":\"https:\/\/sonjafellner.com\/\"},{\"@type\":\"ListItem\",\"position\":2,\"name\":\"Shop\",\"item\":\"https:\/\/sonjafellner.com\/?page_id=14\"},{\"@type\":\"ListItem\",\"position\":3,\"name\":\"Luise\"}]},{\"@type\":\"WebSite\",\"@id\":\"https:\/\/sonjafellner.com\/#website\",\"url\":\"https:\/\/sonjafellner.com\/\",\"name\":\"Sonja Fellner\",\"description\":\"Austria\",\"potentialAction\":[{\"@type\":\"SearchAction\",\"target\":{\"@type\":\"EntryPoint\",\"urlTemplate\":\"https:\/\/sonjafellner.com\/?s={search_term_string}\"},\"query-input\":\"required name=search_term_string\"}],\"inLanguage\":\"en-US\"}]}<\/script>\n<!-- \/ Yoast SEO plugin. -->","yoast_head_json":{"title":"Luise &ndash; Sonja Fellner","robots":{"index":"index","follow":"follow","max-snippet":"max-snippet:-1","max-image-preview":"max-image-preview:large","max-video-preview":"max-video-preview:-1"},"canonical":"https:\/\/sonjafellner.com\/?product=luise","og_locale":"en_US","og_type":"article","og_title":"Luise &ndash; Sonja Fellner","og_description":"Dirndl \u201cLuise\u201d erfrischt durch seine Farbkombination und die von Hand aufgen\u00e4hten R\u00f6schen an der Sch\u00fcrze und am weitschwingenden Tellerrock. Die Froschgoscherl am Ausschnitt sind Ton in Ton gehalten. Zu schlie\u00dfen ist es seitlich mit einem Zipp. Das Dirndl ist mit Futtersatin gef\u00fcttert. Die R\u00fcsche blitzt 3 cm hervor und ist mit einer Borte verziert. Die Read More","og_url":"https:\/\/sonjafellner.com\/?product=luise","og_site_name":"Sonja Fellner","article_modified_time":"2019-09-10T19:38:54+00:00","og_image":[{"width":1000,"height":1500,"url":"https:\/\/sonjafellner.com\/wp-content\/uploads\/2015\/09\/luise.front_.jpg","type":"image\/jpeg"}],"twitter_card":"summary_large_image","schema":{"@context":"https:\/\/schema.org","@graph":[{"@type":"WebPage","@id":"https:\/\/sonjafellner.com\/?product=luise","url":"https:\/\/sonjafellner.com\/?product=luise","name":"Luise &ndash; Sonja Fellner","isPartOf":{"@id":"https:\/\/sonjafellner.com\/#website"},"datePublished":"2015-08-26T12:13:50+00:00","dateModified":"2019-09-10T19:38:54+00:00","breadcrumb":{"@id":"https:\/\/sonjafellner.com\/?product=luise#breadcrumb"},"inLanguage":"en-US","potentialAction":[{"@type":"ReadAction","target":["https:\/\/sonjafellner.com\/?product=luise"]}]},{"@type":"BreadcrumbList","@id":"https:\/\/sonjafellner.com\/?product=luise#breadcrumb","itemListElement":[{"@type":"ListItem","position":1,"name":"Home","item":"https:\/\/sonjafellner.com\/"},{"@type":"ListItem","position":2,"name":"Shop","item":"https:\/\/sonjafellner.com\/?page_id=14"},{"@type":"ListItem","position":3,"name":"Luise"}]},{"@type":"WebSite","@id":"https:\/\/sonjafellner.com\/#website","url":"https:\/\/sonjafellner.com\/","name":"Sonja Fellner","description":"Austria","potentialAction":[{"@type":"SearchAction","target":{"@type":"EntryPoint","urlTemplate":"https:\/\/sonjafellner.com\/?s={search_term_string}"},"query-input":"required name=search_term_string"}],"inLanguage":"en-US"}]}},"_links":{"self":[{"href":"https:\/\/sonjafellner.com\/index.php?rest_route=\/wp\/v3\/product\/120"}],"collection":[{"href":"https:\/\/sonjafellner.com\/index.php?rest_route=\/wp\/v3\/product"}],"about":[{"href":"https:\/\/sonjafellner.com\/index.php?rest_route=\/wp\/v2\/types\/product"}],"replies":[{"embeddable":true,"href":"https:\/\/sonjafellner.com\/index.php?rest_route=%2Fwp%2Fv2%2Fcomments&post=120"}],"wp:featuredmedia":[{"embeddable":true,"href":"https:\/\/sonjafellner.com\/index.php?rest_route=\/wp\/v2\/media\/522"}],"wp:attachment":[{"href":"https:\/\/sonjafellner.com\/index.php?rest_route=%2Fwp%2Fv2%2Fmedia&parent=120"}],"wp:term":[{"taxonomy":"product_cat","embeddable":true,"href":"https:\/\/sonjafellner.com\/index.php?rest_route=%2Fwp%2Fv2%2Fproduct_cat&post=120"},{"taxonomy":"product_tag","embeddable":true,"href":"https:\/\/sonjafellner.com\/index.php?rest_route=%2Fwp%2Fv2%2Fproduct_tag&post=120"}],"curies":[{"name":"wp","href":"https:\/\/api.w.org\/{rel}","templated":true}]}}