{"id":112,"date":"2015-08-26T14:06:08","date_gmt":"2015-08-26T12:06:08","guid":{"rendered":"http:\/\/sonjafellner.com\/produkt\/heidi\/"},"modified":"2015-09-12T17:05:44","modified_gmt":"2015-09-12T15:05:44","slug":"heidi","status":"publish","type":"product","link":"https:\/\/sonjafellner.com\/?product=heidi","title":{"rendered":"Heidi"},"content":{"rendered":"<p>Die Dirndlbluse \u201cHeidi\u201d ist aus feiner Baumwolle mit leicht eingezogenen Puff\u00e4rmeln und rundem Ausschnitt. Die \u00c4rmel sind ger\u00fcscht und der Blusensaum mit einer zarten Spitze mit Gummi gezogen. Der Ausschnitt ist mit einem schmalen Schr\u00e4gstreifen eingefasst.<\/p>\n","protected":false},"excerpt":{"rendered":"<p>Die Dirndlbluse \u201cHeidi\u201d ist aus feiner Baumwolle mit leicht eingezogenen Puff\u00e4rmeln und rundem Ausschnitt. Die \u00c4rmel sind ger\u00fcscht und der Blusensaum mit einer zarten Spitze mit Gummi gezogen. Der Ausschnitt ist mit einem schmalen Schr\u00e4gstreifen eingefasst.<\/p>\n","protected":false},"featured_media":483,"comment_status":"closed","ping_status":"closed","template":"","meta":[],"product_cat":[18],"product_tag":[],"yoast_head":"<!-- This site is optimized with the Yoast SEO plugin v20.11 - https:\/\/yoast.com\/wordpress\/plugins\/seo\/ -->\n<title>Heidi &ndash; Sonja Fellner<\/title>\n<meta name=\"robots\" content=\"index, follow, max-snippet:-1, max-image-preview:large, max-video-preview:-1\" \/>\n<link rel=\"canonical\" href=\"https:\/\/sonjafellner.com\/?product=heidi\" \/>\n<meta property=\"og:locale\" content=\"en_US\" \/>\n<meta property=\"og:type\" content=\"article\" \/>\n<meta property=\"og:title\" content=\"Heidi &ndash; Sonja Fellner\" \/>\n<meta property=\"og:description\" content=\"Die Dirndlbluse \u201cHeidi\u201d ist aus feiner Baumwolle mit leicht eingezogenen Puff\u00e4rmeln und rundem Ausschnitt. Die \u00c4rmel sind ger\u00fcscht und der Blusensaum mit einer zarten Spitze mit Gummi gezogen. Der Ausschnitt ist mit einem schmalen Schr\u00e4gstreifen eingefasst.\" \/>\n<meta property=\"og:url\" content=\"https:\/\/sonjafellner.com\/?product=heidi\" \/>\n<meta property=\"og:site_name\" content=\"Sonja Fellner\" \/>\n<meta property=\"article:modified_time\" content=\"2015-09-12T15:05:44+00:00\" \/>\n<meta property=\"og:image\" content=\"https:\/\/sonjafellner.com\/wp-content\/uploads\/2015\/09\/hannah.white_.jpg\" \/>\n\t<meta property=\"og:image:width\" content=\"1000\" \/>\n\t<meta property=\"og:image:height\" content=\"667\" \/>\n\t<meta property=\"og:image:type\" content=\"image\/jpeg\" \/>\n<meta name=\"twitter:card\" content=\"summary_large_image\" \/>\n<script type=\"application\/ld+json\" class=\"yoast-schema-graph\">{\"@context\":\"https:\/\/schema.org\",\"@graph\":[{\"@type\":\"WebPage\",\"@id\":\"https:\/\/sonjafellner.com\/?product=heidi\",\"url\":\"https:\/\/sonjafellner.com\/?product=heidi\",\"name\":\"Heidi &ndash; Sonja Fellner\",\"isPartOf\":{\"@id\":\"https:\/\/sonjafellner.com\/#website\"},\"datePublished\":\"2015-08-26T12:06:08+00:00\",\"dateModified\":\"2015-09-12T15:05:44+00:00\",\"breadcrumb\":{\"@id\":\"https:\/\/sonjafellner.com\/?product=heidi#breadcrumb\"},\"inLanguage\":\"en-US\",\"potentialAction\":[{\"@type\":\"ReadAction\",\"target\":[\"https:\/\/sonjafellner.com\/?product=heidi\"]}]},{\"@type\":\"BreadcrumbList\",\"@id\":\"https:\/\/sonjafellner.com\/?product=heidi#breadcrumb\",\"itemListElement\":[{\"@type\":\"ListItem\",\"position\":1,\"name\":\"Home\",\"item\":\"https:\/\/sonjafellner.com\/\"},{\"@type\":\"ListItem\",\"position\":2,\"name\":\"Shop\",\"item\":\"https:\/\/sonjafellner.com\/?page_id=14\"},{\"@type\":\"ListItem\",\"position\":3,\"name\":\"Heidi\"}]},{\"@type\":\"WebSite\",\"@id\":\"https:\/\/sonjafellner.com\/#website\",\"url\":\"https:\/\/sonjafellner.com\/\",\"name\":\"Sonja Fellner\",\"description\":\"Austria\",\"potentialAction\":[{\"@type\":\"SearchAction\",\"target\":{\"@type\":\"EntryPoint\",\"urlTemplate\":\"https:\/\/sonjafellner.com\/?s={search_term_string}\"},\"query-input\":\"required name=search_term_string\"}],\"inLanguage\":\"en-US\"}]}<\/script>\n<!-- \/ Yoast SEO plugin. -->","yoast_head_json":{"title":"Heidi &ndash; Sonja Fellner","robots":{"index":"index","follow":"follow","max-snippet":"max-snippet:-1","max-image-preview":"max-image-preview:large","max-video-preview":"max-video-preview:-1"},"canonical":"https:\/\/sonjafellner.com\/?product=heidi","og_locale":"en_US","og_type":"article","og_title":"Heidi &ndash; Sonja Fellner","og_description":"Die Dirndlbluse \u201cHeidi\u201d ist aus feiner Baumwolle mit leicht eingezogenen Puff\u00e4rmeln und rundem Ausschnitt. Die \u00c4rmel sind ger\u00fcscht und der Blusensaum mit einer zarten Spitze mit Gummi gezogen. Der Ausschnitt ist mit einem schmalen Schr\u00e4gstreifen eingefasst.","og_url":"https:\/\/sonjafellner.com\/?product=heidi","og_site_name":"Sonja Fellner","article_modified_time":"2015-09-12T15:05:44+00:00","og_image":[{"width":1000,"height":667,"url":"https:\/\/sonjafellner.com\/wp-content\/uploads\/2015\/09\/hannah.white_.jpg","type":"image\/jpeg"}],"twitter_card":"summary_large_image","schema":{"@context":"https:\/\/schema.org","@graph":[{"@type":"WebPage","@id":"https:\/\/sonjafellner.com\/?product=heidi","url":"https:\/\/sonjafellner.com\/?product=heidi","name":"Heidi &ndash; Sonja Fellner","isPartOf":{"@id":"https:\/\/sonjafellner.com\/#website"},"datePublished":"2015-08-26T12:06:08+00:00","dateModified":"2015-09-12T15:05:44+00:00","breadcrumb":{"@id":"https:\/\/sonjafellner.com\/?product=heidi#breadcrumb"},"inLanguage":"en-US","potentialAction":[{"@type":"ReadAction","target":["https:\/\/sonjafellner.com\/?product=heidi"]}]},{"@type":"BreadcrumbList","@id":"https:\/\/sonjafellner.com\/?product=heidi#breadcrumb","itemListElement":[{"@type":"ListItem","position":1,"name":"Home","item":"https:\/\/sonjafellner.com\/"},{"@type":"ListItem","position":2,"name":"Shop","item":"https:\/\/sonjafellner.com\/?page_id=14"},{"@type":"ListItem","position":3,"name":"Heidi"}]},{"@type":"WebSite","@id":"https:\/\/sonjafellner.com\/#website","url":"https:\/\/sonjafellner.com\/","name":"Sonja Fellner","description":"Austria","potentialAction":[{"@type":"SearchAction","target":{"@type":"EntryPoint","urlTemplate":"https:\/\/sonjafellner.com\/?s={search_term_string}"},"query-input":"required name=search_term_string"}],"inLanguage":"en-US"}]}},"_links":{"self":[{"href":"https:\/\/sonjafellner.com\/index.php?rest_route=\/wp\/v3\/product\/112"}],"collection":[{"href":"https:\/\/sonjafellner.com\/index.php?rest_route=\/wp\/v3\/product"}],"about":[{"href":"https:\/\/sonjafellner.com\/index.php?rest_route=\/wp\/v2\/types\/product"}],"replies":[{"embeddable":true,"href":"https:\/\/sonjafellner.com\/index.php?rest_route=%2Fwp%2Fv2%2Fcomments&post=112"}],"wp:featuredmedia":[{"embeddable":true,"href":"https:\/\/sonjafellner.com\/index.php?rest_route=\/wp\/v2\/media\/483"}],"wp:attachment":[{"href":"https:\/\/sonjafellner.com\/index.php?rest_route=%2Fwp%2Fv2%2Fmedia&parent=112"}],"wp:term":[{"taxonomy":"product_cat","embeddable":true,"href":"https:\/\/sonjafellner.com\/index.php?rest_route=%2Fwp%2Fv2%2Fproduct_cat&post=112"},{"taxonomy":"product_tag","embeddable":true,"href":"https:\/\/sonjafellner.com\/index.php?rest_route=%2Fwp%2Fv2%2Fproduct_tag&post=112"}],"curies":[{"name":"wp","href":"https:\/\/api.w.org\/{rel}","templated":true}]}}