{"id":1079,"date":"2016-02-25T20:32:59","date_gmt":"2016-02-25T19:32:59","guid":{"rendered":"http:\/\/sonjafellner.com\/produkt\/dimitra\/"},"modified":"2016-02-25T20:41:29","modified_gmt":"2016-02-25T19:41:29","slug":"dimitra","status":"publish","type":"product","link":"https:\/\/sonjafellner.com\/?product=dimitra","title":{"rendered":"Dimitra"},"content":{"rendered":"<div class=\"dsc\">\n<div class=\"dsc\">\n<div class=\"dsc\">\n<div class=\"dsc\">\n<div class=\"dsc\">\n<div class=\"dsc\">\n<div class=\"dsc\">\n<div class=\"dsc\">\n<div class=\"dsc\">\n<div class=\"dsc\">\n<div class=\"dsc\">\n<div class=\"dsc\">\n<div class=\"dsc\">Das Cocktail-Kleid &#8220;Dimitra&#8221; mit aufgearbeiteter, feiner Spitze schmiegt sich perfekt an die weiblichen Rundungen. Es eignet sich besonders f\u00fcr festliche Anl\u00e4sse und lenkt garantiert alle Blicke auf sich. Das Kleid ist am R\u00fccken mit einem Zipp zu schlie\u00dfen.<\/div>\n<\/div>\n<\/div>\n<\/div>\n<\/div>\n<\/div>\n<\/div>\n<\/div>\n<\/div>\n<\/div>\n<\/div>\n<\/div>\n<\/div>\n","protected":false},"excerpt":{"rendered":"<p>Das Cocktail-Kleid &#8220;Dimitra&#8221; mit aufgearbeiteter, feiner Spitze schmiegt sich perfekt an die weiblichen Rundungen. Es eignet sich besonders f\u00fcr festliche Anl\u00e4sse und lenkt garantiert alle Blicke auf sich. Das Kleid ist am R\u00fccken mit einem Zipp zu schlie\u00dfen.<\/p>\n","protected":false},"featured_media":1065,"comment_status":"open","ping_status":"closed","template":"","meta":[],"product_cat":[115,25],"product_tag":[35,36,34],"yoast_head":"<!-- This site is optimized with the Yoast SEO plugin v20.11 - https:\/\/yoast.com\/wordpress\/plugins\/seo\/ -->\n<title>Dimitra &ndash; Sonja Fellner<\/title>\n<meta name=\"robots\" content=\"index, follow, max-snippet:-1, max-image-preview:large, max-video-preview:-1\" \/>\n<link rel=\"canonical\" href=\"https:\/\/sonjafellner.com\/?product=dimitra\" \/>\n<meta property=\"og:locale\" content=\"en_US\" \/>\n<meta property=\"og:type\" content=\"article\" \/>\n<meta property=\"og:title\" content=\"Dimitra &ndash; Sonja Fellner\" \/>\n<meta property=\"og:description\" content=\"Das Cocktail-Kleid &#8220;Dimitra&#8221; mit aufgearbeiteter, feiner Spitze schmiegt sich perfekt an die weiblichen Rundungen. Es eignet sich besonders f\u00fcr festliche Anl\u00e4sse und lenkt garantiert alle Blicke auf sich. Das Kleid ist am R\u00fccken mit einem Zipp zu schlie\u00dfen.\" \/>\n<meta property=\"og:url\" content=\"https:\/\/sonjafellner.com\/?product=dimitra\" \/>\n<meta property=\"og:site_name\" content=\"Sonja Fellner\" \/>\n<meta property=\"article:modified_time\" content=\"2016-02-25T19:41:29+00:00\" \/>\n<meta property=\"og:image\" content=\"https:\/\/sonjafellner.com\/wp-content\/uploads\/2016\/02\/sonja-fellner-dimitra-garden-of-eden-kleid-cocktailkleid-vorderansicht-1000x1500.jpg\" \/>\n\t<meta property=\"og:image:width\" content=\"1000\" \/>\n\t<meta property=\"og:image:height\" content=\"1500\" \/>\n\t<meta property=\"og:image:type\" content=\"image\/jpeg\" \/>\n<meta name=\"twitter:card\" content=\"summary_large_image\" \/>\n<script type=\"application\/ld+json\" class=\"yoast-schema-graph\">{\"@context\":\"https:\/\/schema.org\",\"@graph\":[{\"@type\":\"WebPage\",\"@id\":\"https:\/\/sonjafellner.com\/?product=dimitra\",\"url\":\"https:\/\/sonjafellner.com\/?product=dimitra\",\"name\":\"Dimitra &ndash; Sonja Fellner\",\"isPartOf\":{\"@id\":\"https:\/\/sonjafellner.com\/#website\"},\"datePublished\":\"2016-02-25T19:32:59+00:00\",\"dateModified\":\"2016-02-25T19:41:29+00:00\",\"breadcrumb\":{\"@id\":\"https:\/\/sonjafellner.com\/?product=dimitra#breadcrumb\"},\"inLanguage\":\"en-US\",\"potentialAction\":[{\"@type\":\"ReadAction\",\"target\":[\"https:\/\/sonjafellner.com\/?product=dimitra\"]}]},{\"@type\":\"BreadcrumbList\",\"@id\":\"https:\/\/sonjafellner.com\/?product=dimitra#breadcrumb\",\"itemListElement\":[{\"@type\":\"ListItem\",\"position\":1,\"name\":\"Home\",\"item\":\"https:\/\/sonjafellner.com\/\"},{\"@type\":\"ListItem\",\"position\":2,\"name\":\"Shop\",\"item\":\"https:\/\/sonjafellner.com\/?page_id=14\"},{\"@type\":\"ListItem\",\"position\":3,\"name\":\"Dimitra\"}]},{\"@type\":\"WebSite\",\"@id\":\"https:\/\/sonjafellner.com\/#website\",\"url\":\"https:\/\/sonjafellner.com\/\",\"name\":\"Sonja Fellner\",\"description\":\"Austria\",\"potentialAction\":[{\"@type\":\"SearchAction\",\"target\":{\"@type\":\"EntryPoint\",\"urlTemplate\":\"https:\/\/sonjafellner.com\/?s={search_term_string}\"},\"query-input\":\"required name=search_term_string\"}],\"inLanguage\":\"en-US\"}]}<\/script>\n<!-- \/ Yoast SEO plugin. -->","yoast_head_json":{"title":"Dimitra &ndash; Sonja Fellner","robots":{"index":"index","follow":"follow","max-snippet":"max-snippet:-1","max-image-preview":"max-image-preview:large","max-video-preview":"max-video-preview:-1"},"canonical":"https:\/\/sonjafellner.com\/?product=dimitra","og_locale":"en_US","og_type":"article","og_title":"Dimitra &ndash; Sonja Fellner","og_description":"Das Cocktail-Kleid &#8220;Dimitra&#8221; mit aufgearbeiteter, feiner Spitze schmiegt sich perfekt an die weiblichen Rundungen. Es eignet sich besonders f\u00fcr festliche Anl\u00e4sse und lenkt garantiert alle Blicke auf sich. Das Kleid ist am R\u00fccken mit einem Zipp zu schlie\u00dfen.","og_url":"https:\/\/sonjafellner.com\/?product=dimitra","og_site_name":"Sonja Fellner","article_modified_time":"2016-02-25T19:41:29+00:00","og_image":[{"width":1000,"height":1500,"url":"https:\/\/sonjafellner.com\/wp-content\/uploads\/2016\/02\/sonja-fellner-dimitra-garden-of-eden-kleid-cocktailkleid-vorderansicht-1000x1500.jpg","type":"image\/jpeg"}],"twitter_card":"summary_large_image","schema":{"@context":"https:\/\/schema.org","@graph":[{"@type":"WebPage","@id":"https:\/\/sonjafellner.com\/?product=dimitra","url":"https:\/\/sonjafellner.com\/?product=dimitra","name":"Dimitra &ndash; Sonja Fellner","isPartOf":{"@id":"https:\/\/sonjafellner.com\/#website"},"datePublished":"2016-02-25T19:32:59+00:00","dateModified":"2016-02-25T19:41:29+00:00","breadcrumb":{"@id":"https:\/\/sonjafellner.com\/?product=dimitra#breadcrumb"},"inLanguage":"en-US","potentialAction":[{"@type":"ReadAction","target":["https:\/\/sonjafellner.com\/?product=dimitra"]}]},{"@type":"BreadcrumbList","@id":"https:\/\/sonjafellner.com\/?product=dimitra#breadcrumb","itemListElement":[{"@type":"ListItem","position":1,"name":"Home","item":"https:\/\/sonjafellner.com\/"},{"@type":"ListItem","position":2,"name":"Shop","item":"https:\/\/sonjafellner.com\/?page_id=14"},{"@type":"ListItem","position":3,"name":"Dimitra"}]},{"@type":"WebSite","@id":"https:\/\/sonjafellner.com\/#website","url":"https:\/\/sonjafellner.com\/","name":"Sonja Fellner","description":"Austria","potentialAction":[{"@type":"SearchAction","target":{"@type":"EntryPoint","urlTemplate":"https:\/\/sonjafellner.com\/?s={search_term_string}"},"query-input":"required name=search_term_string"}],"inLanguage":"en-US"}]}},"_links":{"self":[{"href":"https:\/\/sonjafellner.com\/index.php?rest_route=\/wp\/v3\/product\/1079"}],"collection":[{"href":"https:\/\/sonjafellner.com\/index.php?rest_route=\/wp\/v3\/product"}],"about":[{"href":"https:\/\/sonjafellner.com\/index.php?rest_route=\/wp\/v2\/types\/product"}],"replies":[{"embeddable":true,"href":"https:\/\/sonjafellner.com\/index.php?rest_route=%2Fwp%2Fv2%2Fcomments&post=1079"}],"wp:featuredmedia":[{"embeddable":true,"href":"https:\/\/sonjafellner.com\/index.php?rest_route=\/wp\/v2\/media\/1065"}],"wp:attachment":[{"href":"https:\/\/sonjafellner.com\/index.php?rest_route=%2Fwp%2Fv2%2Fmedia&parent=1079"}],"wp:term":[{"taxonomy":"product_cat","embeddable":true,"href":"https:\/\/sonjafellner.com\/index.php?rest_route=%2Fwp%2Fv2%2Fproduct_cat&post=1079"},{"taxonomy":"product_tag","embeddable":true,"href":"https:\/\/sonjafellner.com\/index.php?rest_route=%2Fwp%2Fv2%2Fproduct_tag&post=1079"}],"curies":[{"name":"wp","href":"https:\/\/api.w.org\/{rel}","templated":true}]}}