{"id":1075,"date":"2016-02-25T20:14:53","date_gmt":"2016-02-25T19:14:53","guid":{"rendered":"http:\/\/sonjafellner.com\/produkt\/desiree\/"},"modified":"2016-02-25T20:23:00","modified_gmt":"2016-02-25T19:23:00","slug":"desiree","status":"publish","type":"product","link":"https:\/\/sonjafellner.com\/?product=desiree","title":{"rendered":"Desiree"},"content":{"rendered":"<div class=\"dsc\">\n<p>Das edle Dirndl &#8220;Desiree&#8221; kann sowohl als Hochzeitsdirndl als auch Balldirndl getragen werden. Es ist aus traumhaften Seidenjaquard in zartem Gr\u00fcnton gefertigt. Der Ausschnitt ist ein wahrer Blickfang, welcher durch eine Borte mit Perlsteinen gekonnt betont wurde. Das vordere Miederteil ist mit Miederst\u00e4ben verst\u00e4rkt und verleiht dem Dirndl eine besonders gute Passform. Das Mieder ist mit Miederhaken zu schlie\u00dfen. Der Rock ist in aufwendiger Handarbeit reihig gezogen und besitzt f\u00fcr einen tollen Tragekomfort einen Petticoat.<\/p>\n<\/div>\n","protected":false},"excerpt":{"rendered":"<p>Das edle Dirndl &#8220;Desiree&#8221; kann sowohl als Hochzeitsdirndl als auch Balldirndl getragen werden. Es ist aus traumhaften Seidenjaquard in zartem Gr\u00fcnton gefertigt. Der Ausschnitt ist ein wahrer Blickfang, welcher durch eine Borte mit Perlsteinen gekonnt betont wurde. Das vordere Miederteil ist mit Miederst\u00e4ben verst\u00e4rkt und verleiht dem Dirndl eine besonders gute Passform. Das Mieder ist<br class=\"read-more-spacer\"> <a class=\"more-link clearfix\" href=\"https:\/\/sonjafellner.com\/?product=desiree\">Read More<\/a><\/p>\n","protected":false},"featured_media":1068,"comment_status":"open","ping_status":"closed","template":"","meta":[],"product_cat":[6,7,19],"product_tag":[],"yoast_head":"<!-- This site is optimized with the Yoast SEO plugin v20.11 - https:\/\/yoast.com\/wordpress\/plugins\/seo\/ -->\n<title>Desiree &ndash; Sonja Fellner<\/title>\n<meta name=\"robots\" content=\"index, follow, max-snippet:-1, max-image-preview:large, max-video-preview:-1\" \/>\n<link rel=\"canonical\" href=\"https:\/\/sonjafellner.com\/?product=desiree\" \/>\n<meta property=\"og:locale\" content=\"en_US\" \/>\n<meta property=\"og:type\" content=\"article\" \/>\n<meta property=\"og:title\" content=\"Desiree &ndash; Sonja Fellner\" \/>\n<meta property=\"og:description\" content=\"Das edle Dirndl &#8220;Desiree&#8221; kann sowohl als Hochzeitsdirndl als auch Balldirndl getragen werden. Es ist aus traumhaften Seidenjaquard in zartem Gr\u00fcnton gefertigt. Der Ausschnitt ist ein wahrer Blickfang, welcher durch eine Borte mit Perlsteinen gekonnt betont wurde. Das vordere Miederteil ist mit Miederst\u00e4ben verst\u00e4rkt und verleiht dem Dirndl eine besonders gute Passform. Das Mieder ist Read More\" \/>\n<meta property=\"og:url\" content=\"https:\/\/sonjafellner.com\/?product=desiree\" \/>\n<meta property=\"og:site_name\" content=\"Sonja Fellner\" \/>\n<meta property=\"article:modified_time\" content=\"2016-02-25T19:23:00+00:00\" \/>\n<meta property=\"og:image\" content=\"https:\/\/sonjafellner.com\/wp-content\/uploads\/2016\/02\/sonja-fellner-desiree-garden-of-eden-dirndl-couturedirndl-hochzeitsdirndl-vorderansicht-1000x1500.jpg\" \/>\n\t<meta property=\"og:image:width\" content=\"1000\" \/>\n\t<meta property=\"og:image:height\" content=\"1500\" \/>\n\t<meta property=\"og:image:type\" content=\"image\/jpeg\" \/>\n<meta name=\"twitter:card\" content=\"summary_large_image\" \/>\n<script type=\"application\/ld+json\" class=\"yoast-schema-graph\">{\"@context\":\"https:\/\/schema.org\",\"@graph\":[{\"@type\":\"WebPage\",\"@id\":\"https:\/\/sonjafellner.com\/?product=desiree\",\"url\":\"https:\/\/sonjafellner.com\/?product=desiree\",\"name\":\"Desiree &ndash; Sonja Fellner\",\"isPartOf\":{\"@id\":\"https:\/\/sonjafellner.com\/#website\"},\"datePublished\":\"2016-02-25T19:14:53+00:00\",\"dateModified\":\"2016-02-25T19:23:00+00:00\",\"breadcrumb\":{\"@id\":\"https:\/\/sonjafellner.com\/?product=desiree#breadcrumb\"},\"inLanguage\":\"en-US\",\"potentialAction\":[{\"@type\":\"ReadAction\",\"target\":[\"https:\/\/sonjafellner.com\/?product=desiree\"]}]},{\"@type\":\"BreadcrumbList\",\"@id\":\"https:\/\/sonjafellner.com\/?product=desiree#breadcrumb\",\"itemListElement\":[{\"@type\":\"ListItem\",\"position\":1,\"name\":\"Home\",\"item\":\"https:\/\/sonjafellner.com\/\"},{\"@type\":\"ListItem\",\"position\":2,\"name\":\"Shop\",\"item\":\"https:\/\/sonjafellner.com\/?page_id=14\"},{\"@type\":\"ListItem\",\"position\":3,\"name\":\"Desiree\"}]},{\"@type\":\"WebSite\",\"@id\":\"https:\/\/sonjafellner.com\/#website\",\"url\":\"https:\/\/sonjafellner.com\/\",\"name\":\"Sonja Fellner\",\"description\":\"Austria\",\"potentialAction\":[{\"@type\":\"SearchAction\",\"target\":{\"@type\":\"EntryPoint\",\"urlTemplate\":\"https:\/\/sonjafellner.com\/?s={search_term_string}\"},\"query-input\":\"required name=search_term_string\"}],\"inLanguage\":\"en-US\"}]}<\/script>\n<!-- \/ Yoast SEO plugin. -->","yoast_head_json":{"title":"Desiree &ndash; Sonja Fellner","robots":{"index":"index","follow":"follow","max-snippet":"max-snippet:-1","max-image-preview":"max-image-preview:large","max-video-preview":"max-video-preview:-1"},"canonical":"https:\/\/sonjafellner.com\/?product=desiree","og_locale":"en_US","og_type":"article","og_title":"Desiree &ndash; Sonja Fellner","og_description":"Das edle Dirndl &#8220;Desiree&#8221; kann sowohl als Hochzeitsdirndl als auch Balldirndl getragen werden. Es ist aus traumhaften Seidenjaquard in zartem Gr\u00fcnton gefertigt. Der Ausschnitt ist ein wahrer Blickfang, welcher durch eine Borte mit Perlsteinen gekonnt betont wurde. Das vordere Miederteil ist mit Miederst\u00e4ben verst\u00e4rkt und verleiht dem Dirndl eine besonders gute Passform. Das Mieder ist Read More","og_url":"https:\/\/sonjafellner.com\/?product=desiree","og_site_name":"Sonja Fellner","article_modified_time":"2016-02-25T19:23:00+00:00","og_image":[{"width":1000,"height":1500,"url":"https:\/\/sonjafellner.com\/wp-content\/uploads\/2016\/02\/sonja-fellner-desiree-garden-of-eden-dirndl-couturedirndl-hochzeitsdirndl-vorderansicht-1000x1500.jpg","type":"image\/jpeg"}],"twitter_card":"summary_large_image","schema":{"@context":"https:\/\/schema.org","@graph":[{"@type":"WebPage","@id":"https:\/\/sonjafellner.com\/?product=desiree","url":"https:\/\/sonjafellner.com\/?product=desiree","name":"Desiree &ndash; Sonja Fellner","isPartOf":{"@id":"https:\/\/sonjafellner.com\/#website"},"datePublished":"2016-02-25T19:14:53+00:00","dateModified":"2016-02-25T19:23:00+00:00","breadcrumb":{"@id":"https:\/\/sonjafellner.com\/?product=desiree#breadcrumb"},"inLanguage":"en-US","potentialAction":[{"@type":"ReadAction","target":["https:\/\/sonjafellner.com\/?product=desiree"]}]},{"@type":"BreadcrumbList","@id":"https:\/\/sonjafellner.com\/?product=desiree#breadcrumb","itemListElement":[{"@type":"ListItem","position":1,"name":"Home","item":"https:\/\/sonjafellner.com\/"},{"@type":"ListItem","position":2,"name":"Shop","item":"https:\/\/sonjafellner.com\/?page_id=14"},{"@type":"ListItem","position":3,"name":"Desiree"}]},{"@type":"WebSite","@id":"https:\/\/sonjafellner.com\/#website","url":"https:\/\/sonjafellner.com\/","name":"Sonja Fellner","description":"Austria","potentialAction":[{"@type":"SearchAction","target":{"@type":"EntryPoint","urlTemplate":"https:\/\/sonjafellner.com\/?s={search_term_string}"},"query-input":"required name=search_term_string"}],"inLanguage":"en-US"}]}},"_links":{"self":[{"href":"https:\/\/sonjafellner.com\/index.php?rest_route=\/wp\/v3\/product\/1075"}],"collection":[{"href":"https:\/\/sonjafellner.com\/index.php?rest_route=\/wp\/v3\/product"}],"about":[{"href":"https:\/\/sonjafellner.com\/index.php?rest_route=\/wp\/v2\/types\/product"}],"replies":[{"embeddable":true,"href":"https:\/\/sonjafellner.com\/index.php?rest_route=%2Fwp%2Fv2%2Fcomments&post=1075"}],"wp:featuredmedia":[{"embeddable":true,"href":"https:\/\/sonjafellner.com\/index.php?rest_route=\/wp\/v2\/media\/1068"}],"wp:attachment":[{"href":"https:\/\/sonjafellner.com\/index.php?rest_route=%2Fwp%2Fv2%2Fmedia&parent=1075"}],"wp:term":[{"taxonomy":"product_cat","embeddable":true,"href":"https:\/\/sonjafellner.com\/index.php?rest_route=%2Fwp%2Fv2%2Fproduct_cat&post=1075"},{"taxonomy":"product_tag","embeddable":true,"href":"https:\/\/sonjafellner.com\/index.php?rest_route=%2Fwp%2Fv2%2Fproduct_tag&post=1075"}],"curies":[{"name":"wp","href":"https:\/\/api.w.org\/{rel}","templated":true}]}}