{"id":1055,"date":"2016-02-25T19:07:51","date_gmt":"2016-02-25T18:07:51","guid":{"rendered":"http:\/\/sonjafellner.com\/?post_type=product&#038;p=1055"},"modified":"2016-02-25T19:07:51","modified_gmt":"2016-02-25T18:07:51","slug":"jacky-svea","status":"publish","type":"product","link":"https:\/\/sonjafellner.com\/?product=jacky-svea","title":{"rendered":"Jacky &#038; Svea"},"content":{"rendered":"<p>Die Jacke &#8220;Jacky&#8221; mit floralem Muster ist eine wahre Freude f\u00fcr festliche Anl\u00e4sse. Die sch\u00f6nsten Eigenschaften von &#8220;Jacky&#8221; sind ihr taillierter Schnitt und angeschnittener Stehkragen. Diese Jacke ist wunderbar mit dem Rock &#8220;Svea&#8221; kombinierbar und zaubert eine weibliche Silhouette. Die Jacke ist vorne mit Miederhaken zu schlie\u00dfen.<\/p>\n<p>&#8220;Svea&#8221; ist ein entz\u00fcckender Rock f\u00fcr festliche Anl\u00e4sse aus besonders hochwertiger franz\u00f6sischer Spitze.<\/p>\n","protected":false},"excerpt":{"rendered":"<p>Die Jacke &#8220;Jacky&#8221; mit floralem Muster ist eine wahre Freude f\u00fcr festliche Anl\u00e4sse. Die sch\u00f6nsten Eigenschaften von &#8220;Jacky&#8221; sind ihr taillierter Schnitt und angeschnittener Stehkragen. Diese Jacke ist wunderbar mit dem Rock &#8220;Svea&#8221; kombinierbar und zaubert eine weibliche Silhouette. Die Jacke ist vorne mit Miederhaken zu schlie\u00dfen. &#8220;Svea&#8221; ist ein entz\u00fcckender Rock f\u00fcr festliche Anl\u00e4sse<br class=\"read-more-spacer\"> <a class=\"more-link clearfix\" href=\"https:\/\/sonjafellner.com\/?product=jacky-svea\">Read More<\/a><\/p>\n","protected":false},"featured_media":1028,"comment_status":"closed","ping_status":"closed","template":"","meta":[],"product_cat":[23],"product_tag":[],"yoast_head":"<!-- This site is optimized with the Yoast SEO plugin v20.11 - https:\/\/yoast.com\/wordpress\/plugins\/seo\/ -->\n<title>Jacky &amp; Svea &ndash; Sonja Fellner<\/title>\n<meta name=\"robots\" content=\"index, follow, max-snippet:-1, max-image-preview:large, max-video-preview:-1\" \/>\n<link rel=\"canonical\" href=\"https:\/\/sonjafellner.com\/?product=jacky-svea\" \/>\n<meta property=\"og:locale\" content=\"en_US\" \/>\n<meta property=\"og:type\" content=\"article\" \/>\n<meta property=\"og:title\" content=\"Jacky &amp; Svea &ndash; Sonja Fellner\" \/>\n<meta property=\"og:description\" content=\"Die Jacke &#8220;Jacky&#8221; mit floralem Muster ist eine wahre Freude f\u00fcr festliche Anl\u00e4sse. Die sch\u00f6nsten Eigenschaften von &#8220;Jacky&#8221; sind ihr taillierter Schnitt und angeschnittener Stehkragen. Diese Jacke ist wunderbar mit dem Rock &#8220;Svea&#8221; kombinierbar und zaubert eine weibliche Silhouette. Die Jacke ist vorne mit Miederhaken zu schlie\u00dfen. &#8220;Svea&#8221; ist ein entz\u00fcckender Rock f\u00fcr festliche Anl\u00e4sse Read More\" \/>\n<meta property=\"og:url\" content=\"https:\/\/sonjafellner.com\/?product=jacky-svea\" \/>\n<meta property=\"og:site_name\" content=\"Sonja Fellner\" \/>\n<meta property=\"og:image\" content=\"https:\/\/sonjafellner.com\/wp-content\/uploads\/2016\/02\/sonja-fellner-jacky-svea-blazing-elegance-jacke-rock-vorderansicht-1000x1500.jpg\" \/>\n\t<meta property=\"og:image:width\" content=\"1000\" \/>\n\t<meta property=\"og:image:height\" content=\"1500\" \/>\n\t<meta property=\"og:image:type\" content=\"image\/jpeg\" \/>\n<meta name=\"twitter:card\" content=\"summary_large_image\" \/>\n<script type=\"application\/ld+json\" class=\"yoast-schema-graph\">{\"@context\":\"https:\/\/schema.org\",\"@graph\":[{\"@type\":\"WebPage\",\"@id\":\"https:\/\/sonjafellner.com\/?product=jacky-svea\",\"url\":\"https:\/\/sonjafellner.com\/?product=jacky-svea\",\"name\":\"Jacky & Svea &ndash; Sonja Fellner\",\"isPartOf\":{\"@id\":\"https:\/\/sonjafellner.com\/#website\"},\"datePublished\":\"2016-02-25T18:07:51+00:00\",\"dateModified\":\"2016-02-25T18:07:51+00:00\",\"breadcrumb\":{\"@id\":\"https:\/\/sonjafellner.com\/?product=jacky-svea#breadcrumb\"},\"inLanguage\":\"en-US\",\"potentialAction\":[{\"@type\":\"ReadAction\",\"target\":[\"https:\/\/sonjafellner.com\/?product=jacky-svea\"]}]},{\"@type\":\"BreadcrumbList\",\"@id\":\"https:\/\/sonjafellner.com\/?product=jacky-svea#breadcrumb\",\"itemListElement\":[{\"@type\":\"ListItem\",\"position\":1,\"name\":\"Home\",\"item\":\"https:\/\/sonjafellner.com\/\"},{\"@type\":\"ListItem\",\"position\":2,\"name\":\"Shop\",\"item\":\"https:\/\/sonjafellner.com\/?page_id=14\"},{\"@type\":\"ListItem\",\"position\":3,\"name\":\"Jacky &#038; Svea\"}]},{\"@type\":\"WebSite\",\"@id\":\"https:\/\/sonjafellner.com\/#website\",\"url\":\"https:\/\/sonjafellner.com\/\",\"name\":\"Sonja Fellner\",\"description\":\"Austria\",\"potentialAction\":[{\"@type\":\"SearchAction\",\"target\":{\"@type\":\"EntryPoint\",\"urlTemplate\":\"https:\/\/sonjafellner.com\/?s={search_term_string}\"},\"query-input\":\"required name=search_term_string\"}],\"inLanguage\":\"en-US\"}]}<\/script>\n<!-- \/ Yoast SEO plugin. -->","yoast_head_json":{"title":"Jacky & Svea &ndash; Sonja Fellner","robots":{"index":"index","follow":"follow","max-snippet":"max-snippet:-1","max-image-preview":"max-image-preview:large","max-video-preview":"max-video-preview:-1"},"canonical":"https:\/\/sonjafellner.com\/?product=jacky-svea","og_locale":"en_US","og_type":"article","og_title":"Jacky & Svea &ndash; Sonja Fellner","og_description":"Die Jacke &#8220;Jacky&#8221; mit floralem Muster ist eine wahre Freude f\u00fcr festliche Anl\u00e4sse. Die sch\u00f6nsten Eigenschaften von &#8220;Jacky&#8221; sind ihr taillierter Schnitt und angeschnittener Stehkragen. Diese Jacke ist wunderbar mit dem Rock &#8220;Svea&#8221; kombinierbar und zaubert eine weibliche Silhouette. Die Jacke ist vorne mit Miederhaken zu schlie\u00dfen. &#8220;Svea&#8221; ist ein entz\u00fcckender Rock f\u00fcr festliche Anl\u00e4sse Read More","og_url":"https:\/\/sonjafellner.com\/?product=jacky-svea","og_site_name":"Sonja Fellner","og_image":[{"width":1000,"height":1500,"url":"https:\/\/sonjafellner.com\/wp-content\/uploads\/2016\/02\/sonja-fellner-jacky-svea-blazing-elegance-jacke-rock-vorderansicht-1000x1500.jpg","type":"image\/jpeg"}],"twitter_card":"summary_large_image","schema":{"@context":"https:\/\/schema.org","@graph":[{"@type":"WebPage","@id":"https:\/\/sonjafellner.com\/?product=jacky-svea","url":"https:\/\/sonjafellner.com\/?product=jacky-svea","name":"Jacky & Svea &ndash; Sonja Fellner","isPartOf":{"@id":"https:\/\/sonjafellner.com\/#website"},"datePublished":"2016-02-25T18:07:51+00:00","dateModified":"2016-02-25T18:07:51+00:00","breadcrumb":{"@id":"https:\/\/sonjafellner.com\/?product=jacky-svea#breadcrumb"},"inLanguage":"en-US","potentialAction":[{"@type":"ReadAction","target":["https:\/\/sonjafellner.com\/?product=jacky-svea"]}]},{"@type":"BreadcrumbList","@id":"https:\/\/sonjafellner.com\/?product=jacky-svea#breadcrumb","itemListElement":[{"@type":"ListItem","position":1,"name":"Home","item":"https:\/\/sonjafellner.com\/"},{"@type":"ListItem","position":2,"name":"Shop","item":"https:\/\/sonjafellner.com\/?page_id=14"},{"@type":"ListItem","position":3,"name":"Jacky &#038; Svea"}]},{"@type":"WebSite","@id":"https:\/\/sonjafellner.com\/#website","url":"https:\/\/sonjafellner.com\/","name":"Sonja Fellner","description":"Austria","potentialAction":[{"@type":"SearchAction","target":{"@type":"EntryPoint","urlTemplate":"https:\/\/sonjafellner.com\/?s={search_term_string}"},"query-input":"required name=search_term_string"}],"inLanguage":"en-US"}]}},"_links":{"self":[{"href":"https:\/\/sonjafellner.com\/index.php?rest_route=\/wp\/v3\/product\/1055"}],"collection":[{"href":"https:\/\/sonjafellner.com\/index.php?rest_route=\/wp\/v3\/product"}],"about":[{"href":"https:\/\/sonjafellner.com\/index.php?rest_route=\/wp\/v2\/types\/product"}],"replies":[{"embeddable":true,"href":"https:\/\/sonjafellner.com\/index.php?rest_route=%2Fwp%2Fv2%2Fcomments&post=1055"}],"wp:featuredmedia":[{"embeddable":true,"href":"https:\/\/sonjafellner.com\/index.php?rest_route=\/wp\/v2\/media\/1028"}],"wp:attachment":[{"href":"https:\/\/sonjafellner.com\/index.php?rest_route=%2Fwp%2Fv2%2Fmedia&parent=1055"}],"wp:term":[{"taxonomy":"product_cat","embeddable":true,"href":"https:\/\/sonjafellner.com\/index.php?rest_route=%2Fwp%2Fv2%2Fproduct_cat&post=1055"},{"taxonomy":"product_tag","embeddable":true,"href":"https:\/\/sonjafellner.com\/index.php?rest_route=%2Fwp%2Fv2%2Fproduct_tag&post=1055"}],"curies":[{"name":"wp","href":"https:\/\/api.w.org\/{rel}","templated":true}]}}