{"id":1051,"date":"2016-02-24T12:03:45","date_gmt":"2016-02-24T11:03:45","guid":{"rendered":"http:\/\/sonjafellner.com\/?post_type=product&#038;p=1051"},"modified":"2016-02-24T12:04:24","modified_gmt":"2016-02-24T11:04:24","slug":"jacinta","status":"publish","type":"product","link":"https:\/\/sonjafellner.com\/?product=jacinta","title":{"rendered":"Jacinta"},"content":{"rendered":"<p>&#8220;Jacinta&#8221; ist ein Jacke mit floralem Muster und einer eleganten Farbkombination von Marine und Elfenbein. Die sch\u00f6nsten Eigenschaften von &#8220;Jacinta&#8221; sind ihr taillierter Schnitt und angeschnittener Stehkragen. Diese Jacke ist wunderbar mit dem Rock &#8220;Sophia&#8221; kombinierbar und zaubert eine weibliche Silhouette. Die Kn\u00f6pfe an der Jacke sind mit einem angereihten Schlingenverschlu\u00df zu schlie\u00dfen.<\/p>\n","protected":false},"excerpt":{"rendered":"<p>&#8220;Jacinta&#8221; ist ein Jacke mit floralem Muster und einer eleganten Farbkombination von Marine und Elfenbein. Die sch\u00f6nsten Eigenschaften von &#8220;Jacinta&#8221; sind ihr taillierter Schnitt und angeschnittener Stehkragen. Diese Jacke ist wunderbar mit dem Rock &#8220;Sophia&#8221; kombinierbar und zaubert eine weibliche Silhouette. Die Kn\u00f6pfe an der Jacke sind mit einem angereihten Schlingenverschlu\u00df zu schlie\u00dfen.<\/p>\n","protected":false},"featured_media":1034,"comment_status":"closed","ping_status":"closed","template":"","meta":[],"product_cat":[126],"product_tag":[],"yoast_head":"<!-- This site is optimized with the Yoast SEO plugin v20.11 - https:\/\/yoast.com\/wordpress\/plugins\/seo\/ -->\n<title>Jacinta &ndash; Sonja Fellner<\/title>\n<meta name=\"robots\" content=\"index, follow, max-snippet:-1, max-image-preview:large, max-video-preview:-1\" \/>\n<link rel=\"canonical\" href=\"https:\/\/sonjafellner.com\/?product=jacinta\" \/>\n<meta property=\"og:locale\" content=\"en_US\" \/>\n<meta property=\"og:type\" content=\"article\" \/>\n<meta property=\"og:title\" content=\"Jacinta &ndash; Sonja Fellner\" \/>\n<meta property=\"og:description\" content=\"&#8220;Jacinta&#8221; ist ein Jacke mit floralem Muster und einer eleganten Farbkombination von Marine und Elfenbein. Die sch\u00f6nsten Eigenschaften von &#8220;Jacinta&#8221; sind ihr taillierter Schnitt und angeschnittener Stehkragen. Diese Jacke ist wunderbar mit dem Rock &#8220;Sophia&#8221; kombinierbar und zaubert eine weibliche Silhouette. Die Kn\u00f6pfe an der Jacke sind mit einem angereihten Schlingenverschlu\u00df zu schlie\u00dfen.\" \/>\n<meta property=\"og:url\" content=\"https:\/\/sonjafellner.com\/?product=jacinta\" \/>\n<meta property=\"og:site_name\" content=\"Sonja Fellner\" \/>\n<meta property=\"article:modified_time\" content=\"2016-02-24T11:04:24+00:00\" \/>\n<meta property=\"og:image\" content=\"https:\/\/sonjafellner.com\/wp-content\/uploads\/2016\/02\/sonja-fellner-jacinta-blazing-elegance-jacke-vorderansicht-1000x1500.jpg\" \/>\n\t<meta property=\"og:image:width\" content=\"1000\" \/>\n\t<meta property=\"og:image:height\" content=\"1500\" \/>\n\t<meta property=\"og:image:type\" content=\"image\/jpeg\" \/>\n<meta name=\"twitter:card\" content=\"summary_large_image\" \/>\n<script type=\"application\/ld+json\" class=\"yoast-schema-graph\">{\"@context\":\"https:\/\/schema.org\",\"@graph\":[{\"@type\":\"WebPage\",\"@id\":\"https:\/\/sonjafellner.com\/?product=jacinta\",\"url\":\"https:\/\/sonjafellner.com\/?product=jacinta\",\"name\":\"Jacinta &ndash; Sonja Fellner\",\"isPartOf\":{\"@id\":\"https:\/\/sonjafellner.com\/#website\"},\"datePublished\":\"2016-02-24T11:03:45+00:00\",\"dateModified\":\"2016-02-24T11:04:24+00:00\",\"breadcrumb\":{\"@id\":\"https:\/\/sonjafellner.com\/?product=jacinta#breadcrumb\"},\"inLanguage\":\"en-US\",\"potentialAction\":[{\"@type\":\"ReadAction\",\"target\":[\"https:\/\/sonjafellner.com\/?product=jacinta\"]}]},{\"@type\":\"BreadcrumbList\",\"@id\":\"https:\/\/sonjafellner.com\/?product=jacinta#breadcrumb\",\"itemListElement\":[{\"@type\":\"ListItem\",\"position\":1,\"name\":\"Home\",\"item\":\"https:\/\/sonjafellner.com\/\"},{\"@type\":\"ListItem\",\"position\":2,\"name\":\"Shop\",\"item\":\"https:\/\/sonjafellner.com\/?page_id=14\"},{\"@type\":\"ListItem\",\"position\":3,\"name\":\"Jacinta\"}]},{\"@type\":\"WebSite\",\"@id\":\"https:\/\/sonjafellner.com\/#website\",\"url\":\"https:\/\/sonjafellner.com\/\",\"name\":\"Sonja Fellner\",\"description\":\"Austria\",\"potentialAction\":[{\"@type\":\"SearchAction\",\"target\":{\"@type\":\"EntryPoint\",\"urlTemplate\":\"https:\/\/sonjafellner.com\/?s={search_term_string}\"},\"query-input\":\"required name=search_term_string\"}],\"inLanguage\":\"en-US\"}]}<\/script>\n<!-- \/ Yoast SEO plugin. -->","yoast_head_json":{"title":"Jacinta &ndash; Sonja Fellner","robots":{"index":"index","follow":"follow","max-snippet":"max-snippet:-1","max-image-preview":"max-image-preview:large","max-video-preview":"max-video-preview:-1"},"canonical":"https:\/\/sonjafellner.com\/?product=jacinta","og_locale":"en_US","og_type":"article","og_title":"Jacinta &ndash; Sonja Fellner","og_description":"&#8220;Jacinta&#8221; ist ein Jacke mit floralem Muster und einer eleganten Farbkombination von Marine und Elfenbein. Die sch\u00f6nsten Eigenschaften von &#8220;Jacinta&#8221; sind ihr taillierter Schnitt und angeschnittener Stehkragen. Diese Jacke ist wunderbar mit dem Rock &#8220;Sophia&#8221; kombinierbar und zaubert eine weibliche Silhouette. Die Kn\u00f6pfe an der Jacke sind mit einem angereihten Schlingenverschlu\u00df zu schlie\u00dfen.","og_url":"https:\/\/sonjafellner.com\/?product=jacinta","og_site_name":"Sonja Fellner","article_modified_time":"2016-02-24T11:04:24+00:00","og_image":[{"width":1000,"height":1500,"url":"https:\/\/sonjafellner.com\/wp-content\/uploads\/2016\/02\/sonja-fellner-jacinta-blazing-elegance-jacke-vorderansicht-1000x1500.jpg","type":"image\/jpeg"}],"twitter_card":"summary_large_image","schema":{"@context":"https:\/\/schema.org","@graph":[{"@type":"WebPage","@id":"https:\/\/sonjafellner.com\/?product=jacinta","url":"https:\/\/sonjafellner.com\/?product=jacinta","name":"Jacinta &ndash; Sonja Fellner","isPartOf":{"@id":"https:\/\/sonjafellner.com\/#website"},"datePublished":"2016-02-24T11:03:45+00:00","dateModified":"2016-02-24T11:04:24+00:00","breadcrumb":{"@id":"https:\/\/sonjafellner.com\/?product=jacinta#breadcrumb"},"inLanguage":"en-US","potentialAction":[{"@type":"ReadAction","target":["https:\/\/sonjafellner.com\/?product=jacinta"]}]},{"@type":"BreadcrumbList","@id":"https:\/\/sonjafellner.com\/?product=jacinta#breadcrumb","itemListElement":[{"@type":"ListItem","position":1,"name":"Home","item":"https:\/\/sonjafellner.com\/"},{"@type":"ListItem","position":2,"name":"Shop","item":"https:\/\/sonjafellner.com\/?page_id=14"},{"@type":"ListItem","position":3,"name":"Jacinta"}]},{"@type":"WebSite","@id":"https:\/\/sonjafellner.com\/#website","url":"https:\/\/sonjafellner.com\/","name":"Sonja Fellner","description":"Austria","potentialAction":[{"@type":"SearchAction","target":{"@type":"EntryPoint","urlTemplate":"https:\/\/sonjafellner.com\/?s={search_term_string}"},"query-input":"required name=search_term_string"}],"inLanguage":"en-US"}]}},"_links":{"self":[{"href":"https:\/\/sonjafellner.com\/index.php?rest_route=\/wp\/v3\/product\/1051"}],"collection":[{"href":"https:\/\/sonjafellner.com\/index.php?rest_route=\/wp\/v3\/product"}],"about":[{"href":"https:\/\/sonjafellner.com\/index.php?rest_route=\/wp\/v2\/types\/product"}],"replies":[{"embeddable":true,"href":"https:\/\/sonjafellner.com\/index.php?rest_route=%2Fwp%2Fv2%2Fcomments&post=1051"}],"wp:featuredmedia":[{"embeddable":true,"href":"https:\/\/sonjafellner.com\/index.php?rest_route=\/wp\/v2\/media\/1034"}],"wp:attachment":[{"href":"https:\/\/sonjafellner.com\/index.php?rest_route=%2Fwp%2Fv2%2Fmedia&parent=1051"}],"wp:term":[{"taxonomy":"product_cat","embeddable":true,"href":"https:\/\/sonjafellner.com\/index.php?rest_route=%2Fwp%2Fv2%2Fproduct_cat&post=1051"},{"taxonomy":"product_tag","embeddable":true,"href":"https:\/\/sonjafellner.com\/index.php?rest_route=%2Fwp%2Fv2%2Fproduct_tag&post=1051"}],"curies":[{"name":"wp","href":"https:\/\/api.w.org\/{rel}","templated":true}]}}