{"id":1044,"date":"2016-02-24T11:29:42","date_gmt":"2016-02-24T10:29:42","guid":{"rendered":"http:\/\/sonjafellner.com\/?post_type=product&#038;p=1044"},"modified":"2021-02-03T20:42:00","modified_gmt":"2021-02-03T19:42:00","slug":"svea","status":"publish","type":"product","link":"https:\/\/sonjafellner.com\/?product=svea","title":{"rendered":"Svea"},"content":{"rendered":"<p>&#8220;Svea&#8221; ist ein entz\u00fcckender Rock f\u00fcr festliche Anl\u00e4sse aus besonders hochwertiger franz\u00f6sischer Spitze.<\/p>\n<p>Modell &#8220;Svea&#8221; gleicht Modell &#8220;Svenja&#8221;, unterscheidet sich nur durch seine Farbe.<\/p>\n","protected":false},"excerpt":{"rendered":"<p>&#8220;Svea&#8221; ist ein entz\u00fcckender Rock f\u00fcr festliche Anl\u00e4sse aus besonders hochwertiger franz\u00f6sischer Spitze. Modell &#8220;Svea&#8221; gleicht Modell &#8220;Svenja&#8221;, unterscheidet sich nur durch seine Farbe.<\/p>\n","protected":false},"featured_media":1029,"comment_status":"closed","ping_status":"closed","template":"","meta":[],"product_cat":[21],"product_tag":[],"yoast_head":"<!-- This site is optimized with the Yoast SEO plugin v20.11 - https:\/\/yoast.com\/wordpress\/plugins\/seo\/ -->\n<title>Svea &ndash; Sonja Fellner<\/title>\n<meta name=\"robots\" content=\"index, follow, max-snippet:-1, max-image-preview:large, max-video-preview:-1\" \/>\n<link rel=\"canonical\" href=\"https:\/\/sonjafellner.com\/?product=svea\" \/>\n<meta property=\"og:locale\" content=\"en_US\" \/>\n<meta property=\"og:type\" content=\"article\" \/>\n<meta property=\"og:title\" content=\"Svea &ndash; Sonja Fellner\" \/>\n<meta property=\"og:description\" content=\"&#8220;Svea&#8221; ist ein entz\u00fcckender Rock f\u00fcr festliche Anl\u00e4sse aus besonders hochwertiger franz\u00f6sischer Spitze. Modell &#8220;Svea&#8221; gleicht Modell &#8220;Svenja&#8221;, unterscheidet sich nur durch seine Farbe.\" \/>\n<meta property=\"og:url\" content=\"https:\/\/sonjafellner.com\/?product=svea\" \/>\n<meta property=\"og:site_name\" content=\"Sonja Fellner\" \/>\n<meta property=\"article:modified_time\" content=\"2021-02-03T19:42:00+00:00\" \/>\n<meta property=\"og:image\" content=\"https:\/\/sonjafellner.com\/wp-content\/uploads\/2016\/02\/sonja-fellner-svea-blazing-elegance-rock-vorderansicht-1000x1500.jpg\" \/>\n\t<meta property=\"og:image:width\" content=\"1000\" \/>\n\t<meta property=\"og:image:height\" content=\"1500\" \/>\n\t<meta property=\"og:image:type\" content=\"image\/jpeg\" \/>\n<meta name=\"twitter:card\" content=\"summary_large_image\" \/>\n<script type=\"application\/ld+json\" class=\"yoast-schema-graph\">{\"@context\":\"https:\/\/schema.org\",\"@graph\":[{\"@type\":\"WebPage\",\"@id\":\"https:\/\/sonjafellner.com\/?product=svea\",\"url\":\"https:\/\/sonjafellner.com\/?product=svea\",\"name\":\"Svea &ndash; Sonja Fellner\",\"isPartOf\":{\"@id\":\"https:\/\/sonjafellner.com\/#website\"},\"datePublished\":\"2016-02-24T10:29:42+00:00\",\"dateModified\":\"2021-02-03T19:42:00+00:00\",\"breadcrumb\":{\"@id\":\"https:\/\/sonjafellner.com\/?product=svea#breadcrumb\"},\"inLanguage\":\"en-US\",\"potentialAction\":[{\"@type\":\"ReadAction\",\"target\":[\"https:\/\/sonjafellner.com\/?product=svea\"]}]},{\"@type\":\"BreadcrumbList\",\"@id\":\"https:\/\/sonjafellner.com\/?product=svea#breadcrumb\",\"itemListElement\":[{\"@type\":\"ListItem\",\"position\":1,\"name\":\"Home\",\"item\":\"https:\/\/sonjafellner.com\/\"},{\"@type\":\"ListItem\",\"position\":2,\"name\":\"Shop\",\"item\":\"https:\/\/sonjafellner.com\/?page_id=14\"},{\"@type\":\"ListItem\",\"position\":3,\"name\":\"Svea\"}]},{\"@type\":\"WebSite\",\"@id\":\"https:\/\/sonjafellner.com\/#website\",\"url\":\"https:\/\/sonjafellner.com\/\",\"name\":\"Sonja Fellner\",\"description\":\"Austria\",\"potentialAction\":[{\"@type\":\"SearchAction\",\"target\":{\"@type\":\"EntryPoint\",\"urlTemplate\":\"https:\/\/sonjafellner.com\/?s={search_term_string}\"},\"query-input\":\"required name=search_term_string\"}],\"inLanguage\":\"en-US\"}]}<\/script>\n<!-- \/ Yoast SEO plugin. -->","yoast_head_json":{"title":"Svea &ndash; Sonja Fellner","robots":{"index":"index","follow":"follow","max-snippet":"max-snippet:-1","max-image-preview":"max-image-preview:large","max-video-preview":"max-video-preview:-1"},"canonical":"https:\/\/sonjafellner.com\/?product=svea","og_locale":"en_US","og_type":"article","og_title":"Svea &ndash; Sonja Fellner","og_description":"&#8220;Svea&#8221; ist ein entz\u00fcckender Rock f\u00fcr festliche Anl\u00e4sse aus besonders hochwertiger franz\u00f6sischer Spitze. Modell &#8220;Svea&#8221; gleicht Modell &#8220;Svenja&#8221;, unterscheidet sich nur durch seine Farbe.","og_url":"https:\/\/sonjafellner.com\/?product=svea","og_site_name":"Sonja Fellner","article_modified_time":"2021-02-03T19:42:00+00:00","og_image":[{"width":1000,"height":1500,"url":"https:\/\/sonjafellner.com\/wp-content\/uploads\/2016\/02\/sonja-fellner-svea-blazing-elegance-rock-vorderansicht-1000x1500.jpg","type":"image\/jpeg"}],"twitter_card":"summary_large_image","schema":{"@context":"https:\/\/schema.org","@graph":[{"@type":"WebPage","@id":"https:\/\/sonjafellner.com\/?product=svea","url":"https:\/\/sonjafellner.com\/?product=svea","name":"Svea &ndash; Sonja Fellner","isPartOf":{"@id":"https:\/\/sonjafellner.com\/#website"},"datePublished":"2016-02-24T10:29:42+00:00","dateModified":"2021-02-03T19:42:00+00:00","breadcrumb":{"@id":"https:\/\/sonjafellner.com\/?product=svea#breadcrumb"},"inLanguage":"en-US","potentialAction":[{"@type":"ReadAction","target":["https:\/\/sonjafellner.com\/?product=svea"]}]},{"@type":"BreadcrumbList","@id":"https:\/\/sonjafellner.com\/?product=svea#breadcrumb","itemListElement":[{"@type":"ListItem","position":1,"name":"Home","item":"https:\/\/sonjafellner.com\/"},{"@type":"ListItem","position":2,"name":"Shop","item":"https:\/\/sonjafellner.com\/?page_id=14"},{"@type":"ListItem","position":3,"name":"Svea"}]},{"@type":"WebSite","@id":"https:\/\/sonjafellner.com\/#website","url":"https:\/\/sonjafellner.com\/","name":"Sonja Fellner","description":"Austria","potentialAction":[{"@type":"SearchAction","target":{"@type":"EntryPoint","urlTemplate":"https:\/\/sonjafellner.com\/?s={search_term_string}"},"query-input":"required name=search_term_string"}],"inLanguage":"en-US"}]}},"_links":{"self":[{"href":"https:\/\/sonjafellner.com\/index.php?rest_route=\/wp\/v3\/product\/1044"}],"collection":[{"href":"https:\/\/sonjafellner.com\/index.php?rest_route=\/wp\/v3\/product"}],"about":[{"href":"https:\/\/sonjafellner.com\/index.php?rest_route=\/wp\/v2\/types\/product"}],"replies":[{"embeddable":true,"href":"https:\/\/sonjafellner.com\/index.php?rest_route=%2Fwp%2Fv2%2Fcomments&post=1044"}],"wp:featuredmedia":[{"embeddable":true,"href":"https:\/\/sonjafellner.com\/index.php?rest_route=\/wp\/v2\/media\/1029"}],"wp:attachment":[{"href":"https:\/\/sonjafellner.com\/index.php?rest_route=%2Fwp%2Fv2%2Fmedia&parent=1044"}],"wp:term":[{"taxonomy":"product_cat","embeddable":true,"href":"https:\/\/sonjafellner.com\/index.php?rest_route=%2Fwp%2Fv2%2Fproduct_cat&post=1044"},{"taxonomy":"product_tag","embeddable":true,"href":"https:\/\/sonjafellner.com\/index.php?rest_route=%2Fwp%2Fv2%2Fproduct_tag&post=1044"}],"curies":[{"name":"wp","href":"https:\/\/api.w.org\/{rel}","templated":true}]}}