{"id":102,"date":"2015-08-26T13:43:10","date_gmt":"2015-08-26T11:43:10","guid":{"rendered":"http:\/\/sonjafellner.com\/produkt\/ashley\/"},"modified":"2015-11-16T17:25:11","modified_gmt":"2015-11-16T16:25:11","slug":"ashley","status":"publish","type":"product","link":"https:\/\/sonjafellner.com\/?product=ashley","title":{"rendered":"Ashley"},"content":{"rendered":"<div class=\"dsc\">\n<div class=\"dsc\">\n<div class=\"dsc\">\n<div class=\"dsc\">\n<div class=\"dsc\">\n<p>\u201cAshley\u201cist ein wundersch\u00f6nes, edles Dirndl f\u00fcr besonders festliche Anl\u00e4sse aus Seidenbrokat. Das Oberteil ist bestickt mit einem T\u00fclleinsatz in silber. Von Hand gearbeitete Froschgoscherl mit Perlen bestickt, zieren den Ausschnitt. Das Mieder ist vorne mit Miederhaken zu schlie\u00dfen. In der Taille ist der Rock mit der Hand sechsreihig gezogen. Eine hochwertige Sch\u00fcrze aus Spitze mit Perlen bestickt unterstreicht die Eleganz dieses Dirndls.<\/p>\n<\/div>\n<\/div>\n<\/div>\n<\/div>\n<\/div>\n","protected":false},"excerpt":{"rendered":"<p>\u201cAshley\u201cist ein wundersch\u00f6nes, edles Dirndl f\u00fcr besonders festliche Anl\u00e4sse aus Seidenbrokat. Das Oberteil ist bestickt mit einem T\u00fclleinsatz in silber. Von Hand gearbeitete Froschgoscherl mit Perlen bestickt, zieren den Ausschnitt. Das Mieder ist vorne mit Miederhaken zu schlie\u00dfen. In der Taille ist der Rock mit der Hand sechsreihig gezogen. Eine hochwertige Sch\u00fcrze aus Spitze mit<br class=\"read-more-spacer\"> <a class=\"more-link clearfix\" href=\"https:\/\/sonjafellner.com\/?product=ashley\">Read More<\/a><\/p>\n","protected":false},"featured_media":369,"comment_status":"open","ping_status":"closed","template":"","meta":[],"product_cat":[114],"product_tag":[],"yoast_head":"<!-- This site is optimized with the Yoast SEO plugin v20.11 - https:\/\/yoast.com\/wordpress\/plugins\/seo\/ -->\n<title>Ashley &ndash; Sonja Fellner<\/title>\n<meta name=\"robots\" content=\"index, follow, max-snippet:-1, max-image-preview:large, max-video-preview:-1\" \/>\n<link rel=\"canonical\" href=\"https:\/\/sonjafellner.com\/?product=ashley\" \/>\n<meta property=\"og:locale\" content=\"en_US\" \/>\n<meta property=\"og:type\" content=\"article\" \/>\n<meta property=\"og:title\" content=\"Ashley &ndash; Sonja Fellner\" \/>\n<meta property=\"og:description\" content=\"\u201cAshley\u201cist ein wundersch\u00f6nes, edles Dirndl f\u00fcr besonders festliche Anl\u00e4sse aus Seidenbrokat. Das Oberteil ist bestickt mit einem T\u00fclleinsatz in silber. Von Hand gearbeitete Froschgoscherl mit Perlen bestickt, zieren den Ausschnitt. Das Mieder ist vorne mit Miederhaken zu schlie\u00dfen. In der Taille ist der Rock mit der Hand sechsreihig gezogen. Eine hochwertige Sch\u00fcrze aus Spitze mit Read More\" \/>\n<meta property=\"og:url\" content=\"https:\/\/sonjafellner.com\/?product=ashley\" \/>\n<meta property=\"og:site_name\" content=\"Sonja Fellner\" \/>\n<meta property=\"article:modified_time\" content=\"2015-11-16T16:25:11+00:00\" \/>\n<meta property=\"og:image\" content=\"https:\/\/sonjafellner.com\/wp-content\/uploads\/2015\/09\/ashley.front_.jpg\" \/>\n\t<meta property=\"og:image:width\" content=\"1000\" \/>\n\t<meta property=\"og:image:height\" content=\"1500\" \/>\n\t<meta property=\"og:image:type\" content=\"image\/jpeg\" \/>\n<meta name=\"twitter:card\" content=\"summary_large_image\" \/>\n<script type=\"application\/ld+json\" class=\"yoast-schema-graph\">{\"@context\":\"https:\/\/schema.org\",\"@graph\":[{\"@type\":\"WebPage\",\"@id\":\"https:\/\/sonjafellner.com\/?product=ashley\",\"url\":\"https:\/\/sonjafellner.com\/?product=ashley\",\"name\":\"Ashley &ndash; Sonja Fellner\",\"isPartOf\":{\"@id\":\"https:\/\/sonjafellner.com\/#website\"},\"datePublished\":\"2015-08-26T11:43:10+00:00\",\"dateModified\":\"2015-11-16T16:25:11+00:00\",\"breadcrumb\":{\"@id\":\"https:\/\/sonjafellner.com\/?product=ashley#breadcrumb\"},\"inLanguage\":\"en-US\",\"potentialAction\":[{\"@type\":\"ReadAction\",\"target\":[\"https:\/\/sonjafellner.com\/?product=ashley\"]}]},{\"@type\":\"BreadcrumbList\",\"@id\":\"https:\/\/sonjafellner.com\/?product=ashley#breadcrumb\",\"itemListElement\":[{\"@type\":\"ListItem\",\"position\":1,\"name\":\"Home\",\"item\":\"https:\/\/sonjafellner.com\/\"},{\"@type\":\"ListItem\",\"position\":2,\"name\":\"Shop\",\"item\":\"https:\/\/sonjafellner.com\/?page_id=14\"},{\"@type\":\"ListItem\",\"position\":3,\"name\":\"Ashley\"}]},{\"@type\":\"WebSite\",\"@id\":\"https:\/\/sonjafellner.com\/#website\",\"url\":\"https:\/\/sonjafellner.com\/\",\"name\":\"Sonja Fellner\",\"description\":\"Austria\",\"potentialAction\":[{\"@type\":\"SearchAction\",\"target\":{\"@type\":\"EntryPoint\",\"urlTemplate\":\"https:\/\/sonjafellner.com\/?s={search_term_string}\"},\"query-input\":\"required name=search_term_string\"}],\"inLanguage\":\"en-US\"}]}<\/script>\n<!-- \/ Yoast SEO plugin. -->","yoast_head_json":{"title":"Ashley &ndash; Sonja Fellner","robots":{"index":"index","follow":"follow","max-snippet":"max-snippet:-1","max-image-preview":"max-image-preview:large","max-video-preview":"max-video-preview:-1"},"canonical":"https:\/\/sonjafellner.com\/?product=ashley","og_locale":"en_US","og_type":"article","og_title":"Ashley &ndash; Sonja Fellner","og_description":"\u201cAshley\u201cist ein wundersch\u00f6nes, edles Dirndl f\u00fcr besonders festliche Anl\u00e4sse aus Seidenbrokat. Das Oberteil ist bestickt mit einem T\u00fclleinsatz in silber. Von Hand gearbeitete Froschgoscherl mit Perlen bestickt, zieren den Ausschnitt. Das Mieder ist vorne mit Miederhaken zu schlie\u00dfen. In der Taille ist der Rock mit der Hand sechsreihig gezogen. Eine hochwertige Sch\u00fcrze aus Spitze mit Read More","og_url":"https:\/\/sonjafellner.com\/?product=ashley","og_site_name":"Sonja Fellner","article_modified_time":"2015-11-16T16:25:11+00:00","og_image":[{"width":1000,"height":1500,"url":"https:\/\/sonjafellner.com\/wp-content\/uploads\/2015\/09\/ashley.front_.jpg","type":"image\/jpeg"}],"twitter_card":"summary_large_image","schema":{"@context":"https:\/\/schema.org","@graph":[{"@type":"WebPage","@id":"https:\/\/sonjafellner.com\/?product=ashley","url":"https:\/\/sonjafellner.com\/?product=ashley","name":"Ashley &ndash; Sonja Fellner","isPartOf":{"@id":"https:\/\/sonjafellner.com\/#website"},"datePublished":"2015-08-26T11:43:10+00:00","dateModified":"2015-11-16T16:25:11+00:00","breadcrumb":{"@id":"https:\/\/sonjafellner.com\/?product=ashley#breadcrumb"},"inLanguage":"en-US","potentialAction":[{"@type":"ReadAction","target":["https:\/\/sonjafellner.com\/?product=ashley"]}]},{"@type":"BreadcrumbList","@id":"https:\/\/sonjafellner.com\/?product=ashley#breadcrumb","itemListElement":[{"@type":"ListItem","position":1,"name":"Home","item":"https:\/\/sonjafellner.com\/"},{"@type":"ListItem","position":2,"name":"Shop","item":"https:\/\/sonjafellner.com\/?page_id=14"},{"@type":"ListItem","position":3,"name":"Ashley"}]},{"@type":"WebSite","@id":"https:\/\/sonjafellner.com\/#website","url":"https:\/\/sonjafellner.com\/","name":"Sonja Fellner","description":"Austria","potentialAction":[{"@type":"SearchAction","target":{"@type":"EntryPoint","urlTemplate":"https:\/\/sonjafellner.com\/?s={search_term_string}"},"query-input":"required name=search_term_string"}],"inLanguage":"en-US"}]}},"_links":{"self":[{"href":"https:\/\/sonjafellner.com\/index.php?rest_route=\/wp\/v3\/product\/102"}],"collection":[{"href":"https:\/\/sonjafellner.com\/index.php?rest_route=\/wp\/v3\/product"}],"about":[{"href":"https:\/\/sonjafellner.com\/index.php?rest_route=\/wp\/v2\/types\/product"}],"replies":[{"embeddable":true,"href":"https:\/\/sonjafellner.com\/index.php?rest_route=%2Fwp%2Fv2%2Fcomments&post=102"}],"wp:featuredmedia":[{"embeddable":true,"href":"https:\/\/sonjafellner.com\/index.php?rest_route=\/wp\/v2\/media\/369"}],"wp:attachment":[{"href":"https:\/\/sonjafellner.com\/index.php?rest_route=%2Fwp%2Fv2%2Fmedia&parent=102"}],"wp:term":[{"taxonomy":"product_cat","embeddable":true,"href":"https:\/\/sonjafellner.com\/index.php?rest_route=%2Fwp%2Fv2%2Fproduct_cat&post=102"},{"taxonomy":"product_tag","embeddable":true,"href":"https:\/\/sonjafellner.com\/index.php?rest_route=%2Fwp%2Fv2%2Fproduct_tag&post=102"}],"curies":[{"name":"wp","href":"https:\/\/api.w.org\/{rel}","templated":true}]}}