{"id":604,"date":"2015-09-24T15:26:48","date_gmt":"2015-09-24T13:26:48","guid":{"rendered":"http:\/\/sonjafellner.com\/?page_id=604"},"modified":"2016-06-05T19:57:48","modified_gmt":"2016-06-05T17:57:48","slug":"massanfertigung","status":"publish","type":"page","link":"https:\/\/sonjafellner.com\/?page_id=604","title":{"rendered":"Ma\u00dfanfertigung"},"content":{"rendered":"<section class=\"wpb-content-wrapper\"><p>[vc_row full_width=&#8221;&#8221; parallax=&#8221;&#8221; parallax_image=&#8221;&#8221;][vc_column width=&#8221;1\/1&#8243;][vc_column_text]<br \/>\n[\/vc_column_text][\/vc_column][\/vc_row][vc_row full_width=&#8221;&#8221; parallax=&#8221;&#8221; parallax_image=&#8221;&#8221;][vc_column width=&#8221;1\/2&#8243;][vc_single_image image=&#8221;1112&#8243; alignment=&#8221;center&#8221; img_link_large=&#8221;&#8221; img_link_target=&#8221;_self&#8221; css_animation=&#8221;appear&#8221; img_size=&#8221;fullsize&#8221; img_style=&#8221;default&#8221; overlay=&#8221;&#8221;][\/vc_column][vc_column width=&#8221;1\/2&#8243;][vc_column_text el_class=&#8221;font-lovely-important&#8221;]<\/p>\n<h1>Ma\u00dfanfertigung<\/h1>\n<p>[\/vc_column_text][vc_column_text]<\/p>\n<p style=\"text-align: justify;\">Sind Sie auf der Suche nach einem au\u00dfergew\u00f6hnlichen Hochzeitsdirndl, Abend- oder Couture-Kleid, welches perfekt auf Sie abgestimmt ist?<\/p>\n<p style=\"text-align: justify;\">Von der Skizze bis zum fertigen Hochzeitsdirndl, Abend- oder Couture-Kleid, entstehen im Atelier ma\u00dfgeschneiderte Einzelst\u00fccke.<\/p>\n<p style=\"text-align: justify;\">Sie k\u00f6nnen sich f\u00fcr Ihr Traummodell ihre eigene Stoff- und Materialkombination aussuchen. In mehreren Anproben und Fittings wird das Kleidungsst\u00fcck perfekt auf Ihre Ma\u00dfe zugeschneidert.<\/p>\n<p>[\/vc_column_text][\/vc_column][\/vc_row][vc_row full_width=&#8221;&#8221; parallax=&#8221;&#8221; parallax_image=&#8221;&#8221; el_id=&#8221;&#8221;][vc_column width=&#8221;1\/1&#8243;][vc_single_image image=&#8221;1161&#8243; alignment=&#8221;center&#8221; img_link_large=&#8221;&#8221; img_link_target=&#8221;_self&#8221; img_size=&#8221;fullsize&#8221; img_style=&#8221;default&#8221; overlay=&#8221;&#8221;][\/vc_column][\/vc_row][vc_row full_width=&#8221;&#8221; parallax=&#8221;&#8221; parallax_image=&#8221;&#8221;][vc_column width=&#8221;1\/1&#8243;][vc_column_text el_class=&#8221;font-lovely-important&#8221;]<\/p>\n<h1>Couture-Kleider<\/h1>\n<p>[\/vc_column_text][vc_single_image image=&#8221;1143&#8243; alignment=&#8221;center&#8221; img_link_large=&#8221;&#8221; img_link_target=&#8221;_self&#8221; img_size=&#8221;fullsize&#8221; img_style=&#8221;default&#8221; overlay=&#8221;&#8221;][\/vc_column][\/vc_row][vc_row full_width=&#8221;&#8221; parallax=&#8221;&#8221; parallax_image=&#8221;&#8221; el_id=&#8221;&#8221;][vc_column width=&#8221;1\/1&#8243;][vc_single_image image=&#8221;1161&#8243; alignment=&#8221;center&#8221; img_link_large=&#8221;&#8221; img_link_target=&#8221;_self&#8221; css_animation=&#8221;&#8221; img_size=&#8221;fullsize&#8221; img_style=&#8221;default&#8221; overlay=&#8221;&#8221; lightbox_title=&#8221;&#8221; lightbox_subtitle=&#8221;&#8221;][\/vc_column][\/vc_row][vc_row full_width=&#8221;&#8221; parallax=&#8221;&#8221; parallax_image=&#8221;&#8221;][vc_column width=&#8221;1\/2&#8243;][vc_single_image image=&#8221;1151&#8243; alignment=&#8221;center&#8221; img_link_large=&#8221;&#8221; img_link_target=&#8221;_self&#8221; img_size=&#8221;fullsize&#8221; img_style=&#8221;default&#8221; overlay=&#8221;&#8221;][\/vc_column][vc_column width=&#8221;1\/2&#8243;][vc_column_text]<\/p>\n<h2>Kontaktieren Sie mich, wenn Sie Fragen haben<\/h2>\n<p>[\/vc_column_text][vc_column_text]<\/p>\n<p style=\"text-align: justify;\">Kundenzufriedenheit steht f\u00fcr mich an oberster Stelle. Wenn Sie Fragen zum Thema Ma\u00dfanfertigung haben oder einen Termin vereinbaren wollen, rufen Sie mich an oder kontaktieren Sie mich \u00fcber das Kontaktformular per Email und ich werde daf\u00fcr Sorge tragen, da\u00df Sie sich Ihren Freunden schon bald in Ihrem Traumkleid pr\u00e4sentieren k\u00f6nnen.<\/p>\n<p>Kundenberatung: +43 650 711 11 68<\/p>\n<div class=\"wpcf7 no-js\" id=\"wpcf7-f610-o1\" lang=\"de-DE\" dir=\"ltr\">\n<div class=\"screen-reader-response\"><p role=\"status\" aria-live=\"polite\" aria-atomic=\"true\"><\/p> <ul><\/ul><\/div>\n<form action=\"\/index.php?rest_route=%2Fwp%2Fv2%2Fpages%2F604#wpcf7-f610-o1\" method=\"post\" class=\"wpcf7-form init\" aria-label=\"Contact form\" novalidate=\"novalidate\" data-status=\"init\">\n<div style=\"display: none;\">\n<input type=\"hidden\" name=\"_wpcf7\" value=\"610\" \/>\n<input type=\"hidden\" name=\"_wpcf7_version\" value=\"5.7.7\" \/>\n<input type=\"hidden\" name=\"_wpcf7_locale\" value=\"de_DE\" \/>\n<input type=\"hidden\" name=\"_wpcf7_unit_tag\" value=\"wpcf7-f610-o1\" \/>\n<input type=\"hidden\" name=\"_wpcf7_container_post\" value=\"0\" \/>\n<input type=\"hidden\" name=\"_wpcf7_posted_data_hash\" value=\"\" \/>\n<\/div>\n<p>Ihr Name\n<\/p>\n<p><span class=\"wpcf7-form-control-wrap\" data-name=\"your-name\"><input size=\"40\" class=\"wpcf7-form-control wpcf7-text\" aria-invalid=\"false\" value=\"\" type=\"text\" name=\"your-name\" \/><\/span>\n<\/p>\n<p>Ihre E-Mail-Adresse (Pflichtfeld)\n<\/p>\n<p><span class=\"wpcf7-form-control-wrap\" data-name=\"your-email\"><input size=\"40\" class=\"wpcf7-form-control wpcf7-text wpcf7-email wpcf7-validates-as-required wpcf7-validates-as-email\" aria-required=\"true\" aria-invalid=\"false\" value=\"\" type=\"email\" name=\"your-email\" \/><\/span>\n<\/p>\n<p>Betreff (Pflichtfeld)\n<\/p>\n<p><span class=\"wpcf7-form-control-wrap\" data-name=\"your-subject\"><input size=\"40\" class=\"wpcf7-form-control wpcf7-text wpcf7-validates-as-required\" aria-required=\"true\" aria-invalid=\"false\" value=\"Frage zur Ma\u00dfanfertigung\" type=\"text\" name=\"your-subject\" \/><\/span>\n<\/p>\n<p>Ihre Nachricht (Pflichtfeld)\n<\/p>\n<p><span class=\"wpcf7-form-control-wrap\" data-name=\"your-message\"><textarea cols=\"40\" rows=\"10\" class=\"wpcf7-form-control wpcf7-textarea wpcf7-validates-as-required\" aria-required=\"true\" aria-invalid=\"false\" name=\"your-message\"><\/textarea><\/span>\n<\/p>\n<p><input class=\"wpcf7-form-control has-spinner wpcf7-submit\" type=\"submit\" value=\"Absenden\" \/>\n<\/p><div class=\"wpcf7-response-output\" aria-hidden=\"true\"><\/div>\n<\/form>\n<\/div>\n[\/vc_column_text][\/vc_column][\/vc_row][vc_row full_width=&#8221;&#8221; parallax=&#8221;&#8221; parallax_image=&#8221;&#8221; el_id=&#8221;&#8221;][vc_column width=&#8221;1\/1&#8243;][vc_single_image image=&#8221;1161&#8243; alignment=&#8221;center&#8221; img_link_large=&#8221;&#8221; img_link_target=&#8221;_self&#8221; css_animation=&#8221;&#8221; img_size=&#8221;fullsize&#8221; img_style=&#8221;default&#8221; overlay=&#8221;&#8221; lightbox_title=&#8221;&#8221; lightbox_subtitle=&#8221;&#8221;][\/vc_column][\/vc_row]<\/p>\n<\/section>","protected":false},"excerpt":{"rendered":"<p>[vc_row full_width=&#8221;&#8221; parallax=&#8221;&#8221; parallax_image=&#8221;&#8221;][vc_column width=&#8221;1\/1&#8243;][vc_column_text] [\/vc_column_text][\/vc_column][\/vc_row][vc_row full_width=&#8221;&#8221; parallax=&#8221;&#8221; parallax_image=&#8221;&#8221;][vc_column width=&#8221;1\/2&#8243;][vc_single_image image=&#8221;1112&#8243; alignment=&#8221;center&#8221; img_link_large=&#8221;&#8221; img_link_target=&#8221;_self&#8221; css_animation=&#8221;appear&#8221; img_size=&#8221;fullsize&#8221; img_style=&#8221;default&#8221; overlay=&#8221;&#8221;][\/vc_column][vc_column width=&#8221;1\/2&#8243;][vc_column_text el_class=&#8221;font-lovely-important&#8221;] Ma\u00dfanfertigung [\/vc_column_text][vc_column_text] Sind Sie auf der Suche nach einem au\u00dfergew\u00f6hnlichen Hochzeitsdirndl, Abend- oder Couture-Kleid, welches perfekt auf Sie abgestimmt ist? Von der Skizze bis zum fertigen Hochzeitsdirndl, Abend- oder Couture-Kleid, entstehen im Atelier ma\u00dfgeschneiderte Einzelst\u00fccke.<br class=\"read-more-spacer\"> <a class=\"more-link clearfix\" href=\"https:\/\/sonjafellner.com\/?page_id=604\">Read More<\/a><\/p>\n","protected":false},"author":1,"featured_media":0,"parent":0,"menu_order":0,"comment_status":"closed","ping_status":"closed","template":"","meta":[],"acf":[],"yoast_head":"<!-- This site is optimized with the Yoast SEO plugin v20.11 - https:\/\/yoast.com\/wordpress\/plugins\/seo\/ -->\n<title>Ma\u00dfanfertigung &ndash; Sonja Fellner<\/title>\n<meta name=\"robots\" content=\"index, follow, max-snippet:-1, max-image-preview:large, max-video-preview:-1\" \/>\n<link rel=\"canonical\" href=\"https:\/\/sonjafellner.com\/?page_id=604\" \/>\n<meta property=\"og:locale\" content=\"en_US\" \/>\n<meta property=\"og:type\" content=\"article\" \/>\n<meta property=\"og:title\" content=\"Ma\u00dfanfertigung &ndash; Sonja Fellner\" \/>\n<meta property=\"og:description\" content=\"[vc_row full_width=&#8221;&#8221; parallax=&#8221;&#8221; parallax_image=&#8221;&#8221;][vc_column width=&#8221;1\/1&#8243;][vc_column_text] [\/vc_column_text][\/vc_column][\/vc_row][vc_row full_width=&#8221;&#8221; parallax=&#8221;&#8221; parallax_image=&#8221;&#8221;][vc_column width=&#8221;1\/2&#8243;][vc_single_image image=&#8221;1112&#8243; alignment=&#8221;center&#8221; img_link_large=&#8221;&#8221; img_link_target=&#8221;_self&#8221; css_animation=&#8221;appear&#8221; img_size=&#8221;fullsize&#8221; img_style=&#8221;default&#8221; overlay=&#8221;&#8221;][\/vc_column][vc_column width=&#8221;1\/2&#8243;][vc_column_text el_class=&#8221;font-lovely-important&#8221;] Ma\u00dfanfertigung [\/vc_column_text][vc_column_text] Sind Sie auf der Suche nach einem au\u00dfergew\u00f6hnlichen Hochzeitsdirndl, Abend- oder Couture-Kleid, welches perfekt auf Sie abgestimmt ist? Von der Skizze bis zum fertigen Hochzeitsdirndl, Abend- oder Couture-Kleid, entstehen im Atelier ma\u00dfgeschneiderte Einzelst\u00fccke. Read More\" \/>\n<meta property=\"og:url\" content=\"https:\/\/sonjafellner.com\/?page_id=604\" \/>\n<meta property=\"og:site_name\" content=\"Sonja Fellner\" \/>\n<meta property=\"article:modified_time\" content=\"2016-06-05T17:57:48+00:00\" \/>\n<meta name=\"twitter:card\" content=\"summary_large_image\" \/>\n<meta name=\"twitter:label1\" content=\"Est. reading time\" \/>\n\t<meta name=\"twitter:data1\" content=\"2 minutes\" \/>\n<script type=\"application\/ld+json\" class=\"yoast-schema-graph\">{\"@context\":\"https:\/\/schema.org\",\"@graph\":[{\"@type\":\"WebPage\",\"@id\":\"https:\/\/sonjafellner.com\/?page_id=604\",\"url\":\"https:\/\/sonjafellner.com\/?page_id=604\",\"name\":\"Ma\u00dfanfertigung &ndash; Sonja Fellner\",\"isPartOf\":{\"@id\":\"https:\/\/sonjafellner.com\/#website\"},\"datePublished\":\"2015-09-24T13:26:48+00:00\",\"dateModified\":\"2016-06-05T17:57:48+00:00\",\"breadcrumb\":{\"@id\":\"https:\/\/sonjafellner.com\/?page_id=604#breadcrumb\"},\"inLanguage\":\"en-US\",\"potentialAction\":[{\"@type\":\"ReadAction\",\"target\":[\"https:\/\/sonjafellner.com\/?page_id=604\"]}]},{\"@type\":\"BreadcrumbList\",\"@id\":\"https:\/\/sonjafellner.com\/?page_id=604#breadcrumb\",\"itemListElement\":[{\"@type\":\"ListItem\",\"position\":1,\"name\":\"Home\",\"item\":\"https:\/\/sonjafellner.com\/\"},{\"@type\":\"ListItem\",\"position\":2,\"name\":\"Ma\u00dfanfertigung\"}]},{\"@type\":\"WebSite\",\"@id\":\"https:\/\/sonjafellner.com\/#website\",\"url\":\"https:\/\/sonjafellner.com\/\",\"name\":\"Sonja Fellner\",\"description\":\"Austria\",\"potentialAction\":[{\"@type\":\"SearchAction\",\"target\":{\"@type\":\"EntryPoint\",\"urlTemplate\":\"https:\/\/sonjafellner.com\/?s={search_term_string}\"},\"query-input\":\"required name=search_term_string\"}],\"inLanguage\":\"en-US\"}]}<\/script>\n<!-- \/ Yoast SEO plugin. -->","yoast_head_json":{"title":"Ma\u00dfanfertigung &ndash; Sonja Fellner","robots":{"index":"index","follow":"follow","max-snippet":"max-snippet:-1","max-image-preview":"max-image-preview:large","max-video-preview":"max-video-preview:-1"},"canonical":"https:\/\/sonjafellner.com\/?page_id=604","og_locale":"en_US","og_type":"article","og_title":"Ma\u00dfanfertigung &ndash; Sonja Fellner","og_description":"[vc_row full_width=&#8221;&#8221; parallax=&#8221;&#8221; parallax_image=&#8221;&#8221;][vc_column width=&#8221;1\/1&#8243;][vc_column_text] [\/vc_column_text][\/vc_column][\/vc_row][vc_row full_width=&#8221;&#8221; parallax=&#8221;&#8221; parallax_image=&#8221;&#8221;][vc_column width=&#8221;1\/2&#8243;][vc_single_image image=&#8221;1112&#8243; alignment=&#8221;center&#8221; img_link_large=&#8221;&#8221; img_link_target=&#8221;_self&#8221; css_animation=&#8221;appear&#8221; img_size=&#8221;fullsize&#8221; img_style=&#8221;default&#8221; overlay=&#8221;&#8221;][\/vc_column][vc_column width=&#8221;1\/2&#8243;][vc_column_text el_class=&#8221;font-lovely-important&#8221;] Ma\u00dfanfertigung [\/vc_column_text][vc_column_text] Sind Sie auf der Suche nach einem au\u00dfergew\u00f6hnlichen Hochzeitsdirndl, Abend- oder Couture-Kleid, welches perfekt auf Sie abgestimmt ist? Von der Skizze bis zum fertigen Hochzeitsdirndl, Abend- oder Couture-Kleid, entstehen im Atelier ma\u00dfgeschneiderte Einzelst\u00fccke. Read More","og_url":"https:\/\/sonjafellner.com\/?page_id=604","og_site_name":"Sonja Fellner","article_modified_time":"2016-06-05T17:57:48+00:00","twitter_card":"summary_large_image","twitter_misc":{"Est. reading time":"2 minutes"},"schema":{"@context":"https:\/\/schema.org","@graph":[{"@type":"WebPage","@id":"https:\/\/sonjafellner.com\/?page_id=604","url":"https:\/\/sonjafellner.com\/?page_id=604","name":"Ma\u00dfanfertigung &ndash; Sonja Fellner","isPartOf":{"@id":"https:\/\/sonjafellner.com\/#website"},"datePublished":"2015-09-24T13:26:48+00:00","dateModified":"2016-06-05T17:57:48+00:00","breadcrumb":{"@id":"https:\/\/sonjafellner.com\/?page_id=604#breadcrumb"},"inLanguage":"en-US","potentialAction":[{"@type":"ReadAction","target":["https:\/\/sonjafellner.com\/?page_id=604"]}]},{"@type":"BreadcrumbList","@id":"https:\/\/sonjafellner.com\/?page_id=604#breadcrumb","itemListElement":[{"@type":"ListItem","position":1,"name":"Home","item":"https:\/\/sonjafellner.com\/"},{"@type":"ListItem","position":2,"name":"Ma\u00dfanfertigung"}]},{"@type":"WebSite","@id":"https:\/\/sonjafellner.com\/#website","url":"https:\/\/sonjafellner.com\/","name":"Sonja Fellner","description":"Austria","potentialAction":[{"@type":"SearchAction","target":{"@type":"EntryPoint","urlTemplate":"https:\/\/sonjafellner.com\/?s={search_term_string}"},"query-input":"required name=search_term_string"}],"inLanguage":"en-US"}]}},"_links":{"self":[{"href":"https:\/\/sonjafellner.com\/index.php?rest_route=\/wp\/v2\/pages\/604"}],"collection":[{"href":"https:\/\/sonjafellner.com\/index.php?rest_route=\/wp\/v2\/pages"}],"about":[{"href":"https:\/\/sonjafellner.com\/index.php?rest_route=\/wp\/v2\/types\/page"}],"author":[{"embeddable":true,"href":"https:\/\/sonjafellner.com\/index.php?rest_route=\/wp\/v2\/users\/1"}],"replies":[{"embeddable":true,"href":"https:\/\/sonjafellner.com\/index.php?rest_route=%2Fwp%2Fv2%2Fcomments&post=604"}],"version-history":[{"count":79,"href":"https:\/\/sonjafellner.com\/index.php?rest_route=\/wp\/v2\/pages\/604\/revisions"}],"predecessor-version":[{"id":1163,"href":"https:\/\/sonjafellner.com\/index.php?rest_route=\/wp\/v2\/pages\/604\/revisions\/1163"}],"wp:attachment":[{"href":"https:\/\/sonjafellner.com\/index.php?rest_route=%2Fwp%2Fv2%2Fmedia&parent=604"}],"curies":[{"name":"wp","href":"https:\/\/api.w.org\/{rel}","templated":true}]}}