{"id":557,"date":"2015-09-12T05:25:14","date_gmt":"2015-09-12T03:25:14","guid":{"rendered":"http:\/\/sonjafellner.com\/?page_id=557"},"modified":"2015-10-25T18:21:54","modified_gmt":"2015-10-25T17:21:54","slug":"impressum","status":"publish","type":"page","link":"https:\/\/sonjafellner.com\/?page_id=557","title":{"rendered":"Impressum"},"content":{"rendered":"<h1>Impressum<\/h1>\n<h3>Firmendaten<\/h3>\n<p><strong><span style=\"text-decoration: underline;\">Firmensitz<\/span>:<br \/>\n<\/strong>Heum\u00fchlgasse 13-15<br \/>\n1040 Wien<br \/>\nAustria<\/p>\n<p><strong><span style=\"text-decoration: underline;\">Inhaberin<\/span>:<\/strong> Fellner Sonja e.U.<br \/>\n<strong><span style=\"text-decoration: underline;\">e-Mail<\/span>:<\/strong> office@sonjafellner.com<br \/>\n<strong><span style=\"text-decoration: underline;\">Rechtsform<\/span>:<\/strong> Einzelunternehmen<br \/>\n<strong><span style=\"text-decoration: underline;\">Firmenbuch<\/span>:<\/strong> FN 374445f<br \/>\n<strong><span style=\"text-decoration: underline;\">UID<\/span>:<\/strong> ATU66236325<br \/>\n<strong><span style=\"text-decoration: underline;\">Finanzamt<\/span>:<\/strong> Wien<\/p>\n<h3>AGB<\/h3>\n<p>Es gelten die Allgemeinen Gesch\u00e4ftsbedingungen von Sonja Fellner e.U..<\/p>\n<h3>Rechtliche Hinweise<\/h3>\n<p>Die o.a. Website wird laufend \u00fcberpr\u00fcft und aktualisiert. Trotz aller Sorgfalt k\u00f6nnen sich Daten \u00e4ndern und\/oder ver\u00e4ndert haben. Sonja Fellner \u00fcbernimmt keinerlei Gew\u00e4hr f\u00fcr die Richtigkeit, Vollst\u00e4ndigkeit und Aktualit\u00e4t der auf den o.a. Website zur Verf\u00fcgung gestellten Informationen und beh\u00e4lt sich das Recht vor, jederzeit \u00c4nderungen, Erg\u00e4nzungen, etc. durchzuf\u00fchren. Sowohl f\u00fcr materielle als auch f\u00fcr immaterielle Sch\u00e4den, welche durch die Nutzung einer der auf o.a. Websites gegebenen Informationen verursacht wurden, ist \u2013 selbst wenn diese fehlerhaft und\/oder unvollst\u00e4ndig sind \u2013 jegliche Art der Haftung grunds\u00e4tzlich ausgeschlossen.<\/p>\n<h3>Copyright<\/h3>\n<p>Das Kopieren, die Reproduktion, Weitergabe, Ver\u00e4nderung, Ver\u00f6ffentlichung sowie der Ausdruck (auf welchen Materialien auch immer) der auf o.a. Website verf\u00fcgbaren Materialien und Informationen sowie Teilen davon ist nicht gestattet. Es sei denn, Sonja Fellner hat dem vorab rechtsverbindlich zugestimmt.<\/p>\n","protected":false},"excerpt":{"rendered":"<p>Impressum Firmendaten Firmensitz: Heum\u00fchlgasse 13-15 1040 Wien Austria Inhaberin: Fellner Sonja e.U. e-Mail: office@sonjafellner.com Rechtsform: Einzelunternehmen Firmenbuch: FN 374445f UID: ATU66236325 Finanzamt: Wien AGB Es gelten die Allgemeinen Gesch\u00e4ftsbedingungen von Sonja Fellner e.U.. Rechtliche Hinweise Die o.a. Website wird laufend \u00fcberpr\u00fcft und aktualisiert. Trotz aller Sorgfalt k\u00f6nnen sich Daten \u00e4ndern und\/oder ver\u00e4ndert haben. Sonja Fellner<br class=\"read-more-spacer\"> <a class=\"more-link clearfix\" href=\"https:\/\/sonjafellner.com\/?page_id=557\">Read More<\/a><\/p>\n","protected":false},"author":1,"featured_media":0,"parent":0,"menu_order":0,"comment_status":"closed","ping_status":"closed","template":"","meta":[],"acf":[],"yoast_head":"<!-- This site is optimized with the Yoast SEO plugin v20.11 - https:\/\/yoast.com\/wordpress\/plugins\/seo\/ -->\n<title>Impressum &ndash; Sonja Fellner<\/title>\n<meta name=\"robots\" content=\"index, follow, max-snippet:-1, max-image-preview:large, max-video-preview:-1\" \/>\n<link rel=\"canonical\" href=\"https:\/\/sonjafellner.com\/?page_id=557\" \/>\n<meta property=\"og:locale\" content=\"en_US\" \/>\n<meta property=\"og:type\" content=\"article\" \/>\n<meta property=\"og:title\" content=\"Impressum &ndash; Sonja Fellner\" \/>\n<meta property=\"og:description\" content=\"Impressum Firmendaten Firmensitz: Heum\u00fchlgasse 13-15 1040 Wien Austria Inhaberin: Fellner Sonja e.U. e-Mail: office@sonjafellner.com Rechtsform: Einzelunternehmen Firmenbuch: FN 374445f UID: ATU66236325 Finanzamt: Wien AGB Es gelten die Allgemeinen Gesch\u00e4ftsbedingungen von Sonja Fellner e.U.. Rechtliche Hinweise Die o.a. Website wird laufend \u00fcberpr\u00fcft und aktualisiert. Trotz aller Sorgfalt k\u00f6nnen sich Daten \u00e4ndern und\/oder ver\u00e4ndert haben. Sonja Fellner Read More\" \/>\n<meta property=\"og:url\" content=\"https:\/\/sonjafellner.com\/?page_id=557\" \/>\n<meta property=\"og:site_name\" content=\"Sonja Fellner\" \/>\n<meta property=\"article:modified_time\" content=\"2015-10-25T17:21:54+00:00\" \/>\n<meta name=\"twitter:card\" content=\"summary_large_image\" \/>\n<meta name=\"twitter:label1\" content=\"Est. reading time\" \/>\n\t<meta name=\"twitter:data1\" content=\"1 minute\" \/>\n<script type=\"application\/ld+json\" class=\"yoast-schema-graph\">{\"@context\":\"https:\/\/schema.org\",\"@graph\":[{\"@type\":\"WebPage\",\"@id\":\"https:\/\/sonjafellner.com\/?page_id=557\",\"url\":\"https:\/\/sonjafellner.com\/?page_id=557\",\"name\":\"Impressum &ndash; Sonja Fellner\",\"isPartOf\":{\"@id\":\"https:\/\/sonjafellner.com\/#website\"},\"datePublished\":\"2015-09-12T03:25:14+00:00\",\"dateModified\":\"2015-10-25T17:21:54+00:00\",\"breadcrumb\":{\"@id\":\"https:\/\/sonjafellner.com\/?page_id=557#breadcrumb\"},\"inLanguage\":\"en-US\",\"potentialAction\":[{\"@type\":\"ReadAction\",\"target\":[\"https:\/\/sonjafellner.com\/?page_id=557\"]}]},{\"@type\":\"BreadcrumbList\",\"@id\":\"https:\/\/sonjafellner.com\/?page_id=557#breadcrumb\",\"itemListElement\":[{\"@type\":\"ListItem\",\"position\":1,\"name\":\"Home\",\"item\":\"https:\/\/sonjafellner.com\/\"},{\"@type\":\"ListItem\",\"position\":2,\"name\":\"Impressum\"}]},{\"@type\":\"WebSite\",\"@id\":\"https:\/\/sonjafellner.com\/#website\",\"url\":\"https:\/\/sonjafellner.com\/\",\"name\":\"Sonja Fellner\",\"description\":\"Austria\",\"potentialAction\":[{\"@type\":\"SearchAction\",\"target\":{\"@type\":\"EntryPoint\",\"urlTemplate\":\"https:\/\/sonjafellner.com\/?s={search_term_string}\"},\"query-input\":\"required name=search_term_string\"}],\"inLanguage\":\"en-US\"}]}<\/script>\n<!-- \/ Yoast SEO plugin. -->","yoast_head_json":{"title":"Impressum &ndash; Sonja Fellner","robots":{"index":"index","follow":"follow","max-snippet":"max-snippet:-1","max-image-preview":"max-image-preview:large","max-video-preview":"max-video-preview:-1"},"canonical":"https:\/\/sonjafellner.com\/?page_id=557","og_locale":"en_US","og_type":"article","og_title":"Impressum &ndash; Sonja Fellner","og_description":"Impressum Firmendaten Firmensitz: Heum\u00fchlgasse 13-15 1040 Wien Austria Inhaberin: Fellner Sonja e.U. e-Mail: office@sonjafellner.com Rechtsform: Einzelunternehmen Firmenbuch: FN 374445f UID: ATU66236325 Finanzamt: Wien AGB Es gelten die Allgemeinen Gesch\u00e4ftsbedingungen von Sonja Fellner e.U.. Rechtliche Hinweise Die o.a. Website wird laufend \u00fcberpr\u00fcft und aktualisiert. Trotz aller Sorgfalt k\u00f6nnen sich Daten \u00e4ndern und\/oder ver\u00e4ndert haben. Sonja Fellner Read More","og_url":"https:\/\/sonjafellner.com\/?page_id=557","og_site_name":"Sonja Fellner","article_modified_time":"2015-10-25T17:21:54+00:00","twitter_card":"summary_large_image","twitter_misc":{"Est. reading time":"1 minute"},"schema":{"@context":"https:\/\/schema.org","@graph":[{"@type":"WebPage","@id":"https:\/\/sonjafellner.com\/?page_id=557","url":"https:\/\/sonjafellner.com\/?page_id=557","name":"Impressum &ndash; Sonja Fellner","isPartOf":{"@id":"https:\/\/sonjafellner.com\/#website"},"datePublished":"2015-09-12T03:25:14+00:00","dateModified":"2015-10-25T17:21:54+00:00","breadcrumb":{"@id":"https:\/\/sonjafellner.com\/?page_id=557#breadcrumb"},"inLanguage":"en-US","potentialAction":[{"@type":"ReadAction","target":["https:\/\/sonjafellner.com\/?page_id=557"]}]},{"@type":"BreadcrumbList","@id":"https:\/\/sonjafellner.com\/?page_id=557#breadcrumb","itemListElement":[{"@type":"ListItem","position":1,"name":"Home","item":"https:\/\/sonjafellner.com\/"},{"@type":"ListItem","position":2,"name":"Impressum"}]},{"@type":"WebSite","@id":"https:\/\/sonjafellner.com\/#website","url":"https:\/\/sonjafellner.com\/","name":"Sonja Fellner","description":"Austria","potentialAction":[{"@type":"SearchAction","target":{"@type":"EntryPoint","urlTemplate":"https:\/\/sonjafellner.com\/?s={search_term_string}"},"query-input":"required name=search_term_string"}],"inLanguage":"en-US"}]}},"_links":{"self":[{"href":"https:\/\/sonjafellner.com\/index.php?rest_route=\/wp\/v2\/pages\/557"}],"collection":[{"href":"https:\/\/sonjafellner.com\/index.php?rest_route=\/wp\/v2\/pages"}],"about":[{"href":"https:\/\/sonjafellner.com\/index.php?rest_route=\/wp\/v2\/types\/page"}],"author":[{"embeddable":true,"href":"https:\/\/sonjafellner.com\/index.php?rest_route=\/wp\/v2\/users\/1"}],"replies":[{"embeddable":true,"href":"https:\/\/sonjafellner.com\/index.php?rest_route=%2Fwp%2Fv2%2Fcomments&post=557"}],"version-history":[{"count":12,"href":"https:\/\/sonjafellner.com\/index.php?rest_route=\/wp\/v2\/pages\/557\/revisions"}],"predecessor-version":[{"id":653,"href":"https:\/\/sonjafellner.com\/index.php?rest_route=\/wp\/v2\/pages\/557\/revisions\/653"}],"wp:attachment":[{"href":"https:\/\/sonjafellner.com\/index.php?rest_route=%2Fwp%2Fv2%2Fmedia&parent=557"}],"curies":[{"name":"wp","href":"https:\/\/api.w.org\/{rel}","templated":true}]}}