{"id":548,"date":"2015-09-12T05:14:09","date_gmt":"2015-09-12T03:14:09","guid":{"rendered":"http:\/\/sonjafellner.com\/?page_id=548"},"modified":"2015-10-25T22:09:27","modified_gmt":"2015-10-25T21:09:27","slug":"agb","status":"publish","type":"page","link":"https:\/\/sonjafellner.com\/?page_id=548","title":{"rendered":"\u00a7 Allgemeine Gesch\u00e4ftsbedingungen"},"content":{"rendered":"<div class=\"desc\">\n<h1>\u00a7 Allgemeine Gesch\u00e4ftsbedingungen<\/h1>\n<h2><strong>1. Geltungsbereich<\/strong><\/h2>\n<p>Ihr Vertragspartner f\u00fcr alle Bestellungen im Rahmen dieses Online-Angebots ist Sonja Fellner, Einzelunternehmen, Heum\u00fchlgasse 13-15\/Top 12, A-1040 Wien<\/p>\n<p>S\u00e4mtliche Lieferungen von Sonja Fellner erfolgt auf der Grundlage der nachstehenden Allgemeinen Gesch\u00e4fts- und Lieferbedingungen. Diese liegen allen Angeboten und Vereinbarungen zwischen Fellner Sonja und dem Kunden zugrunde und gelten f\u00fcr die Dauer der gesamten Gesch\u00e4ftsverbindung als anerkannt.<\/p>\n<p>Die Abwicklung der Bestellung und Warenlieferung erfolgt im Auftrag von Sonja Fellner, Heum\u00fchlgasse 13-15\/Top 12, A-1040 Wien<\/p>\n<h2><strong>2. Vertragsschluss<\/strong><\/h2>\n<p>Die im Online-Shop des Verk\u00e4ufers enthaltenen Produktdarstellungen stellen keine verbindlichen Angebote seitens des Verk\u00e4ufers dar, sondern dienen zur Abgabe eines verbindlichen Angebots durch den Kunden.<\/p>\n<p>Der Kunde kann das Angebot \u00fcber das im Online-Shop des Verk\u00e4ufers integrierte Online-Bestellformular abgeben. Bei der Bestellung \u00fcber das Online-Bestellformular gibt der Kunde nach Eingabe seiner pers\u00f6nlichen Daten und durch Klicken des Buttons \u201eBestellung verbindlich abschicken\u201c im abschlie\u00dfenden Schritt des Bestellprozesses ein rechtlich verbindliches Vertragsangebot in Bezug auf die im Warenkorb enthaltenen Waren ab.<\/p>\n<p>Der Verk\u00e4ufer kann das Angebot des Kunden durch eine schriftliche (Brief) oder elektronisch \u00dcbermittelte (Fax oder E-Mail) Auftragsbest\u00e4tigung oder durch Auslieferung der Ware innerhalb von f\u00fcnf Tagen annehmen. Der Verk\u00e4ufer ist berechtigt, die Annahme der Bestellung abzulehnen.<\/p>\n<p>Der Vertragsschluss erfolgt unter dem Vorbehalt der rechtzeitigen und vollst\u00e4ndigen Herstellung der Ware. Ist die Ware nicht vorr\u00e4tig, so wird der Kunde \u00fcber die Nichtverf\u00fcgbarkeit der Leistung Unverz\u00fcglich informiert. Ist die Gegenleistung vom Kunden erbracht worden, so wird diese erstattet.<\/p>\n<h2><strong>3. Lieferung \/ Versand<\/strong><\/h2>\n<p>Die Lieferung erfolgt sp\u00e4testens innerhalb von drei Wochen. In der Regel wird die Ware innerhalb weniger Tage versandt. Liefertermine und Lieferfristen sind nur verbindlich, sofern sie von Sonja Fellner ausdr\u00fccklich und schriftlich als solche best\u00e4tigt wurden.<\/p>\n<p>Vom Kunden ist eine Portopauschale zu tragen, welche vom Bestellwert und von dem Ort, an den geliefert werden soll, abh\u00e4ngig sein kann.<\/p>\n<p>Sendet das Transportunternehmen die versandte Ware an den Verk\u00e4ufer zur\u00fcck, da eine Zustellung beim Kunden nicht m\u00f6glich war, tr\u00e4gt der Kunde die Kosten f\u00fcr den erfolglosen Versand. Dies gilt nicht, wenn der Kunde durch verweigerte Annahme sein Widerrufsrecht\/R\u00fccktrittsrecht aus\u00fcbt, wenn er den Umstand, der zur Unm\u00f6glichkeit der Zustellung gef\u00fchrt hat, nicht zu vertreten Hat oder wenn er vor\u00fcbergehend an der Annahme der angebotenen Leistung verhindert war, es sei denn, dass der Verk\u00e4ufer ihm die Leistung eine angemessene Zeit vorher angek\u00fcndigt hatte.<\/p>\n<p>Die bestellte Ware ist \u00fcber die Versanddauer bis zur \u00dcbernahme beim Kunden durch Fellner Sonja versichert. Das Eintreffen der Ware muss mittels Unterschrift best\u00e4tigt werden. Ab diesem Zeitpunkt ist die Ware nicht mehr versichert und der Kunde haftet f\u00fcr seine Bestellung.<\/p>\n<h2><strong>4. Preise und Zahlungsbedingungen<\/strong><\/h2>\n<p>Die angegebenen Preise sind Endpreise und enthalten die gesetzliche Umsatzsteuer. Gegebenfalls zus\u00e4tzlich anfallende Liefer- und Versandkosten werden bei der jeweiligen Produktdarstellung im Angebot gesondert angegeben.<\/p>\n<p>Die Bezahlung erfolgt \u00fcber die Bezahlplattform MPAY24, nach Wahl des Kunden per Mastercard oder <span class=\"caps\">VISA<\/span> .<\/p>\n<p>Der Kaufpreis ist sofort zur Zahlung f\u00e4llig.<\/p>\n<p>Soweit die vom Kunden gew\u00e4hlte Zahlungsweise trotz vertragsgem\u00e4\u00dfer Durchf\u00fchrung seitens Sonja Fellner nicht durchf\u00fchrbar ist, insbesonders weil eine Abbuchung vom Konto des Kunden mangels Deckung dessen Kontos oder wegen Angabe falscher Daten nicht m\u00f6glich ist, hat der Kunde Sonja Fellner oder dem von ihr mit der Abwicklung beauftragten Dritten die hierdurch entstehenden Mehrkosten zu ersetzen.<\/p>\n<h2><strong>5. Umtauschrecht<\/strong><\/h2>\n<p>Bitte beachten Sie, dass Sie im Falle der Inanspruchnahme Ihres Umtauschrechts bei Retoursendungen, \u00fcber ein von Ihnen gew\u00e4hltes Versandunternehmen, die Hin- und R\u00fcck-Sendekosten sowie das Versandrisiko zu tragen haben.<\/p>\n<p>Die Ware muss bei Aus\u00fcbung des Umtauschrechts originalverpackt (sofern die Ware in einer Entsprechenden Verpackung geliefert wurde), vollst\u00e4ndig, unbenutzt und unbesch\u00e4digt sein. Hiervon unber\u00fchrt bleiben Ihre gesetzlichen M\u00e4ngelrechte, wenn die Ware bei der Lieferung bereits mangelhaft war.<\/p>\n<p>Die bestellten Artikel k\u00f6nnen nur in eine andere Gr\u00f6\u00dfe desselben Artikels (nach Verf\u00fcgbarkeit) umgetauscht werden. Im Falle, dass Sie ein anderes Modell bestellen m\u00f6chten, muss eine neue Bestellung erstellt werden. D.h. hierbei handelt es sich dann um eine R\u00fcckgabe und nicht um einen Umtausch.<\/p>\n<p>Selbstverst\u00e4ndlich bleibt Ihr gesetzliches Widerrufsrecht von Ihrem Umtauschrecht in jeder Hinsicht unber\u00fchrt.<\/p>\n<h2><strong>6. Eigentumsvorbehalt<\/strong><\/h2>\n<p>Die Ware bleibt bis zum Ausgleich der zustehenden Forderungen Eigentum von Sonja Fellner.<\/p>\n<p>Der Kunde ist verpflichtet, die Ware bis zum Eigentums\u00fcbergang auf ihn pfleglich zu behandeln.<\/p>\n<h2><strong>7. Gew\u00e4hrleistung, Garantiebedingungen<\/strong><\/h2>\n<p>Es gilt die gesetzliche M\u00e4ngelhaftung.<\/p>\n<p>Allf\u00e4llige Beanstandungen k\u00f6nnen an die aus Punkt B.1 ersichtliche Gesch\u00e4ftsanschrift gerichtet werden.<\/p>\n<p>Sonja Fellner \u00fcbernimmt grunds\u00e4tzlich keine \u00fcber die gesetzliche Gew\u00e4hrleistung hinausgehende Garantieverpflichtung, sofern nicht bei einzelnen Waren in der Produktbeschreibung oder Werbung eine dar\u00fcber hinausgehende Garantieerkl\u00e4rung erfolgt. Die Garantiebedingungen werden von Sonja Fellner sp\u00e4testens mit Lieferung der Ware und auf Verlangen des Kunden auch schon vorher schriftlich \u00fcbermittelt. Die gesetzlichen Gew\u00e4hrleistungsanspr\u00fcche des Kunden werden dadurch nichteingeschr\u00e4nkt.<\/p>\n<p>Die Verj\u00e4hrungsfrist von Gew\u00e4hrleistungsanspr\u00fcchen f\u00fcr die gelieferte Ware betr\u00e4gt zwei Jahre ab Erhalt der Ware.<\/p>\n<h2><strong>8. Widerrufsrecht, Ausschluss des Widerrufsrecht<\/strong><\/h2>\n<p>Sofern der Kunde Verbraucher ist, hat er das Recht, von einem im Fernabsatz geschlossenen Vertrag ohne Angabe von Gr\u00fcnden zur\u00fcckzutreten (\u00a7 5e KSchG). Dazu muss der Kunde den R\u00fccktritt innerhalb von sieben Werktagen ab Erhalt der Ware erkl\u00e4ren. Der Samstag z\u00e4hlt nicht als Werktag. Zur Wahrung der Frist ist ausreichend, dass die R\u00fccktrittserkl\u00e4rung der Frist abgesendet wird.<\/p>\n<p>Sie k\u00f6nnen Ihre Vertragserkl\u00e4rung innerhalb von 14 Tagen ohne Angabe von Gr\u00fcnden in Textform (z. B. Brief, Fax, E-Mail) oder \u2013 wenn Ihnen die Sache vor Fristablauf \u00fcberlassen wird \u2013 auch durch R\u00fccksendung der Sache widerrufen. Die Frist beginnt nach Erhalt dieser Belehrung in Textform, jedoch nicht vor Eingang der Ware beim Empf\u00e4nger (bei der wiederkehrenden Lieferung gleichartiger Waren nicht vor Eingang der ersten Teillieferung) und auch nicht vor Erf\u00fcllung unserer Informationspflichten gem\u00e4\u00df Artikel 246 \u00a7 2 in Verbindung mit \u00a7 1 Absatz 1 und 2 <span class=\"caps\">EGBGB<\/span> sowie unserer Pflichten gem\u00e4\u00df \u00a7 312g Absatz 1 Satz 1 <span class=\"caps\">BGB<\/span> in Verbindung mit Artikel 246 \u00a7 3 <span class=\"caps\">EGBGB<\/span>. Zur Wahrung der Widerrufsfrist gen\u00fcgt die rechtzeitige Absendung des Widerrufs oder der Sache. Der Widerruf ist zu richten an:<\/p>\n<p>Sonja Fellner<br \/>\nHeum\u00fchlgasse 13-15 \/ Top 12<br \/>\n1040 Wien<\/p>\n<p>Oder per E-Mail an : office@sonjafellner.com<\/p>\n<p><em>Widerrufsfolgen<\/em><\/p>\n<p>Im Falle eines wirksamen Widerrufs sind die beiderseits empfangenen Leistungen zur\u00fcckzugew\u00e4hren und ggf. gezogene Nutzungen (z. B. Zinsen) herauszugeben. K\u00f6nnen Sie uns die empfangene Leistung sowie Nutzungen (z.B. Gebrauchsvorteile) nicht oder teilweise nicht oder nur in verschlechtertem Zustand zur\u00fcckgew\u00e4hren beziehungsweise herausgeben, m\u00fcssen Sie uns insoweit Wertersatz leisten. F\u00fcr die Verschlechterung der Sache und f\u00fcr gezogene Nutzungen m\u00fcssen Sie Wertersatz nur leisten, soweit die Nutzungen oder die Verschlechterung auf einen Umgang mit der Sache zur\u00fcckzuf\u00fchren ist, der \u00fcber die Pr\u00fcfung der Eigenschaften und der Funktionsweise hinausgeht. Unter \u201ePr\u00fcfung der Eigenschaften und der Funktionsweise\u201c versteht man das Testen und Ausprobieren der jeweiligen Ware, wie es etwa im Ladengesch\u00e4ft m\u00f6glich und \u00fcblich ist. Die f\u00fcr Sie kostenlose R\u00fccksendung der Ware erfolgt \u00fcber unseren Versandpartner <span class=\"caps\">GLS<\/span> als R\u00fcckholung.<\/p>\n<p>Verpflichtungen zur Erstattung von Zahlungen m\u00fcssen innerhalb von 30 Tagen erf\u00fcllt werden. Die Frist beginnt f\u00fcr Sie mit der Absendung Ihrer Widerrufserkl\u00e4rung oder der Sache, f\u00fcr uns mit deren Empfang.<\/p>\n<p>Das Recht auf Widerruf des Vertrages besteht unabh\u00e4ngig von den Anspr\u00fcchen des Kunden Auf Gew\u00e4hrleistung, sofern die Ware Fehler aufweist (hierf\u00fcr siehe \u00a7 7 Gew\u00e4hrleistung)<\/p>\n<p>Im Falle eines Widerrufs hat der Kunde neben der Ware auch die Versandverpackung an Sonja Fellner zur\u00fcckzusenden. Die von Sonja Fellner verwendete Versandverpackung stellt eine besondere Versandform dar und ist mit dem versandten Kleidungsst\u00fcck als Einheit zu betrachten und daher zur\u00fcckzusenden. Der Kunde wird darauf hingewiesen, das die zur\u00fcckgesandte Ware, gem\u00e4\u00df den Regelungen \u00fcber die Widerrufsfolgen (\u00a7 9 Abs.1 Widerrufsrecht) pfleglich zu behandeln ist. Der Kunde kann die Ware zur Pr\u00fcfung anprobieren, jedoch wird eine Ware, die gewaschen\/gereinigt wurde, parf\u00fcmiert wurde oder befleckt ist, nicht mehr zur\u00fcckgenommen bzw. es ist Wertersatz vom Kunden zu leisten. Bei unsachgem\u00e4\u00dfer Anprobe, zum Beispiel durch Abrei\u00dfen eines Verschlusses, behalten wir uns vor die R\u00fccknahme zu verweigern bzw. Schadensersatz zu verlangen. F\u00fcr den unsachgem\u00e4\u00dfen Gebrauch wird nicht gehaftet, sei denn, ein Gesetz sieht eine solche Haftung ausdr\u00fccklich vor. Es gilt zudem \u00a7 12 Haftungsbeschr\u00e4nkung.<\/p>\n<h2><strong>9. Kostentragungsvereinbarung<\/strong><\/h2>\n<p>Macht der Kunde von seinem Widerrufsrecht Gebrauch, hat der Kunde die regelm\u00e4\u00dfigen Kosten der R\u00fccksendung zu tragen, wenn die gelieferte Ware der bestellten entspricht und wenn der Preis der zur\u00fcckzusendenden Sache einen Betrag von 40 Euro nicht \u00fcbersteigt oder wenn der Kunde bei einem h\u00f6heren Preis der Sache zum Zeitpunkt des Widerrufs noch nicht die Gegenleistung oder eine vertraglich vereinbarte Teilzahlung erbracht hat. Anderenfalls ist die R\u00fccksendung f\u00fcr den Kunden kostenfrei.<\/p>\n<h2><strong>10. Technische und gestalterische Abweichungen<\/strong><\/h2>\n<p>Sonja Fellner beh\u00e4lt sich bei der Vertragserf\u00fcllung ausdr\u00fccklich Abweichungen vor gegen\u00fcber den Beschreibungen und Angaben in unseren Prospekten, Katalogen und sonstigen schriftlichen und elektronischen Unterlagen hinsichtlich Farbe, Gewicht, Abmessung, Gestaltung oder \u00e4hnlicher Merkmale, soweit diese f\u00fcr den Besteller zumutbar sind. Zumutbare \u00c4nderungsgr\u00fcnde k\u00f6nnen sich ergeben aus handels\u00fcblichen Schwankungen und technischen Produktionsabl\u00e4ufen sowie naturgegebenen Beschaffenheiten.<\/p>\n<h2><strong>11. Haftungsbeschr\u00e4nkung<\/strong><\/h2>\n<p>Die Datenkommunikation \u00fcber das Internet kann nach dem derzeitigen Stand der Technik nicht fehlerfrei und\/oder jederzeit verf\u00fcgbar gew\u00e4hrleistet werden. Sonja Fellner haftet daher nicht f\u00fcr die st\u00e4ndige und ununterbrochene Verf\u00fcgbarkeit des Online-Angebots. Die Haftung von Sonja Fellner richtet sich im \u00dcbrigen nach den gesetzlichen Vorschriften, soweit in diesen Allgemeinen Gesch\u00e4fts- und Lieferbedingungen nichts anderes bestimmt ist. Auf Schadensersatz haftet Sonja Fellner, gleich aus welchem Rechtsgrund, nur bei Vorsatz und grober Fahrl\u00e4ssigkeit unbegrenzt. Dar\u00fcber hinaus haftet Sonja Fellner bei einfacher Fahrl\u00e4ssigkeit f\u00fcr Sch\u00e4den aus der Verletzung des Lebens, des K\u00f6rpers oder der Gesundheit unbegrenzt. Im Falle der einfachen Fahrl\u00e4ssigkeit und der Verletzung einer wesentlichen Vertragspflicht (Kardinalpflicht) ist die Haftung von Sonja Fellner auf den Ersatz des vorhersehbaren, typischerweise eintretenden Schadens begrenzt. Die Haftung nach dem Produkthaftungsgesetz bleibt von den vorstehenden Regelungen unber\u00fchrt. Soweit die Haftung von Sonja Fellner in diesen Allgemeinen Gesch\u00e4fts- und Lieferbedingungen ausgeschlossen oder eingeschr\u00e4nkt ist, gilt dies auch f\u00fcr die pers\u00f6nliche Schadensersatzhaftung der Vertreter und Erf\u00fcllungsgehilfen von Sonja Fellner.<\/p>\n<h2><strong>12. Datenschutz<\/strong><\/h2>\n<p>Sonja Fellner verarbeitet personenbezogene Daten des Kunden zweckgebunden und gem\u00e4\u00df den gesetzlichen Bestimmungen. Die zum Zwecke der Bestellung von Waren angegebenen pers\u00f6nlichen Daten (wie zum Beispiel Name, E-Mail-Adresse, Anschrift, Zahlungsdaten) werden von Sonja Fellner zur Erf\u00fcllung und Abwicklung des Vertrags verwendet. Diese Daten werden von Sonja Fellner vertraulich behandelt und nicht an Dritte weitergegeben, die nicht am Bestell-, Auslieferungs- und Zahlungsvorgang beteiligt sind. Der Kunde hat das Recht, auf Antrag unentgeltlich Auskunft zu erhalten \u00fcber die personenbezogenen Daten, die von Sonja Fellner \u00fcber ihn gespeichert wurden. Zus\u00e4tzlich hat er das Recht auf Berichtigung unrichtiger Daten, Sperrung und L\u00f6schung seiner personenbezogenen Daten, soweit keine gesetzliche Aufbewahrungspflicht entgegensteht.<\/p>\n<h2><strong>13 Gerichtsstandvereinbarung<\/strong><\/h2>\n<p>als sachlich zust\u00e4ndiges Gericht im Sprengel des Bezirkgericht ist die Innere Stadt Wien vereinbart.<\/p>\n<p><em>Stand: Mai 2012<\/em><\/p>\n<\/div>\n","protected":false},"excerpt":{"rendered":"<p>\u00a7 Allgemeine Gesch\u00e4ftsbedingungen 1. Geltungsbereich Ihr Vertragspartner f\u00fcr alle Bestellungen im Rahmen dieses Online-Angebots ist Sonja Fellner, Einzelunternehmen, Heum\u00fchlgasse 13-15\/Top 12, A-1040 Wien S\u00e4mtliche Lieferungen von Sonja Fellner erfolgt auf der Grundlage der nachstehenden Allgemeinen Gesch\u00e4fts- und Lieferbedingungen. Diese liegen allen Angeboten und Vereinbarungen zwischen Fellner Sonja und dem Kunden zugrunde und gelten f\u00fcr die<br class=\"read-more-spacer\"> <a class=\"more-link clearfix\" href=\"https:\/\/sonjafellner.com\/?page_id=548\">Read More<\/a><\/p>\n","protected":false},"author":1,"featured_media":0,"parent":0,"menu_order":0,"comment_status":"closed","ping_status":"closed","template":"","meta":[],"acf":[],"yoast_head":"<!-- This site is optimized with the Yoast SEO plugin v20.11 - https:\/\/yoast.com\/wordpress\/plugins\/seo\/ -->\n<title>\u00a7 Allgemeine Gesch\u00e4ftsbedingungen &ndash; Sonja Fellner<\/title>\n<meta name=\"robots\" content=\"index, follow, max-snippet:-1, max-image-preview:large, max-video-preview:-1\" \/>\n<link rel=\"canonical\" href=\"https:\/\/sonjafellner.com\/?page_id=548\" \/>\n<meta property=\"og:locale\" content=\"en_US\" \/>\n<meta property=\"og:type\" content=\"article\" \/>\n<meta property=\"og:title\" content=\"\u00a7 Allgemeine Gesch\u00e4ftsbedingungen &ndash; Sonja Fellner\" \/>\n<meta property=\"og:description\" content=\"\u00a7 Allgemeine Gesch\u00e4ftsbedingungen 1. Geltungsbereich Ihr Vertragspartner f\u00fcr alle Bestellungen im Rahmen dieses Online-Angebots ist Sonja Fellner, Einzelunternehmen, Heum\u00fchlgasse 13-15\/Top 12, A-1040 Wien S\u00e4mtliche Lieferungen von Sonja Fellner erfolgt auf der Grundlage der nachstehenden Allgemeinen Gesch\u00e4fts- und Lieferbedingungen. Diese liegen allen Angeboten und Vereinbarungen zwischen Fellner Sonja und dem Kunden zugrunde und gelten f\u00fcr die Read More\" \/>\n<meta property=\"og:url\" content=\"https:\/\/sonjafellner.com\/?page_id=548\" \/>\n<meta property=\"og:site_name\" content=\"Sonja Fellner\" \/>\n<meta property=\"article:modified_time\" content=\"2015-10-25T21:09:27+00:00\" \/>\n<meta name=\"twitter:card\" content=\"summary_large_image\" \/>\n<meta name=\"twitter:label1\" content=\"Est. reading time\" \/>\n\t<meta name=\"twitter:data1\" content=\"9 minutes\" \/>\n<script type=\"application\/ld+json\" class=\"yoast-schema-graph\">{\"@context\":\"https:\/\/schema.org\",\"@graph\":[{\"@type\":\"WebPage\",\"@id\":\"https:\/\/sonjafellner.com\/?page_id=548\",\"url\":\"https:\/\/sonjafellner.com\/?page_id=548\",\"name\":\"\u00a7 Allgemeine Gesch\u00e4ftsbedingungen &ndash; Sonja Fellner\",\"isPartOf\":{\"@id\":\"https:\/\/sonjafellner.com\/#website\"},\"datePublished\":\"2015-09-12T03:14:09+00:00\",\"dateModified\":\"2015-10-25T21:09:27+00:00\",\"breadcrumb\":{\"@id\":\"https:\/\/sonjafellner.com\/?page_id=548#breadcrumb\"},\"inLanguage\":\"en-US\",\"potentialAction\":[{\"@type\":\"ReadAction\",\"target\":[\"https:\/\/sonjafellner.com\/?page_id=548\"]}]},{\"@type\":\"BreadcrumbList\",\"@id\":\"https:\/\/sonjafellner.com\/?page_id=548#breadcrumb\",\"itemListElement\":[{\"@type\":\"ListItem\",\"position\":1,\"name\":\"Home\",\"item\":\"https:\/\/sonjafellner.com\/\"},{\"@type\":\"ListItem\",\"position\":2,\"name\":\"\u00a7 Allgemeine Gesch\u00e4ftsbedingungen\"}]},{\"@type\":\"WebSite\",\"@id\":\"https:\/\/sonjafellner.com\/#website\",\"url\":\"https:\/\/sonjafellner.com\/\",\"name\":\"Sonja Fellner\",\"description\":\"Austria\",\"potentialAction\":[{\"@type\":\"SearchAction\",\"target\":{\"@type\":\"EntryPoint\",\"urlTemplate\":\"https:\/\/sonjafellner.com\/?s={search_term_string}\"},\"query-input\":\"required name=search_term_string\"}],\"inLanguage\":\"en-US\"}]}<\/script>\n<!-- \/ Yoast SEO plugin. -->","yoast_head_json":{"title":"\u00a7 Allgemeine Gesch\u00e4ftsbedingungen &ndash; Sonja Fellner","robots":{"index":"index","follow":"follow","max-snippet":"max-snippet:-1","max-image-preview":"max-image-preview:large","max-video-preview":"max-video-preview:-1"},"canonical":"https:\/\/sonjafellner.com\/?page_id=548","og_locale":"en_US","og_type":"article","og_title":"\u00a7 Allgemeine Gesch\u00e4ftsbedingungen &ndash; Sonja Fellner","og_description":"\u00a7 Allgemeine Gesch\u00e4ftsbedingungen 1. Geltungsbereich Ihr Vertragspartner f\u00fcr alle Bestellungen im Rahmen dieses Online-Angebots ist Sonja Fellner, Einzelunternehmen, Heum\u00fchlgasse 13-15\/Top 12, A-1040 Wien S\u00e4mtliche Lieferungen von Sonja Fellner erfolgt auf der Grundlage der nachstehenden Allgemeinen Gesch\u00e4fts- und Lieferbedingungen. Diese liegen allen Angeboten und Vereinbarungen zwischen Fellner Sonja und dem Kunden zugrunde und gelten f\u00fcr die Read More","og_url":"https:\/\/sonjafellner.com\/?page_id=548","og_site_name":"Sonja Fellner","article_modified_time":"2015-10-25T21:09:27+00:00","twitter_card":"summary_large_image","twitter_misc":{"Est. reading time":"9 minutes"},"schema":{"@context":"https:\/\/schema.org","@graph":[{"@type":"WebPage","@id":"https:\/\/sonjafellner.com\/?page_id=548","url":"https:\/\/sonjafellner.com\/?page_id=548","name":"\u00a7 Allgemeine Gesch\u00e4ftsbedingungen &ndash; Sonja Fellner","isPartOf":{"@id":"https:\/\/sonjafellner.com\/#website"},"datePublished":"2015-09-12T03:14:09+00:00","dateModified":"2015-10-25T21:09:27+00:00","breadcrumb":{"@id":"https:\/\/sonjafellner.com\/?page_id=548#breadcrumb"},"inLanguage":"en-US","potentialAction":[{"@type":"ReadAction","target":["https:\/\/sonjafellner.com\/?page_id=548"]}]},{"@type":"BreadcrumbList","@id":"https:\/\/sonjafellner.com\/?page_id=548#breadcrumb","itemListElement":[{"@type":"ListItem","position":1,"name":"Home","item":"https:\/\/sonjafellner.com\/"},{"@type":"ListItem","position":2,"name":"\u00a7 Allgemeine Gesch\u00e4ftsbedingungen"}]},{"@type":"WebSite","@id":"https:\/\/sonjafellner.com\/#website","url":"https:\/\/sonjafellner.com\/","name":"Sonja Fellner","description":"Austria","potentialAction":[{"@type":"SearchAction","target":{"@type":"EntryPoint","urlTemplate":"https:\/\/sonjafellner.com\/?s={search_term_string}"},"query-input":"required name=search_term_string"}],"inLanguage":"en-US"}]}},"_links":{"self":[{"href":"https:\/\/sonjafellner.com\/index.php?rest_route=\/wp\/v2\/pages\/548"}],"collection":[{"href":"https:\/\/sonjafellner.com\/index.php?rest_route=\/wp\/v2\/pages"}],"about":[{"href":"https:\/\/sonjafellner.com\/index.php?rest_route=\/wp\/v2\/types\/page"}],"author":[{"embeddable":true,"href":"https:\/\/sonjafellner.com\/index.php?rest_route=\/wp\/v2\/users\/1"}],"replies":[{"embeddable":true,"href":"https:\/\/sonjafellner.com\/index.php?rest_route=%2Fwp%2Fv2%2Fcomments&post=548"}],"version-history":[{"count":7,"href":"https:\/\/sonjafellner.com\/index.php?rest_route=\/wp\/v2\/pages\/548\/revisions"}],"predecessor-version":[{"id":660,"href":"https:\/\/sonjafellner.com\/index.php?rest_route=\/wp\/v2\/pages\/548\/revisions\/660"}],"wp:attachment":[{"href":"https:\/\/sonjafellner.com\/index.php?rest_route=%2Fwp%2Fv2%2Fmedia&parent=548"}],"curies":[{"name":"wp","href":"https:\/\/api.w.org\/{rel}","templated":true}]}}