{"id":1101,"date":"2016-03-02T11:44:58","date_gmt":"2016-03-02T10:44:58","guid":{"rendered":"http:\/\/sonjafellner.com\/?page_id=1101"},"modified":"2021-02-04T01:37:56","modified_gmt":"2021-02-04T00:37:56","slug":"mieder","status":"publish","type":"page","link":"https:\/\/sonjafellner.com\/?page_id=1101","title":{"rendered":"Mieder"},"content":{"rendered":"<h1>Mieder: Erleben Sie einen Klassiker der Damenmode<\/h1>\n<p>Seit Jahrhunderten ist das Mieder als Angebot der Damenmode auf dem Markt zu finden und begeistert durch die unterschiedlichsten Designs und Stile. Gepr\u00e4gt von den zahlreichen Trends wurde es im Laufe der Jahre immer wieder weiterentwickelt und von verschiedenen modischen Einfl\u00fcssen gepr\u00e4gt. Bis heute ist das Mieder auf dem Modemarkt zu finden, wobei es heute gern als Corsage bezeichnet wird. Typisch f\u00fcr das Mieder ist in erster Linie der enge Schnitt. Es liegt ausgesprochen eng am Oberk\u00f6rper an. Grundlegend kann sowohl das Oberteil von einem Kleid als auch ein versteiftes Oberteil als Mieder bezeichnet werden.<\/p>\n<h2>Fester Bestandteil von Dirndln<\/h2>\n<p>Heute ist das Mieder ein fester Bestandteil von Dirndln aller Art. Es wirkt sehr klassisch, hat meist einen Rundhalsausschnitt, der gern f\u00fcr die Verarbeitung von verspielten Details genutzt wird. Die Anf\u00e4nge des Mieders reichen bis ins 16. Jahrhundert zur\u00fcck. Schon zu Zeiten der Renaissance wurde es genutzt, um die verschiedensten Kleider und Modevorhaben umzusetzen. Bis weit ins fr\u00fche 20. Jahrhundert wurde das Mieder genutzt, um die Silhouette der Frau ma\u00dfgeblich zu formen.<\/p>\n<h3>Moderne Mieder bieten mehr Bewegungsfreiheit<\/h3>\n<p>Im Laufe der Zeit hat sich nat\u00fcrlich auch das Mieder gewandelt. War es \u00fcber Jahrhunderte hinweg ausgesprochen eng, l\u00e4sst es heute eine viel gr\u00f6\u00dfere Bewegungsfreiheit zu und kann den K\u00f6rper hervorragend formen. W\u00e4hrend des 20. Jahrhunderts geriet das Mieder ein wenig in Vergessenheit. Allerdings wurde es Ende des 20. Jahrhunderts wiedergeboren und erlebte eine beinahe beispiellose Renaissance. Ende des 20. Jahrhunderts war das Mieder jedoch nicht mehr Teil der klassischen Tracht, sondern wurde vielmehr zum festen Bestandteil von Partyoutfits wurde. Heute ist das Mieder vielseitiger und bunter denn je. Freuen Sie sich bei Sonja Fellner auf Designs, die Sie begeistern und fesseln. Erleben Sie gemeinsam mit uns au\u00dfergew\u00f6hnliche Details.<\/p>\n","protected":false},"excerpt":{"rendered":"<p>Mieder: Erleben Sie einen Klassiker der Damenmode Seit Jahrhunderten ist das Mieder als Angebot der Damenmode auf dem Markt zu finden und begeistert durch die unterschiedlichsten Designs und Stile. Gepr\u00e4gt von den zahlreichen Trends wurde es im Laufe der Jahre immer wieder weiterentwickelt und von verschiedenen modischen Einfl\u00fcssen gepr\u00e4gt. Bis heute ist das Mieder auf<br class=\"read-more-spacer\"> <a class=\"more-link clearfix\" href=\"https:\/\/sonjafellner.com\/?page_id=1101\">Read More<\/a><\/p>\n","protected":false},"author":10,"featured_media":0,"parent":0,"menu_order":0,"comment_status":"closed","ping_status":"closed","template":"","meta":[],"acf":[],"yoast_head":"<!-- This site is optimized with the Yoast SEO plugin v20.11 - https:\/\/yoast.com\/wordpress\/plugins\/seo\/ -->\n<title>Mieder: Ein Hauch von Nostalgie trifft auf Moderne<\/title>\n<meta name=\"description\" content=\"Nostalgie und uriger Charme treffen beim Mieder aufeinander. Dieses klassische Kleidungsst\u00fcck wird heute gern in Verbindung mit Trachtenmode getragen.\" \/>\n<meta name=\"robots\" content=\"index, follow, max-snippet:-1, max-image-preview:large, max-video-preview:-1\" \/>\n<link rel=\"canonical\" href=\"https:\/\/sonjafellner.com\/?page_id=1101\" \/>\n<meta property=\"og:locale\" content=\"en_US\" \/>\n<meta property=\"og:type\" content=\"article\" \/>\n<meta property=\"og:title\" content=\"Mieder: Ein Hauch von Nostalgie trifft auf Moderne\" \/>\n<meta property=\"og:description\" content=\"Nostalgie und uriger Charme treffen beim Mieder aufeinander. Dieses klassische Kleidungsst\u00fcck wird heute gern in Verbindung mit Trachtenmode getragen.\" \/>\n<meta property=\"og:url\" content=\"https:\/\/sonjafellner.com\/?page_id=1101\" \/>\n<meta property=\"og:site_name\" content=\"Sonja Fellner\" \/>\n<meta property=\"article:modified_time\" content=\"2021-02-04T00:37:56+00:00\" \/>\n<meta name=\"twitter:card\" content=\"summary_large_image\" \/>\n<meta name=\"twitter:label1\" content=\"Est. reading time\" \/>\n\t<meta name=\"twitter:data1\" content=\"2 minutes\" \/>\n<script type=\"application\/ld+json\" class=\"yoast-schema-graph\">{\"@context\":\"https:\/\/schema.org\",\"@graph\":[{\"@type\":\"WebPage\",\"@id\":\"https:\/\/sonjafellner.com\/?page_id=1101\",\"url\":\"https:\/\/sonjafellner.com\/?page_id=1101\",\"name\":\"Mieder: Ein Hauch von Nostalgie trifft auf Moderne\",\"isPartOf\":{\"@id\":\"https:\/\/sonjafellner.com\/#website\"},\"datePublished\":\"2016-03-02T10:44:58+00:00\",\"dateModified\":\"2021-02-04T00:37:56+00:00\",\"description\":\"Nostalgie und uriger Charme treffen beim Mieder aufeinander. Dieses klassische Kleidungsst\u00fcck wird heute gern in Verbindung mit Trachtenmode getragen.\",\"breadcrumb\":{\"@id\":\"https:\/\/sonjafellner.com\/?page_id=1101#breadcrumb\"},\"inLanguage\":\"en-US\",\"potentialAction\":[{\"@type\":\"ReadAction\",\"target\":[\"https:\/\/sonjafellner.com\/?page_id=1101\"]}]},{\"@type\":\"BreadcrumbList\",\"@id\":\"https:\/\/sonjafellner.com\/?page_id=1101#breadcrumb\",\"itemListElement\":[{\"@type\":\"ListItem\",\"position\":1,\"name\":\"Home\",\"item\":\"https:\/\/sonjafellner.com\/\"},{\"@type\":\"ListItem\",\"position\":2,\"name\":\"Mieder\"}]},{\"@type\":\"WebSite\",\"@id\":\"https:\/\/sonjafellner.com\/#website\",\"url\":\"https:\/\/sonjafellner.com\/\",\"name\":\"Sonja Fellner\",\"description\":\"Austria\",\"potentialAction\":[{\"@type\":\"SearchAction\",\"target\":{\"@type\":\"EntryPoint\",\"urlTemplate\":\"https:\/\/sonjafellner.com\/?s={search_term_string}\"},\"query-input\":\"required name=search_term_string\"}],\"inLanguage\":\"en-US\"}]}<\/script>\n<!-- \/ Yoast SEO plugin. -->","yoast_head_json":{"title":"Mieder: Ein Hauch von Nostalgie trifft auf Moderne","description":"Nostalgie und uriger Charme treffen beim Mieder aufeinander. Dieses klassische Kleidungsst\u00fcck wird heute gern in Verbindung mit Trachtenmode getragen.","robots":{"index":"index","follow":"follow","max-snippet":"max-snippet:-1","max-image-preview":"max-image-preview:large","max-video-preview":"max-video-preview:-1"},"canonical":"https:\/\/sonjafellner.com\/?page_id=1101","og_locale":"en_US","og_type":"article","og_title":"Mieder: Ein Hauch von Nostalgie trifft auf Moderne","og_description":"Nostalgie und uriger Charme treffen beim Mieder aufeinander. Dieses klassische Kleidungsst\u00fcck wird heute gern in Verbindung mit Trachtenmode getragen.","og_url":"https:\/\/sonjafellner.com\/?page_id=1101","og_site_name":"Sonja Fellner","article_modified_time":"2021-02-04T00:37:56+00:00","twitter_card":"summary_large_image","twitter_misc":{"Est. reading time":"2 minutes"},"schema":{"@context":"https:\/\/schema.org","@graph":[{"@type":"WebPage","@id":"https:\/\/sonjafellner.com\/?page_id=1101","url":"https:\/\/sonjafellner.com\/?page_id=1101","name":"Mieder: Ein Hauch von Nostalgie trifft auf Moderne","isPartOf":{"@id":"https:\/\/sonjafellner.com\/#website"},"datePublished":"2016-03-02T10:44:58+00:00","dateModified":"2021-02-04T00:37:56+00:00","description":"Nostalgie und uriger Charme treffen beim Mieder aufeinander. Dieses klassische Kleidungsst\u00fcck wird heute gern in Verbindung mit Trachtenmode getragen.","breadcrumb":{"@id":"https:\/\/sonjafellner.com\/?page_id=1101#breadcrumb"},"inLanguage":"en-US","potentialAction":[{"@type":"ReadAction","target":["https:\/\/sonjafellner.com\/?page_id=1101"]}]},{"@type":"BreadcrumbList","@id":"https:\/\/sonjafellner.com\/?page_id=1101#breadcrumb","itemListElement":[{"@type":"ListItem","position":1,"name":"Home","item":"https:\/\/sonjafellner.com\/"},{"@type":"ListItem","position":2,"name":"Mieder"}]},{"@type":"WebSite","@id":"https:\/\/sonjafellner.com\/#website","url":"https:\/\/sonjafellner.com\/","name":"Sonja Fellner","description":"Austria","potentialAction":[{"@type":"SearchAction","target":{"@type":"EntryPoint","urlTemplate":"https:\/\/sonjafellner.com\/?s={search_term_string}"},"query-input":"required name=search_term_string"}],"inLanguage":"en-US"}]}},"_links":{"self":[{"href":"https:\/\/sonjafellner.com\/index.php?rest_route=\/wp\/v2\/pages\/1101"}],"collection":[{"href":"https:\/\/sonjafellner.com\/index.php?rest_route=\/wp\/v2\/pages"}],"about":[{"href":"https:\/\/sonjafellner.com\/index.php?rest_route=\/wp\/v2\/types\/page"}],"author":[{"embeddable":true,"href":"https:\/\/sonjafellner.com\/index.php?rest_route=\/wp\/v2\/users\/10"}],"replies":[{"embeddable":true,"href":"https:\/\/sonjafellner.com\/index.php?rest_route=%2Fwp%2Fv2%2Fcomments&post=1101"}],"version-history":[{"count":2,"href":"https:\/\/sonjafellner.com\/index.php?rest_route=\/wp\/v2\/pages\/1101\/revisions"}],"predecessor-version":[{"id":1505,"href":"https:\/\/sonjafellner.com\/index.php?rest_route=\/wp\/v2\/pages\/1101\/revisions\/1505"}],"wp:attachment":[{"href":"https:\/\/sonjafellner.com\/index.php?rest_route=%2Fwp%2Fv2%2Fmedia&parent=1101"}],"curies":[{"name":"wp","href":"https:\/\/api.w.org\/{rel}","templated":true}]}}