{"id":1097,"date":"2016-03-02T11:13:41","date_gmt":"2016-03-02T10:13:41","guid":{"rendered":"http:\/\/sonjafellner.com\/?page_id=1097"},"modified":"2021-02-04T01:40:21","modified_gmt":"2021-02-04T00:40:21","slug":"corsagen","status":"publish","type":"page","link":"https:\/\/sonjafellner.com\/?page_id=1097","title":{"rendered":"Corsagen"},"content":{"rendered":"<h1>Corsagen faszinieren durch traumhafte Designs<\/h1>\n<p>Aus der Damenmode sind Corsagen seit Jahrhunderten nicht mehr wegzudenken. Sie haben sich fr\u00fch zu einem Klassiker entwickelt, gerieten zeitweise zwar in Vergessenheit, erleben mittlerweile jedoch ein Revival. Heute sind Corsagen beliebter denn je und bestechen durch ihre aufwendigen Designs und die besonders feinen Materialien. Diesem Stil bleibt Sonja Fellner mit den eigenen Corsagen treu. Allerdings schaffen wir es immer wieder, Corsagen in den verschiedensten Varianten vollkommen neu zu interpretieren. So beschr\u00e4nken wir uns hin und wieder auf die reine Corsage, sind aber auch nicht darum verwegen, diese mit einem Rock zu kombinieren. W\u00e4hlen Sie aus traumhaft sch\u00f6nen Designs Ihren pers\u00f6nlichen Favoriten.<\/p>\n<h2>Corsagen schmeicheln dem weiblichen K\u00f6rper<\/h2>\n<p>Es gibt kaum ein anderes Kleidungsst\u00fcck, das dem weiblichen K\u00f6rper so schmeichelt wie die Corsagen. Die Bezeichnung findet ihren Ursprung \u00fcbrigens im Franz\u00f6sischen und wurde von dem Begriff \u201ecors\u201c, der im Deutschen \u00fcbersetzt \u201eK\u00f6rper\u201c hei\u00dft, abgeleitet. Das Besondere der Corsagen ist der enge Schnitt. So sind die Corsagen so gestaltet, dass sie den K\u00f6rper eng umschlie\u00dfen. Doch damit nicht genug \u2013 sie sind grundlegend schulterfrei. Typisch sind die eingearbeiteten Spiralfederst\u00e4be. Sie sorgen daf\u00fcr, dass die Corsagen optimal versteifen. Dadurch k\u00f6nnen die Labels auf die Verarbeitung von Tr\u00e4gern verzichten.<\/p>\n<h3>Corsagen bestechen durch vielseitige Tragem\u00f6glichkeiten<\/h3>\n<p>Corsagen sind heute f\u00fcr die verschiedenen Tragem\u00f6glichkeiten bekannt. So k\u00f6nnen Sie beispielsweise als Oberteil von einem Cocktailkleid zum Einsatz kommen. In diesem Fall sind sie an einen Rock angen\u00e4ht. Sie k\u00f6nnen aber auch als eigenst\u00e4ndiges Kleidungsst\u00fcck getragen werden. Hierf\u00fcr werden die Corsagen aufwendig designt und k\u00f6nnen in Verbindung mit einem Rock oder einer Hose getragen werden. Wir kreieren f\u00fcr Sie Corsagen, die Sie ab dem ersten Moment durch Ihr Design begeistern und zugleich unverwechselbare H\u00f6hepunkte in Ihrer Garderobe schaffen. Vertrauen Sie auf unseren Sinn, viel Fingerspitzengef\u00fchl und das richtige Gesp\u00fcr f\u00fcr Trends.<\/p>\n","protected":false},"excerpt":{"rendered":"<p>Corsagen faszinieren durch traumhafte Designs Aus der Damenmode sind Corsagen seit Jahrhunderten nicht mehr wegzudenken. Sie haben sich fr\u00fch zu einem Klassiker entwickelt, gerieten zeitweise zwar in Vergessenheit, erleben mittlerweile jedoch ein Revival. Heute sind Corsagen beliebter denn je und bestechen durch ihre aufwendigen Designs und die besonders feinen Materialien. Diesem Stil bleibt Sonja Fellner<br class=\"read-more-spacer\"> <a class=\"more-link clearfix\" href=\"https:\/\/sonjafellner.com\/?page_id=1097\">Read More<\/a><\/p>\n","protected":false},"author":10,"featured_media":0,"parent":0,"menu_order":0,"comment_status":"closed","ping_status":"closed","template":"","meta":[],"acf":[],"yoast_head":"<!-- This site is optimized with the Yoast SEO plugin v20.11 - https:\/\/yoast.com\/wordpress\/plugins\/seo\/ -->\n<title>Corsagen schaffen die perfekte Silhouette<\/title>\n<meta name=\"description\" content=\"Corsagen begeistern als Klassiker der Damenunterbekleidung und schaffen durch Ihren Schnitt die perfekte Silhouette.\" \/>\n<meta name=\"robots\" content=\"index, follow, max-snippet:-1, max-image-preview:large, max-video-preview:-1\" \/>\n<link rel=\"canonical\" href=\"https:\/\/sonjafellner.com\/?page_id=1097\" \/>\n<meta property=\"og:locale\" content=\"en_US\" \/>\n<meta property=\"og:type\" content=\"article\" \/>\n<meta property=\"og:title\" content=\"Corsagen schaffen die perfekte Silhouette\" \/>\n<meta property=\"og:description\" content=\"Corsagen begeistern als Klassiker der Damenunterbekleidung und schaffen durch Ihren Schnitt die perfekte Silhouette.\" \/>\n<meta property=\"og:url\" content=\"https:\/\/sonjafellner.com\/?page_id=1097\" \/>\n<meta property=\"og:site_name\" content=\"Sonja Fellner\" \/>\n<meta property=\"article:modified_time\" content=\"2021-02-04T00:40:21+00:00\" \/>\n<meta name=\"twitter:card\" content=\"summary_large_image\" \/>\n<meta name=\"twitter:label1\" content=\"Est. reading time\" \/>\n\t<meta name=\"twitter:data1\" content=\"2 minutes\" \/>\n<script type=\"application\/ld+json\" class=\"yoast-schema-graph\">{\"@context\":\"https:\/\/schema.org\",\"@graph\":[{\"@type\":\"WebPage\",\"@id\":\"https:\/\/sonjafellner.com\/?page_id=1097\",\"url\":\"https:\/\/sonjafellner.com\/?page_id=1097\",\"name\":\"Corsagen schaffen die perfekte Silhouette\",\"isPartOf\":{\"@id\":\"https:\/\/sonjafellner.com\/#website\"},\"datePublished\":\"2016-03-02T10:13:41+00:00\",\"dateModified\":\"2021-02-04T00:40:21+00:00\",\"description\":\"Corsagen begeistern als Klassiker der Damenunterbekleidung und schaffen durch Ihren Schnitt die perfekte Silhouette.\",\"breadcrumb\":{\"@id\":\"https:\/\/sonjafellner.com\/?page_id=1097#breadcrumb\"},\"inLanguage\":\"en-US\",\"potentialAction\":[{\"@type\":\"ReadAction\",\"target\":[\"https:\/\/sonjafellner.com\/?page_id=1097\"]}]},{\"@type\":\"BreadcrumbList\",\"@id\":\"https:\/\/sonjafellner.com\/?page_id=1097#breadcrumb\",\"itemListElement\":[{\"@type\":\"ListItem\",\"position\":1,\"name\":\"Home\",\"item\":\"https:\/\/sonjafellner.com\/\"},{\"@type\":\"ListItem\",\"position\":2,\"name\":\"Corsagen\"}]},{\"@type\":\"WebSite\",\"@id\":\"https:\/\/sonjafellner.com\/#website\",\"url\":\"https:\/\/sonjafellner.com\/\",\"name\":\"Sonja Fellner\",\"description\":\"Austria\",\"potentialAction\":[{\"@type\":\"SearchAction\",\"target\":{\"@type\":\"EntryPoint\",\"urlTemplate\":\"https:\/\/sonjafellner.com\/?s={search_term_string}\"},\"query-input\":\"required name=search_term_string\"}],\"inLanguage\":\"en-US\"}]}<\/script>\n<!-- \/ Yoast SEO plugin. -->","yoast_head_json":{"title":"Corsagen schaffen die perfekte Silhouette","description":"Corsagen begeistern als Klassiker der Damenunterbekleidung und schaffen durch Ihren Schnitt die perfekte Silhouette.","robots":{"index":"index","follow":"follow","max-snippet":"max-snippet:-1","max-image-preview":"max-image-preview:large","max-video-preview":"max-video-preview:-1"},"canonical":"https:\/\/sonjafellner.com\/?page_id=1097","og_locale":"en_US","og_type":"article","og_title":"Corsagen schaffen die perfekte Silhouette","og_description":"Corsagen begeistern als Klassiker der Damenunterbekleidung und schaffen durch Ihren Schnitt die perfekte Silhouette.","og_url":"https:\/\/sonjafellner.com\/?page_id=1097","og_site_name":"Sonja Fellner","article_modified_time":"2021-02-04T00:40:21+00:00","twitter_card":"summary_large_image","twitter_misc":{"Est. reading time":"2 minutes"},"schema":{"@context":"https:\/\/schema.org","@graph":[{"@type":"WebPage","@id":"https:\/\/sonjafellner.com\/?page_id=1097","url":"https:\/\/sonjafellner.com\/?page_id=1097","name":"Corsagen schaffen die perfekte Silhouette","isPartOf":{"@id":"https:\/\/sonjafellner.com\/#website"},"datePublished":"2016-03-02T10:13:41+00:00","dateModified":"2021-02-04T00:40:21+00:00","description":"Corsagen begeistern als Klassiker der Damenunterbekleidung und schaffen durch Ihren Schnitt die perfekte Silhouette.","breadcrumb":{"@id":"https:\/\/sonjafellner.com\/?page_id=1097#breadcrumb"},"inLanguage":"en-US","potentialAction":[{"@type":"ReadAction","target":["https:\/\/sonjafellner.com\/?page_id=1097"]}]},{"@type":"BreadcrumbList","@id":"https:\/\/sonjafellner.com\/?page_id=1097#breadcrumb","itemListElement":[{"@type":"ListItem","position":1,"name":"Home","item":"https:\/\/sonjafellner.com\/"},{"@type":"ListItem","position":2,"name":"Corsagen"}]},{"@type":"WebSite","@id":"https:\/\/sonjafellner.com\/#website","url":"https:\/\/sonjafellner.com\/","name":"Sonja Fellner","description":"Austria","potentialAction":[{"@type":"SearchAction","target":{"@type":"EntryPoint","urlTemplate":"https:\/\/sonjafellner.com\/?s={search_term_string}"},"query-input":"required name=search_term_string"}],"inLanguage":"en-US"}]}},"_links":{"self":[{"href":"https:\/\/sonjafellner.com\/index.php?rest_route=\/wp\/v2\/pages\/1097"}],"collection":[{"href":"https:\/\/sonjafellner.com\/index.php?rest_route=\/wp\/v2\/pages"}],"about":[{"href":"https:\/\/sonjafellner.com\/index.php?rest_route=\/wp\/v2\/types\/page"}],"author":[{"embeddable":true,"href":"https:\/\/sonjafellner.com\/index.php?rest_route=\/wp\/v2\/users\/10"}],"replies":[{"embeddable":true,"href":"https:\/\/sonjafellner.com\/index.php?rest_route=%2Fwp%2Fv2%2Fcomments&post=1097"}],"version-history":[{"count":3,"href":"https:\/\/sonjafellner.com\/index.php?rest_route=\/wp\/v2\/pages\/1097\/revisions"}],"predecessor-version":[{"id":1507,"href":"https:\/\/sonjafellner.com\/index.php?rest_route=\/wp\/v2\/pages\/1097\/revisions\/1507"}],"wp:attachment":[{"href":"https:\/\/sonjafellner.com\/index.php?rest_route=%2Fwp%2Fv2%2Fmedia&parent=1097"}],"curies":[{"name":"wp","href":"https:\/\/api.w.org\/{rel}","templated":true}]}}